{"id":11746,"date":"2024-09-04T12:59:25","date_gmt":"2024-09-04T15:59:25","guid":{"rendered":"https:\/\/agenciayork.com\/hdf\/?post_type=product&#038;p=11746"},"modified":"2024-10-03T09:08:58","modified_gmt":"2024-10-03T12:08:58","slug":"coppa","status":"publish","type":"product","link":"https:\/\/agenciayork.com\/hdf\/producto\/coppa\/","title":{"rendered":"Coppa"},"content":{"rendered":"\t\t<div data-elementor-type=\"wp-post\" data-elementor-id=\"11746\" class=\"elementor elementor-11746\">\n\t\t\t\t<div class=\"elementor-element elementor-element-3c2a296 e-flex e-con-boxed e-con e-parent\" data-id=\"3c2a296\" data-element_type=\"container\">\n\t\t\t\t\t<div class=\"e-con-inner\">\n\t\t\t\t<div class=\"elementor-element elementor-element-c7e61c6 elementor-widget elementor-widget-nest-title-v1\" data-id=\"c7e61c6\" data-element_type=\"widget\" data-widget_type=\"nest-title-v1.default\">\n\t\t\t\t<div class=\"elementor-widget-container\">\n\t\t\t        <div class=\"section_title type_one\">\r\n                            <h4 class=\"mb-20 text-brand\"> Coppa<\/h4>\r\n                                                    <p class=\"mb-20\"> Descubre la autenticidad de la charcuter\u00eda corsica e italiana con mi nuevo producto, la coppa. Te invito a descubrir mi coppa, un viaje de sabores que no te puedes perder si eres amante de la buena gastronom\u00eda.<\/p>\r\n                    <\/div>\r\n    \t\t<\/div>\n\t\t\t\t<\/div>\n\t\t\t\t\t<\/div>\n\t\t\t\t<\/div>\n\t\t<div class=\"elementor-element elementor-element-d2fcee9 e-flex e-con-boxed e-con e-parent\" data-id=\"d2fcee9\" data-element_type=\"container\">\n\t\t\t\t\t<div class=\"e-con-inner\">\n\t\t\t\t<div class=\"elementor-element elementor-element-92c0c15 elementor-widget-divider--view-line elementor-widget elementor-widget-divider\" data-id=\"92c0c15\" data-element_type=\"widget\" data-widget_type=\"divider.default\">\n\t\t\t\t<div class=\"elementor-widget-container\">\n\t\t\t\t\t<div class=\"elementor-divider\">\n\t\t\t<span class=\"elementor-divider-separator\">\n\t\t\t\t\t\t<\/span>\n\t\t<\/div>\n\t\t\t\t<\/div>\n\t\t\t\t<\/div>\n\t\t\t\t\t<\/div>\n\t\t\t\t<\/div>\n\t\t<div class=\"elementor-element elementor-element-ca7f2af e-flex e-con-boxed e-con e-parent\" data-id=\"ca7f2af\" data-element_type=\"container\">\n\t\t\t\t\t<div class=\"e-con-inner\">\n\t\t<div class=\"elementor-element elementor-element-2694ed0 e-con-full e-flex e-con e-child\" data-id=\"2694ed0\" data-element_type=\"container\">\n\t\t\t\t<div class=\"elementor-element elementor-element-c5721b9 elementor-widget elementor-widget-image\" data-id=\"c5721b9\" data-element_type=\"widget\" data-widget_type=\"image.default\">\n\t\t\t\t<div class=\"elementor-widget-container\">\n\t\t\t\t\t\t\t\t\t\t\t\t\t<img fetchpriority=\"high\" decoding=\"async\" width=\"300\" height=\"300\" src=\"https:\/\/agenciayork.com\/hdf\/wp-content\/uploads\/2024\/09\/coppa-300x300.png\" class=\"attachment-medium size-medium wp-image-11752\" alt=\"\" srcset=\"https:\/\/agenciayork.com\/hdf\/wp-content\/uploads\/2024\/09\/coppa-300x300.png 300w, https:\/\/agenciayork.com\/hdf\/wp-content\/uploads\/2024\/09\/coppa-1024x1024.png 1024w, https:\/\/agenciayork.com\/hdf\/wp-content\/uploads\/2024\/09\/coppa-150x150.png 150w, https:\/\/agenciayork.com\/hdf\/wp-content\/uploads\/2024\/09\/coppa-768x768.png 768w, https:\/\/agenciayork.com\/hdf\/wp-content\/uploads\/2024\/09\/coppa-600x600.png 600w, https:\/\/agenciayork.com\/hdf\/wp-content\/uploads\/2024\/09\/coppa-100x100.png 100w, https:\/\/agenciayork.com\/hdf\/wp-content\/uploads\/2024\/09\/coppa-50x50.png 50w, https:\/\/agenciayork.com\/hdf\/wp-content\/uploads\/2024\/09\/coppa-64x64.png 64w, https:\/\/agenciayork.com\/hdf\/wp-content\/uploads\/2024\/09\/coppa.png 1080w\" sizes=\"(max-width: 300px) 100vw, 300px\" \/>\t\t\t\t\t\t\t\t\t\t\t\t\t<\/div>\n\t\t\t\t<\/div>\n\t\t\t\t<\/div>\n\t\t<div class=\"elementor-element elementor-element-fd17dc2 e-con-full e-flex e-con e-child\" data-id=\"fd17dc2\" data-element_type=\"container\">\n\t\t\t\t<div class=\"elementor-element elementor-element-6c6b81d elementor-widget elementor-widget-heading\" data-id=\"6c6b81d\" data-element_type=\"widget\" data-widget_type=\"heading.default\">\n\t\t\t\t<div class=\"elementor-widget-container\">\n\t\t\t<h4 class=\"elementor-heading-title elementor-size-default\">Producto 100% natural riqu\u00edsimo <\/h4>\t\t<\/div>\n\t\t\t\t<\/div>\n\t\t\t\t<div class=\"elementor-element elementor-element-993f285 elementor-widget elementor-widget-nest-text-editor-v1\" data-id=\"993f285\" data-element_type=\"widget\" data-widget_type=\"nest-text-editor-v1.default\">\n\t\t\t\t<div class=\"elementor-widget-container\">\n\t\t\t   <div class=\"custom_text_editor position-relative\">\r\n        <p>La coppa, una charcuter\u00eda <strong>corsica<\/strong> e <strong>italiana<\/strong> emblem\u00e1tica, es un producto esencial para los amantes de la buena comida. Elaborada a partir de carne de <strong>cerdo<\/strong> <strong>finamente<\/strong> <strong>sazonada<\/strong> y <strong>curada<\/strong> durante mucho tiempo, se distingue por su sabor sutil, ligeramente especiado, con toques de pimienta negra y vino. La coppa es ideal para quienes buscan una charcuter\u00eda <strong>artesanal<\/strong>, llena de <strong>car\u00e1cter,<\/strong> pero que sigue siendo accesible para todos los paladares.<\/p><p>Una de las mejores formas de disfrutar la coppa es cortarla en <strong>finas<\/strong> <strong>lonjas<\/strong>, casi transl\u00facidas, para apreciar todo su sabor. Puedes servirla simplemente en una <strong>tabla<\/strong> de <strong>charcuter\u00eda<\/strong>, acompa\u00f1ada de <strong>pan<\/strong> fresco y <strong>aceitunas<\/strong>, o integrarla en tus recetas para darles un toque de refinamiento. Pru\u00e9bala en un s\u00e1ndwich con un buen queso y algunas hojas de r\u00facula para una explosi\u00f3n de sabores.<\/p>    <\/div>\r\n\t\t<\/div>\n\t\t\t\t<\/div>\n\t\t\t\t<\/div>\n\t\t\t\t\t<\/div>\n\t\t\t\t<\/div>\n\t\t<div class=\"elementor-element elementor-element-e8c8bc4 e-flex e-con-boxed e-con e-parent\" data-id=\"e8c8bc4\" data-element_type=\"container\">\n\t\t\t\t\t<div class=\"e-con-inner\">\n\t\t\t\t<div class=\"elementor-element elementor-element-80ac1a1 elementor-widget-divider--view-line elementor-widget elementor-widget-divider\" data-id=\"80ac1a1\" data-element_type=\"widget\" data-widget_type=\"divider.default\">\n\t\t\t\t<div class=\"elementor-widget-container\">\n\t\t\t\t\t<div class=\"elementor-divider\">\n\t\t\t<span class=\"elementor-divider-separator\">\n\t\t\t\t\t\t<\/span>\n\t\t<\/div>\n\t\t\t\t<\/div>\n\t\t\t\t<\/div>\n\t\t\t\t\t<\/div>\n\t\t\t\t<\/div>\n\t\t<div class=\"elementor-element elementor-element-25f40d2 e-flex e-con-boxed e-con e-parent\" data-id=\"25f40d2\" data-element_type=\"container\">\n\t\t\t\t\t<div class=\"e-con-inner\">\n\t\t<div class=\"elementor-element elementor-element-c6d0ac0 e-con-full e-flex e-con e-child\" data-id=\"c6d0ac0\" data-element_type=\"container\">\n\t\t\t\t<div class=\"elementor-element elementor-element-e086cde elementor-widget elementor-widget-heading\" data-id=\"e086cde\" data-element_type=\"widget\" data-widget_type=\"heading.default\">\n\t\t\t\t<div class=\"elementor-widget-container\">\n\t\t\t<h4 class=\"elementor-heading-title elementor-size-default\">Perfecto para un picoteo que te har\u00e1 viajar <\/h4>\t\t<\/div>\n\t\t\t\t<\/div>\n\t\t\t\t<div class=\"elementor-element elementor-element-98a2145 elementor-widget elementor-widget-nest-text-editor-v1\" data-id=\"98a2145\" data-element_type=\"widget\" data-widget_type=\"nest-text-editor-v1.default\">\n\t\t\t\t<div class=\"elementor-widget-container\">\n\t\t\t   <div class=\"custom_text_editor position-relative\">\r\n        <p>La coppa tambi\u00e9n <strong>combina<\/strong> perfectamente con una copa de <strong>vino<\/strong> <strong>tinto<\/strong> <strong>ligero<\/strong>, como un <em>Chianti<\/em> o un <em>Pinot Noir<\/em>, que realza sus aromas. Para un <strong>aperitivo<\/strong> original, ofr\u00e9cela en rollitos rellenos de <strong>queso<\/strong> de cabra fresco y hierbas. Esta mezcla de texturas y sabores encantar\u00e1 a tus invitados y a\u00f1adir\u00e1 un toque de elegancia a tus comidas.<\/p><p>Por qu\u00e9 elegir la coppa entre tantas otras charcuter\u00edas? Porque encarna el arte de la simplicidad y la <strong>tradici\u00f3n<\/strong> corsica e italiana. Un <strong>producto<\/strong> <strong>aut\u00e9ntico<\/strong>, <strong>sin<\/strong> <strong>artificios<\/strong>, que resalta el sabor puro del cerdo, realzado por un saber hacer ancestral. Comprar coppa es llevarte un pedazo de Corsica, un producto de <strong>calidad<\/strong> que conquistar\u00e1 tanto a los amantes de la charcuter\u00eda como a quienes buscan nuevas experiencias gastron\u00f3micas. No pierdas la oportunidad de agregar esta joya a tu pr\u00f3xima degustaci\u00f3n.<\/p><p><strong>Preparaci\u00f3n<\/strong>: comer al momento del picoteo a temperatura ambiente.\u00a0<\/p>    <\/div>\r\n\t\t<\/div>\n\t\t\t\t<\/div>\n\t\t\t\t<\/div>\n\t\t<div class=\"elementor-element elementor-element-e733c68 e-con-full e-flex e-con e-child\" data-id=\"e733c68\" data-element_type=\"container\">\n\t\t\t\t<div class=\"elementor-element elementor-element-cbb5b86 elementor-widget elementor-widget-image\" data-id=\"cbb5b86\" data-element_type=\"widget\" data-widget_type=\"image.default\">\n\t\t\t\t<div class=\"elementor-widget-container\">\n\t\t\t\t\t\t\t\t\t\t\t\t\t<img decoding=\"async\" width=\"300\" height=\"300\" src=\"https:\/\/agenciayork.com\/hdf\/wp-content\/uploads\/2024\/09\/Capture-decran-2024-09-04-a-11.58.27\u202fAM-1-300x300.png\" class=\"attachment-medium size-medium wp-image-11749\" alt=\"\" srcset=\"https:\/\/agenciayork.com\/hdf\/wp-content\/uploads\/2024\/09\/Capture-decran-2024-09-04-a-11.58.27\u202fAM-1-300x300.png 300w, https:\/\/agenciayork.com\/hdf\/wp-content\/uploads\/2024\/09\/Capture-decran-2024-09-04-a-11.58.27\u202fAM-1-1024x1024.png 1024w, https:\/\/agenciayork.com\/hdf\/wp-content\/uploads\/2024\/09\/Capture-decran-2024-09-04-a-11.58.27\u202fAM-1-150x150.png 150w, https:\/\/agenciayork.com\/hdf\/wp-content\/uploads\/2024\/09\/Capture-decran-2024-09-04-a-11.58.27\u202fAM-1-768x768.png 768w, https:\/\/agenciayork.com\/hdf\/wp-content\/uploads\/2024\/09\/Capture-decran-2024-09-04-a-11.58.27\u202fAM-1-600x600.png 600w, https:\/\/agenciayork.com\/hdf\/wp-content\/uploads\/2024\/09\/Capture-decran-2024-09-04-a-11.58.27\u202fAM-1-100x100.png 100w, https:\/\/agenciayork.com\/hdf\/wp-content\/uploads\/2024\/09\/Capture-decran-2024-09-04-a-11.58.27\u202fAM-1-50x50.png 50w, https:\/\/agenciayork.com\/hdf\/wp-content\/uploads\/2024\/09\/Capture-decran-2024-09-04-a-11.58.27\u202fAM-1-64x64.png 64w, https:\/\/agenciayork.com\/hdf\/wp-content\/uploads\/2024\/09\/Capture-decran-2024-09-04-a-11.58.27\u202fAM-1-e1725466921545.png 1080w\" sizes=\"(max-width: 300px) 100vw, 300px\" \/>\t\t\t\t\t\t\t\t\t\t\t\t\t<\/div>\n\t\t\t\t<\/div>\n\t\t\t\t<\/div>\n\t\t\t\t\t<\/div>\n\t\t\t\t<\/div>\n\t\t\t\t<\/div>\n\t\t","protected":false},"excerpt":{"rendered":"<p>Te invito a descubrir mi nuevo producto estrella perfecto por un aperitivo: la coppa. Es un fiambre de Corsica e Italia muy apreciado, elaborado a partir del cuello y del lomo vetado de cerdo. Es conocido por su textura marmoleada, resultado de la mezcla de carne magra con vetas de grasa, lo que le otorga un sabor rico y jugoso. Para su preparaci\u00f3n, la coppa se sazona con una combinaci\u00f3n de sal, pimienta, y luego se cura y envejece durante varias semanas. Este proceso de curaci\u00f3n le proporciona un sabor robusto y ligeramente especiado. La coppa se suele cortar en finas lonchas y se consume como aperitivo, en bocadillos o como parte de una tabla de embutidos.<\/p>\n","protected":false},"featured_media":11749,"template":"","meta":[],"product_brand":[],"product_cat":[113,114,110,183,15],"product_tag":[],"class_list":{"0":"post-11746","1":"product","2":"type-product","3":"status-publish","4":"has-post-thumbnail","6":"product_cat-charcuteria","7":"product_cat-charcuteria-y-quesos","8":"product_cat-picoteo","9":"product_cat-prepara-tu-18","10":"product_cat-sin-categorizar","12":"first","13":"instock","14":"shipping-taxable","15":"purchasable","16":"product-type-simple"},"yoast_head":"<!-- This site is optimized with the Yoast SEO plugin v27.5 - https:\/\/yoast.com\/product\/yoast-seo-wordpress\/ -->\n<title>Coppa - H\u00e9l\u00e8ne de Fleurac<\/title>\n<meta name=\"description\" content=\"Te invito a descubrir mi nuevo producto estrella perfecto por un aperitivo: la coppa. Es un fiambre de Corsica e Italia muy apreciado, elaborado a partir del cuello y del lomo vetado de cerdo.\" \/>\n<meta name=\"robots\" content=\"index, follow, max-snippet:-1, max-image-preview:large, max-video-preview:-1\" \/>\n<link rel=\"canonical\" href=\"https:\/\/agenciayork.com\/hdf\/producto\/coppa\/\" \/>\n<meta property=\"og:locale\" content=\"es_ES\" \/>\n<meta property=\"og:type\" content=\"article\" \/>\n<meta property=\"og:title\" content=\"Coppa - H\u00e9l\u00e8ne de Fleurac\" \/>\n<meta property=\"og:description\" content=\"Te invito a descubrir mi nuevo producto estrella perfecto por un aperitivo: la coppa. Es un fiambre de Corsica e Italia muy apreciado, elaborado a partir del cuello y del lomo vetado de cerdo.\" \/>\n<meta property=\"og:url\" content=\"https:\/\/agenciayork.com\/hdf\/producto\/coppa\/\" \/>\n<meta property=\"og:site_name\" content=\"H\u00e9l\u00e8ne de Fleurac\" \/>\n<meta property=\"article:modified_time\" content=\"2024-10-03T12:08:58+00:00\" \/>\n<meta property=\"og:image\" content=\"https:\/\/agenciayork.com\/hdf\/wp-content\/uploads\/2024\/09\/Capture-decran-2024-09-04-a-11.58.27\u202fAM-1-1024x1024.png\" \/>\n\t<meta property=\"og:image:width\" content=\"1024\" \/>\n\t<meta property=\"og:image:height\" content=\"1024\" \/>\n\t<meta property=\"og:image:type\" content=\"image\/png\" \/>\n<meta name=\"twitter:card\" content=\"summary_large_image\" \/>\n<meta name=\"twitter:label1\" content=\"Tiempo estimado de lectura\" \/>\n\t<meta name=\"twitter:data1\" content=\"3 minutos\" \/>\n<script type=\"application\/ld+json\" class=\"yoast-schema-graph\">{\"@context\":\"https:\\\/\\\/schema.org\",\"@graph\":[{\"@type\":\"WebPage\",\"@id\":\"https:\\\/\\\/agenciayork.com\\\/hdf\\\/producto\\\/coppa\\\/\",\"url\":\"https:\\\/\\\/agenciayork.com\\\/hdf\\\/producto\\\/coppa\\\/\",\"name\":\"Coppa - H\u00e9l\u00e8ne de Fleurac\",\"isPartOf\":{\"@id\":\"https:\\\/\\\/agenciayork.com\\\/hdf\\\/#website\"},\"primaryImageOfPage\":{\"@id\":\"https:\\\/\\\/agenciayork.com\\\/hdf\\\/producto\\\/coppa\\\/#primaryimage\"},\"image\":{\"@id\":\"https:\\\/\\\/agenciayork.com\\\/hdf\\\/producto\\\/coppa\\\/#primaryimage\"},\"thumbnailUrl\":\"https:\\\/\\\/agenciayork.com\\\/hdf\\\/wp-content\\\/uploads\\\/2024\\\/09\\\/Capture-decran-2024-09-04-a-11.58.27\u202fAM-1-e1725466921545.png\",\"datePublished\":\"2024-09-04T15:59:25+00:00\",\"dateModified\":\"2024-10-03T12:08:58+00:00\",\"description\":\"Te invito a descubrir mi nuevo producto estrella perfecto por un aperitivo: la coppa. Es un fiambre de Corsica e Italia muy apreciado, elaborado a partir del cuello y del lomo vetado de cerdo.\",\"breadcrumb\":{\"@id\":\"https:\\\/\\\/agenciayork.com\\\/hdf\\\/producto\\\/coppa\\\/#breadcrumb\"},\"inLanguage\":\"es-CL\",\"potentialAction\":[{\"@type\":\"ReadAction\",\"target\":[\"https:\\\/\\\/agenciayork.com\\\/hdf\\\/producto\\\/coppa\\\/\"]}]},{\"@type\":\"ImageObject\",\"inLanguage\":\"es-CL\",\"@id\":\"https:\\\/\\\/agenciayork.com\\\/hdf\\\/producto\\\/coppa\\\/#primaryimage\",\"url\":\"https:\\\/\\\/agenciayork.com\\\/hdf\\\/wp-content\\\/uploads\\\/2024\\\/09\\\/Capture-decran-2024-09-04-a-11.58.27\u202fAM-1-e1725466921545.png\",\"contentUrl\":\"https:\\\/\\\/agenciayork.com\\\/hdf\\\/wp-content\\\/uploads\\\/2024\\\/09\\\/Capture-decran-2024-09-04-a-11.58.27\u202fAM-1-e1725466921545.png\",\"width\":1080,\"height\":1080},{\"@type\":\"BreadcrumbList\",\"@id\":\"https:\\\/\\\/agenciayork.com\\\/hdf\\\/producto\\\/coppa\\\/#breadcrumb\",\"itemListElement\":[{\"@type\":\"ListItem\",\"position\":1,\"name\":\"Portada\",\"item\":\"https:\\\/\\\/agenciayork.com\\\/hdf\\\/\"},{\"@type\":\"ListItem\",\"position\":2,\"name\":\"Tienda\",\"item\":\"https:\\\/\\\/agenciayork.com\\\/hdf\\\/mejores-productos-de-la-gastronomia-francesa\\\/\"},{\"@type\":\"ListItem\",\"position\":3,\"name\":\"Coppa\"}]},{\"@type\":\"WebSite\",\"@id\":\"https:\\\/\\\/agenciayork.com\\\/hdf\\\/#website\",\"url\":\"https:\\\/\\\/agenciayork.com\\\/hdf\\\/\",\"name\":\"H\u00e9l\u00e8ne de Fleurac\",\"description\":\"Gastronom\u00eda francesa\",\"potentialAction\":[{\"@type\":\"SearchAction\",\"target\":{\"@type\":\"EntryPoint\",\"urlTemplate\":\"https:\\\/\\\/agenciayork.com\\\/hdf\\\/?s={search_term_string}\"},\"query-input\":{\"@type\":\"PropertyValueSpecification\",\"valueRequired\":true,\"valueName\":\"search_term_string\"}}],\"inLanguage\":\"es-CL\"}]}<\/script>\n<!-- \/ Yoast SEO plugin. -->","yoast_head_json":{"title":"Coppa - H\u00e9l\u00e8ne de Fleurac","description":"Te invito a descubrir mi nuevo producto estrella perfecto por un aperitivo: la coppa. Es un fiambre de Corsica e Italia muy apreciado, elaborado a partir del cuello y del lomo vetado de cerdo.","robots":{"index":"index","follow":"follow","max-snippet":"max-snippet:-1","max-image-preview":"max-image-preview:large","max-video-preview":"max-video-preview:-1"},"canonical":"https:\/\/agenciayork.com\/hdf\/producto\/coppa\/","og_locale":"es_ES","og_type":"article","og_title":"Coppa - H\u00e9l\u00e8ne de Fleurac","og_description":"Te invito a descubrir mi nuevo producto estrella perfecto por un aperitivo: la coppa. Es un fiambre de Corsica e Italia muy apreciado, elaborado a partir del cuello y del lomo vetado de cerdo.","og_url":"https:\/\/agenciayork.com\/hdf\/producto\/coppa\/","og_site_name":"H\u00e9l\u00e8ne de Fleurac","article_modified_time":"2024-10-03T12:08:58+00:00","og_image":[{"width":1024,"height":1024,"url":"https:\/\/agenciayork.com\/hdf\/wp-content\/uploads\/2024\/09\/Capture-decran-2024-09-04-a-11.58.27\u202fAM-1-1024x1024.png","type":"image\/png"}],"twitter_card":"summary_large_image","twitter_misc":{"Tiempo estimado de lectura":"3 minutos"},"schema":{"@context":"https:\/\/schema.org","@graph":[{"@type":"WebPage","@id":"https:\/\/agenciayork.com\/hdf\/producto\/coppa\/","url":"https:\/\/agenciayork.com\/hdf\/producto\/coppa\/","name":"Coppa - H\u00e9l\u00e8ne de Fleurac","isPartOf":{"@id":"https:\/\/agenciayork.com\/hdf\/#website"},"primaryImageOfPage":{"@id":"https:\/\/agenciayork.com\/hdf\/producto\/coppa\/#primaryimage"},"image":{"@id":"https:\/\/agenciayork.com\/hdf\/producto\/coppa\/#primaryimage"},"thumbnailUrl":"https:\/\/agenciayork.com\/hdf\/wp-content\/uploads\/2024\/09\/Capture-decran-2024-09-04-a-11.58.27\u202fAM-1-e1725466921545.png","datePublished":"2024-09-04T15:59:25+00:00","dateModified":"2024-10-03T12:08:58+00:00","description":"Te invito a descubrir mi nuevo producto estrella perfecto por un aperitivo: la coppa. Es un fiambre de Corsica e Italia muy apreciado, elaborado a partir del cuello y del lomo vetado de cerdo.","breadcrumb":{"@id":"https:\/\/agenciayork.com\/hdf\/producto\/coppa\/#breadcrumb"},"inLanguage":"es-CL","potentialAction":[{"@type":"ReadAction","target":["https:\/\/agenciayork.com\/hdf\/producto\/coppa\/"]}]},{"@type":"ImageObject","inLanguage":"es-CL","@id":"https:\/\/agenciayork.com\/hdf\/producto\/coppa\/#primaryimage","url":"https:\/\/agenciayork.com\/hdf\/wp-content\/uploads\/2024\/09\/Capture-decran-2024-09-04-a-11.58.27\u202fAM-1-e1725466921545.png","contentUrl":"https:\/\/agenciayork.com\/hdf\/wp-content\/uploads\/2024\/09\/Capture-decran-2024-09-04-a-11.58.27\u202fAM-1-e1725466921545.png","width":1080,"height":1080},{"@type":"BreadcrumbList","@id":"https:\/\/agenciayork.com\/hdf\/producto\/coppa\/#breadcrumb","itemListElement":[{"@type":"ListItem","position":1,"name":"Portada","item":"https:\/\/agenciayork.com\/hdf\/"},{"@type":"ListItem","position":2,"name":"Tienda","item":"https:\/\/agenciayork.com\/hdf\/mejores-productos-de-la-gastronomia-francesa\/"},{"@type":"ListItem","position":3,"name":"Coppa"}]},{"@type":"WebSite","@id":"https:\/\/agenciayork.com\/hdf\/#website","url":"https:\/\/agenciayork.com\/hdf\/","name":"H\u00e9l\u00e8ne de Fleurac","description":"Gastronom\u00eda francesa","potentialAction":[{"@type":"SearchAction","target":{"@type":"EntryPoint","urlTemplate":"https:\/\/agenciayork.com\/hdf\/?s={search_term_string}"},"query-input":{"@type":"PropertyValueSpecification","valueRequired":true,"valueName":"search_term_string"}}],"inLanguage":"es-CL"}]}},"_links":{"self":[{"href":"https:\/\/agenciayork.com\/hdf\/wp-json\/wp\/v2\/product\/11746","targetHints":{"allow":["GET"]}}],"collection":[{"href":"https:\/\/agenciayork.com\/hdf\/wp-json\/wp\/v2\/product"}],"about":[{"href":"https:\/\/agenciayork.com\/hdf\/wp-json\/wp\/v2\/types\/product"}],"version-history":[{"count":9,"href":"https:\/\/agenciayork.com\/hdf\/wp-json\/wp\/v2\/product\/11746\/revisions"}],"predecessor-version":[{"id":11761,"href":"https:\/\/agenciayork.com\/hdf\/wp-json\/wp\/v2\/product\/11746\/revisions\/11761"}],"wp:featuredmedia":[{"embeddable":true,"href":"https:\/\/agenciayork.com\/hdf\/wp-json\/wp\/v2\/media\/11749"}],"wp:attachment":[{"href":"https:\/\/agenciayork.com\/hdf\/wp-json\/wp\/v2\/media?parent=11746"}],"wp:term":[{"taxonomy":"product_brand","embeddable":true,"href":"https:\/\/agenciayork.com\/hdf\/wp-json\/wp\/v2\/product_brand?post=11746"},{"taxonomy":"product_cat","embeddable":true,"href":"https:\/\/agenciayork.com\/hdf\/wp-json\/wp\/v2\/product_cat?post=11746"},{"taxonomy":"product_tag","embeddable":true,"href":"https:\/\/agenciayork.com\/hdf\/wp-json\/wp\/v2\/product_tag?post=11746"}],"curies":[{"name":"wp","href":"https:\/\/api.w.org\/{rel}","templated":true}]}}