{"id":11762,"date":"2024-09-04T17:05:11","date_gmt":"2024-09-04T20:05:11","guid":{"rendered":"https:\/\/agenciayork.com\/hdf\/?post_type=product&#038;p=11762"},"modified":"2024-10-03T18:46:06","modified_gmt":"2024-10-03T21:46:06","slug":"plato-para-caracoles-2","status":"publish","type":"product","link":"https:\/\/agenciayork.com\/hdf\/producto\/plato-para-caracoles-2\/","title":{"rendered":"Plato para caracoles"},"content":{"rendered":"\t\t<div data-elementor-type=\"wp-post\" data-elementor-id=\"11762\" class=\"elementor elementor-11762\">\n\t\t\t\t<div class=\"elementor-element elementor-element-d9fb240 e-flex e-con-boxed e-con e-parent\" data-id=\"d9fb240\" data-element_type=\"container\">\n\t\t\t\t\t<div class=\"e-con-inner\">\n\t\t\t\t<div class=\"elementor-element elementor-element-05fe5cc elementor-widget elementor-widget-nest-title-v1\" data-id=\"05fe5cc\" data-element_type=\"widget\" data-widget_type=\"nest-title-v1.default\">\n\t\t\t\t<div class=\"elementor-widget-container\">\n\t\t\t        <div class=\"section_title type_one\">\r\n                            <h4 class=\"mb-20 text-brand\"> Plato para caracoles<\/h4>\r\n                                                    <p class=\"mb-20\"> Te invito a descubrir mi plato para caracoles, una joya de la tradici\u00f3n culinaria, dise\u00f1ado para resaltar cada bocado. Con su dise\u00f1o elegante y funcional, este plato es el compa\u00f1ero perfecto para servir y disfrutar de los caracoles con estilo y distinci\u00f3n. Agrega un toque de sofisticaci\u00f3n a tus comidas y transforma cada ocasi\u00f3n en un verdadero fest\u00edn gourmet.<\/p>\r\n                    <\/div>\r\n    \t\t<\/div>\n\t\t\t\t<\/div>\n\t\t\t\t\t<\/div>\n\t\t\t\t<\/div>\n\t\t<div class=\"elementor-element elementor-element-413ca42 e-flex e-con-boxed e-con e-parent\" data-id=\"413ca42\" data-element_type=\"container\">\n\t\t\t\t\t<div class=\"e-con-inner\">\n\t\t\t\t<div class=\"elementor-element elementor-element-c4e91b5 elementor-widget-divider--view-line elementor-widget elementor-widget-divider\" data-id=\"c4e91b5\" data-element_type=\"widget\" data-widget_type=\"divider.default\">\n\t\t\t\t<div class=\"elementor-widget-container\">\n\t\t\t\t\t<div class=\"elementor-divider\">\n\t\t\t<span class=\"elementor-divider-separator\">\n\t\t\t\t\t\t<\/span>\n\t\t<\/div>\n\t\t\t\t<\/div>\n\t\t\t\t<\/div>\n\t\t\t\t\t<\/div>\n\t\t\t\t<\/div>\n\t\t<div class=\"elementor-element elementor-element-f4215a5 e-flex e-con-boxed e-con e-parent\" data-id=\"f4215a5\" data-element_type=\"container\">\n\t\t\t\t\t<div class=\"e-con-inner\">\n\t\t<div class=\"elementor-element elementor-element-a6f17b2 e-con-full e-flex e-con e-child\" data-id=\"a6f17b2\" data-element_type=\"container\">\n\t\t\t\t<div class=\"elementor-element elementor-element-114bda9 elementor-widget elementor-widget-image\" data-id=\"114bda9\" data-element_type=\"widget\" data-widget_type=\"image.default\">\n\t\t\t\t<div class=\"elementor-widget-container\">\n\t\t\t\t\t\t\t\t\t\t\t\t\t<img fetchpriority=\"high\" decoding=\"async\" width=\"300\" height=\"300\" src=\"https:\/\/agenciayork.com\/hdf\/wp-content\/uploads\/2024\/09\/Productos-1080-px-1-300x300.png\" class=\"attachment-medium size-medium wp-image-11763\" alt=\"plato para caracoles\" srcset=\"https:\/\/agenciayork.com\/hdf\/wp-content\/uploads\/2024\/09\/Productos-1080-px-1-300x300.png 300w, https:\/\/agenciayork.com\/hdf\/wp-content\/uploads\/2024\/09\/Productos-1080-px-1-1024x1024.png 1024w, https:\/\/agenciayork.com\/hdf\/wp-content\/uploads\/2024\/09\/Productos-1080-px-1-150x150.png 150w, https:\/\/agenciayork.com\/hdf\/wp-content\/uploads\/2024\/09\/Productos-1080-px-1-768x768.png 768w, https:\/\/agenciayork.com\/hdf\/wp-content\/uploads\/2024\/09\/Productos-1080-px-1-600x600.png 600w, https:\/\/agenciayork.com\/hdf\/wp-content\/uploads\/2024\/09\/Productos-1080-px-1-100x100.png 100w, https:\/\/agenciayork.com\/hdf\/wp-content\/uploads\/2024\/09\/Productos-1080-px-1-50x50.png 50w, https:\/\/agenciayork.com\/hdf\/wp-content\/uploads\/2024\/09\/Productos-1080-px-1-64x64.png 64w, https:\/\/agenciayork.com\/hdf\/wp-content\/uploads\/2024\/09\/Productos-1080-px-1.png 1080w\" sizes=\"(max-width: 300px) 100vw, 300px\" \/>\t\t\t\t\t\t\t\t\t\t\t\t\t<\/div>\n\t\t\t\t<\/div>\n\t\t\t\t<\/div>\n\t\t<div class=\"elementor-element elementor-element-07e23aa e-con-full e-flex e-con e-child\" data-id=\"07e23aa\" data-element_type=\"container\">\n\t\t\t\t<div class=\"elementor-element elementor-element-49a03e0 elementor-widget elementor-widget-heading\" data-id=\"49a03e0\" data-element_type=\"widget\" data-widget_type=\"heading.default\">\n\t\t\t\t<div class=\"elementor-widget-container\">\n\t\t\t<h4 class=\"elementor-heading-title elementor-size-default\">un plato de metal que combina simplicidad y funcionalidad <\/h4>\t\t<\/div>\n\t\t\t\t<\/div>\n\t\t\t\t<div class=\"elementor-element elementor-element-3e30456 elementor-widget elementor-widget-nest-text-editor-v1\" data-id=\"3e30456\" data-element_type=\"widget\" data-widget_type=\"nest-text-editor-v1.default\">\n\t\t\t\t<div class=\"elementor-widget-container\">\n\t\t\t   <div class=\"custom_text_editor position-relative\">\r\n        <p>Descubre mi <strong>plato para caracoles<\/strong>, un accesorio esencial para los amantes de la buena cocina. Fabricado en <strong>metal<\/strong> <strong>plateado<\/strong>, este plato combina <strong>simplicidad<\/strong> y <strong>funcionalidad<\/strong>, ofreciendo una soluci\u00f3n elegante para preparar y servir tus caracoles. Su <strong>dise\u00f1o<\/strong> <strong>pr\u00e1ctico<\/strong> permite colocar las conchas con precisi\u00f3n, asegurando una cocci\u00f3n uniforme gracias a su robustez.<\/p><p>El dise\u00f1o del plato est\u00e1 pensado para <strong>facilitar<\/strong> su uso en la cocina. Los espacios est\u00e1n perfectamente adaptados para recibir las conchas de caracol, lo que permite una <strong>presentaci\u00f3n<\/strong> <strong>impecable<\/strong>. Adem\u00e1s, el plato se puede utilizar directamente en el <strong>horno<\/strong>, ideal para derretir la <a href=\"https:\/\/agenciayork.com\/hdf\/producto\/mantequilla-de-ajo-y-perejil\/\"><strong>mantequilla de ajo<\/strong><\/a> y lograr una cocci\u00f3n perfecta. Su acabado plateado a\u00f1ade un toque de sofisticaci\u00f3n a tu mesa, haciendo que cada comida sea especial.<\/p><p>Ya seas un chef experimentado o un entusiasta de la cocina, este plato es la herramienta ideal para preparar tus <a href=\"https:\/\/agenciayork.com\/hdf\/producto\/caracoles-de-borgona\/\"><strong>caracoles<\/strong><\/a> de manera profesional. Su estructura de metal garantiza una distribuci\u00f3n uniforme del calor, asegurando que cada caracol se <strong>cocine<\/strong> a la <strong>perfecci\u00f3n<\/strong>.\u00a0<\/p>    <\/div>\r\n\t\t<\/div>\n\t\t\t\t<\/div>\n\t\t\t\t<\/div>\n\t\t\t\t\t<\/div>\n\t\t\t\t<\/div>\n\t\t<div class=\"elementor-element elementor-element-ec7a87f e-flex e-con-boxed e-con e-parent\" data-id=\"ec7a87f\" data-element_type=\"container\">\n\t\t\t\t\t<div class=\"e-con-inner\">\n\t\t\t\t<div class=\"elementor-element elementor-element-6b4eef1 elementor-widget-divider--view-line elementor-widget elementor-widget-divider\" data-id=\"6b4eef1\" data-element_type=\"widget\" data-widget_type=\"divider.default\">\n\t\t\t\t<div class=\"elementor-widget-container\">\n\t\t\t\t\t<div class=\"elementor-divider\">\n\t\t\t<span class=\"elementor-divider-separator\">\n\t\t\t\t\t\t<\/span>\n\t\t<\/div>\n\t\t\t\t<\/div>\n\t\t\t\t<\/div>\n\t\t\t\t\t<\/div>\n\t\t\t\t<\/div>\n\t\t<div class=\"elementor-element elementor-element-df7da54 e-flex e-con-boxed e-con e-parent\" data-id=\"df7da54\" data-element_type=\"container\">\n\t\t\t\t\t<div class=\"e-con-inner\">\n\t\t<div class=\"elementor-element elementor-element-7a6f08d e-con-full e-flex e-con e-child\" data-id=\"7a6f08d\" data-element_type=\"container\">\n\t\t\t\t<div class=\"elementor-element elementor-element-fde2853 elementor-widget elementor-widget-heading\" data-id=\"fde2853\" data-element_type=\"widget\" data-widget_type=\"heading.default\">\n\t\t\t\t<div class=\"elementor-widget-container\">\n\t\t\t<h4 class=\"elementor-heading-title elementor-size-default\">Para una cocci\u00f3n perfecta, con estilo<\/h4>\t\t<\/div>\n\t\t\t\t<\/div>\n\t\t\t\t<div class=\"elementor-element elementor-element-72fab3a elementor-widget elementor-widget-nest-text-editor-v1\" data-id=\"72fab3a\" data-element_type=\"widget\" data-widget_type=\"nest-text-editor-v1.default\">\n\t\t\t\t<div class=\"elementor-widget-container\">\n\t\t\t   <div class=\"custom_text_editor position-relative\">\r\n        <p>M\u00e1s all\u00e1 de su funcionalidad, este plato tambi\u00e9n es una adici\u00f3n <strong>elegante<\/strong> a tu colecci\u00f3n de utensilios de cocina. Es tanto <strong>pr\u00e1ctico<\/strong> como <strong>est\u00e9tico<\/strong>, convirtiendo cada comida en una ocasi\u00f3n memorable. Perfecto para cenas en familia o reuniones entre amigos, te permite <strong>servir<\/strong> tus <strong>caracoles<\/strong> con <strong>estilo<\/strong> y <strong>distinci\u00f3n<\/strong>.<\/p><p>Adquiere este plato pr\u00e1ctico y sofisticado y transforma tus comidas en momentos culinarios verdaderamente especiales. Ya sea para ocasiones especiales o para una cena cotidiana, satisfar\u00e1 todas tus expectativas gastron\u00f3micas.\u00a0 \u00a0 \u00a0 \u00a0 \u00a0 \u00a0 \u00a0 \u00a0 \u00a0 \u00a0 \u00a0 \u00a0 \u00a0 \u00a0 \u00a0 \u00a0 \u00a0 \u00a0 \u00a0 \u00a0 \u00a0 \u00a0 \u00a0 \u00a0 \u00a0 \u00a0 \u00a0 \u00a0 \u00a0 \u00a0 \u00a0 \u00a0 \u00a0 \u00a0 \u00a0 \u00a0 \u00a0 \u00a0 \u00a0 \u00a0 \u00a0 \u00a0 \u00a0 \u00a0 \u00a0 \u00a0 \u00a0 \u00a0 \u00a0 \u00a0 \u00a0 \u00a0 \u00a0 \u00a0 \u00a0 \u00a0 \u00a0 \u00a0 \u00a0 \u00a0 \u00a0 \u00a0 \u00a0 \u00a0 \u00a0 \u00a0 \u00a0 \u00a0 \u00a0 \u00a0 \u00a0 \u00a0 \u00a0 \u00a0 \u00a0 \u00a0 \u00a0 \u00a0 \u00a0 \u00a0 \u00a0 \u00a0 \u00a0 \u00a0 \u00a0 \u00a0 \u00a0 \u00a0 \u00a0 \u00a0 \u00a0 \u00a0 \u00a0 \u00a0 \u00a0 \u00a0 \u00a0 \u00a0 \u00a0 \u00a0 \u00a0 \u00a0 \u00a0 \u00a0 \u00a0 \u00a0 \u00a0 \u00a0 \u00a0 \u00a0 \u00a0 \u00a0 \u00a0 \u00a0 \u00a0 \u00a0<\/p>    <\/div>\r\n\t\t<\/div>\n\t\t\t\t<\/div>\n\t\t\t\t<\/div>\n\t\t<div class=\"elementor-element elementor-element-ca8abc9 e-con-full e-flex e-con e-child\" data-id=\"ca8abc9\" data-element_type=\"container\">\n\t\t\t\t<div class=\"elementor-element elementor-element-59898c4 elementor-widget elementor-widget-image\" data-id=\"59898c4\" data-element_type=\"widget\" data-widget_type=\"image.default\">\n\t\t\t\t<div class=\"elementor-widget-container\">\n\t\t\t\t\t\t\t\t\t\t\t\t\t<img decoding=\"async\" width=\"300\" height=\"300\" src=\"https:\/\/agenciayork.com\/hdf\/wp-content\/uploads\/2024\/09\/Plat-caracoles-300x300.png\" class=\"attachment-medium size-medium wp-image-11764\" alt=\"Plat caracoles\" srcset=\"https:\/\/agenciayork.com\/hdf\/wp-content\/uploads\/2024\/09\/Plat-caracoles-300x300.png 300w, https:\/\/agenciayork.com\/hdf\/wp-content\/uploads\/2024\/09\/Plat-caracoles-1024x1024.png 1024w, https:\/\/agenciayork.com\/hdf\/wp-content\/uploads\/2024\/09\/Plat-caracoles-150x150.png 150w, https:\/\/agenciayork.com\/hdf\/wp-content\/uploads\/2024\/09\/Plat-caracoles-768x768.png 768w, https:\/\/agenciayork.com\/hdf\/wp-content\/uploads\/2024\/09\/Plat-caracoles-600x600.png 600w, https:\/\/agenciayork.com\/hdf\/wp-content\/uploads\/2024\/09\/Plat-caracoles-100x100.png 100w, https:\/\/agenciayork.com\/hdf\/wp-content\/uploads\/2024\/09\/Plat-caracoles-50x50.png 50w, https:\/\/agenciayork.com\/hdf\/wp-content\/uploads\/2024\/09\/Plat-caracoles-64x64.png 64w, https:\/\/agenciayork.com\/hdf\/wp-content\/uploads\/2024\/09\/Plat-caracoles.png 1080w\" sizes=\"(max-width: 300px) 100vw, 300px\" \/>\t\t\t\t\t\t\t\t\t\t\t\t\t<\/div>\n\t\t\t\t<\/div>\n\t\t\t\t<\/div>\n\t\t\t\t\t<\/div>\n\t\t\t\t<\/div>\n\t\t\t\t<\/div>\n\t\t","protected":false},"excerpt":{"rendered":"<p>Plato antiadherente para\u00a0servir de la manera m\u00e1s f\u00e1cil los caracoles de Borgo\u00f1a.<\/p>\n<p>Es apto para horno.<\/p>\n","protected":false},"featured_media":11763,"template":"","meta":[],"product_brand":[],"product_cat":[126,171,15],"product_tag":[],"class_list":{"0":"post-11762","1":"product","2":"type-product","3":"status-publish","4":"has-post-thumbnail","6":"product_cat-mis-imperdibles","7":"product_cat-salir-de-la-rutina","8":"product_cat-sin-categorizar","10":"first","11":"instock","12":"shipping-taxable","13":"purchasable","14":"product-type-simple"},"yoast_head":"<!-- This site is optimized with the Yoast SEO plugin v27.5 - https:\/\/yoast.com\/product\/yoast-seo-wordpress\/ -->\n<title>Plato para caracoles - H\u00e9l\u00e8ne de Fleurac<\/title>\n<meta name=\"description\" content=\"Plato antiadherente para\u00a0servir los caracoles de Borgo\u00f1a. Es apto para horno. Nada m\u00e1s f\u00e1cil que poner los caracoles con su mantequilla!\" \/>\n<meta name=\"robots\" content=\"index, follow, max-snippet:-1, max-image-preview:large, max-video-preview:-1\" \/>\n<link rel=\"canonical\" href=\"https:\/\/agenciayork.com\/hdf\/producto\/plato-para-caracoles-2\/\" \/>\n<meta property=\"og:locale\" content=\"es_ES\" \/>\n<meta property=\"og:type\" content=\"article\" \/>\n<meta property=\"og:title\" content=\"Plato para caracoles - H\u00e9l\u00e8ne de Fleurac\" \/>\n<meta property=\"og:description\" content=\"Plato antiadherente para\u00a0servir los caracoles de Borgo\u00f1a. Es apto para horno. Nada m\u00e1s f\u00e1cil que poner los caracoles con su mantequilla!\" \/>\n<meta property=\"og:url\" content=\"https:\/\/agenciayork.com\/hdf\/producto\/plato-para-caracoles-2\/\" \/>\n<meta property=\"og:site_name\" content=\"H\u00e9l\u00e8ne de Fleurac\" \/>\n<meta property=\"article:modified_time\" content=\"2024-10-03T21:46:06+00:00\" \/>\n<meta property=\"og:image\" content=\"https:\/\/agenciayork.com\/hdf\/wp-content\/uploads\/2024\/09\/Productos-1080-px-1.png\" \/>\n\t<meta property=\"og:image:width\" content=\"1080\" \/>\n\t<meta property=\"og:image:height\" content=\"1080\" \/>\n\t<meta property=\"og:image:type\" content=\"image\/png\" \/>\n<meta name=\"twitter:card\" content=\"summary_large_image\" \/>\n<meta name=\"twitter:label1\" content=\"Tiempo estimado de lectura\" \/>\n\t<meta name=\"twitter:data1\" content=\"2 minutos\" \/>\n<script type=\"application\/ld+json\" class=\"yoast-schema-graph\">{\"@context\":\"https:\\\/\\\/schema.org\",\"@graph\":[{\"@type\":\"WebPage\",\"@id\":\"https:\\\/\\\/agenciayork.com\\\/hdf\\\/producto\\\/plato-para-caracoles-2\\\/\",\"url\":\"https:\\\/\\\/agenciayork.com\\\/hdf\\\/producto\\\/plato-para-caracoles-2\\\/\",\"name\":\"Plato para caracoles - H\u00e9l\u00e8ne de Fleurac\",\"isPartOf\":{\"@id\":\"https:\\\/\\\/agenciayork.com\\\/hdf\\\/#website\"},\"primaryImageOfPage\":{\"@id\":\"https:\\\/\\\/agenciayork.com\\\/hdf\\\/producto\\\/plato-para-caracoles-2\\\/#primaryimage\"},\"image\":{\"@id\":\"https:\\\/\\\/agenciayork.com\\\/hdf\\\/producto\\\/plato-para-caracoles-2\\\/#primaryimage\"},\"thumbnailUrl\":\"https:\\\/\\\/agenciayork.com\\\/hdf\\\/wp-content\\\/uploads\\\/2024\\\/09\\\/Productos-1080-px-1.png\",\"datePublished\":\"2024-09-04T20:05:11+00:00\",\"dateModified\":\"2024-10-03T21:46:06+00:00\",\"description\":\"Plato antiadherente para\u00a0servir los caracoles de Borgo\u00f1a. Es apto para horno. Nada m\u00e1s f\u00e1cil que poner los caracoles con su mantequilla!\",\"breadcrumb\":{\"@id\":\"https:\\\/\\\/agenciayork.com\\\/hdf\\\/producto\\\/plato-para-caracoles-2\\\/#breadcrumb\"},\"inLanguage\":\"es-CL\",\"potentialAction\":[{\"@type\":\"ReadAction\",\"target\":[\"https:\\\/\\\/agenciayork.com\\\/hdf\\\/producto\\\/plato-para-caracoles-2\\\/\"]}]},{\"@type\":\"ImageObject\",\"inLanguage\":\"es-CL\",\"@id\":\"https:\\\/\\\/agenciayork.com\\\/hdf\\\/producto\\\/plato-para-caracoles-2\\\/#primaryimage\",\"url\":\"https:\\\/\\\/agenciayork.com\\\/hdf\\\/wp-content\\\/uploads\\\/2024\\\/09\\\/Productos-1080-px-1.png\",\"contentUrl\":\"https:\\\/\\\/agenciayork.com\\\/hdf\\\/wp-content\\\/uploads\\\/2024\\\/09\\\/Productos-1080-px-1.png\",\"width\":1080,\"height\":1080,\"caption\":\"plato para caracoles\"},{\"@type\":\"BreadcrumbList\",\"@id\":\"https:\\\/\\\/agenciayork.com\\\/hdf\\\/producto\\\/plato-para-caracoles-2\\\/#breadcrumb\",\"itemListElement\":[{\"@type\":\"ListItem\",\"position\":1,\"name\":\"Portada\",\"item\":\"https:\\\/\\\/agenciayork.com\\\/hdf\\\/\"},{\"@type\":\"ListItem\",\"position\":2,\"name\":\"Tienda\",\"item\":\"https:\\\/\\\/agenciayork.com\\\/hdf\\\/mejores-productos-de-la-gastronomia-francesa\\\/\"},{\"@type\":\"ListItem\",\"position\":3,\"name\":\"Plato para caracoles\"}]},{\"@type\":\"WebSite\",\"@id\":\"https:\\\/\\\/agenciayork.com\\\/hdf\\\/#website\",\"url\":\"https:\\\/\\\/agenciayork.com\\\/hdf\\\/\",\"name\":\"H\u00e9l\u00e8ne de Fleurac\",\"description\":\"Gastronom\u00eda francesa\",\"potentialAction\":[{\"@type\":\"SearchAction\",\"target\":{\"@type\":\"EntryPoint\",\"urlTemplate\":\"https:\\\/\\\/agenciayork.com\\\/hdf\\\/?s={search_term_string}\"},\"query-input\":{\"@type\":\"PropertyValueSpecification\",\"valueRequired\":true,\"valueName\":\"search_term_string\"}}],\"inLanguage\":\"es-CL\"}]}<\/script>\n<!-- \/ Yoast SEO plugin. -->","yoast_head_json":{"title":"Plato para caracoles - H\u00e9l\u00e8ne de Fleurac","description":"Plato antiadherente para\u00a0servir los caracoles de Borgo\u00f1a. Es apto para horno. Nada m\u00e1s f\u00e1cil que poner los caracoles con su mantequilla!","robots":{"index":"index","follow":"follow","max-snippet":"max-snippet:-1","max-image-preview":"max-image-preview:large","max-video-preview":"max-video-preview:-1"},"canonical":"https:\/\/agenciayork.com\/hdf\/producto\/plato-para-caracoles-2\/","og_locale":"es_ES","og_type":"article","og_title":"Plato para caracoles - H\u00e9l\u00e8ne de Fleurac","og_description":"Plato antiadherente para\u00a0servir los caracoles de Borgo\u00f1a. Es apto para horno. Nada m\u00e1s f\u00e1cil que poner los caracoles con su mantequilla!","og_url":"https:\/\/agenciayork.com\/hdf\/producto\/plato-para-caracoles-2\/","og_site_name":"H\u00e9l\u00e8ne de Fleurac","article_modified_time":"2024-10-03T21:46:06+00:00","og_image":[{"width":1080,"height":1080,"url":"https:\/\/agenciayork.com\/hdf\/wp-content\/uploads\/2024\/09\/Productos-1080-px-1.png","type":"image\/png"}],"twitter_card":"summary_large_image","twitter_misc":{"Tiempo estimado de lectura":"2 minutos"},"schema":{"@context":"https:\/\/schema.org","@graph":[{"@type":"WebPage","@id":"https:\/\/agenciayork.com\/hdf\/producto\/plato-para-caracoles-2\/","url":"https:\/\/agenciayork.com\/hdf\/producto\/plato-para-caracoles-2\/","name":"Plato para caracoles - H\u00e9l\u00e8ne de Fleurac","isPartOf":{"@id":"https:\/\/agenciayork.com\/hdf\/#website"},"primaryImageOfPage":{"@id":"https:\/\/agenciayork.com\/hdf\/producto\/plato-para-caracoles-2\/#primaryimage"},"image":{"@id":"https:\/\/agenciayork.com\/hdf\/producto\/plato-para-caracoles-2\/#primaryimage"},"thumbnailUrl":"https:\/\/agenciayork.com\/hdf\/wp-content\/uploads\/2024\/09\/Productos-1080-px-1.png","datePublished":"2024-09-04T20:05:11+00:00","dateModified":"2024-10-03T21:46:06+00:00","description":"Plato antiadherente para\u00a0servir los caracoles de Borgo\u00f1a. Es apto para horno. Nada m\u00e1s f\u00e1cil que poner los caracoles con su mantequilla!","breadcrumb":{"@id":"https:\/\/agenciayork.com\/hdf\/producto\/plato-para-caracoles-2\/#breadcrumb"},"inLanguage":"es-CL","potentialAction":[{"@type":"ReadAction","target":["https:\/\/agenciayork.com\/hdf\/producto\/plato-para-caracoles-2\/"]}]},{"@type":"ImageObject","inLanguage":"es-CL","@id":"https:\/\/agenciayork.com\/hdf\/producto\/plato-para-caracoles-2\/#primaryimage","url":"https:\/\/agenciayork.com\/hdf\/wp-content\/uploads\/2024\/09\/Productos-1080-px-1.png","contentUrl":"https:\/\/agenciayork.com\/hdf\/wp-content\/uploads\/2024\/09\/Productos-1080-px-1.png","width":1080,"height":1080,"caption":"plato para caracoles"},{"@type":"BreadcrumbList","@id":"https:\/\/agenciayork.com\/hdf\/producto\/plato-para-caracoles-2\/#breadcrumb","itemListElement":[{"@type":"ListItem","position":1,"name":"Portada","item":"https:\/\/agenciayork.com\/hdf\/"},{"@type":"ListItem","position":2,"name":"Tienda","item":"https:\/\/agenciayork.com\/hdf\/mejores-productos-de-la-gastronomia-francesa\/"},{"@type":"ListItem","position":3,"name":"Plato para caracoles"}]},{"@type":"WebSite","@id":"https:\/\/agenciayork.com\/hdf\/#website","url":"https:\/\/agenciayork.com\/hdf\/","name":"H\u00e9l\u00e8ne de Fleurac","description":"Gastronom\u00eda francesa","potentialAction":[{"@type":"SearchAction","target":{"@type":"EntryPoint","urlTemplate":"https:\/\/agenciayork.com\/hdf\/?s={search_term_string}"},"query-input":{"@type":"PropertyValueSpecification","valueRequired":true,"valueName":"search_term_string"}}],"inLanguage":"es-CL"}]}},"_links":{"self":[{"href":"https:\/\/agenciayork.com\/hdf\/wp-json\/wp\/v2\/product\/11762","targetHints":{"allow":["GET"]}}],"collection":[{"href":"https:\/\/agenciayork.com\/hdf\/wp-json\/wp\/v2\/product"}],"about":[{"href":"https:\/\/agenciayork.com\/hdf\/wp-json\/wp\/v2\/types\/product"}],"version-history":[{"count":16,"href":"https:\/\/agenciayork.com\/hdf\/wp-json\/wp\/v2\/product\/11762\/revisions"}],"predecessor-version":[{"id":11815,"href":"https:\/\/agenciayork.com\/hdf\/wp-json\/wp\/v2\/product\/11762\/revisions\/11815"}],"wp:featuredmedia":[{"embeddable":true,"href":"https:\/\/agenciayork.com\/hdf\/wp-json\/wp\/v2\/media\/11763"}],"wp:attachment":[{"href":"https:\/\/agenciayork.com\/hdf\/wp-json\/wp\/v2\/media?parent=11762"}],"wp:term":[{"taxonomy":"product_brand","embeddable":true,"href":"https:\/\/agenciayork.com\/hdf\/wp-json\/wp\/v2\/product_brand?post=11762"},{"taxonomy":"product_cat","embeddable":true,"href":"https:\/\/agenciayork.com\/hdf\/wp-json\/wp\/v2\/product_cat?post=11762"},{"taxonomy":"product_tag","embeddable":true,"href":"https:\/\/agenciayork.com\/hdf\/wp-json\/wp\/v2\/product_tag?post=11762"}],"curies":[{"name":"wp","href":"https:\/\/api.w.org\/{rel}","templated":true}]}}