{"id":11771,"date":"2024-09-04T17:29:20","date_gmt":"2024-09-04T20:29:20","guid":{"rendered":"https:\/\/agenciayork.com\/hdf\/?post_type=product&#038;p=11771"},"modified":"2024-10-10T14:38:54","modified_gmt":"2024-10-10T17:38:54","slug":"conchas-de-caracoles","status":"publish","type":"product","link":"https:\/\/agenciayork.com\/hdf\/producto\/conchas-de-caracoles\/","title":{"rendered":"Conchas de caracoles"},"content":{"rendered":"\t\t<div data-elementor-type=\"wp-post\" data-elementor-id=\"11771\" class=\"elementor elementor-11771\">\n\t\t\t\t<div class=\"elementor-element elementor-element-f2746c6 e-flex e-con-boxed e-con e-parent\" data-id=\"f2746c6\" data-element_type=\"container\">\n\t\t\t\t\t<div class=\"e-con-inner\">\n\t\t\t\t<div class=\"elementor-element elementor-element-5c4f12a elementor-widget elementor-widget-nest-title-v1\" data-id=\"5c4f12a\" data-element_type=\"widget\" data-widget_type=\"nest-title-v1.default\">\n\t\t\t\t<div class=\"elementor-widget-container\">\n\t\t\t        <div class=\"section_title type_one\">\r\n                            <h4 class=\"mb-20 text-brand\"> Conchas de caracoles<\/h4>\r\n                                                    <p class=\"mb-20\"> Te invito a descubrir mis conchas de caracoles, el accesorio perfecto para elevar tus platos de caracoles. Con un dise\u00f1o elegante y pr\u00e1ctico, estas conchas est\u00e1n hechas para asegurar una cocci\u00f3n uniforme y una presentaci\u00f3n impecable. Ideal para preparar y servir tus caracoles con estilo, son perfectas para acompa\u00f1ar con tu mantequilla de ajo favorita y transformar cada comida en una experiencia culinaria refinada. No te pierdas la oportunidad de a\u00f1adir un toque de sofisticaci\u00f3n a tus cenas y ocasiones especiales.<\/p>\r\n                    <\/div>\r\n    \t\t<\/div>\n\t\t\t\t<\/div>\n\t\t\t\t\t<\/div>\n\t\t\t\t<\/div>\n\t\t<div class=\"elementor-element elementor-element-161c80d e-flex e-con-boxed e-con e-parent\" data-id=\"161c80d\" data-element_type=\"container\">\n\t\t\t\t\t<div class=\"e-con-inner\">\n\t\t\t\t<div class=\"elementor-element elementor-element-c20a2a4 elementor-widget-divider--view-line elementor-widget elementor-widget-divider\" data-id=\"c20a2a4\" data-element_type=\"widget\" data-widget_type=\"divider.default\">\n\t\t\t\t<div class=\"elementor-widget-container\">\n\t\t\t\t\t<div class=\"elementor-divider\">\n\t\t\t<span class=\"elementor-divider-separator\">\n\t\t\t\t\t\t<\/span>\n\t\t<\/div>\n\t\t\t\t<\/div>\n\t\t\t\t<\/div>\n\t\t\t\t\t<\/div>\n\t\t\t\t<\/div>\n\t\t<div class=\"elementor-element elementor-element-4b56353 e-flex e-con-boxed e-con e-parent\" data-id=\"4b56353\" data-element_type=\"container\">\n\t\t\t\t\t<div class=\"e-con-inner\">\n\t\t<div class=\"elementor-element elementor-element-b69f2c7 e-con-full e-flex e-con e-child\" data-id=\"b69f2c7\" data-element_type=\"container\">\n\t\t\t\t<div class=\"elementor-element elementor-element-5cb92d8 elementor-widget elementor-widget-image\" data-id=\"5cb92d8\" data-element_type=\"widget\" data-widget_type=\"image.default\">\n\t\t\t\t<div class=\"elementor-widget-container\">\n\t\t\t\t\t\t\t\t\t\t\t\t\t<img fetchpriority=\"high\" decoding=\"async\" width=\"300\" height=\"300\" src=\"https:\/\/agenciayork.com\/hdf\/wp-content\/uploads\/2024\/09\/coquilles-caracoles-300x300.png\" class=\"attachment-medium size-medium wp-image-11765\" alt=\"coquilles caracoles\" srcset=\"https:\/\/agenciayork.com\/hdf\/wp-content\/uploads\/2024\/09\/coquilles-caracoles-300x300.png 300w, https:\/\/agenciayork.com\/hdf\/wp-content\/uploads\/2024\/09\/coquilles-caracoles-1024x1024.png 1024w, https:\/\/agenciayork.com\/hdf\/wp-content\/uploads\/2024\/09\/coquilles-caracoles-150x150.png 150w, https:\/\/agenciayork.com\/hdf\/wp-content\/uploads\/2024\/09\/coquilles-caracoles-768x768.png 768w, https:\/\/agenciayork.com\/hdf\/wp-content\/uploads\/2024\/09\/coquilles-caracoles-600x600.png 600w, https:\/\/agenciayork.com\/hdf\/wp-content\/uploads\/2024\/09\/coquilles-caracoles-100x100.png 100w, https:\/\/agenciayork.com\/hdf\/wp-content\/uploads\/2024\/09\/coquilles-caracoles-50x50.png 50w, https:\/\/agenciayork.com\/hdf\/wp-content\/uploads\/2024\/09\/coquilles-caracoles-64x64.png 64w, https:\/\/agenciayork.com\/hdf\/wp-content\/uploads\/2024\/09\/coquilles-caracoles.png 1080w\" sizes=\"(max-width: 300px) 100vw, 300px\" \/>\t\t\t\t\t\t\t\t\t\t\t\t\t<\/div>\n\t\t\t\t<\/div>\n\t\t\t\t<\/div>\n\t\t<div class=\"elementor-element elementor-element-4691b77 e-con-full e-flex e-con e-child\" data-id=\"4691b77\" data-element_type=\"container\">\n\t\t\t\t<div class=\"elementor-element elementor-element-58ba81f elementor-widget elementor-widget-heading\" data-id=\"58ba81f\" data-element_type=\"widget\" data-widget_type=\"heading.default\">\n\t\t\t\t<div class=\"elementor-widget-container\">\n\t\t\t<h4 class=\"elementor-heading-title elementor-size-default\">Conchas de alta calidad para una comida 100% francesa<\/h4>\t\t<\/div>\n\t\t\t\t<\/div>\n\t\t\t\t<div class=\"elementor-element elementor-element-3187e05 elementor-widget elementor-widget-nest-text-editor-v1\" data-id=\"3187e05\" data-element_type=\"widget\" data-widget_type=\"nest-text-editor-v1.default\">\n\t\t\t\t<div class=\"elementor-widget-container\">\n\t\t\t   <div class=\"custom_text_editor position-relative\">\r\n        <p>Descubre mis conchas de caracoles, <strong>seleccionadas<\/strong> con el mayor <strong>cuidado<\/strong> para ofrecerte un producto de <strong>excelencia<\/strong>. Estas conchas de alta calidad, son el complemento ideal para preparar y servir <a href=\"https:\/\/agenciayork.com\/hdf\/producto\/caracoles-de-borgona\/\"><strong>caracoles<\/strong><\/a> con el m\u00e1ximo <strong>estilo<\/strong> y <strong>comodidad<\/strong>.<\/p><p>Cada concha ha sido escogida meticulosamente para garantizar su calidad y durabilidad. Gracias a su <strong>dise\u00f1o<\/strong> <strong>pr\u00e1ctico<\/strong>, no requieren lavado previo antes de su uso, lo que facilita su manejo y preparaci\u00f3n. Simplemente col\u00f3calas en el horno con tus caracoles en un <a href=\"https:\/\/agenciayork.com\/hdf\/producto\/plato-para-caracoles-2\/\"><strong>plato<\/strong><\/a> y <a href=\"https:\/\/agenciayork.com\/hdf\/producto\/mantequilla-de-ajo-y-perejil\/\"><strong>mantequilla de ajo<\/strong><\/a>, y estar\u00e1s listo para disfrutar de un plato exquisito.<\/p><p><strong>Est\u00e9ticamente atractivas y funcionales<\/strong>, mis conchas no solo cumplen con su prop\u00f3sito pr\u00e1ctico, sino que tambi\u00e9n a\u00f1aden un toque de <strong>sofisticaci\u00f3n<\/strong> a tu mesa. Su acabado elegante resalta la presentaci\u00f3n de tus caracoles, haciendo de cada comida una experiencia culinaria refinada.<\/p>    <\/div>\r\n\t\t<\/div>\n\t\t\t\t<\/div>\n\t\t\t\t<\/div>\n\t\t\t\t\t<\/div>\n\t\t\t\t<\/div>\n\t\t<div class=\"elementor-element elementor-element-232563a e-flex e-con-boxed e-con e-parent\" data-id=\"232563a\" data-element_type=\"container\">\n\t\t\t\t\t<div class=\"e-con-inner\">\n\t\t\t\t<div class=\"elementor-element elementor-element-e2929f0 elementor-widget-divider--view-line elementor-widget elementor-widget-divider\" data-id=\"e2929f0\" data-element_type=\"widget\" data-widget_type=\"divider.default\">\n\t\t\t\t<div class=\"elementor-widget-container\">\n\t\t\t\t\t<div class=\"elementor-divider\">\n\t\t\t<span class=\"elementor-divider-separator\">\n\t\t\t\t\t\t<\/span>\n\t\t<\/div>\n\t\t\t\t<\/div>\n\t\t\t\t<\/div>\n\t\t\t\t\t<\/div>\n\t\t\t\t<\/div>\n\t\t<div class=\"elementor-element elementor-element-4c81716 e-flex e-con-boxed e-con e-parent\" data-id=\"4c81716\" data-element_type=\"container\">\n\t\t\t\t\t<div class=\"e-con-inner\">\n\t\t<div class=\"elementor-element elementor-element-9baa806 e-con-full e-flex e-con e-child\" data-id=\"9baa806\" data-element_type=\"container\">\n\t\t\t\t<div class=\"elementor-element elementor-element-31d2ca5 elementor-widget elementor-widget-heading\" data-id=\"31d2ca5\" data-element_type=\"widget\" data-widget_type=\"heading.default\">\n\t\t\t\t<div class=\"elementor-widget-container\">\n\t\t\t<h4 class=\"elementor-heading-title elementor-size-default\">Conchas reutilizables y resistantes<\/h4>\t\t<\/div>\n\t\t\t\t<\/div>\n\t\t\t\t<div class=\"elementor-element elementor-element-482b64c elementor-widget elementor-widget-nest-text-editor-v1\" data-id=\"482b64c\" data-element_type=\"widget\" data-widget_type=\"nest-text-editor-v1.default\">\n\t\t\t\t<div class=\"elementor-widget-container\">\n\t\t\t   <div class=\"custom_text_editor position-relative\">\r\n        <p>Estas conchas son tambi\u00e9n <strong>reutilizables<\/strong>, lo que las convierte en una opci\u00f3n econ\u00f3mica y ecol\u00f3gica para tus cenas y eventos. Su <strong>resistencia<\/strong> y <strong>dise\u00f1o<\/strong> permiten que sean utilizadas en m\u00faltiples ocasiones, manteniendo siempre su calidad y apariencia.<\/p><p>Perfectas para un <strong>men\u00fa 100% franc\u00e9s<\/strong>, estas conchas son ideales para preparar caracoles al estilo <strong>tradicional<\/strong>. Desde una cena \u00edntima hasta una celebraci\u00f3n especial, ofrecen la funcionalidad y la elegancia necesarias para impresionar a tus invitados.<\/p><p>No pierdas la oportunidad de elevar tus platos con mis conchas de caracoles, que combinan lo mejor en calidad, est\u00e9tica y practicidad. <strong>Haz de cada comida un evento memorable<\/strong> con estas conchas excepcionales, que son un verdadero emblema de la cocina francesa.<\/p>    <\/div>\r\n\t\t<\/div>\n\t\t\t\t<\/div>\n\t\t\t\t<\/div>\n\t\t<div class=\"elementor-element elementor-element-e6b1a09 e-con-full e-flex e-con e-child\" data-id=\"e6b1a09\" data-element_type=\"container\">\n\t\t\t\t<div class=\"elementor-element elementor-element-66aaf76 elementor-widget elementor-widget-image\" data-id=\"66aaf76\" data-element_type=\"widget\" data-widget_type=\"image.default\">\n\t\t\t\t<div class=\"elementor-widget-container\">\n\t\t\t\t\t\t\t\t\t\t\t\t\t<img decoding=\"async\" width=\"300\" height=\"300\" src=\"https:\/\/agenciayork.com\/hdf\/wp-content\/uploads\/2024\/09\/Plat-caracoles-300x300.png\" class=\"attachment-medium size-medium wp-image-11764\" alt=\"Plat caracoles\" srcset=\"https:\/\/agenciayork.com\/hdf\/wp-content\/uploads\/2024\/09\/Plat-caracoles-300x300.png 300w, https:\/\/agenciayork.com\/hdf\/wp-content\/uploads\/2024\/09\/Plat-caracoles-1024x1024.png 1024w, https:\/\/agenciayork.com\/hdf\/wp-content\/uploads\/2024\/09\/Plat-caracoles-150x150.png 150w, https:\/\/agenciayork.com\/hdf\/wp-content\/uploads\/2024\/09\/Plat-caracoles-768x768.png 768w, https:\/\/agenciayork.com\/hdf\/wp-content\/uploads\/2024\/09\/Plat-caracoles-600x600.png 600w, https:\/\/agenciayork.com\/hdf\/wp-content\/uploads\/2024\/09\/Plat-caracoles-100x100.png 100w, https:\/\/agenciayork.com\/hdf\/wp-content\/uploads\/2024\/09\/Plat-caracoles-50x50.png 50w, https:\/\/agenciayork.com\/hdf\/wp-content\/uploads\/2024\/09\/Plat-caracoles-64x64.png 64w, https:\/\/agenciayork.com\/hdf\/wp-content\/uploads\/2024\/09\/Plat-caracoles.png 1080w\" sizes=\"(max-width: 300px) 100vw, 300px\" \/>\t\t\t\t\t\t\t\t\t\t\t\t\t<\/div>\n\t\t\t\t<\/div>\n\t\t\t\t<\/div>\n\t\t\t\t\t<\/div>\n\t\t\t\t<\/div>\n\t\t\t\t<\/div>\n\t\t","protected":false},"excerpt":{"rendered":"<p><strong>Descubre mis conchas de caracoles<\/strong>, el elemento esencial para realzar tus platos de escargots. Dise\u00f1adas con cuidado para ofrecer una presentaci\u00f3n elegante y pr\u00e1ctica, mis conchas son ideales para preparar y servir tus caracoles con estilo. De alta calidad, garantizan una cocci\u00f3n uniforme y son perfectas para acompa\u00f1ar tu mantequilla de ajo favorita. Consigue un utensilio de cocina que combina est\u00e9tica y funcionalidad, y transforma cada comida en una experiencia gastron\u00f3mica refinada.<\/p>\n","protected":false},"featured_media":11765,"template":"","meta":[],"product_brand":[],"product_cat":[110,171,15],"product_tag":[],"class_list":{"0":"post-11771","1":"product","2":"type-product","3":"status-publish","4":"has-post-thumbnail","6":"product_cat-picoteo","7":"product_cat-salir-de-la-rutina","8":"product_cat-sin-categorizar","10":"first","11":"instock","12":"shipping-taxable","13":"purchasable","14":"product-type-simple"},"yoast_head":"<!-- This site is optimized with the Yoast SEO plugin v27.5 - https:\/\/yoast.com\/product\/yoast-seo-wordpress\/ -->\n<title>Conchas de caracoles - H\u00e9l\u00e8ne de Fleurac<\/title>\n<meta name=\"description\" content=\"Descubre mis conchas de caracoles, el elemento esencial para realzar tus platos de escargots. Dise\u00f1adas con cuidado para ofrecer una presentaci\u00f3n elegante y pr\u00e1ctica, mis conchas son ideales para preparar y servir tus caracoles con estilo. De alta calidad, garantizan una cocci\u00f3n uniforme y son perfectas para acompa\u00f1ar tu mantequilla de ajo favorita. Consigue un utensilio de cocina que combina est\u00e9tica y funcionalidad, y transforma cada comida en una experiencia gastron\u00f3mica refinada.\" \/>\n<meta name=\"robots\" content=\"index, follow, max-snippet:-1, max-image-preview:large, max-video-preview:-1\" \/>\n<link rel=\"canonical\" href=\"https:\/\/agenciayork.com\/hdf\/producto\/conchas-de-caracoles\/\" \/>\n<meta property=\"og:locale\" content=\"es_ES\" \/>\n<meta property=\"og:type\" content=\"article\" \/>\n<meta property=\"og:title\" content=\"Conchas de caracoles - H\u00e9l\u00e8ne de Fleurac\" \/>\n<meta property=\"og:description\" content=\"Descubre mis conchas de caracoles, el elemento esencial para realzar tus platos de escargots. Dise\u00f1adas con cuidado para ofrecer una presentaci\u00f3n elegante y pr\u00e1ctica, mis conchas son ideales para preparar y servir tus caracoles con estilo. De alta calidad, garantizan una cocci\u00f3n uniforme y son perfectas para acompa\u00f1ar tu mantequilla de ajo favorita. Consigue un utensilio de cocina que combina est\u00e9tica y funcionalidad, y transforma cada comida en una experiencia gastron\u00f3mica refinada.\" \/>\n<meta property=\"og:url\" content=\"https:\/\/agenciayork.com\/hdf\/producto\/conchas-de-caracoles\/\" \/>\n<meta property=\"og:site_name\" content=\"H\u00e9l\u00e8ne de Fleurac\" \/>\n<meta property=\"article:modified_time\" content=\"2024-10-10T17:38:54+00:00\" \/>\n<meta property=\"og:image\" content=\"https:\/\/agenciayork.com\/hdf\/wp-content\/uploads\/2024\/09\/coquilles-caracoles.png\" \/>\n\t<meta property=\"og:image:width\" content=\"1080\" \/>\n\t<meta property=\"og:image:height\" content=\"1080\" \/>\n\t<meta property=\"og:image:type\" content=\"image\/png\" \/>\n<meta name=\"twitter:card\" content=\"summary_large_image\" \/>\n<meta name=\"twitter:label1\" content=\"Tiempo estimado de lectura\" \/>\n\t<meta name=\"twitter:data1\" content=\"3 minutos\" \/>\n<script type=\"application\/ld+json\" class=\"yoast-schema-graph\">{\"@context\":\"https:\\\/\\\/schema.org\",\"@graph\":[{\"@type\":\"WebPage\",\"@id\":\"https:\\\/\\\/agenciayork.com\\\/hdf\\\/producto\\\/conchas-de-caracoles\\\/\",\"url\":\"https:\\\/\\\/agenciayork.com\\\/hdf\\\/producto\\\/conchas-de-caracoles\\\/\",\"name\":\"Conchas de caracoles - H\u00e9l\u00e8ne de Fleurac\",\"isPartOf\":{\"@id\":\"https:\\\/\\\/agenciayork.com\\\/hdf\\\/#website\"},\"primaryImageOfPage\":{\"@id\":\"https:\\\/\\\/agenciayork.com\\\/hdf\\\/producto\\\/conchas-de-caracoles\\\/#primaryimage\"},\"image\":{\"@id\":\"https:\\\/\\\/agenciayork.com\\\/hdf\\\/producto\\\/conchas-de-caracoles\\\/#primaryimage\"},\"thumbnailUrl\":\"https:\\\/\\\/agenciayork.com\\\/hdf\\\/wp-content\\\/uploads\\\/2024\\\/09\\\/coquilles-caracoles.png\",\"datePublished\":\"2024-09-04T20:29:20+00:00\",\"dateModified\":\"2024-10-10T17:38:54+00:00\",\"description\":\"Descubre mis conchas de caracoles, el elemento esencial para realzar tus platos de escargots. Dise\u00f1adas con cuidado para ofrecer una presentaci\u00f3n elegante y pr\u00e1ctica, mis conchas son ideales para preparar y servir tus caracoles con estilo. De alta calidad, garantizan una cocci\u00f3n uniforme y son perfectas para acompa\u00f1ar tu mantequilla de ajo favorita. Consigue un utensilio de cocina que combina est\u00e9tica y funcionalidad, y transforma cada comida en una experiencia gastron\u00f3mica refinada.\",\"breadcrumb\":{\"@id\":\"https:\\\/\\\/agenciayork.com\\\/hdf\\\/producto\\\/conchas-de-caracoles\\\/#breadcrumb\"},\"inLanguage\":\"es-CL\",\"potentialAction\":[{\"@type\":\"ReadAction\",\"target\":[\"https:\\\/\\\/agenciayork.com\\\/hdf\\\/producto\\\/conchas-de-caracoles\\\/\"]}]},{\"@type\":\"ImageObject\",\"inLanguage\":\"es-CL\",\"@id\":\"https:\\\/\\\/agenciayork.com\\\/hdf\\\/producto\\\/conchas-de-caracoles\\\/#primaryimage\",\"url\":\"https:\\\/\\\/agenciayork.com\\\/hdf\\\/wp-content\\\/uploads\\\/2024\\\/09\\\/coquilles-caracoles.png\",\"contentUrl\":\"https:\\\/\\\/agenciayork.com\\\/hdf\\\/wp-content\\\/uploads\\\/2024\\\/09\\\/coquilles-caracoles.png\",\"width\":1080,\"height\":1080,\"caption\":\"coquilles caracoles\"},{\"@type\":\"BreadcrumbList\",\"@id\":\"https:\\\/\\\/agenciayork.com\\\/hdf\\\/producto\\\/conchas-de-caracoles\\\/#breadcrumb\",\"itemListElement\":[{\"@type\":\"ListItem\",\"position\":1,\"name\":\"Portada\",\"item\":\"https:\\\/\\\/agenciayork.com\\\/hdf\\\/\"},{\"@type\":\"ListItem\",\"position\":2,\"name\":\"Tienda\",\"item\":\"https:\\\/\\\/agenciayork.com\\\/hdf\\\/mejores-productos-de-la-gastronomia-francesa\\\/\"},{\"@type\":\"ListItem\",\"position\":3,\"name\":\"Conchas de caracoles\"}]},{\"@type\":\"WebSite\",\"@id\":\"https:\\\/\\\/agenciayork.com\\\/hdf\\\/#website\",\"url\":\"https:\\\/\\\/agenciayork.com\\\/hdf\\\/\",\"name\":\"H\u00e9l\u00e8ne de Fleurac\",\"description\":\"Gastronom\u00eda francesa\",\"potentialAction\":[{\"@type\":\"SearchAction\",\"target\":{\"@type\":\"EntryPoint\",\"urlTemplate\":\"https:\\\/\\\/agenciayork.com\\\/hdf\\\/?s={search_term_string}\"},\"query-input\":{\"@type\":\"PropertyValueSpecification\",\"valueRequired\":true,\"valueName\":\"search_term_string\"}}],\"inLanguage\":\"es-CL\"}]}<\/script>\n<!-- \/ Yoast SEO plugin. -->","yoast_head_json":{"title":"Conchas de caracoles - H\u00e9l\u00e8ne de Fleurac","description":"Descubre mis conchas de caracoles, el elemento esencial para realzar tus platos de escargots. Dise\u00f1adas con cuidado para ofrecer una presentaci\u00f3n elegante y pr\u00e1ctica, mis conchas son ideales para preparar y servir tus caracoles con estilo. De alta calidad, garantizan una cocci\u00f3n uniforme y son perfectas para acompa\u00f1ar tu mantequilla de ajo favorita. Consigue un utensilio de cocina que combina est\u00e9tica y funcionalidad, y transforma cada comida en una experiencia gastron\u00f3mica refinada.","robots":{"index":"index","follow":"follow","max-snippet":"max-snippet:-1","max-image-preview":"max-image-preview:large","max-video-preview":"max-video-preview:-1"},"canonical":"https:\/\/agenciayork.com\/hdf\/producto\/conchas-de-caracoles\/","og_locale":"es_ES","og_type":"article","og_title":"Conchas de caracoles - H\u00e9l\u00e8ne de Fleurac","og_description":"Descubre mis conchas de caracoles, el elemento esencial para realzar tus platos de escargots. Dise\u00f1adas con cuidado para ofrecer una presentaci\u00f3n elegante y pr\u00e1ctica, mis conchas son ideales para preparar y servir tus caracoles con estilo. De alta calidad, garantizan una cocci\u00f3n uniforme y son perfectas para acompa\u00f1ar tu mantequilla de ajo favorita. Consigue un utensilio de cocina que combina est\u00e9tica y funcionalidad, y transforma cada comida en una experiencia gastron\u00f3mica refinada.","og_url":"https:\/\/agenciayork.com\/hdf\/producto\/conchas-de-caracoles\/","og_site_name":"H\u00e9l\u00e8ne de Fleurac","article_modified_time":"2024-10-10T17:38:54+00:00","og_image":[{"width":1080,"height":1080,"url":"https:\/\/agenciayork.com\/hdf\/wp-content\/uploads\/2024\/09\/coquilles-caracoles.png","type":"image\/png"}],"twitter_card":"summary_large_image","twitter_misc":{"Tiempo estimado de lectura":"3 minutos"},"schema":{"@context":"https:\/\/schema.org","@graph":[{"@type":"WebPage","@id":"https:\/\/agenciayork.com\/hdf\/producto\/conchas-de-caracoles\/","url":"https:\/\/agenciayork.com\/hdf\/producto\/conchas-de-caracoles\/","name":"Conchas de caracoles - H\u00e9l\u00e8ne de Fleurac","isPartOf":{"@id":"https:\/\/agenciayork.com\/hdf\/#website"},"primaryImageOfPage":{"@id":"https:\/\/agenciayork.com\/hdf\/producto\/conchas-de-caracoles\/#primaryimage"},"image":{"@id":"https:\/\/agenciayork.com\/hdf\/producto\/conchas-de-caracoles\/#primaryimage"},"thumbnailUrl":"https:\/\/agenciayork.com\/hdf\/wp-content\/uploads\/2024\/09\/coquilles-caracoles.png","datePublished":"2024-09-04T20:29:20+00:00","dateModified":"2024-10-10T17:38:54+00:00","description":"Descubre mis conchas de caracoles, el elemento esencial para realzar tus platos de escargots. Dise\u00f1adas con cuidado para ofrecer una presentaci\u00f3n elegante y pr\u00e1ctica, mis conchas son ideales para preparar y servir tus caracoles con estilo. De alta calidad, garantizan una cocci\u00f3n uniforme y son perfectas para acompa\u00f1ar tu mantequilla de ajo favorita. Consigue un utensilio de cocina que combina est\u00e9tica y funcionalidad, y transforma cada comida en una experiencia gastron\u00f3mica refinada.","breadcrumb":{"@id":"https:\/\/agenciayork.com\/hdf\/producto\/conchas-de-caracoles\/#breadcrumb"},"inLanguage":"es-CL","potentialAction":[{"@type":"ReadAction","target":["https:\/\/agenciayork.com\/hdf\/producto\/conchas-de-caracoles\/"]}]},{"@type":"ImageObject","inLanguage":"es-CL","@id":"https:\/\/agenciayork.com\/hdf\/producto\/conchas-de-caracoles\/#primaryimage","url":"https:\/\/agenciayork.com\/hdf\/wp-content\/uploads\/2024\/09\/coquilles-caracoles.png","contentUrl":"https:\/\/agenciayork.com\/hdf\/wp-content\/uploads\/2024\/09\/coquilles-caracoles.png","width":1080,"height":1080,"caption":"coquilles caracoles"},{"@type":"BreadcrumbList","@id":"https:\/\/agenciayork.com\/hdf\/producto\/conchas-de-caracoles\/#breadcrumb","itemListElement":[{"@type":"ListItem","position":1,"name":"Portada","item":"https:\/\/agenciayork.com\/hdf\/"},{"@type":"ListItem","position":2,"name":"Tienda","item":"https:\/\/agenciayork.com\/hdf\/mejores-productos-de-la-gastronomia-francesa\/"},{"@type":"ListItem","position":3,"name":"Conchas de caracoles"}]},{"@type":"WebSite","@id":"https:\/\/agenciayork.com\/hdf\/#website","url":"https:\/\/agenciayork.com\/hdf\/","name":"H\u00e9l\u00e8ne de Fleurac","description":"Gastronom\u00eda francesa","potentialAction":[{"@type":"SearchAction","target":{"@type":"EntryPoint","urlTemplate":"https:\/\/agenciayork.com\/hdf\/?s={search_term_string}"},"query-input":{"@type":"PropertyValueSpecification","valueRequired":true,"valueName":"search_term_string"}}],"inLanguage":"es-CL"}]}},"_links":{"self":[{"href":"https:\/\/agenciayork.com\/hdf\/wp-json\/wp\/v2\/product\/11771","targetHints":{"allow":["GET"]}}],"collection":[{"href":"https:\/\/agenciayork.com\/hdf\/wp-json\/wp\/v2\/product"}],"about":[{"href":"https:\/\/agenciayork.com\/hdf\/wp-json\/wp\/v2\/types\/product"}],"version-history":[{"count":5,"href":"https:\/\/agenciayork.com\/hdf\/wp-json\/wp\/v2\/product\/11771\/revisions"}],"predecessor-version":[{"id":11785,"href":"https:\/\/agenciayork.com\/hdf\/wp-json\/wp\/v2\/product\/11771\/revisions\/11785"}],"wp:featuredmedia":[{"embeddable":true,"href":"https:\/\/agenciayork.com\/hdf\/wp-json\/wp\/v2\/media\/11765"}],"wp:attachment":[{"href":"https:\/\/agenciayork.com\/hdf\/wp-json\/wp\/v2\/media?parent=11771"}],"wp:term":[{"taxonomy":"product_brand","embeddable":true,"href":"https:\/\/agenciayork.com\/hdf\/wp-json\/wp\/v2\/product_brand?post=11771"},{"taxonomy":"product_cat","embeddable":true,"href":"https:\/\/agenciayork.com\/hdf\/wp-json\/wp\/v2\/product_cat?post=11771"},{"taxonomy":"product_tag","embeddable":true,"href":"https:\/\/agenciayork.com\/hdf\/wp-json\/wp\/v2\/product_tag?post=11771"}],"curies":[{"name":"wp","href":"https:\/\/api.w.org\/{rel}","templated":true}]}}