{"id":5646,"date":"2023-10-25T14:21:33","date_gmt":"2023-10-25T14:21:33","guid":{"rendered":"https:\/\/agenciayork.com\/hdf\/producto\/aceite-de-oliva-aromatizado-con-trufa-blanca\/"},"modified":"2024-08-26T23:25:23","modified_gmt":"2024-08-27T02:25:23","slug":"aceite-de-oliva-aromatizado-con-trufa-blanca","status":"publish","type":"product","link":"https:\/\/agenciayork.com\/hdf\/producto\/aceite-de-oliva-aromatizado-con-trufa-blanca\/","title":{"rendered":"Aceite de oliva aromatizado con trufa blanca"},"content":{"rendered":"","protected":false},"excerpt":{"rendered":"<p>Botella de <strong>100 ml<\/strong><\/p>\n<p><strong>Origen:<\/strong> Francia<\/p>\n","protected":false},"featured_media":5649,"template":"","meta":[],"product_brand":[],"product_cat":[157,119,140],"product_tag":[],"class_list":{"0":"post-5646","1":"product","2":"type-product","3":"status-publish","4":"has-post-thumbnail","6":"product_cat-aceites-y-condimentos","7":"product_cat-el-caviar-la-trufa","8":"product_cat-productos-de-trufa","10":"first","11":"instock","12":"shipping-taxable","13":"purchasable","14":"product-type-simple"},"yoast_head":"<!-- This site is optimized with the Yoast SEO plugin v27.5 - https:\/\/yoast.com\/product\/yoast-seo-wordpress\/ -->\n<title>Aceite de oliva aromatizado con trufa blanca - H\u00e9l\u00e8ne de Fleurac<\/title>\n<meta name=\"robots\" content=\"index, follow, max-snippet:-1, max-image-preview:large, max-video-preview:-1\" \/>\n<link rel=\"canonical\" href=\"https:\/\/agenciayork.com\/hdf\/producto\/aceite-de-oliva-aromatizado-con-trufa-blanca\/\" \/>\n<meta property=\"og:locale\" content=\"es_ES\" \/>\n<meta property=\"og:type\" content=\"article\" \/>\n<meta property=\"og:title\" content=\"Aceite de oliva aromatizado con trufa blanca - H\u00e9l\u00e8ne de Fleurac\" \/>\n<meta property=\"og:description\" content=\"Botella de 100 ml  Origen: Francia\" \/>\n<meta property=\"og:url\" content=\"https:\/\/agenciayork.com\/hdf\/producto\/aceite-de-oliva-aromatizado-con-trufa-blanca\/\" \/>\n<meta property=\"og:site_name\" content=\"H\u00e9l\u00e8ne de Fleurac\" \/>\n<meta property=\"article:modified_time\" content=\"2024-08-27T02:25:23+00:00\" \/>\n<meta property=\"og:image\" content=\"https:\/\/agenciayork.com\/hdf\/wp-content\/uploads\/2023\/10\/aceitetrufa1500x500-1.png\" \/>\n\t<meta property=\"og:image:width\" content=\"500\" \/>\n\t<meta property=\"og:image:height\" content=\"500\" \/>\n\t<meta property=\"og:image:type\" content=\"image\/png\" \/>\n<meta name=\"twitter:card\" content=\"summary_large_image\" \/>\n<script type=\"application\/ld+json\" class=\"yoast-schema-graph\">{\"@context\":\"https:\\\/\\\/schema.org\",\"@graph\":[{\"@type\":\"WebPage\",\"@id\":\"https:\\\/\\\/agenciayork.com\\\/hdf\\\/producto\\\/aceite-de-oliva-aromatizado-con-trufa-blanca\\\/\",\"url\":\"https:\\\/\\\/agenciayork.com\\\/hdf\\\/producto\\\/aceite-de-oliva-aromatizado-con-trufa-blanca\\\/\",\"name\":\"Aceite de oliva aromatizado con trufa blanca - H\u00e9l\u00e8ne de Fleurac\",\"isPartOf\":{\"@id\":\"https:\\\/\\\/agenciayork.com\\\/hdf\\\/#website\"},\"primaryImageOfPage\":{\"@id\":\"https:\\\/\\\/agenciayork.com\\\/hdf\\\/producto\\\/aceite-de-oliva-aromatizado-con-trufa-blanca\\\/#primaryimage\"},\"image\":{\"@id\":\"https:\\\/\\\/agenciayork.com\\\/hdf\\\/producto\\\/aceite-de-oliva-aromatizado-con-trufa-blanca\\\/#primaryimage\"},\"thumbnailUrl\":\"https:\\\/\\\/agenciayork.com\\\/hdf\\\/wp-content\\\/uploads\\\/2023\\\/10\\\/aceitetrufa1500x500-1.png\",\"datePublished\":\"2023-10-25T14:21:33+00:00\",\"dateModified\":\"2024-08-27T02:25:23+00:00\",\"breadcrumb\":{\"@id\":\"https:\\\/\\\/agenciayork.com\\\/hdf\\\/producto\\\/aceite-de-oliva-aromatizado-con-trufa-blanca\\\/#breadcrumb\"},\"inLanguage\":\"es-CL\",\"potentialAction\":[{\"@type\":\"ReadAction\",\"target\":[\"https:\\\/\\\/agenciayork.com\\\/hdf\\\/producto\\\/aceite-de-oliva-aromatizado-con-trufa-blanca\\\/\"]}]},{\"@type\":\"ImageObject\",\"inLanguage\":\"es-CL\",\"@id\":\"https:\\\/\\\/agenciayork.com\\\/hdf\\\/producto\\\/aceite-de-oliva-aromatizado-con-trufa-blanca\\\/#primaryimage\",\"url\":\"https:\\\/\\\/agenciayork.com\\\/hdf\\\/wp-content\\\/uploads\\\/2023\\\/10\\\/aceitetrufa1500x500-1.png\",\"contentUrl\":\"https:\\\/\\\/agenciayork.com\\\/hdf\\\/wp-content\\\/uploads\\\/2023\\\/10\\\/aceitetrufa1500x500-1.png\",\"width\":500,\"height\":500},{\"@type\":\"BreadcrumbList\",\"@id\":\"https:\\\/\\\/agenciayork.com\\\/hdf\\\/producto\\\/aceite-de-oliva-aromatizado-con-trufa-blanca\\\/#breadcrumb\",\"itemListElement\":[{\"@type\":\"ListItem\",\"position\":1,\"name\":\"Portada\",\"item\":\"https:\\\/\\\/agenciayork.com\\\/hdf\\\/\"},{\"@type\":\"ListItem\",\"position\":2,\"name\":\"Tienda\",\"item\":\"https:\\\/\\\/agenciayork.com\\\/hdf\\\/mejores-productos-de-la-gastronomia-francesa\\\/\"},{\"@type\":\"ListItem\",\"position\":3,\"name\":\"Aceite de oliva aromatizado con trufa blanca\"}]},{\"@type\":\"WebSite\",\"@id\":\"https:\\\/\\\/agenciayork.com\\\/hdf\\\/#website\",\"url\":\"https:\\\/\\\/agenciayork.com\\\/hdf\\\/\",\"name\":\"H\u00e9l\u00e8ne de Fleurac\",\"description\":\"Gastronom\u00eda francesa\",\"potentialAction\":[{\"@type\":\"SearchAction\",\"target\":{\"@type\":\"EntryPoint\",\"urlTemplate\":\"https:\\\/\\\/agenciayork.com\\\/hdf\\\/?s={search_term_string}\"},\"query-input\":{\"@type\":\"PropertyValueSpecification\",\"valueRequired\":true,\"valueName\":\"search_term_string\"}}],\"inLanguage\":\"es-CL\"}]}<\/script>\n<!-- \/ Yoast SEO plugin. -->","yoast_head_json":{"title":"Aceite de oliva aromatizado con trufa blanca - H\u00e9l\u00e8ne de Fleurac","robots":{"index":"index","follow":"follow","max-snippet":"max-snippet:-1","max-image-preview":"max-image-preview:large","max-video-preview":"max-video-preview:-1"},"canonical":"https:\/\/agenciayork.com\/hdf\/producto\/aceite-de-oliva-aromatizado-con-trufa-blanca\/","og_locale":"es_ES","og_type":"article","og_title":"Aceite de oliva aromatizado con trufa blanca - H\u00e9l\u00e8ne de Fleurac","og_description":"Botella de 100 ml  Origen: Francia","og_url":"https:\/\/agenciayork.com\/hdf\/producto\/aceite-de-oliva-aromatizado-con-trufa-blanca\/","og_site_name":"H\u00e9l\u00e8ne de Fleurac","article_modified_time":"2024-08-27T02:25:23+00:00","og_image":[{"width":500,"height":500,"url":"https:\/\/agenciayork.com\/hdf\/wp-content\/uploads\/2023\/10\/aceitetrufa1500x500-1.png","type":"image\/png"}],"twitter_card":"summary_large_image","schema":{"@context":"https:\/\/schema.org","@graph":[{"@type":"WebPage","@id":"https:\/\/agenciayork.com\/hdf\/producto\/aceite-de-oliva-aromatizado-con-trufa-blanca\/","url":"https:\/\/agenciayork.com\/hdf\/producto\/aceite-de-oliva-aromatizado-con-trufa-blanca\/","name":"Aceite de oliva aromatizado con trufa blanca - H\u00e9l\u00e8ne de Fleurac","isPartOf":{"@id":"https:\/\/agenciayork.com\/hdf\/#website"},"primaryImageOfPage":{"@id":"https:\/\/agenciayork.com\/hdf\/producto\/aceite-de-oliva-aromatizado-con-trufa-blanca\/#primaryimage"},"image":{"@id":"https:\/\/agenciayork.com\/hdf\/producto\/aceite-de-oliva-aromatizado-con-trufa-blanca\/#primaryimage"},"thumbnailUrl":"https:\/\/agenciayork.com\/hdf\/wp-content\/uploads\/2023\/10\/aceitetrufa1500x500-1.png","datePublished":"2023-10-25T14:21:33+00:00","dateModified":"2024-08-27T02:25:23+00:00","breadcrumb":{"@id":"https:\/\/agenciayork.com\/hdf\/producto\/aceite-de-oliva-aromatizado-con-trufa-blanca\/#breadcrumb"},"inLanguage":"es-CL","potentialAction":[{"@type":"ReadAction","target":["https:\/\/agenciayork.com\/hdf\/producto\/aceite-de-oliva-aromatizado-con-trufa-blanca\/"]}]},{"@type":"ImageObject","inLanguage":"es-CL","@id":"https:\/\/agenciayork.com\/hdf\/producto\/aceite-de-oliva-aromatizado-con-trufa-blanca\/#primaryimage","url":"https:\/\/agenciayork.com\/hdf\/wp-content\/uploads\/2023\/10\/aceitetrufa1500x500-1.png","contentUrl":"https:\/\/agenciayork.com\/hdf\/wp-content\/uploads\/2023\/10\/aceitetrufa1500x500-1.png","width":500,"height":500},{"@type":"BreadcrumbList","@id":"https:\/\/agenciayork.com\/hdf\/producto\/aceite-de-oliva-aromatizado-con-trufa-blanca\/#breadcrumb","itemListElement":[{"@type":"ListItem","position":1,"name":"Portada","item":"https:\/\/agenciayork.com\/hdf\/"},{"@type":"ListItem","position":2,"name":"Tienda","item":"https:\/\/agenciayork.com\/hdf\/mejores-productos-de-la-gastronomia-francesa\/"},{"@type":"ListItem","position":3,"name":"Aceite de oliva aromatizado con trufa blanca"}]},{"@type":"WebSite","@id":"https:\/\/agenciayork.com\/hdf\/#website","url":"https:\/\/agenciayork.com\/hdf\/","name":"H\u00e9l\u00e8ne de Fleurac","description":"Gastronom\u00eda francesa","potentialAction":[{"@type":"SearchAction","target":{"@type":"EntryPoint","urlTemplate":"https:\/\/agenciayork.com\/hdf\/?s={search_term_string}"},"query-input":{"@type":"PropertyValueSpecification","valueRequired":true,"valueName":"search_term_string"}}],"inLanguage":"es-CL"}]}},"_links":{"self":[{"href":"https:\/\/agenciayork.com\/hdf\/wp-json\/wp\/v2\/product\/5646","targetHints":{"allow":["GET"]}}],"collection":[{"href":"https:\/\/agenciayork.com\/hdf\/wp-json\/wp\/v2\/product"}],"about":[{"href":"https:\/\/agenciayork.com\/hdf\/wp-json\/wp\/v2\/types\/product"}],"version-history":[{"count":7,"href":"https:\/\/agenciayork.com\/hdf\/wp-json\/wp\/v2\/product\/5646\/revisions"}],"predecessor-version":[{"id":10265,"href":"https:\/\/agenciayork.com\/hdf\/wp-json\/wp\/v2\/product\/5646\/revisions\/10265"}],"wp:featuredmedia":[{"embeddable":true,"href":"https:\/\/agenciayork.com\/hdf\/wp-json\/wp\/v2\/media\/5649"}],"wp:attachment":[{"href":"https:\/\/agenciayork.com\/hdf\/wp-json\/wp\/v2\/media?parent=5646"}],"wp:term":[{"taxonomy":"product_brand","embeddable":true,"href":"https:\/\/agenciayork.com\/hdf\/wp-json\/wp\/v2\/product_brand?post=5646"},{"taxonomy":"product_cat","embeddable":true,"href":"https:\/\/agenciayork.com\/hdf\/wp-json\/wp\/v2\/product_cat?post=5646"},{"taxonomy":"product_tag","embeddable":true,"href":"https:\/\/agenciayork.com\/hdf\/wp-json\/wp\/v2\/product_tag?post=5646"}],"curies":[{"name":"wp","href":"https:\/\/api.w.org\/{rel}","templated":true}]}}