{"id":5663,"date":"2023-10-25T14:21:50","date_gmt":"2023-10-25T14:21:50","guid":{"rendered":"https:\/\/agenciayork.com\/hdf\/producto\/boeuf-bourguignon\/"},"modified":"2024-10-11T13:03:09","modified_gmt":"2024-10-11T16:03:09","slug":"boeuf-bourguignon","status":"publish","type":"product","link":"https:\/\/agenciayork.com\/hdf\/producto\/boeuf-bourguignon\/","title":{"rendered":"B\u0153uf bourguignon"},"content":{"rendered":"\t\t<div data-elementor-type=\"wp-post\" data-elementor-id=\"5663\" class=\"elementor elementor-5663\">\n\t\t\t\t<div class=\"elementor-element elementor-element-c2b4e8e e-flex e-con-boxed e-con e-parent\" data-id=\"c2b4e8e\" data-element_type=\"container\">\n\t\t\t\t\t<div class=\"e-con-inner\">\n\t\t\t\t<div class=\"elementor-element elementor-element-a59a981 elementor-widget elementor-widget-nest-title-v1\" data-id=\"a59a981\" data-element_type=\"widget\" data-widget_type=\"nest-title-v1.default\">\n\t\t\t\t<div class=\"elementor-widget-container\">\n\t\t\t        <div class=\"section_title type_one\">\r\n                            <h4 class=\"mb-20 text-brand\"> Boeuf Bourguignon<\/h4>\r\n                                                    <p class=\"mb-20\"> Te invito a descubrir una joya de la cocina francesa: el b\u0153uf bourguignon. Este estofado tradicional, preparado con carne de vacuno, vino tinto, y una mezcla arom\u00e1tica de hierbas, es un plato reconfortante y lleno de sabor. Una delicia que no puedes dejar de probar!<\/p>\r\n                    <\/div>\r\n    \t\t<\/div>\n\t\t\t\t<\/div>\n\t\t\t\t\t<\/div>\n\t\t\t\t<\/div>\n\t\t<div class=\"elementor-element elementor-element-fe5a4cc e-flex e-con-boxed e-con e-parent\" data-id=\"fe5a4cc\" data-element_type=\"container\">\n\t\t\t\t\t<div class=\"e-con-inner\">\n\t\t\t\t<div class=\"elementor-element elementor-element-8106b3e elementor-widget-divider--view-line elementor-widget elementor-widget-divider\" data-id=\"8106b3e\" data-element_type=\"widget\" data-widget_type=\"divider.default\">\n\t\t\t\t<div class=\"elementor-widget-container\">\n\t\t\t\t\t<div class=\"elementor-divider\">\n\t\t\t<span class=\"elementor-divider-separator\">\n\t\t\t\t\t\t<\/span>\n\t\t<\/div>\n\t\t\t\t<\/div>\n\t\t\t\t<\/div>\n\t\t\t\t\t<\/div>\n\t\t\t\t<\/div>\n\t\t<div class=\"elementor-element elementor-element-01b8d56 e-flex e-con-boxed e-con e-parent\" data-id=\"01b8d56\" data-element_type=\"container\">\n\t\t\t\t\t<div class=\"e-con-inner\">\n\t\t<div class=\"elementor-element elementor-element-0c8a309 e-con-full e-flex e-con e-child\" data-id=\"0c8a309\" data-element_type=\"container\">\n\t\t\t\t<div class=\"elementor-element elementor-element-33a81b1 elementor-widget elementor-widget-image\" data-id=\"33a81b1\" data-element_type=\"widget\" data-widget_type=\"image.default\">\n\t\t\t\t<div class=\"elementor-widget-container\">\n\t\t\t\t\t\t\t\t\t\t\t\t\t<img fetchpriority=\"high\" decoding=\"async\" width=\"300\" height=\"300\" src=\"https:\/\/agenciayork.com\/hdf\/wp-content\/uploads\/2023\/10\/bourguignon-300x300.jpg\" class=\"attachment-medium size-medium wp-image-11440\" alt=\"bourguignon 1080\" srcset=\"https:\/\/agenciayork.com\/hdf\/wp-content\/uploads\/2023\/10\/bourguignon-300x300.jpg 300w, https:\/\/agenciayork.com\/hdf\/wp-content\/uploads\/2023\/10\/bourguignon-1024x1024.jpg 1024w, https:\/\/agenciayork.com\/hdf\/wp-content\/uploads\/2023\/10\/bourguignon-150x150.jpg 150w, https:\/\/agenciayork.com\/hdf\/wp-content\/uploads\/2023\/10\/bourguignon-768x768.jpg 768w, https:\/\/agenciayork.com\/hdf\/wp-content\/uploads\/2023\/10\/bourguignon-600x600.jpg 600w, https:\/\/agenciayork.com\/hdf\/wp-content\/uploads\/2023\/10\/bourguignon-100x100.jpg 100w, https:\/\/agenciayork.com\/hdf\/wp-content\/uploads\/2023\/10\/bourguignon-50x50.jpg 50w, https:\/\/agenciayork.com\/hdf\/wp-content\/uploads\/2023\/10\/bourguignon-64x64.jpg 64w, https:\/\/agenciayork.com\/hdf\/wp-content\/uploads\/2023\/10\/bourguignon.jpg 1080w\" sizes=\"(max-width: 300px) 100vw, 300px\" \/>\t\t\t\t\t\t\t\t\t\t\t\t\t<\/div>\n\t\t\t\t<\/div>\n\t\t\t\t<\/div>\n\t\t<div class=\"elementor-element elementor-element-74096b0 e-con-full e-flex e-con e-child\" data-id=\"74096b0\" data-element_type=\"container\">\n\t\t\t\t<div class=\"elementor-element elementor-element-85538a4 elementor-widget elementor-widget-heading\" data-id=\"85538a4\" data-element_type=\"widget\" data-widget_type=\"heading.default\">\n\t\t\t\t<div class=\"elementor-widget-container\">\n\t\t\t<h4 class=\"elementor-heading-title elementor-size-default\">Un plato reconfortante de carne tierna cocida lentamente en una deliciosa salsa a base de vino<\/h4>\t\t<\/div>\n\t\t\t\t<\/div>\n\t\t\t\t<div class=\"elementor-element elementor-element-06a07c5 elementor-widget elementor-widget-nest-text-editor-v1\" data-id=\"06a07c5\" data-element_type=\"widget\" data-widget_type=\"nest-text-editor-v1.default\">\n\t\t\t\t<div class=\"elementor-widget-container\">\n\t\t\t   <div class=\"custom_text_editor position-relative\">\r\n        <p>Sumergirse en la experiencia culinaria francesa es un deleite para los sentidos, y el b\u0153uf bourguignon, una especialidad de Bourgogne, en Francia, es la personificaci\u00f3n de la exquisitez <strong>gastron\u00f3mica<\/strong>. Este manjar consiste en carne de vacuno <strong>cocida lentamente<\/strong> en una olla con vino tinto, resultando en una <strong>textura tierna<\/strong> y un <strong>sabor<\/strong> verdaderamente delicioso. Su popularidad es innegable, ya que conquista los paladares de todos los que tienen el placer de probar esta famosa receta francesa.<\/p><p>Cuando optamos por disfrutar de nuestro <em>boeuf bourguignon<\/em> congelado, surge la necesidad de manejarlo con cuidado para preservar su esencia gastron\u00f3mica. Aunque lo ideal es <strong>descongelar<\/strong> previamente este plato, es posible <strong>calentarlo<\/strong> directamente desde el estado congelado, aunque esto requerir\u00e1 el doble de tiempo y puede afectar ligeramente la calidad del sabor.<\/p><p><strong>Ingredientes<\/strong> carne de vacuno, cebollas, zanahorias, champi\u00f1ones, vino tinto, tocino, laurel, tomillo, chu\u00f1o, grasa de pato, co\u00f1ac flambeado, cacao, az\u00facar, sal, pimienta.<br \/>SIN GLUTEN<\/p>    <\/div>\r\n\t\t<\/div>\n\t\t\t\t<\/div>\n\t\t\t\t<\/div>\n\t\t\t\t\t<\/div>\n\t\t\t\t<\/div>\n\t\t<div class=\"elementor-element elementor-element-7cc1cdb e-flex e-con-boxed e-con e-parent\" data-id=\"7cc1cdb\" data-element_type=\"container\">\n\t\t\t\t\t<div class=\"e-con-inner\">\n\t\t\t\t<div class=\"elementor-element elementor-element-a999b68 elementor-widget-divider--view-line elementor-widget elementor-widget-divider\" data-id=\"a999b68\" data-element_type=\"widget\" data-widget_type=\"divider.default\">\n\t\t\t\t<div class=\"elementor-widget-container\">\n\t\t\t\t\t<div class=\"elementor-divider\">\n\t\t\t<span class=\"elementor-divider-separator\">\n\t\t\t\t\t\t<\/span>\n\t\t<\/div>\n\t\t\t\t<\/div>\n\t\t\t\t<\/div>\n\t\t\t\t\t<\/div>\n\t\t\t\t<\/div>\n\t\t<div class=\"elementor-element elementor-element-429120c e-flex e-con-boxed e-con e-parent\" data-id=\"429120c\" data-element_type=\"container\">\n\t\t\t\t\t<div class=\"e-con-inner\">\n\t\t<div class=\"elementor-element elementor-element-b191128 e-con-full e-flex e-con e-child\" data-id=\"b191128\" data-element_type=\"container\">\n\t\t\t\t<div class=\"elementor-element elementor-element-3de0902 elementor-widget elementor-widget-heading\" data-id=\"3de0902\" data-element_type=\"widget\" data-widget_type=\"heading.default\">\n\t\t\t\t<div class=\"elementor-widget-container\">\n\t\t\t<h4 class=\"elementor-heading-title elementor-size-default\">Un plato bien preparado, solo hay que calentarlo<\/h4>\t\t<\/div>\n\t\t\t\t<\/div>\n\t\t\t\t<div class=\"elementor-element elementor-element-1a521c3 elementor-widget elementor-widget-nest-text-editor-v1\" data-id=\"1a521c3\" data-element_type=\"widget\" data-widget_type=\"nest-text-editor-v1.default\">\n\t\t\t\t<div class=\"elementor-widget-container\">\n\t\t\t   <div class=\"custom_text_editor position-relative\">\r\n        <p>Es importante destacar que todos los platos est\u00e1n completamente <strong>cocidos<\/strong>, lo que significa que solo necesitan ser <strong>calentados<\/strong> antes de servir. Para lograrlo, existen varias opciones: sumergir la bolsa en una <strong>olla<\/strong> con agua caliente para un efecto de <strong>ba\u00f1o<\/strong> <strong>mar\u00eda<\/strong>, verter el contenido directamente en una olla convencional o utilizar el <strong>microondas<\/strong>. Es crucial evitar que el plato llegue a hervir durante el proceso de calentamiento para conservar su integridad gustativa.<\/p><p>Para <strong>acompa\u00f1ar<\/strong> esta deliciosa creaci\u00f3n culinaria, se recomienda servirla con opciones que complementen su sabor \u00fanico. Entre las sugerencias se encuentran el milhojas de papa <a href=\"https:\/\/agenciayork.com\/hdf\/producto\/gratin-dauphinois\/\"><strong>gratin dauphinois<\/strong><\/a>, unas papas cocidas o unas frescas y deliciosas pastas. Cada elecci\u00f3n agrega su toque distintivo, elevando a\u00fan m\u00e1s la experiencia gastron\u00f3mica y permitiendo a los comensales sumergirse por completo en la aut\u00e9ntica esencia de la cocina francesa.<\/p><p><strong>Preparaci\u00f3n<br \/><\/strong><span>Es siempre mejor\u00a0<\/span><span><strong>descongelar<\/strong> previamente<\/span><span>\u00a0los platos, pero tambi\u00e9n los puede <strong>calentar<\/strong> a\u00fan congelados, aunque va a tardar el doble de tiempo (lo que no es \u00f3ptimo por la alteraci\u00f3n del sabor).<\/span><\/p><p>Se puede calentar: poniendo la bolsa en una olla con agua caliente (ba\u00f1o mar\u00eda) o el contenido directo en una olla o el microonda. <strong>No dejar hervir<\/strong>.<\/p>    <\/div>\r\n\t\t<\/div>\n\t\t\t\t<\/div>\n\t\t\t\t<\/div>\n\t\t<div class=\"elementor-element elementor-element-b1be60b e-con-full e-flex e-con e-child\" data-id=\"b1be60b\" data-element_type=\"container\">\n\t\t\t\t<div class=\"elementor-element elementor-element-3838a0a elementor-widget elementor-widget-image\" data-id=\"3838a0a\" data-element_type=\"widget\" data-widget_type=\"image.default\">\n\t\t\t\t<div class=\"elementor-widget-container\">\n\t\t\t\t\t\t\t\t\t\t\t\t\t<img decoding=\"async\" width=\"300\" height=\"300\" src=\"https:\/\/agenciayork.com\/hdf\/wp-content\/uploads\/2023\/10\/bourgui-300x300.jpg\" class=\"attachment-medium size-medium wp-image-11441\" alt=\"plat bourgui 1080\" srcset=\"https:\/\/agenciayork.com\/hdf\/wp-content\/uploads\/2023\/10\/bourgui-300x300.jpg 300w, https:\/\/agenciayork.com\/hdf\/wp-content\/uploads\/2023\/10\/bourgui-1024x1024.jpg 1024w, https:\/\/agenciayork.com\/hdf\/wp-content\/uploads\/2023\/10\/bourgui-150x150.jpg 150w, https:\/\/agenciayork.com\/hdf\/wp-content\/uploads\/2023\/10\/bourgui-768x768.jpg 768w, https:\/\/agenciayork.com\/hdf\/wp-content\/uploads\/2023\/10\/bourgui-600x600.jpg 600w, https:\/\/agenciayork.com\/hdf\/wp-content\/uploads\/2023\/10\/bourgui-100x100.jpg 100w, https:\/\/agenciayork.com\/hdf\/wp-content\/uploads\/2023\/10\/bourgui-50x50.jpg 50w, https:\/\/agenciayork.com\/hdf\/wp-content\/uploads\/2023\/10\/bourgui-64x64.jpg 64w, https:\/\/agenciayork.com\/hdf\/wp-content\/uploads\/2023\/10\/bourgui.jpg 1080w\" sizes=\"(max-width: 300px) 100vw, 300px\" \/>\t\t\t\t\t\t\t\t\t\t\t\t\t<\/div>\n\t\t\t\t<\/div>\n\t\t\t\t<\/div>\n\t\t\t\t\t<\/div>\n\t\t\t\t<\/div>\n\t\t\t\t<\/div>\n\t\t","protected":false},"excerpt":{"rendered":"<p>\u00bfQui\u00e9n no ha probado\u00a0nunca un b\u0153uf bourguignon, especialidad de Bourgogne, en Francia? Es una carne de vacuno, cocida por mucho tiempo en olla con vino tinto. La carne es blandita y realmente deliciosa. A todo el mundo le fascina esta famosa receta francesa.<\/p>\n<p><strong>Producto congelado<\/strong><\/p>\n","protected":false},"featured_media":5673,"template":"","meta":[],"product_brand":[],"product_cat":[111,166,126,137],"product_tag":[165],"class_list":{"0":"post-5663","1":"product","2":"type-product","3":"status-publish","4":"has-post-thumbnail","6":"product_cat-carnes-y-pescados","7":"product_cat-mis-clasicos","8":"product_cat-mis-imperdibles","9":"product_cat-platos-preparados","10":"product_tag-beef","12":"first","13":"instock","14":"shipping-taxable","15":"purchasable","16":"product-type-variable"},"yoast_head":"<!-- This site is optimized with the Yoast SEO plugin v27.5 - https:\/\/yoast.com\/product\/yoast-seo-wordpress\/ -->\n<title>B\u0153uf bourguignon - H\u00e9l\u00e8ne de Fleurac<\/title>\n<meta name=\"description\" content=\"Descubre la aut\u00e9ntica cocina francesa con nuestro boeuf bourguignon. F\u00e1cil de preparar, solo necesita poner la bolsa en una olla con agua caliente y listo !\" \/>\n<meta name=\"robots\" content=\"index, follow, max-snippet:-1, max-image-preview:large, max-video-preview:-1\" \/>\n<link rel=\"canonical\" href=\"https:\/\/agenciayork.com\/hdf\/producto\/boeuf-bourguignon\/\" \/>\n<meta property=\"og:locale\" content=\"es_ES\" \/>\n<meta property=\"og:type\" content=\"article\" \/>\n<meta property=\"og:title\" content=\"B\u0153uf bourguignon - H\u00e9l\u00e8ne de Fleurac\" \/>\n<meta property=\"og:description\" content=\"Descubre la aut\u00e9ntica cocina francesa con nuestro boeuf bourguignon. F\u00e1cil de preparar, solo necesita poner la bolsa en una olla con agua caliente y listo !\" \/>\n<meta property=\"og:url\" content=\"https:\/\/agenciayork.com\/hdf\/producto\/boeuf-bourguignon\/\" \/>\n<meta property=\"og:site_name\" content=\"H\u00e9l\u00e8ne de Fleurac\" \/>\n<meta property=\"article:modified_time\" content=\"2024-10-11T16:03:09+00:00\" \/>\n<meta property=\"og:image\" content=\"https:\/\/agenciayork.com\/hdf\/wp-content\/uploads\/2023\/10\/Boeufbourguignon22048px-1.jpg\" \/>\n\t<meta property=\"og:image:width\" content=\"2048\" \/>\n\t<meta property=\"og:image:height\" content=\"2048\" \/>\n\t<meta property=\"og:image:type\" content=\"image\/jpeg\" \/>\n<meta name=\"twitter:card\" content=\"summary_large_image\" \/>\n<meta name=\"twitter:label1\" content=\"Tiempo estimado de lectura\" \/>\n\t<meta name=\"twitter:data1\" content=\"3 minutos\" \/>\n<script type=\"application\/ld+json\" class=\"yoast-schema-graph\">{\"@context\":\"https:\\\/\\\/schema.org\",\"@graph\":[{\"@type\":\"WebPage\",\"@id\":\"https:\\\/\\\/agenciayork.com\\\/hdf\\\/producto\\\/boeuf-bourguignon\\\/\",\"url\":\"https:\\\/\\\/agenciayork.com\\\/hdf\\\/producto\\\/boeuf-bourguignon\\\/\",\"name\":\"B\u0153uf bourguignon - H\u00e9l\u00e8ne de Fleurac\",\"isPartOf\":{\"@id\":\"https:\\\/\\\/agenciayork.com\\\/hdf\\\/#website\"},\"primaryImageOfPage\":{\"@id\":\"https:\\\/\\\/agenciayork.com\\\/hdf\\\/producto\\\/boeuf-bourguignon\\\/#primaryimage\"},\"image\":{\"@id\":\"https:\\\/\\\/agenciayork.com\\\/hdf\\\/producto\\\/boeuf-bourguignon\\\/#primaryimage\"},\"thumbnailUrl\":\"https:\\\/\\\/agenciayork.com\\\/hdf\\\/wp-content\\\/uploads\\\/2023\\\/10\\\/Boeufbourguignon22048px-1.jpg\",\"datePublished\":\"2023-10-25T14:21:50+00:00\",\"dateModified\":\"2024-10-11T16:03:09+00:00\",\"description\":\"Descubre la aut\u00e9ntica cocina francesa con nuestro boeuf bourguignon. F\u00e1cil de preparar, solo necesita poner la bolsa en una olla con agua caliente y listo !\",\"breadcrumb\":{\"@id\":\"https:\\\/\\\/agenciayork.com\\\/hdf\\\/producto\\\/boeuf-bourguignon\\\/#breadcrumb\"},\"inLanguage\":\"es-CL\",\"potentialAction\":[{\"@type\":\"ReadAction\",\"target\":[\"https:\\\/\\\/agenciayork.com\\\/hdf\\\/producto\\\/boeuf-bourguignon\\\/\"]}]},{\"@type\":\"ImageObject\",\"inLanguage\":\"es-CL\",\"@id\":\"https:\\\/\\\/agenciayork.com\\\/hdf\\\/producto\\\/boeuf-bourguignon\\\/#primaryimage\",\"url\":\"https:\\\/\\\/agenciayork.com\\\/hdf\\\/wp-content\\\/uploads\\\/2023\\\/10\\\/Boeufbourguignon22048px-1.jpg\",\"contentUrl\":\"https:\\\/\\\/agenciayork.com\\\/hdf\\\/wp-content\\\/uploads\\\/2023\\\/10\\\/Boeufbourguignon22048px-1.jpg\",\"width\":2048,\"height\":2048},{\"@type\":\"BreadcrumbList\",\"@id\":\"https:\\\/\\\/agenciayork.com\\\/hdf\\\/producto\\\/boeuf-bourguignon\\\/#breadcrumb\",\"itemListElement\":[{\"@type\":\"ListItem\",\"position\":1,\"name\":\"Portada\",\"item\":\"https:\\\/\\\/agenciayork.com\\\/hdf\\\/\"},{\"@type\":\"ListItem\",\"position\":2,\"name\":\"Tienda\",\"item\":\"https:\\\/\\\/agenciayork.com\\\/hdf\\\/mejores-productos-de-la-gastronomia-francesa\\\/\"},{\"@type\":\"ListItem\",\"position\":3,\"name\":\"B\u0153uf bourguignon\"}]},{\"@type\":\"WebSite\",\"@id\":\"https:\\\/\\\/agenciayork.com\\\/hdf\\\/#website\",\"url\":\"https:\\\/\\\/agenciayork.com\\\/hdf\\\/\",\"name\":\"H\u00e9l\u00e8ne de Fleurac\",\"description\":\"Gastronom\u00eda francesa\",\"potentialAction\":[{\"@type\":\"SearchAction\",\"target\":{\"@type\":\"EntryPoint\",\"urlTemplate\":\"https:\\\/\\\/agenciayork.com\\\/hdf\\\/?s={search_term_string}\"},\"query-input\":{\"@type\":\"PropertyValueSpecification\",\"valueRequired\":true,\"valueName\":\"search_term_string\"}}],\"inLanguage\":\"es-CL\"}]}<\/script>\n<!-- \/ Yoast SEO plugin. -->","yoast_head_json":{"title":"B\u0153uf bourguignon - H\u00e9l\u00e8ne de Fleurac","description":"Descubre la aut\u00e9ntica cocina francesa con nuestro boeuf bourguignon. F\u00e1cil de preparar, solo necesita poner la bolsa en una olla con agua caliente y listo !","robots":{"index":"index","follow":"follow","max-snippet":"max-snippet:-1","max-image-preview":"max-image-preview:large","max-video-preview":"max-video-preview:-1"},"canonical":"https:\/\/agenciayork.com\/hdf\/producto\/boeuf-bourguignon\/","og_locale":"es_ES","og_type":"article","og_title":"B\u0153uf bourguignon - H\u00e9l\u00e8ne de Fleurac","og_description":"Descubre la aut\u00e9ntica cocina francesa con nuestro boeuf bourguignon. F\u00e1cil de preparar, solo necesita poner la bolsa en una olla con agua caliente y listo !","og_url":"https:\/\/agenciayork.com\/hdf\/producto\/boeuf-bourguignon\/","og_site_name":"H\u00e9l\u00e8ne de Fleurac","article_modified_time":"2024-10-11T16:03:09+00:00","og_image":[{"width":2048,"height":2048,"url":"https:\/\/agenciayork.com\/hdf\/wp-content\/uploads\/2023\/10\/Boeufbourguignon22048px-1.jpg","type":"image\/jpeg"}],"twitter_card":"summary_large_image","twitter_misc":{"Tiempo estimado de lectura":"3 minutos"},"schema":{"@context":"https:\/\/schema.org","@graph":[{"@type":"WebPage","@id":"https:\/\/agenciayork.com\/hdf\/producto\/boeuf-bourguignon\/","url":"https:\/\/agenciayork.com\/hdf\/producto\/boeuf-bourguignon\/","name":"B\u0153uf bourguignon - H\u00e9l\u00e8ne de Fleurac","isPartOf":{"@id":"https:\/\/agenciayork.com\/hdf\/#website"},"primaryImageOfPage":{"@id":"https:\/\/agenciayork.com\/hdf\/producto\/boeuf-bourguignon\/#primaryimage"},"image":{"@id":"https:\/\/agenciayork.com\/hdf\/producto\/boeuf-bourguignon\/#primaryimage"},"thumbnailUrl":"https:\/\/agenciayork.com\/hdf\/wp-content\/uploads\/2023\/10\/Boeufbourguignon22048px-1.jpg","datePublished":"2023-10-25T14:21:50+00:00","dateModified":"2024-10-11T16:03:09+00:00","description":"Descubre la aut\u00e9ntica cocina francesa con nuestro boeuf bourguignon. F\u00e1cil de preparar, solo necesita poner la bolsa en una olla con agua caliente y listo !","breadcrumb":{"@id":"https:\/\/agenciayork.com\/hdf\/producto\/boeuf-bourguignon\/#breadcrumb"},"inLanguage":"es-CL","potentialAction":[{"@type":"ReadAction","target":["https:\/\/agenciayork.com\/hdf\/producto\/boeuf-bourguignon\/"]}]},{"@type":"ImageObject","inLanguage":"es-CL","@id":"https:\/\/agenciayork.com\/hdf\/producto\/boeuf-bourguignon\/#primaryimage","url":"https:\/\/agenciayork.com\/hdf\/wp-content\/uploads\/2023\/10\/Boeufbourguignon22048px-1.jpg","contentUrl":"https:\/\/agenciayork.com\/hdf\/wp-content\/uploads\/2023\/10\/Boeufbourguignon22048px-1.jpg","width":2048,"height":2048},{"@type":"BreadcrumbList","@id":"https:\/\/agenciayork.com\/hdf\/producto\/boeuf-bourguignon\/#breadcrumb","itemListElement":[{"@type":"ListItem","position":1,"name":"Portada","item":"https:\/\/agenciayork.com\/hdf\/"},{"@type":"ListItem","position":2,"name":"Tienda","item":"https:\/\/agenciayork.com\/hdf\/mejores-productos-de-la-gastronomia-francesa\/"},{"@type":"ListItem","position":3,"name":"B\u0153uf bourguignon"}]},{"@type":"WebSite","@id":"https:\/\/agenciayork.com\/hdf\/#website","url":"https:\/\/agenciayork.com\/hdf\/","name":"H\u00e9l\u00e8ne de Fleurac","description":"Gastronom\u00eda francesa","potentialAction":[{"@type":"SearchAction","target":{"@type":"EntryPoint","urlTemplate":"https:\/\/agenciayork.com\/hdf\/?s={search_term_string}"},"query-input":{"@type":"PropertyValueSpecification","valueRequired":true,"valueName":"search_term_string"}}],"inLanguage":"es-CL"}]}},"_links":{"self":[{"href":"https:\/\/agenciayork.com\/hdf\/wp-json\/wp\/v2\/product\/5663","targetHints":{"allow":["GET"]}}],"collection":[{"href":"https:\/\/agenciayork.com\/hdf\/wp-json\/wp\/v2\/product"}],"about":[{"href":"https:\/\/agenciayork.com\/hdf\/wp-json\/wp\/v2\/types\/product"}],"version-history":[{"count":14,"href":"https:\/\/agenciayork.com\/hdf\/wp-json\/wp\/v2\/product\/5663\/revisions"}],"predecessor-version":[{"id":11445,"href":"https:\/\/agenciayork.com\/hdf\/wp-json\/wp\/v2\/product\/5663\/revisions\/11445"}],"wp:featuredmedia":[{"embeddable":true,"href":"https:\/\/agenciayork.com\/hdf\/wp-json\/wp\/v2\/media\/5673"}],"wp:attachment":[{"href":"https:\/\/agenciayork.com\/hdf\/wp-json\/wp\/v2\/media?parent=5663"}],"wp:term":[{"taxonomy":"product_brand","embeddable":true,"href":"https:\/\/agenciayork.com\/hdf\/wp-json\/wp\/v2\/product_brand?post=5663"},{"taxonomy":"product_cat","embeddable":true,"href":"https:\/\/agenciayork.com\/hdf\/wp-json\/wp\/v2\/product_cat?post=5663"},{"taxonomy":"product_tag","embeddable":true,"href":"https:\/\/agenciayork.com\/hdf\/wp-json\/wp\/v2\/product_tag?post=5663"}],"curies":[{"name":"wp","href":"https:\/\/api.w.org\/{rel}","templated":true}]}}