{"id":5668,"date":"2023-10-25T14:21:54","date_gmt":"2023-10-25T14:21:54","guid":{"rendered":"https:\/\/agenciayork.com\/hdf\/producto\/caracoles-de-borgona\/"},"modified":"2024-10-11T12:24:26","modified_gmt":"2024-10-11T15:24:26","slug":"caracoles-de-borgona","status":"publish","type":"product","link":"https:\/\/agenciayork.com\/hdf\/producto\/caracoles-de-borgona\/","title":{"rendered":"Caracoles de Borgo\u00f1a"},"content":{"rendered":"\t\t<div data-elementor-type=\"wp-post\" data-elementor-id=\"5668\" class=\"elementor elementor-5668\">\n\t\t\t\t<div class=\"elementor-element elementor-element-86b52e5 e-flex e-con-boxed e-con e-parent\" data-id=\"86b52e5\" data-element_type=\"container\">\n\t\t\t\t\t<div class=\"e-con-inner\">\n\t\t\t\t<div class=\"elementor-element elementor-element-db78a3a elementor-widget elementor-widget-nest-title-v1\" data-id=\"db78a3a\" data-element_type=\"widget\" data-widget_type=\"nest-title-v1.default\">\n\t\t\t\t<div class=\"elementor-widget-container\">\n\t\t\t        <div class=\"section_title type_one\">\r\n                            <h4 class=\"mb-20 text-brand\"> Caracoles de borgo\u00f1a<\/h4>\r\n                                                    <p class=\"mb-20\"> Te invito a descubrir una especialidad francesa \u00fanica y deliciosa: los caracoles de Borgo\u00f1a. Estos peque\u00f1os tesoros culinarios, que puedes acompa\u00f1ar con una mezcla de mantequilla de ajo y perejil, son un aut\u00e9ntico fest\u00edn para los amantes de la gastronom\u00eda sofisticada. Una experiencia que no te puedes perder!<\/p>\r\n                    <\/div>\r\n    \t\t<\/div>\n\t\t\t\t<\/div>\n\t\t\t\t\t<\/div>\n\t\t\t\t<\/div>\n\t\t<div class=\"elementor-element elementor-element-0e5f794 e-flex e-con-boxed e-con e-parent\" data-id=\"0e5f794\" data-element_type=\"container\">\n\t\t\t\t\t<div class=\"e-con-inner\">\n\t\t\t\t<div class=\"elementor-element elementor-element-cdd963b elementor-widget-divider--view-line elementor-widget elementor-widget-divider\" data-id=\"cdd963b\" data-element_type=\"widget\" data-widget_type=\"divider.default\">\n\t\t\t\t<div class=\"elementor-widget-container\">\n\t\t\t\t\t<div class=\"elementor-divider\">\n\t\t\t<span class=\"elementor-divider-separator\">\n\t\t\t\t\t\t<\/span>\n\t\t<\/div>\n\t\t\t\t<\/div>\n\t\t\t\t<\/div>\n\t\t\t\t\t<\/div>\n\t\t\t\t<\/div>\n\t\t<div class=\"elementor-element elementor-element-a164c58 e-flex e-con-boxed e-con e-parent\" data-id=\"a164c58\" data-element_type=\"container\">\n\t\t\t\t\t<div class=\"e-con-inner\">\n\t\t<div class=\"elementor-element elementor-element-e1efcd1 e-con-full e-flex e-con e-child\" data-id=\"e1efcd1\" data-element_type=\"container\">\n\t\t\t\t<div class=\"elementor-element elementor-element-7e86f2b elementor-widget elementor-widget-image\" data-id=\"7e86f2b\" data-element_type=\"widget\" data-widget_type=\"image.default\">\n\t\t\t\t<div class=\"elementor-widget-container\">\n\t\t\t\t\t\t\t\t\t\t\t\t\t<img fetchpriority=\"high\" decoding=\"async\" width=\"300\" height=\"300\" src=\"https:\/\/agenciayork.com\/hdf\/wp-content\/uploads\/2023\/10\/Caracoles-300x300.png\" class=\"attachment-medium size-medium wp-image-11428\" alt=\"caracoles 1080\" srcset=\"https:\/\/agenciayork.com\/hdf\/wp-content\/uploads\/2023\/10\/Caracoles-300x300.png 300w, https:\/\/agenciayork.com\/hdf\/wp-content\/uploads\/2023\/10\/Caracoles-1024x1024.png 1024w, https:\/\/agenciayork.com\/hdf\/wp-content\/uploads\/2023\/10\/Caracoles-150x150.png 150w, https:\/\/agenciayork.com\/hdf\/wp-content\/uploads\/2023\/10\/Caracoles-768x768.png 768w, https:\/\/agenciayork.com\/hdf\/wp-content\/uploads\/2023\/10\/Caracoles-600x600.png 600w, https:\/\/agenciayork.com\/hdf\/wp-content\/uploads\/2023\/10\/Caracoles-100x100.png 100w, https:\/\/agenciayork.com\/hdf\/wp-content\/uploads\/2023\/10\/Caracoles-50x50.png 50w, https:\/\/agenciayork.com\/hdf\/wp-content\/uploads\/2023\/10\/Caracoles-64x64.png 64w, https:\/\/agenciayork.com\/hdf\/wp-content\/uploads\/2023\/10\/Caracoles.png 1080w\" sizes=\"(max-width: 300px) 100vw, 300px\" \/>\t\t\t\t\t\t\t\t\t\t\t\t\t<\/div>\n\t\t\t\t<\/div>\n\t\t\t\t<\/div>\n\t\t<div class=\"elementor-element elementor-element-8566638 e-con-full e-flex e-con e-child\" data-id=\"8566638\" data-element_type=\"container\">\n\t\t\t\t<div class=\"elementor-element elementor-element-afe8187 elementor-widget elementor-widget-heading\" data-id=\"afe8187\" data-element_type=\"widget\" data-widget_type=\"heading.default\">\n\t\t\t\t<div class=\"elementor-widget-container\">\n\t\t\t<h4 class=\"elementor-heading-title elementor-size-default\">caracoles cuidadosamente seleccionados que transformar\u00e1n tu mesa en una aut\u00e9ntica experiencia gourmet<\/h4>\t\t<\/div>\n\t\t\t\t<\/div>\n\t\t\t\t<div class=\"elementor-element elementor-element-802f9ce elementor-widget elementor-widget-nest-text-editor-v1\" data-id=\"802f9ce\" data-element_type=\"widget\" data-widget_type=\"nest-text-editor-v1.default\">\n\t\t\t\t<div class=\"elementor-widget-container\">\n\t\t\t   <div class=\"custom_text_editor position-relative\">\r\n        <p>Los caracoles de Borgo\u00f1a son una exquisitez gastron\u00f3mica que captura la esencia de la regi\u00f3n. Estos caracoles, cuidadosamente cosechados en el campo y seleccionados por su <strong>tama\u00f1o generoso<\/strong>, ofrecen una experiencia culinaria \u00fanica.<\/p><p>Originarios de Borgo\u00f1a, estos caracoles han sido calibrados, limpiados y cocidos con esmero. Este proceso garantiza la <strong>frescura<\/strong> y <strong>calidad<\/strong> del producto, preservando sus sabores naturales y <strong>texturas<\/strong> <strong>exquisitas<\/strong>. Cada lata encierra la autenticidad y <strong>tradici\u00f3n<\/strong> de la regi\u00f3n, ofreciendo la oportunidad de llevar a tu mesa una porci\u00f3n de la riqueza culinaria de Borgo\u00f1a.<\/p><p>Para realzar a\u00fan m\u00e1s tu experiencia gastron\u00f3mica, te recomiendo complementar este producto con mi <a href=\"https:\/\/agenciayork.com\/hdf\/producto\/mantequilla-de-ajo-y-perejil\/\"><strong>mantequilla de ajo y perejil<\/strong> <\/a>especialmente preparada. Esta mantequilla a\u00f1ade<strong> un toque adicional<\/strong> de sabor y aroma, elevando la presentaci\u00f3n de los caracoles a nuevas alturas culinarias.<\/p><p>Adem\u00e1s, ofrezco <a href=\"https:\/\/agenciayork.com\/hdf\/producto\/plato-para-caracoles\/\"><strong>platos<\/strong><\/a> especialmente dise\u00f1ados para <strong>servir los caracoles<\/strong> de Borgo\u00f1a, creando una experiencia gastron\u00f3mica completa y armoniosa.\u00a0<\/p>    <\/div>\r\n\t\t<\/div>\n\t\t\t\t<\/div>\n\t\t\t\t<\/div>\n\t\t\t\t\t<\/div>\n\t\t\t\t<\/div>\n\t\t<div class=\"elementor-element elementor-element-5f6b36a e-flex e-con-boxed e-con e-parent\" data-id=\"5f6b36a\" data-element_type=\"container\">\n\t\t\t\t\t<div class=\"e-con-inner\">\n\t\t\t\t<div class=\"elementor-element elementor-element-b7653de elementor-widget-divider--view-line elementor-widget elementor-widget-divider\" data-id=\"b7653de\" data-element_type=\"widget\" data-widget_type=\"divider.default\">\n\t\t\t\t<div class=\"elementor-widget-container\">\n\t\t\t\t\t<div class=\"elementor-divider\">\n\t\t\t<span class=\"elementor-divider-separator\">\n\t\t\t\t\t\t<\/span>\n\t\t<\/div>\n\t\t\t\t<\/div>\n\t\t\t\t<\/div>\n\t\t\t\t\t<\/div>\n\t\t\t\t<\/div>\n\t\t<div class=\"elementor-element elementor-element-772f0ac e-flex e-con-boxed e-con e-parent\" data-id=\"772f0ac\" data-element_type=\"container\">\n\t\t\t\t\t<div class=\"e-con-inner\">\n\t\t<div class=\"elementor-element elementor-element-0eca272 e-con-full e-flex e-con e-child\" data-id=\"0eca272\" data-element_type=\"container\">\n\t\t\t\t<div class=\"elementor-element elementor-element-82d2d0c elementor-widget elementor-widget-heading\" data-id=\"82d2d0c\" data-element_type=\"widget\" data-widget_type=\"heading.default\">\n\t\t\t\t<div class=\"elementor-widget-container\">\n\t\t\t<h4 class=\"elementor-heading-title elementor-size-default\">PERO, como prepararlos? <\/h4>\t\t<\/div>\n\t\t\t\t<\/div>\n\t\t\t\t<div class=\"elementor-element elementor-element-b427dc8 elementor-widget elementor-widget-nest-text-editor-v1\" data-id=\"b427dc8\" data-element_type=\"widget\" data-widget_type=\"nest-text-editor-v1.default\">\n\t\t\t\t<div class=\"elementor-widget-container\">\n\t\t\t   <div class=\"custom_text_editor position-relative\">\r\n        <p>Es muy f\u00e1cil, mira:\u00a0<\/p><p><strong>Para 4 docenas de caracoles<br \/><\/strong>- 200g de mantequilla <br \/>- 1 pu\u00f1ado de perejil <br \/>- 2 dientes de ajo <br \/>- 1 chalota ( opcional) <br \/>- 1 cucharadita de sal\/pimienta<\/p><p><strong>Preparaci\u00f3n:<br \/>1.<\/strong> <strong>Sacar<\/strong> la mantequilla del refrigerador con anterioridad para que se ablande a temperatura ambiente.<\/p><p><strong>2.<\/strong> <strong>Pelar<\/strong> y <strong>picar<\/strong> los dientes de <strong>ajo<\/strong>, y la chalota. Lavar y picar el <strong>perejil<\/strong>. A\u00f1adir el ajo, el chalote y el perejil a la mantequilla ablandada, antes de mezclarla bien, para repartir los ingredientes en la preparaci\u00f3n. Sazonar.<\/p><p><strong>3.<\/strong> Meter los caracoles en unos pocillos chicos y poner arriba la <strong>mantequilla<\/strong>.<\/p><p><strong>4.<\/strong>\u00a0Hornear en <strong>horno<\/strong> precalentado a <strong>200<\/strong>\u00b0C, durante\u00a0<strong>10<\/strong> minutos. Vigilar bien la cocci\u00f3n: cuando la mantequilla empieza a borbotar, ya se tienen que sacar del horno!<\/p><p>Listo, bon app\u00e9tit!\u00a0<\/p>    <\/div>\r\n\t\t<\/div>\n\t\t\t\t<\/div>\n\t\t\t\t<\/div>\n\t\t<div class=\"elementor-element elementor-element-ec9cc85 e-con-full e-flex e-con e-child\" data-id=\"ec9cc85\" data-element_type=\"container\">\n\t\t\t\t<div class=\"elementor-element elementor-element-ae03e25 elementor-widget elementor-widget-video\" data-id=\"ae03e25\" data-element_type=\"widget\" data-settings=\"{&quot;video_type&quot;:&quot;hosted&quot;,&quot;controls&quot;:&quot;yes&quot;}\" data-widget_type=\"video.default\">\n\t\t\t\t<div class=\"elementor-widget-container\">\n\t\t\t\t\t<div class=\"e-hosted-video elementor-wrapper elementor-open-inline\">\n\t\t\t\t\t<video class=\"elementor-video\" src=\"https:\/\/agenciayork.com\/hdf\/wp-content\/uploads\/2023\/10\/Como-preparar-los-caracoles.mp4\" controls=\"\" preload=\"metadata\" controlsList=\"nodownload\"><\/video>\n\t\t\t\t<\/div>\n\t\t\t\t<\/div>\n\t\t\t\t<\/div>\n\t\t\t\t<div class=\"elementor-element elementor-element-78f5b62 elementor-widget elementor-widget-image\" data-id=\"78f5b62\" data-element_type=\"widget\" data-widget_type=\"image.default\">\n\t\t\t\t<div class=\"elementor-widget-container\">\n\t\t\t\t\t\t\t\t\t\t\t\t\t<img decoding=\"async\" width=\"300\" height=\"300\" src=\"https:\/\/agenciayork.com\/hdf\/wp-content\/uploads\/2023\/10\/Caracoles-presentation-300x300.png\" class=\"attachment-medium size-medium wp-image-11429\" alt=\"Caracoles pre\u0301sentation\" srcset=\"https:\/\/agenciayork.com\/hdf\/wp-content\/uploads\/2023\/10\/Caracoles-presentation-300x300.png 300w, https:\/\/agenciayork.com\/hdf\/wp-content\/uploads\/2023\/10\/Caracoles-presentation-1024x1024.png 1024w, https:\/\/agenciayork.com\/hdf\/wp-content\/uploads\/2023\/10\/Caracoles-presentation-150x150.png 150w, https:\/\/agenciayork.com\/hdf\/wp-content\/uploads\/2023\/10\/Caracoles-presentation-768x768.png 768w, https:\/\/agenciayork.com\/hdf\/wp-content\/uploads\/2023\/10\/Caracoles-presentation-600x600.png 600w, https:\/\/agenciayork.com\/hdf\/wp-content\/uploads\/2023\/10\/Caracoles-presentation-100x100.png 100w, https:\/\/agenciayork.com\/hdf\/wp-content\/uploads\/2023\/10\/Caracoles-presentation-50x50.png 50w, https:\/\/agenciayork.com\/hdf\/wp-content\/uploads\/2023\/10\/Caracoles-presentation-64x64.png 64w, https:\/\/agenciayork.com\/hdf\/wp-content\/uploads\/2023\/10\/Caracoles-presentation.png 1080w\" sizes=\"(max-width: 300px) 100vw, 300px\" \/>\t\t\t\t\t\t\t\t\t\t\t\t\t<\/div>\n\t\t\t\t<\/div>\n\t\t\t\t<\/div>\n\t\t\t\t\t<\/div>\n\t\t\t\t<\/div>\n\t\t\t\t<\/div>\n\t\t","protected":false},"excerpt":{"rendered":"<p>Caracoles de Borgo\u00f1a cosechados en el campo, cuidadosamente seleccionados, de tama\u00f1o grande. Ideal para prepararlos con una mantequilla con perejil y ajo.<\/p>\n<p>Calibrados, limpiados, cocidos y enlatados en conserva en Franche Comt\u00e9 (Francia).<\/p>\n<p><b>Lata de 4 x 12 caracoles muy grandes<\/b><\/p>\n","protected":false},"featured_media":5698,"template":"","meta":[],"product_brand":[],"product_cat":[126,110,171],"product_tag":[],"class_list":{"0":"post-5668","1":"product","2":"type-product","3":"status-publish","4":"has-post-thumbnail","6":"product_cat-mis-imperdibles","7":"product_cat-picoteo","8":"product_cat-salir-de-la-rutina","9":"rsfv-has-video","11":"first","12":"instock","13":"shipping-taxable","14":"purchasable","15":"product-type-simple"},"yoast_head":"<!-- This site is optimized with the Yoast SEO plugin v27.5 - https:\/\/yoast.com\/product\/yoast-seo-wordpress\/ -->\n<title>Caracoles de Borgo\u00f1a - H\u00e9l\u00e8ne de Fleurac<\/title>\n<meta name=\"description\" content=\"Descubre la aut\u00e9ntica cocina francesa con nuestros Caracoles de Borgo\u00f1a: Experiencia Culinaria Francesa. F\u00e1cil de preparar, sigue los consejos y listo !\" \/>\n<meta name=\"robots\" content=\"index, follow, max-snippet:-1, max-image-preview:large, max-video-preview:-1\" \/>\n<link rel=\"canonical\" href=\"https:\/\/agenciayork.com\/hdf\/producto\/caracoles-de-borgona\/\" \/>\n<meta property=\"og:locale\" content=\"es_ES\" \/>\n<meta property=\"og:type\" content=\"article\" \/>\n<meta property=\"og:title\" content=\"Caracoles de Borgo\u00f1a - H\u00e9l\u00e8ne de Fleurac\" \/>\n<meta property=\"og:description\" content=\"Descubre la aut\u00e9ntica cocina francesa con nuestros Caracoles de Borgo\u00f1a: Experiencia Culinaria Francesa. F\u00e1cil de preparar, sigue los consejos y listo !\" \/>\n<meta property=\"og:url\" content=\"https:\/\/agenciayork.com\/hdf\/producto\/caracoles-de-borgona\/\" \/>\n<meta property=\"og:site_name\" content=\"H\u00e9l\u00e8ne de Fleurac\" \/>\n<meta property=\"article:modified_time\" content=\"2024-10-11T15:24:26+00:00\" \/>\n<meta property=\"og:image\" content=\"https:\/\/agenciayork.com\/hdf\/wp-content\/uploads\/2023\/10\/Caracoles1080x1080-1.jpg\" \/>\n\t<meta property=\"og:image:width\" content=\"2829\" \/>\n\t<meta property=\"og:image:height\" content=\"2829\" \/>\n\t<meta property=\"og:image:type\" content=\"image\/jpeg\" \/>\n<meta name=\"twitter:card\" content=\"summary_large_image\" \/>\n<meta name=\"twitter:label1\" content=\"Tiempo estimado de lectura\" \/>\n\t<meta name=\"twitter:data1\" content=\"3 minutos\" \/>\n<script type=\"application\/ld+json\" class=\"yoast-schema-graph\">{\"@context\":\"https:\\\/\\\/schema.org\",\"@graph\":[{\"@type\":\"WebPage\",\"@id\":\"https:\\\/\\\/agenciayork.com\\\/hdf\\\/producto\\\/caracoles-de-borgona\\\/\",\"url\":\"https:\\\/\\\/agenciayork.com\\\/hdf\\\/producto\\\/caracoles-de-borgona\\\/\",\"name\":\"Caracoles de Borgo\u00f1a - H\u00e9l\u00e8ne de Fleurac\",\"isPartOf\":{\"@id\":\"https:\\\/\\\/agenciayork.com\\\/hdf\\\/#website\"},\"primaryImageOfPage\":{\"@id\":\"https:\\\/\\\/agenciayork.com\\\/hdf\\\/producto\\\/caracoles-de-borgona\\\/#primaryimage\"},\"image\":{\"@id\":\"https:\\\/\\\/agenciayork.com\\\/hdf\\\/producto\\\/caracoles-de-borgona\\\/#primaryimage\"},\"thumbnailUrl\":\"https:\\\/\\\/agenciayork.com\\\/hdf\\\/wp-content\\\/uploads\\\/2023\\\/10\\\/Caracoles1080x1080-1.jpg\",\"datePublished\":\"2023-10-25T14:21:54+00:00\",\"dateModified\":\"2024-10-11T15:24:26+00:00\",\"description\":\"Descubre la aut\u00e9ntica cocina francesa con nuestros Caracoles de Borgo\u00f1a: Experiencia Culinaria Francesa. F\u00e1cil de preparar, sigue los consejos y listo !\",\"breadcrumb\":{\"@id\":\"https:\\\/\\\/agenciayork.com\\\/hdf\\\/producto\\\/caracoles-de-borgona\\\/#breadcrumb\"},\"inLanguage\":\"es-CL\",\"potentialAction\":[{\"@type\":\"ReadAction\",\"target\":[\"https:\\\/\\\/agenciayork.com\\\/hdf\\\/producto\\\/caracoles-de-borgona\\\/\"]}]},{\"@type\":\"ImageObject\",\"inLanguage\":\"es-CL\",\"@id\":\"https:\\\/\\\/agenciayork.com\\\/hdf\\\/producto\\\/caracoles-de-borgona\\\/#primaryimage\",\"url\":\"https:\\\/\\\/agenciayork.com\\\/hdf\\\/wp-content\\\/uploads\\\/2023\\\/10\\\/Caracoles1080x1080-1.jpg\",\"contentUrl\":\"https:\\\/\\\/agenciayork.com\\\/hdf\\\/wp-content\\\/uploads\\\/2023\\\/10\\\/Caracoles1080x1080-1.jpg\",\"width\":2829,\"height\":2829},{\"@type\":\"BreadcrumbList\",\"@id\":\"https:\\\/\\\/agenciayork.com\\\/hdf\\\/producto\\\/caracoles-de-borgona\\\/#breadcrumb\",\"itemListElement\":[{\"@type\":\"ListItem\",\"position\":1,\"name\":\"Portada\",\"item\":\"https:\\\/\\\/agenciayork.com\\\/hdf\\\/\"},{\"@type\":\"ListItem\",\"position\":2,\"name\":\"Tienda\",\"item\":\"https:\\\/\\\/agenciayork.com\\\/hdf\\\/mejores-productos-de-la-gastronomia-francesa\\\/\"},{\"@type\":\"ListItem\",\"position\":3,\"name\":\"Caracoles de Borgo\u00f1a\"}]},{\"@type\":\"WebSite\",\"@id\":\"https:\\\/\\\/agenciayork.com\\\/hdf\\\/#website\",\"url\":\"https:\\\/\\\/agenciayork.com\\\/hdf\\\/\",\"name\":\"H\u00e9l\u00e8ne de Fleurac\",\"description\":\"Gastronom\u00eda francesa\",\"potentialAction\":[{\"@type\":\"SearchAction\",\"target\":{\"@type\":\"EntryPoint\",\"urlTemplate\":\"https:\\\/\\\/agenciayork.com\\\/hdf\\\/?s={search_term_string}\"},\"query-input\":{\"@type\":\"PropertyValueSpecification\",\"valueRequired\":true,\"valueName\":\"search_term_string\"}}],\"inLanguage\":\"es-CL\"}]}<\/script>\n<!-- \/ Yoast SEO plugin. -->","yoast_head_json":{"title":"Caracoles de Borgo\u00f1a - H\u00e9l\u00e8ne de Fleurac","description":"Descubre la aut\u00e9ntica cocina francesa con nuestros Caracoles de Borgo\u00f1a: Experiencia Culinaria Francesa. F\u00e1cil de preparar, sigue los consejos y listo !","robots":{"index":"index","follow":"follow","max-snippet":"max-snippet:-1","max-image-preview":"max-image-preview:large","max-video-preview":"max-video-preview:-1"},"canonical":"https:\/\/agenciayork.com\/hdf\/producto\/caracoles-de-borgona\/","og_locale":"es_ES","og_type":"article","og_title":"Caracoles de Borgo\u00f1a - H\u00e9l\u00e8ne de Fleurac","og_description":"Descubre la aut\u00e9ntica cocina francesa con nuestros Caracoles de Borgo\u00f1a: Experiencia Culinaria Francesa. F\u00e1cil de preparar, sigue los consejos y listo !","og_url":"https:\/\/agenciayork.com\/hdf\/producto\/caracoles-de-borgona\/","og_site_name":"H\u00e9l\u00e8ne de Fleurac","article_modified_time":"2024-10-11T15:24:26+00:00","og_image":[{"width":2829,"height":2829,"url":"https:\/\/agenciayork.com\/hdf\/wp-content\/uploads\/2023\/10\/Caracoles1080x1080-1.jpg","type":"image\/jpeg"}],"twitter_card":"summary_large_image","twitter_misc":{"Tiempo estimado de lectura":"3 minutos"},"schema":{"@context":"https:\/\/schema.org","@graph":[{"@type":"WebPage","@id":"https:\/\/agenciayork.com\/hdf\/producto\/caracoles-de-borgona\/","url":"https:\/\/agenciayork.com\/hdf\/producto\/caracoles-de-borgona\/","name":"Caracoles de Borgo\u00f1a - H\u00e9l\u00e8ne de Fleurac","isPartOf":{"@id":"https:\/\/agenciayork.com\/hdf\/#website"},"primaryImageOfPage":{"@id":"https:\/\/agenciayork.com\/hdf\/producto\/caracoles-de-borgona\/#primaryimage"},"image":{"@id":"https:\/\/agenciayork.com\/hdf\/producto\/caracoles-de-borgona\/#primaryimage"},"thumbnailUrl":"https:\/\/agenciayork.com\/hdf\/wp-content\/uploads\/2023\/10\/Caracoles1080x1080-1.jpg","datePublished":"2023-10-25T14:21:54+00:00","dateModified":"2024-10-11T15:24:26+00:00","description":"Descubre la aut\u00e9ntica cocina francesa con nuestros Caracoles de Borgo\u00f1a: Experiencia Culinaria Francesa. F\u00e1cil de preparar, sigue los consejos y listo !","breadcrumb":{"@id":"https:\/\/agenciayork.com\/hdf\/producto\/caracoles-de-borgona\/#breadcrumb"},"inLanguage":"es-CL","potentialAction":[{"@type":"ReadAction","target":["https:\/\/agenciayork.com\/hdf\/producto\/caracoles-de-borgona\/"]}]},{"@type":"ImageObject","inLanguage":"es-CL","@id":"https:\/\/agenciayork.com\/hdf\/producto\/caracoles-de-borgona\/#primaryimage","url":"https:\/\/agenciayork.com\/hdf\/wp-content\/uploads\/2023\/10\/Caracoles1080x1080-1.jpg","contentUrl":"https:\/\/agenciayork.com\/hdf\/wp-content\/uploads\/2023\/10\/Caracoles1080x1080-1.jpg","width":2829,"height":2829},{"@type":"BreadcrumbList","@id":"https:\/\/agenciayork.com\/hdf\/producto\/caracoles-de-borgona\/#breadcrumb","itemListElement":[{"@type":"ListItem","position":1,"name":"Portada","item":"https:\/\/agenciayork.com\/hdf\/"},{"@type":"ListItem","position":2,"name":"Tienda","item":"https:\/\/agenciayork.com\/hdf\/mejores-productos-de-la-gastronomia-francesa\/"},{"@type":"ListItem","position":3,"name":"Caracoles de Borgo\u00f1a"}]},{"@type":"WebSite","@id":"https:\/\/agenciayork.com\/hdf\/#website","url":"https:\/\/agenciayork.com\/hdf\/","name":"H\u00e9l\u00e8ne de Fleurac","description":"Gastronom\u00eda francesa","potentialAction":[{"@type":"SearchAction","target":{"@type":"EntryPoint","urlTemplate":"https:\/\/agenciayork.com\/hdf\/?s={search_term_string}"},"query-input":{"@type":"PropertyValueSpecification","valueRequired":true,"valueName":"search_term_string"}}],"inLanguage":"es-CL"}]}},"_links":{"self":[{"href":"https:\/\/agenciayork.com\/hdf\/wp-json\/wp\/v2\/product\/5668","targetHints":{"allow":["GET"]}}],"collection":[{"href":"https:\/\/agenciayork.com\/hdf\/wp-json\/wp\/v2\/product"}],"about":[{"href":"https:\/\/agenciayork.com\/hdf\/wp-json\/wp\/v2\/types\/product"}],"version-history":[{"count":52,"href":"https:\/\/agenciayork.com\/hdf\/wp-json\/wp\/v2\/product\/5668\/revisions"}],"predecessor-version":[{"id":11787,"href":"https:\/\/agenciayork.com\/hdf\/wp-json\/wp\/v2\/product\/5668\/revisions\/11787"}],"wp:featuredmedia":[{"embeddable":true,"href":"https:\/\/agenciayork.com\/hdf\/wp-json\/wp\/v2\/media\/5698"}],"wp:attachment":[{"href":"https:\/\/agenciayork.com\/hdf\/wp-json\/wp\/v2\/media?parent=5668"}],"wp:term":[{"taxonomy":"product_brand","embeddable":true,"href":"https:\/\/agenciayork.com\/hdf\/wp-json\/wp\/v2\/product_brand?post=5668"},{"taxonomy":"product_cat","embeddable":true,"href":"https:\/\/agenciayork.com\/hdf\/wp-json\/wp\/v2\/product_cat?post=5668"},{"taxonomy":"product_tag","embeddable":true,"href":"https:\/\/agenciayork.com\/hdf\/wp-json\/wp\/v2\/product_tag?post=5668"}],"curies":[{"name":"wp","href":"https:\/\/api.w.org\/{rel}","templated":true}]}}