{"id":5687,"date":"2023-10-25T11:22:29","date_gmt":"2023-10-25T14:22:29","guid":{"rendered":"https:\/\/agenciayork.com\/hdf\/producto\/confit-de-pato-12-muslos\/"},"modified":"2024-10-11T10:47:06","modified_gmt":"2024-10-11T13:47:06","slug":"confit-de-pato-12-muslos","status":"publish","type":"product","link":"https:\/\/agenciayork.com\/hdf\/producto\/confit-de-pato-12-muslos\/","title":{"rendered":"Confit de pato 12 muslos"},"content":{"rendered":"\t\t<div data-elementor-type=\"wp-post\" data-elementor-id=\"5687\" class=\"elementor elementor-5687\">\n\t\t\t\t<div class=\"elementor-element elementor-element-2ed8f37 e-flex e-con-boxed e-con e-parent\" data-id=\"2ed8f37\" data-element_type=\"container\">\n\t\t\t\t\t<div class=\"e-con-inner\">\n\t\t\t\t<div class=\"elementor-element elementor-element-d9535b1 elementor-widget elementor-widget-nest-title-v1\" data-id=\"d9535b1\" data-element_type=\"widget\" data-widget_type=\"nest-title-v1.default\">\n\t\t\t\t<div class=\"elementor-widget-container\">\n\t\t\t        <div class=\"section_title type_one\">\r\n                            <h4 class=\"mb-20 text-brand\"> Confit de pato 12 muslos<\/h4>\r\n                                                    <p class=\"mb-20\"> Te invito a descubrir el confit de pato: dos muslos cocidos lentamente en su propia grasa, resultando en una carne tierna y jugosa con una piel crujiente y dorada. Esta especialidad francesa transformar\u00e1 cualquier comida en una celebraci\u00f3n de sabores aut\u00e9nticos y sofisticados.<\/p>\r\n                    <\/div>\r\n    \t\t<\/div>\n\t\t\t\t<\/div>\n\t\t\t\t\t<\/div>\n\t\t\t\t<\/div>\n\t\t<div class=\"elementor-element elementor-element-c653814 e-flex e-con-boxed e-con e-parent\" data-id=\"c653814\" data-element_type=\"container\">\n\t\t\t\t\t<div class=\"e-con-inner\">\n\t\t\t\t<div class=\"elementor-element elementor-element-ad4546b elementor-widget-divider--view-line elementor-widget elementor-widget-divider\" data-id=\"ad4546b\" data-element_type=\"widget\" data-widget_type=\"divider.default\">\n\t\t\t\t<div class=\"elementor-widget-container\">\n\t\t\t\t\t<div class=\"elementor-divider\">\n\t\t\t<span class=\"elementor-divider-separator\">\n\t\t\t\t\t\t<\/span>\n\t\t<\/div>\n\t\t\t\t<\/div>\n\t\t\t\t<\/div>\n\t\t\t\t\t<\/div>\n\t\t\t\t<\/div>\n\t\t<div class=\"elementor-element elementor-element-6aff690 e-flex e-con-boxed e-con e-parent\" data-id=\"6aff690\" data-element_type=\"container\">\n\t\t\t\t\t<div class=\"e-con-inner\">\n\t\t<div class=\"elementor-element elementor-element-bc8768f e-con-full e-flex e-con e-child\" data-id=\"bc8768f\" data-element_type=\"container\">\n\t\t\t\t<div class=\"elementor-element elementor-element-e01798e elementor-widget elementor-widget-image\" data-id=\"e01798e\" data-element_type=\"widget\" data-widget_type=\"image.default\">\n\t\t\t\t<div class=\"elementor-widget-container\">\n\t\t\t\t\t\t\t\t\t\t\t\t\t<img fetchpriority=\"high\" decoding=\"async\" width=\"300\" height=\"300\" src=\"https:\/\/agenciayork.com\/hdf\/wp-content\/uploads\/2023\/10\/Confitdepato12muslos1080x1080-1-300x300.jpg\" class=\"attachment-medium size-medium wp-image-5770\" alt=\"Confit de pato 12 muslos\" srcset=\"https:\/\/agenciayork.com\/hdf\/wp-content\/uploads\/2023\/10\/Confitdepato12muslos1080x1080-1-300x300.jpg 300w, https:\/\/agenciayork.com\/hdf\/wp-content\/uploads\/2023\/10\/Confitdepato12muslos1080x1080-1-1024x1024.jpg 1024w, https:\/\/agenciayork.com\/hdf\/wp-content\/uploads\/2023\/10\/Confitdepato12muslos1080x1080-1-150x150.jpg 150w, https:\/\/agenciayork.com\/hdf\/wp-content\/uploads\/2023\/10\/Confitdepato12muslos1080x1080-1-768x768.jpg 768w, https:\/\/agenciayork.com\/hdf\/wp-content\/uploads\/2023\/10\/Confitdepato12muslos1080x1080-1-600x600.jpg 600w, https:\/\/agenciayork.com\/hdf\/wp-content\/uploads\/2023\/10\/Confitdepato12muslos1080x1080-1-100x100.jpg 100w, https:\/\/agenciayork.com\/hdf\/wp-content\/uploads\/2023\/10\/Confitdepato12muslos1080x1080-1-50x50.jpg 50w, https:\/\/agenciayork.com\/hdf\/wp-content\/uploads\/2023\/10\/Confitdepato12muslos1080x1080-1-64x64.jpg 64w, https:\/\/agenciayork.com\/hdf\/wp-content\/uploads\/2023\/10\/Confitdepato12muslos1080x1080-1.jpg 1080w\" sizes=\"(max-width: 300px) 100vw, 300px\" \/>\t\t\t\t\t\t\t\t\t\t\t\t\t<\/div>\n\t\t\t\t<\/div>\n\t\t\t\t<\/div>\n\t\t<div class=\"elementor-element elementor-element-606f716 e-con-full e-flex e-con e-child\" data-id=\"606f716\" data-element_type=\"container\">\n\t\t\t\t<div class=\"elementor-element elementor-element-e18271e elementor-widget elementor-widget-heading\" data-id=\"e18271e\" data-element_type=\"widget\" data-widget_type=\"heading.default\">\n\t\t\t\t<div class=\"elementor-widget-container\">\n\t\t\t<h4 class=\"elementor-heading-title elementor-size-default\">deliciosos muslos de pato con una textura jugosa que te van a conquistar<\/h4>\t\t<\/div>\n\t\t\t\t<\/div>\n\t\t\t\t<div class=\"elementor-element elementor-element-ef03e6b elementor-widget elementor-widget-nest-text-editor-v1\" data-id=\"ef03e6b\" data-element_type=\"widget\" data-widget_type=\"nest-text-editor-v1.default\">\n\t\t\t\t<div class=\"elementor-widget-container\">\n\t\t\t   <div class=\"custom_text_editor position-relative\">\r\n        <p>Sum\u00e9rgete en la riqueza de la gastronom\u00eda francesa con mi confit de pato 12 muslos, un tesoro culinario directamente desde las tierras de Aquitania, Francia. Cada muslo, seleccionado con esmero, es sometido al ancestral arte del confitado, <strong>cocinado lentamente<\/strong>\u00a0en su\u00a0<strong>propia grasa<\/strong>\u00a0para lograr una<strong>\u00a0textura jugosa<\/strong>\u00a0y una\u00a0<strong>piel dorada<\/strong>\u00a0y\u00a0<strong>crujiente<\/strong>.<\/p><p>En cada muslo, quiero ofrecer la autenticidad y el\u00a0<strong>sabor<\/strong>\u00a0que solo los m\u00e9todos tradicionales pueden brindar. La combinaci\u00f3n de especias y hierbas resalta la calidad de la carne de pato, creando una sinfon\u00eda de sabores que cautivar\u00e1 tu paladar.<\/p><p>Convenientemente empaquetados en un <strong>tarrot<\/strong>, este confit de pato 12 muslos es una invitaci\u00f3n a la indulgencia gastron\u00f3mica. La versatilidad del producto te permite disfrutarlo de diversas maneras: solo, como <strong>plato principal<\/strong>, acompa\u00f1ado de tus guarniciones preferidas, o como ingrediente estelar en tus recetas culinarias m\u00e1s creativas. Lo puedes acompa\u00f1ar de un\u00a0<a href=\"https:\/\/agenciayork.com\/hdf\/producto\/gratin-dauphinois\/\"><strong>gratin dauphinois<\/strong><\/a>\u00a0y una\u00a0<a href=\"https:\/\/agenciayork.com\/hdf\/producto\/ratatouille\/\"><strong>ratatouille<\/strong><\/a>, para una comida francesa.<\/p>    <\/div>\r\n\t\t<\/div>\n\t\t\t\t<\/div>\n\t\t\t\t<\/div>\n\t\t\t\t\t<\/div>\n\t\t\t\t<\/div>\n\t\t<div class=\"elementor-element elementor-element-f4e0b93 e-flex e-con-boxed e-con e-parent\" data-id=\"f4e0b93\" data-element_type=\"container\">\n\t\t\t\t\t<div class=\"e-con-inner\">\n\t\t\t\t<div class=\"elementor-element elementor-element-cb7fbc9 elementor-widget-divider--view-line elementor-widget elementor-widget-divider\" data-id=\"cb7fbc9\" data-element_type=\"widget\" data-widget_type=\"divider.default\">\n\t\t\t\t<div class=\"elementor-widget-container\">\n\t\t\t\t\t<div class=\"elementor-divider\">\n\t\t\t<span class=\"elementor-divider-separator\">\n\t\t\t\t\t\t<\/span>\n\t\t<\/div>\n\t\t\t\t<\/div>\n\t\t\t\t<\/div>\n\t\t\t\t\t<\/div>\n\t\t\t\t<\/div>\n\t\t<div class=\"elementor-element elementor-element-1f00926 e-flex e-con-boxed e-con e-parent\" data-id=\"1f00926\" data-element_type=\"container\">\n\t\t\t\t\t<div class=\"e-con-inner\">\n\t\t<div class=\"elementor-element elementor-element-540bfe7 e-con-full e-flex e-con e-child\" data-id=\"540bfe7\" data-element_type=\"container\">\n\t\t\t\t<div class=\"elementor-element elementor-element-0e28efa elementor-widget elementor-widget-heading\" data-id=\"0e28efa\" data-element_type=\"widget\" data-widget_type=\"heading.default\">\n\t\t\t\t<div class=\"elementor-widget-container\">\n\t\t\t<h4 class=\"elementor-heading-title elementor-size-default\">Muslos de pato listos para el horno<\/h4>\t\t<\/div>\n\t\t\t\t<\/div>\n\t\t\t\t<div class=\"elementor-element elementor-element-a6d4323 elementor-widget elementor-widget-nest-text-editor-v1\" data-id=\"a6d4323\" data-element_type=\"widget\" data-widget_type=\"nest-text-editor-v1.default\">\n\t\t\t\t<div class=\"elementor-widget-container\">\n\t\t\t   <div class=\"custom_text_editor position-relative\">\r\n        <p>Este producto no solo representa la excelencia en la cocina francesa, sino que tambi\u00e9n ofrece la oportunidad de transformar tus comidas diarias en experiencias\u00a0<strong>gourmet<\/strong>. Ya sea que seas un apasionado gourmet o simplemente desees explorar la autenticidad de los\u00a0<strong>sabores<\/strong> galos, mi confit de pato 12 muslos te invita a embarcarte en un viaje culinario \u00fanico, llevando a tu mesa el deleite de la tradici\u00f3n\u00a0<strong>gastron\u00f3mica francesa<\/strong>. Descubre el placer de la alta cocina desde la comodidad de tu hogar!<\/p><p>Para una cena por\u00a0<strong>2 personas<\/strong>, se puede encontrar la bolsa al vac\u00edo de <a href=\"https:\/\/agenciayork.com\/hdf\/producto\/confit-de-pato-2-muslos\/\"><strong>2 muslos<\/strong><\/a>.\u00a0<\/p><p>Es demasiado f\u00e1cil de preparar,\u00a0<strong>viene listo para hornear.<br \/>1.<\/strong> <strong>Calentar<\/strong> la <strong>lata<\/strong> cerca de una estufa o a ba\u00f1o Maria para derretir la grasa (si la grasa est\u00e1 compacta).<br \/><strong>2.<\/strong> <strong>Abrir<\/strong> la lata, <strong>verter la grasa<\/strong> en una fuente y luego sacar delicadamente los muslos. <strong>Colocarlos<\/strong> piel arriba en una fuente para <strong>horno<\/strong> sin agregar grasa. Hornear durante <strong>30 minutos<\/strong> a <strong>180 grados<\/strong>.<br \/><strong>3.<\/strong> Se puede <strong>conservar<\/strong> la grasa en un frasco para usarla despu\u00e9s.<br \/><strong>4.<\/strong> <strong>Servir<\/strong> con papas doradas en la misma grasa de pato, o con porotos verdes corte franc\u00e9s con champi\u00f1ones salteados. Combina muy bien!<\/p><p><strong>Conservaci\u00f3n <\/strong>a conservar en un lugar fresco y seco. Si no se ocupan todos los muslos, se pueden congelar coloc\u00e1ndoles en una bolsa tipo Ziploc.<\/p>    <\/div>\r\n\t\t<\/div>\n\t\t\t\t<\/div>\n\t\t\t\t<\/div>\n\t\t<div class=\"elementor-element elementor-element-76f6f74 e-con-full e-flex e-con e-child\" data-id=\"76f6f74\" data-element_type=\"container\">\n\t\t\t\t<div class=\"elementor-element elementor-element-a828dda elementor-widget elementor-widget-image\" data-id=\"a828dda\" data-element_type=\"widget\" data-widget_type=\"image.default\">\n\t\t\t\t<div class=\"elementor-widget-container\">\n\t\t\t\t\t\t\t\t\t\t\t\t\t<img decoding=\"async\" width=\"300\" height=\"300\" src=\"https:\/\/agenciayork.com\/hdf\/wp-content\/uploads\/2023\/10\/Preparacionconfitdepato_ab22bc84-a1af-4d79-a600-7bc3b889256c-1-300x300.png\" class=\"attachment-medium size-medium wp-image-5801\" alt=\"\" srcset=\"https:\/\/agenciayork.com\/hdf\/wp-content\/uploads\/2023\/10\/Preparacionconfitdepato_ab22bc84-a1af-4d79-a600-7bc3b889256c-1-300x300.png 300w, https:\/\/agenciayork.com\/hdf\/wp-content\/uploads\/2023\/10\/Preparacionconfitdepato_ab22bc84-a1af-4d79-a600-7bc3b889256c-1-1024x1024.png 1024w, https:\/\/agenciayork.com\/hdf\/wp-content\/uploads\/2023\/10\/Preparacionconfitdepato_ab22bc84-a1af-4d79-a600-7bc3b889256c-1-150x150.png 150w, https:\/\/agenciayork.com\/hdf\/wp-content\/uploads\/2023\/10\/Preparacionconfitdepato_ab22bc84-a1af-4d79-a600-7bc3b889256c-1-768x768.png 768w, https:\/\/agenciayork.com\/hdf\/wp-content\/uploads\/2023\/10\/Preparacionconfitdepato_ab22bc84-a1af-4d79-a600-7bc3b889256c-1-600x600.png 600w, https:\/\/agenciayork.com\/hdf\/wp-content\/uploads\/2023\/10\/Preparacionconfitdepato_ab22bc84-a1af-4d79-a600-7bc3b889256c-1-100x100.png 100w, https:\/\/agenciayork.com\/hdf\/wp-content\/uploads\/2023\/10\/Preparacionconfitdepato_ab22bc84-a1af-4d79-a600-7bc3b889256c-1-50x50.png 50w, https:\/\/agenciayork.com\/hdf\/wp-content\/uploads\/2023\/10\/Preparacionconfitdepato_ab22bc84-a1af-4d79-a600-7bc3b889256c-1-64x64.png 64w, https:\/\/agenciayork.com\/hdf\/wp-content\/uploads\/2023\/10\/Preparacionconfitdepato_ab22bc84-a1af-4d79-a600-7bc3b889256c-1-e1724358634255.png 1080w\" sizes=\"(max-width: 300px) 100vw, 300px\" \/>\t\t\t\t\t\t\t\t\t\t\t\t\t<\/div>\n\t\t\t\t<\/div>\n\t\t\t\t<\/div>\n\t\t\t\t\t<\/div>\n\t\t\t\t<\/div>\n\t\t<div class=\"elementor-element elementor-element-dbff409 e-flex e-con-boxed e-con e-parent\" data-id=\"dbff409\" data-element_type=\"container\">\n\t\t\t\t\t<div class=\"e-con-inner\">\n\t\t\t\t<div class=\"elementor-element elementor-element-e668db0 elementor-widget__width-initial elementor-widget elementor-widget-video\" data-id=\"e668db0\" data-element_type=\"widget\" data-settings=\"{&quot;video_type&quot;:&quot;hosted&quot;,&quot;controls&quot;:&quot;yes&quot;}\" data-widget_type=\"video.default\">\n\t\t\t\t<div class=\"elementor-widget-container\">\n\t\t\t\t\t<div class=\"e-hosted-video elementor-wrapper elementor-open-inline\">\n\t\t\t\t\t<video class=\"elementor-video\" src=\"https:\/\/agenciayork.com\/hdf\/wp-content\/uploads\/2023\/10\/Confit-de-12.mp4\" controls=\"\" preload=\"metadata\" controlsList=\"nodownload\" poster=\"https:\/\/agenciayork.com\/hdf\/wp-content\/uploads\/2023\/10\/Confitdepato12muslos1080x1080-1.jpg\"><\/video>\n\t\t\t\t<\/div>\n\t\t\t\t<\/div>\n\t\t\t\t<\/div>\n\t\t\t\t\t<\/div>\n\t\t\t\t<\/div>\n\t\t\t\t<\/div>\n\t\t","protected":false},"excerpt":{"rendered":"<p>El &#8220;<em>confit de canard<\/em>&#8221; es un plato tradicional de la gastronom\u00eda francesa. Los muslos de pato son cocidos a baja temperatura en la grasa del mismo pato.<\/p>\n<p><strong>Tarro de 12 muslos<br \/>\nOrigen Francia<\/strong><\/p>\n","protected":false},"featured_media":5770,"template":"","meta":[],"product_brand":[],"product_cat":[182,166,126,135],"product_tag":[],"class_list":{"0":"post-5687","1":"product","2":"type-product","3":"status-publish","4":"has-post-thumbnail","6":"product_cat-confit-de-pato","7":"product_cat-mis-clasicos","8":"product_cat-mis-imperdibles","9":"product_cat-pato","10":"rsfv-has-video","12":"first","13":"instock","14":"shipping-taxable","15":"purchasable","16":"product-type-simple"},"yoast_head":"<!-- This site is optimized with the Yoast SEO plugin v27.5 - https:\/\/yoast.com\/product\/yoast-seo-wordpress\/ -->\n<title>Confit de pato 12 muslos - H\u00e9l\u00e8ne de Fleurac<\/title>\n<meta name=\"description\" content=\"Descubre la aut\u00e9ntica cocina francesa con nuestro Confit de pato 12 Muslos en tarro. R\u00e1pido y f\u00e1cil de preparar, se colocan media hora al horno y listo!\" \/>\n<meta name=\"robots\" content=\"index, follow, max-snippet:-1, max-image-preview:large, max-video-preview:-1\" \/>\n<link rel=\"canonical\" href=\"https:\/\/agenciayork.com\/hdf\/producto\/confit-de-pato-12-muslos\/\" \/>\n<meta property=\"og:locale\" content=\"es_ES\" \/>\n<meta property=\"og:type\" content=\"article\" \/>\n<meta property=\"og:title\" content=\"Confit de pato 12 muslos - H\u00e9l\u00e8ne de Fleurac\" \/>\n<meta property=\"og:description\" content=\"Descubre la aut\u00e9ntica cocina francesa con nuestro Confit de pato 12 Muslos en tarro. R\u00e1pido y f\u00e1cil de preparar, se colocan media hora al horno y listo!\" \/>\n<meta property=\"og:url\" content=\"https:\/\/agenciayork.com\/hdf\/producto\/confit-de-pato-12-muslos\/\" \/>\n<meta property=\"og:site_name\" content=\"H\u00e9l\u00e8ne de Fleurac\" \/>\n<meta property=\"article:modified_time\" content=\"2024-10-11T13:47:06+00:00\" \/>\n<meta property=\"og:image\" content=\"https:\/\/agenciayork.com\/hdf\/wp-content\/uploads\/2023\/10\/Confitdepato12muslos1080x1080-1.jpg\" \/>\n\t<meta property=\"og:image:width\" content=\"1080\" \/>\n\t<meta property=\"og:image:height\" content=\"1080\" \/>\n\t<meta property=\"og:image:type\" content=\"image\/jpeg\" \/>\n<meta name=\"twitter:card\" content=\"summary_large_image\" \/>\n<meta name=\"twitter:label1\" content=\"Tiempo estimado de lectura\" \/>\n\t<meta name=\"twitter:data1\" content=\"3 minutos\" \/>\n<script type=\"application\/ld+json\" class=\"yoast-schema-graph\">{\"@context\":\"https:\\\/\\\/schema.org\",\"@graph\":[{\"@type\":\"WebPage\",\"@id\":\"https:\\\/\\\/agenciayork.com\\\/hdf\\\/producto\\\/confit-de-pato-12-muslos\\\/\",\"url\":\"https:\\\/\\\/agenciayork.com\\\/hdf\\\/producto\\\/confit-de-pato-12-muslos\\\/\",\"name\":\"Confit de pato 12 muslos - H\u00e9l\u00e8ne de Fleurac\",\"isPartOf\":{\"@id\":\"https:\\\/\\\/agenciayork.com\\\/hdf\\\/#website\"},\"primaryImageOfPage\":{\"@id\":\"https:\\\/\\\/agenciayork.com\\\/hdf\\\/producto\\\/confit-de-pato-12-muslos\\\/#primaryimage\"},\"image\":{\"@id\":\"https:\\\/\\\/agenciayork.com\\\/hdf\\\/producto\\\/confit-de-pato-12-muslos\\\/#primaryimage\"},\"thumbnailUrl\":\"https:\\\/\\\/agenciayork.com\\\/hdf\\\/wp-content\\\/uploads\\\/2023\\\/10\\\/Confitdepato12muslos1080x1080-1.jpg\",\"datePublished\":\"2023-10-25T14:22:29+00:00\",\"dateModified\":\"2024-10-11T13:47:06+00:00\",\"description\":\"Descubre la aut\u00e9ntica cocina francesa con nuestro Confit de pato 12 Muslos en tarro. R\u00e1pido y f\u00e1cil de preparar, se colocan media hora al horno y listo!\",\"breadcrumb\":{\"@id\":\"https:\\\/\\\/agenciayork.com\\\/hdf\\\/producto\\\/confit-de-pato-12-muslos\\\/#breadcrumb\"},\"inLanguage\":\"es-CL\",\"potentialAction\":[{\"@type\":\"ReadAction\",\"target\":[\"https:\\\/\\\/agenciayork.com\\\/hdf\\\/producto\\\/confit-de-pato-12-muslos\\\/\"]}]},{\"@type\":\"ImageObject\",\"inLanguage\":\"es-CL\",\"@id\":\"https:\\\/\\\/agenciayork.com\\\/hdf\\\/producto\\\/confit-de-pato-12-muslos\\\/#primaryimage\",\"url\":\"https:\\\/\\\/agenciayork.com\\\/hdf\\\/wp-content\\\/uploads\\\/2023\\\/10\\\/Confitdepato12muslos1080x1080-1.jpg\",\"contentUrl\":\"https:\\\/\\\/agenciayork.com\\\/hdf\\\/wp-content\\\/uploads\\\/2023\\\/10\\\/Confitdepato12muslos1080x1080-1.jpg\",\"width\":1080,\"height\":1080,\"caption\":\"Confit de pato 12 muslos\"},{\"@type\":\"BreadcrumbList\",\"@id\":\"https:\\\/\\\/agenciayork.com\\\/hdf\\\/producto\\\/confit-de-pato-12-muslos\\\/#breadcrumb\",\"itemListElement\":[{\"@type\":\"ListItem\",\"position\":1,\"name\":\"Portada\",\"item\":\"https:\\\/\\\/agenciayork.com\\\/hdf\\\/\"},{\"@type\":\"ListItem\",\"position\":2,\"name\":\"Tienda\",\"item\":\"https:\\\/\\\/agenciayork.com\\\/hdf\\\/mejores-productos-de-la-gastronomia-francesa\\\/\"},{\"@type\":\"ListItem\",\"position\":3,\"name\":\"Confit de pato 12 muslos\"}]},{\"@type\":\"WebSite\",\"@id\":\"https:\\\/\\\/agenciayork.com\\\/hdf\\\/#website\",\"url\":\"https:\\\/\\\/agenciayork.com\\\/hdf\\\/\",\"name\":\"H\u00e9l\u00e8ne de Fleurac\",\"description\":\"Gastronom\u00eda francesa\",\"potentialAction\":[{\"@type\":\"SearchAction\",\"target\":{\"@type\":\"EntryPoint\",\"urlTemplate\":\"https:\\\/\\\/agenciayork.com\\\/hdf\\\/?s={search_term_string}\"},\"query-input\":{\"@type\":\"PropertyValueSpecification\",\"valueRequired\":true,\"valueName\":\"search_term_string\"}}],\"inLanguage\":\"es-CL\"}]}<\/script>\n<!-- \/ Yoast SEO plugin. -->","yoast_head_json":{"title":"Confit de pato 12 muslos - H\u00e9l\u00e8ne de Fleurac","description":"Descubre la aut\u00e9ntica cocina francesa con nuestro Confit de pato 12 Muslos en tarro. R\u00e1pido y f\u00e1cil de preparar, se colocan media hora al horno y listo!","robots":{"index":"index","follow":"follow","max-snippet":"max-snippet:-1","max-image-preview":"max-image-preview:large","max-video-preview":"max-video-preview:-1"},"canonical":"https:\/\/agenciayork.com\/hdf\/producto\/confit-de-pato-12-muslos\/","og_locale":"es_ES","og_type":"article","og_title":"Confit de pato 12 muslos - H\u00e9l\u00e8ne de Fleurac","og_description":"Descubre la aut\u00e9ntica cocina francesa con nuestro Confit de pato 12 Muslos en tarro. R\u00e1pido y f\u00e1cil de preparar, se colocan media hora al horno y listo!","og_url":"https:\/\/agenciayork.com\/hdf\/producto\/confit-de-pato-12-muslos\/","og_site_name":"H\u00e9l\u00e8ne de Fleurac","article_modified_time":"2024-10-11T13:47:06+00:00","og_image":[{"width":1080,"height":1080,"url":"https:\/\/agenciayork.com\/hdf\/wp-content\/uploads\/2023\/10\/Confitdepato12muslos1080x1080-1.jpg","type":"image\/jpeg"}],"twitter_card":"summary_large_image","twitter_misc":{"Tiempo estimado de lectura":"3 minutos"},"schema":{"@context":"https:\/\/schema.org","@graph":[{"@type":"WebPage","@id":"https:\/\/agenciayork.com\/hdf\/producto\/confit-de-pato-12-muslos\/","url":"https:\/\/agenciayork.com\/hdf\/producto\/confit-de-pato-12-muslos\/","name":"Confit de pato 12 muslos - H\u00e9l\u00e8ne de Fleurac","isPartOf":{"@id":"https:\/\/agenciayork.com\/hdf\/#website"},"primaryImageOfPage":{"@id":"https:\/\/agenciayork.com\/hdf\/producto\/confit-de-pato-12-muslos\/#primaryimage"},"image":{"@id":"https:\/\/agenciayork.com\/hdf\/producto\/confit-de-pato-12-muslos\/#primaryimage"},"thumbnailUrl":"https:\/\/agenciayork.com\/hdf\/wp-content\/uploads\/2023\/10\/Confitdepato12muslos1080x1080-1.jpg","datePublished":"2023-10-25T14:22:29+00:00","dateModified":"2024-10-11T13:47:06+00:00","description":"Descubre la aut\u00e9ntica cocina francesa con nuestro Confit de pato 12 Muslos en tarro. R\u00e1pido y f\u00e1cil de preparar, se colocan media hora al horno y listo!","breadcrumb":{"@id":"https:\/\/agenciayork.com\/hdf\/producto\/confit-de-pato-12-muslos\/#breadcrumb"},"inLanguage":"es-CL","potentialAction":[{"@type":"ReadAction","target":["https:\/\/agenciayork.com\/hdf\/producto\/confit-de-pato-12-muslos\/"]}]},{"@type":"ImageObject","inLanguage":"es-CL","@id":"https:\/\/agenciayork.com\/hdf\/producto\/confit-de-pato-12-muslos\/#primaryimage","url":"https:\/\/agenciayork.com\/hdf\/wp-content\/uploads\/2023\/10\/Confitdepato12muslos1080x1080-1.jpg","contentUrl":"https:\/\/agenciayork.com\/hdf\/wp-content\/uploads\/2023\/10\/Confitdepato12muslos1080x1080-1.jpg","width":1080,"height":1080,"caption":"Confit de pato 12 muslos"},{"@type":"BreadcrumbList","@id":"https:\/\/agenciayork.com\/hdf\/producto\/confit-de-pato-12-muslos\/#breadcrumb","itemListElement":[{"@type":"ListItem","position":1,"name":"Portada","item":"https:\/\/agenciayork.com\/hdf\/"},{"@type":"ListItem","position":2,"name":"Tienda","item":"https:\/\/agenciayork.com\/hdf\/mejores-productos-de-la-gastronomia-francesa\/"},{"@type":"ListItem","position":3,"name":"Confit de pato 12 muslos"}]},{"@type":"WebSite","@id":"https:\/\/agenciayork.com\/hdf\/#website","url":"https:\/\/agenciayork.com\/hdf\/","name":"H\u00e9l\u00e8ne de Fleurac","description":"Gastronom\u00eda francesa","potentialAction":[{"@type":"SearchAction","target":{"@type":"EntryPoint","urlTemplate":"https:\/\/agenciayork.com\/hdf\/?s={search_term_string}"},"query-input":{"@type":"PropertyValueSpecification","valueRequired":true,"valueName":"search_term_string"}}],"inLanguage":"es-CL"}]}},"_links":{"self":[{"href":"https:\/\/agenciayork.com\/hdf\/wp-json\/wp\/v2\/product\/5687","targetHints":{"allow":["GET"]}}],"collection":[{"href":"https:\/\/agenciayork.com\/hdf\/wp-json\/wp\/v2\/product"}],"about":[{"href":"https:\/\/agenciayork.com\/hdf\/wp-json\/wp\/v2\/types\/product"}],"version-history":[{"count":20,"href":"https:\/\/agenciayork.com\/hdf\/wp-json\/wp\/v2\/product\/5687\/revisions"}],"predecessor-version":[{"id":12084,"href":"https:\/\/agenciayork.com\/hdf\/wp-json\/wp\/v2\/product\/5687\/revisions\/12084"}],"wp:featuredmedia":[{"embeddable":true,"href":"https:\/\/agenciayork.com\/hdf\/wp-json\/wp\/v2\/media\/5770"}],"wp:attachment":[{"href":"https:\/\/agenciayork.com\/hdf\/wp-json\/wp\/v2\/media?parent=5687"}],"wp:term":[{"taxonomy":"product_brand","embeddable":true,"href":"https:\/\/agenciayork.com\/hdf\/wp-json\/wp\/v2\/product_brand?post=5687"},{"taxonomy":"product_cat","embeddable":true,"href":"https:\/\/agenciayork.com\/hdf\/wp-json\/wp\/v2\/product_cat?post=5687"},{"taxonomy":"product_tag","embeddable":true,"href":"https:\/\/agenciayork.com\/hdf\/wp-json\/wp\/v2\/product_tag?post=5687"}],"curies":[{"name":"wp","href":"https:\/\/api.w.org\/{rel}","templated":true}]}}