{"id":5703,"date":"2023-10-25T11:23:05","date_gmt":"2023-10-25T14:23:05","guid":{"rendered":"https:\/\/agenciayork.com\/hdf\/producto\/estuche-de-3-mousses\/"},"modified":"2024-09-13T16:24:25","modified_gmt":"2024-09-13T19:24:25","slug":"estuche-de-3-mousses","status":"publish","type":"product","link":"https:\/\/agenciayork.com\/hdf\/producto\/estuche-de-3-mousses\/","title":{"rendered":"Estuche de 3 mousses"},"content":{"rendered":"\t\t<div data-elementor-type=\"wp-post\" data-elementor-id=\"5703\" class=\"elementor elementor-5703\">\n\t\t\t\t<div class=\"elementor-element elementor-element-7a8ab8d e-flex e-con-boxed e-con e-parent\" data-id=\"7a8ab8d\" data-element_type=\"container\">\n\t\t\t\t\t<div class=\"e-con-inner\">\n\t\t\t\t<div class=\"elementor-element elementor-element-3fdfc2c elementor-widget elementor-widget-nest-title-v1\" data-id=\"3fdfc2c\" data-element_type=\"widget\" data-widget_type=\"nest-title-v1.default\">\n\t\t\t\t<div class=\"elementor-widget-container\">\n\t\t\t        <div class=\"section_title type_one\">\r\n                            <h4 class=\"mb-20 text-brand\"> Estuche de 3 mousses<\/h4>\r\n                                                    <p class=\"mb-20\"> Te invito a descubrir mi estuche de 3 mousses, un imperdible de la gastronom\u00eda francesa. Con sus 3 mousses con textura cremosa y sus sabores delicados, marca la diferencia en un aperitivo o una comida, y se disfruta sin moderaci\u00f3n!<\/p>\r\n                    <\/div>\r\n    \t\t<\/div>\n\t\t\t\t<\/div>\n\t\t\t\t\t<\/div>\n\t\t\t\t<\/div>\n\t\t<div class=\"elementor-element elementor-element-f8dd3c5 e-flex e-con-boxed e-con e-parent\" data-id=\"f8dd3c5\" data-element_type=\"container\">\n\t\t\t\t\t<div class=\"e-con-inner\">\n\t\t\t\t<div class=\"elementor-element elementor-element-910ec80 elementor-widget-divider--view-line elementor-widget elementor-widget-divider\" data-id=\"910ec80\" data-element_type=\"widget\" data-widget_type=\"divider.default\">\n\t\t\t\t<div class=\"elementor-widget-container\">\n\t\t\t\t\t<div class=\"elementor-divider\">\n\t\t\t<span class=\"elementor-divider-separator\">\n\t\t\t\t\t\t<\/span>\n\t\t<\/div>\n\t\t\t\t<\/div>\n\t\t\t\t<\/div>\n\t\t\t\t\t<\/div>\n\t\t\t\t<\/div>\n\t\t<div class=\"elementor-element elementor-element-736b409 e-flex e-con-boxed e-con e-parent\" data-id=\"736b409\" data-element_type=\"container\">\n\t\t\t\t\t<div class=\"e-con-inner\">\n\t\t<div class=\"elementor-element elementor-element-f0c6742 e-con-full e-flex e-con e-child\" data-id=\"f0c6742\" data-element_type=\"container\">\n\t\t\t\t<div class=\"elementor-element elementor-element-13a2403 elementor-widget elementor-widget-image\" data-id=\"13a2403\" data-element_type=\"widget\" data-widget_type=\"image.default\">\n\t\t\t\t<div class=\"elementor-widget-container\">\n\t\t\t\t\t\t\t\t\t\t\t\t\t<img fetchpriority=\"high\" decoding=\"async\" width=\"300\" height=\"300\" src=\"https:\/\/agenciayork.com\/hdf\/wp-content\/uploads\/2023\/10\/estuche-mousse-300x300.png\" class=\"attachment-medium size-medium wp-image-11597\" alt=\"estuche mousse\" srcset=\"https:\/\/agenciayork.com\/hdf\/wp-content\/uploads\/2023\/10\/estuche-mousse-300x300.png 300w, https:\/\/agenciayork.com\/hdf\/wp-content\/uploads\/2023\/10\/estuche-mousse-1024x1024.png 1024w, https:\/\/agenciayork.com\/hdf\/wp-content\/uploads\/2023\/10\/estuche-mousse-150x150.png 150w, https:\/\/agenciayork.com\/hdf\/wp-content\/uploads\/2023\/10\/estuche-mousse-768x768.png 768w, https:\/\/agenciayork.com\/hdf\/wp-content\/uploads\/2023\/10\/estuche-mousse-600x600.png 600w, https:\/\/agenciayork.com\/hdf\/wp-content\/uploads\/2023\/10\/estuche-mousse-100x100.png 100w, https:\/\/agenciayork.com\/hdf\/wp-content\/uploads\/2023\/10\/estuche-mousse-50x50.png 50w, https:\/\/agenciayork.com\/hdf\/wp-content\/uploads\/2023\/10\/estuche-mousse-64x64.png 64w, https:\/\/agenciayork.com\/hdf\/wp-content\/uploads\/2023\/10\/estuche-mousse.png 1080w\" sizes=\"(max-width: 300px) 100vw, 300px\" \/>\t\t\t\t\t\t\t\t\t\t\t\t\t<\/div>\n\t\t\t\t<\/div>\n\t\t\t\t<\/div>\n\t\t<div class=\"elementor-element elementor-element-19cd033 e-con-full e-flex e-con e-child\" data-id=\"19cd033\" data-element_type=\"container\">\n\t\t\t\t<div class=\"elementor-element elementor-element-c278be8 elementor-widget elementor-widget-heading\" data-id=\"c278be8\" data-element_type=\"widget\" data-widget_type=\"heading.default\">\n\t\t\t\t<div class=\"elementor-widget-container\">\n\t\t\t<h4 class=\"elementor-heading-title elementor-size-default\">RECETA CASERA Y deliciosa<br>una textura untuosa y llena de sabores<\/h4>\t\t<\/div>\n\t\t\t\t<\/div>\n\t\t\t\t<div class=\"elementor-element elementor-element-57de4d9 elementor-widget elementor-widget-nest-text-editor-v1\" data-id=\"57de4d9\" data-element_type=\"widget\" data-widget_type=\"nest-text-editor-v1.default\">\n\t\t\t\t<div class=\"elementor-widget-container\">\n\t\t\t   <div class=\"custom_text_editor position-relative\">\r\n        <p>El estuche de 3 mousses ofrece una experiencia culinaria \u00fanica que combina la sofisticaci\u00f3n del <strong>aperitivo<\/strong> franc\u00e9s con la comodidad de tener un <strong>regalo<\/strong> o una opci\u00f3n de picoteo de \u00faltimo minuto. Este conjunto es una oportunidad para <strong>descubrir<\/strong> y <strong>disfrutar<\/strong> de los <strong>sabores<\/strong> caracter\u00edsticos de la <strong>gastronom\u00eda<\/strong> <strong>francesa<\/strong>.<\/p><p>Cada estuche contiene <strong>tres<\/strong> <strong>conservas<\/strong> de <strong>90<\/strong> <strong>gramos<\/strong>, cada una con una deliciosa variedad de mousses que capturan la esencia de la cocina francesa. Desde la cl\u00e1sica mousse <a href=\"https:\/\/agenciayork.com\/hdf\/producto\/mousse-de-foie-al-oporto\/\"><strong>Oporto<\/strong><\/a> hasta la exquisita mousse <a href=\"https:\/\/agenciayork.com\/hdf\/producto\/mousse-de-foie-con-pistachos-y-almendras\/\"><strong>Pistacho<\/strong> &amp; <strong>Almendras<\/strong><\/a> y la cremosa mousse de <a href=\"https:\/\/agenciayork.com\/hdf\/producto\/mousse-de-foie-con-pasas-y-ron\/\"><strong>Pasas<\/strong> <\/a><strong>al Ron,<\/strong> este conjunto ofrece una amplia gama de sabores para satisfacer todos los gustos y preferencias.<\/p><p>Lo mejor de todo es que estas mousses est\u00e1n elaboradas con una <strong>receta<\/strong> <strong>francesa<\/strong> <strong>aut\u00e9ntica<\/strong>, utilizando ingredientes <strong>100%<\/strong> <strong>naturales<\/strong> y <strong>sin<\/strong> <strong>preservantes<\/strong>. Esto garantiza un sabor puro y aut\u00e9ntico que te transporta directamente a las calles de Par\u00eds con cada bocado. Adem\u00e1s, al ser producidas en Chile, estas mousses combinan lo mejor de dos mundos culinarios, fusionando la tradici\u00f3n francesa con los sabores y ingredientes locales.<\/p><p><strong>Contenido<\/strong> el estuche viene con:<br \/>&gt; Mousse de foie al oporto 90 gr<br \/>&gt; Mousse de foie pistachos y almendras 90 gr<br \/>&gt; Mousse de foie pasas y ron 90 gr<\/p><p>La mousse es una receta tradicional francesa que adaptamos al gusto chileno: hecha de panitas de pollo.\u00a0<br \/>- La mousse de foie con <strong>oporto<\/strong> tiene una textura <strong>suave<\/strong> y su sabor <strong>dulce<\/strong>, es nuestro \u201c<strong>Best Seller<\/strong>\u201d. <br \/>- La mousse de foie <strong>pistachos<\/strong> y <strong>almendras<\/strong> tiene una textura <strong>untuosa<\/strong> con <strong>pedacitos<\/strong> <strong>crujientes<\/strong> de pistachos y almendras.\u200b<br \/>- La mousse de foie <strong>pasas<\/strong> <strong>y<\/strong> <strong>ron<\/strong> tiene el maridaje perfecto entre el <strong>dulce<\/strong> de la pasa y la <strong>fuerza<\/strong> del ron caribe\u00f1o.\u200b<\/p>    <\/div>\r\n\t\t<\/div>\n\t\t\t\t<\/div>\n\t\t\t\t<\/div>\n\t\t\t\t\t<\/div>\n\t\t\t\t<\/div>\n\t\t<div class=\"elementor-element elementor-element-d0ab880 e-flex e-con-boxed e-con e-parent\" data-id=\"d0ab880\" data-element_type=\"container\">\n\t\t\t\t\t<div class=\"e-con-inner\">\n\t\t\t\t<div class=\"elementor-element elementor-element-9be4ee0 elementor-widget-divider--view-line elementor-widget elementor-widget-divider\" data-id=\"9be4ee0\" data-element_type=\"widget\" data-widget_type=\"divider.default\">\n\t\t\t\t<div class=\"elementor-widget-container\">\n\t\t\t\t\t<div class=\"elementor-divider\">\n\t\t\t<span class=\"elementor-divider-separator\">\n\t\t\t\t\t\t<\/span>\n\t\t<\/div>\n\t\t\t\t<\/div>\n\t\t\t\t<\/div>\n\t\t\t\t\t<\/div>\n\t\t\t\t<\/div>\n\t\t<div class=\"elementor-element elementor-element-c9e90cd e-flex e-con-boxed e-con e-parent\" data-id=\"c9e90cd\" data-element_type=\"container\">\n\t\t\t\t\t<div class=\"e-con-inner\">\n\t\t<div class=\"elementor-element elementor-element-daa3dce e-con-full e-flex e-con e-child\" data-id=\"daa3dce\" data-element_type=\"container\">\n\t\t\t\t<div class=\"elementor-element elementor-element-54070bc elementor-widget elementor-widget-heading\" data-id=\"54070bc\" data-element_type=\"widget\" data-widget_type=\"heading.default\">\n\t\t\t\t<div class=\"elementor-widget-container\">\n\t\t\t<h4 class=\"elementor-heading-title elementor-size-default\">el producto perfecto para el picoteo<\/h4>\t\t<\/div>\n\t\t\t\t<\/div>\n\t\t\t\t<div class=\"elementor-element elementor-element-3c783a0 elementor-widget elementor-widget-nest-text-editor-v1\" data-id=\"3c783a0\" data-element_type=\"widget\" data-widget_type=\"nest-text-editor-v1.default\">\n\t\t\t\t<div class=\"elementor-widget-container\">\n\t\t\t   <div class=\"custom_text_editor position-relative\">\r\n        <p>La <strong>presentaci\u00f3n<\/strong> <strong>refinada<\/strong> al estilo franc\u00e9s convierte a este estuche en un <strong>regalo<\/strong> <strong>ideal<\/strong> para llevar a una <strong>cena<\/strong> entre amigos o cualquier otra ocasi\u00f3n especial. Su <strong>elegancia<\/strong> y <strong>calidad<\/strong> no pasan desapercibidas, agregando un toque de distinci\u00f3n a cualquier evento.<\/p><p>La versatilidad de este estuche lo convierte en una opci\u00f3n perfecta para diversas ocasiones. Ya sea como un regalo elegante y sofisticado o como una soluci\u00f3n r\u00e1pida y deliciosa para un <strong>picoteo<\/strong> improvisado, estas mousses son una elecci\u00f3n acertada. Su tama\u00f1o conveniente y su facilidad de almacenamiento hacen que sean ideales para tener a mano en cualquier momento.<\/p><p><strong>Conservaci\u00f3n<\/strong> 6 meses en la despensa 1 semana en el refrigerador una vez abierto<\/p><p>Igual, tengo el <a href=\"https:\/\/agenciayork.com\/hdf\/producto\/estuche-de-3-texturas\/\"><strong>estuche de 3 texturas<\/strong><\/a> si quieres probar m\u00e1s pat\u00e9s, mousses y texturas!\u00a0<\/p>    <\/div>\r\n\t\t<\/div>\n\t\t\t\t<\/div>\n\t\t\t\t<\/div>\n\t\t<div class=\"elementor-element elementor-element-6613e06 e-con-full e-flex e-con e-child\" data-id=\"6613e06\" data-element_type=\"container\">\n\t\t\t\t<div class=\"elementor-element elementor-element-e99f25b elementor-widget elementor-widget-image\" data-id=\"e99f25b\" data-element_type=\"widget\" data-widget_type=\"image.default\">\n\t\t\t\t<div class=\"elementor-widget-container\">\n\t\t\t\t\t\t\t\t\t\t\t\t\t<img decoding=\"async\" width=\"300\" height=\"300\" src=\"https:\/\/agenciayork.com\/hdf\/wp-content\/uploads\/2023\/10\/rillettes-2-300x300.png\" class=\"attachment-medium size-medium wp-image-11506\" alt=\"rillettes\" srcset=\"https:\/\/agenciayork.com\/hdf\/wp-content\/uploads\/2023\/10\/rillettes-2-300x300.png 300w, https:\/\/agenciayork.com\/hdf\/wp-content\/uploads\/2023\/10\/rillettes-2-1024x1024.png 1024w, https:\/\/agenciayork.com\/hdf\/wp-content\/uploads\/2023\/10\/rillettes-2-150x150.png 150w, https:\/\/agenciayork.com\/hdf\/wp-content\/uploads\/2023\/10\/rillettes-2-768x768.png 768w, https:\/\/agenciayork.com\/hdf\/wp-content\/uploads\/2023\/10\/rillettes-2-600x600.png 600w, https:\/\/agenciayork.com\/hdf\/wp-content\/uploads\/2023\/10\/rillettes-2-100x100.png 100w, https:\/\/agenciayork.com\/hdf\/wp-content\/uploads\/2023\/10\/rillettes-2-50x50.png 50w, https:\/\/agenciayork.com\/hdf\/wp-content\/uploads\/2023\/10\/rillettes-2-64x64.png 64w, https:\/\/agenciayork.com\/hdf\/wp-content\/uploads\/2023\/10\/rillettes-2.png 1080w\" sizes=\"(max-width: 300px) 100vw, 300px\" \/>\t\t\t\t\t\t\t\t\t\t\t\t\t<\/div>\n\t\t\t\t<\/div>\n\t\t\t\t<\/div>\n\t\t\t\t\t<\/div>\n\t\t\t\t<\/div>\n\t\t<div class=\"elementor-element elementor-element-b48644e e-flex e-con-boxed e-con e-parent\" data-id=\"b48644e\" data-element_type=\"container\">\n\t\t\t\t\t<div class=\"e-con-inner\">\n\t\t\t\t<div class=\"elementor-element elementor-element-dd2a698 elementor-widget-divider--view-line elementor-widget elementor-widget-divider\" data-id=\"dd2a698\" data-element_type=\"widget\" data-widget_type=\"divider.default\">\n\t\t\t\t<div class=\"elementor-widget-container\">\n\t\t\t\t\t<div class=\"elementor-divider\">\n\t\t\t<span class=\"elementor-divider-separator\">\n\t\t\t\t\t\t<\/span>\n\t\t<\/div>\n\t\t\t\t<\/div>\n\t\t\t\t<\/div>\n\t\t\t\t\t<\/div>\n\t\t\t\t<\/div>\n\t\t<div class=\"elementor-element elementor-element-d30cc9c e-flex e-con-boxed e-con e-parent\" data-id=\"d30cc9c\" data-element_type=\"container\">\n\t\t\t\t\t<div class=\"e-con-inner\">\n\t\t\t\t<div class=\"elementor-element elementor-element-b37ccdf elementor-widget elementor-widget-nest-text-editor-v1\" data-id=\"b37ccdf\" data-element_type=\"widget\" data-widget_type=\"nest-text-editor-v1.default\">\n\t\t\t\t<div class=\"elementor-widget-container\">\n\t\t\t   <div class=\"custom_text_editor position-relative\">\r\n        <p>En mi compromiso con el\u00a0<strong>medio ambiente<\/strong>, si me traes\u00a0<strong>10 frascos<\/strong>\u00a0vac\u00edos con su etiqueta original, te\u00a0<strong>regalo<\/strong>\u00a0un producto.<\/p>    <\/div>\r\n\t\t<\/div>\n\t\t\t\t<\/div>\n\t\t\t\t\t<\/div>\n\t\t\t\t<\/div>\n\t\t\t\t<\/div>\n\t\t","protected":false},"excerpt":{"rendered":"<p>El estuche es una idea original para regalar o descubrir los hitos del aperitivo franc\u00e9s!\u00a0Ideal si no tiene nada de previsto para un picoteo de \u00faltimo minuto.<br \/>\nSu presentaci\u00f3n refinada en el estilo franc\u00e9s hace un excelente regalo para llevar a una cena donde amigos.<\/p>\n<p><strong>Estuche de 3 conservas de\u00a0 90 gr<br \/>\n<b>HECHO EN CHILE<br \/>\nReceta francesa &#8211; 100% natural &#8211; Sin preservantes<\/b><br \/>\n<\/strong><\/p>\n","protected":false},"featured_media":5847,"template":"","meta":[],"product_brand":[],"product_cat":[134,110,145],"product_tag":[],"class_list":{"0":"post-5703","1":"product","2":"type-product","3":"status-publish","4":"has-post-thumbnail","6":"product_cat-pates-y-untables","7":"product_cat-picoteo","8":"product_cat-regalos-gourmet","10":"first","11":"instock","12":"shipping-taxable","13":"purchasable","14":"product-type-simple"},"yoast_head":"<!-- This site is optimized with the Yoast SEO plugin v27.5 - https:\/\/yoast.com\/product\/yoast-seo-wordpress\/ -->\n<title>Estuche de 3 mousses - H\u00e9l\u00e8ne de Fleurac<\/title>\n<meta name=\"description\" content=\"Descubre el encanto del aperitivo franc\u00e9s con el Estuche de 3 mousses por $11.900. Con una presentaci\u00f3n refinada y una selecci\u00f3n de sabores aut\u00e9nticos, este\" \/>\n<meta name=\"robots\" content=\"index, follow, max-snippet:-1, max-image-preview:large, max-video-preview:-1\" \/>\n<link rel=\"canonical\" href=\"https:\/\/agenciayork.com\/hdf\/producto\/estuche-de-3-mousses\/\" \/>\n<meta property=\"og:locale\" content=\"es_ES\" \/>\n<meta property=\"og:type\" content=\"article\" \/>\n<meta property=\"og:title\" content=\"Estuche de 3 mousses - H\u00e9l\u00e8ne de Fleurac\" \/>\n<meta property=\"og:description\" content=\"Descubre el encanto del aperitivo franc\u00e9s con el Estuche de 3 mousses por $11.900. Con una presentaci\u00f3n refinada y una selecci\u00f3n de sabores aut\u00e9nticos, este\" \/>\n<meta property=\"og:url\" content=\"https:\/\/agenciayork.com\/hdf\/producto\/estuche-de-3-mousses\/\" \/>\n<meta property=\"og:site_name\" content=\"H\u00e9l\u00e8ne de Fleurac\" \/>\n<meta property=\"article:modified_time\" content=\"2024-09-13T19:24:25+00:00\" \/>\n<meta property=\"og:image\" content=\"https:\/\/agenciayork.com\/hdf\/wp-content\/uploads\/2023\/10\/Estuche3mousses2-1.png\" \/>\n\t<meta property=\"og:image:width\" content=\"2048\" \/>\n\t<meta property=\"og:image:height\" content=\"2048\" \/>\n\t<meta property=\"og:image:type\" content=\"image\/png\" \/>\n<meta name=\"twitter:card\" content=\"summary_large_image\" \/>\n<meta name=\"twitter:label1\" content=\"Tiempo estimado de lectura\" \/>\n\t<meta name=\"twitter:data1\" content=\"3 minutos\" \/>\n<script type=\"application\/ld+json\" class=\"yoast-schema-graph\">{\"@context\":\"https:\\\/\\\/schema.org\",\"@graph\":[{\"@type\":\"WebPage\",\"@id\":\"https:\\\/\\\/agenciayork.com\\\/hdf\\\/producto\\\/estuche-de-3-mousses\\\/\",\"url\":\"https:\\\/\\\/agenciayork.com\\\/hdf\\\/producto\\\/estuche-de-3-mousses\\\/\",\"name\":\"Estuche de 3 mousses - H\u00e9l\u00e8ne de Fleurac\",\"isPartOf\":{\"@id\":\"https:\\\/\\\/agenciayork.com\\\/hdf\\\/#website\"},\"primaryImageOfPage\":{\"@id\":\"https:\\\/\\\/agenciayork.com\\\/hdf\\\/producto\\\/estuche-de-3-mousses\\\/#primaryimage\"},\"image\":{\"@id\":\"https:\\\/\\\/agenciayork.com\\\/hdf\\\/producto\\\/estuche-de-3-mousses\\\/#primaryimage\"},\"thumbnailUrl\":\"https:\\\/\\\/agenciayork.com\\\/hdf\\\/wp-content\\\/uploads\\\/2023\\\/10\\\/Estuche3mousses2-1.png\",\"datePublished\":\"2023-10-25T14:23:05+00:00\",\"dateModified\":\"2024-09-13T19:24:25+00:00\",\"description\":\"Descubre el encanto del aperitivo franc\u00e9s con el Estuche de 3 mousses por $11.900. Con una presentaci\u00f3n refinada y una selecci\u00f3n de sabores aut\u00e9nticos, este\",\"breadcrumb\":{\"@id\":\"https:\\\/\\\/agenciayork.com\\\/hdf\\\/producto\\\/estuche-de-3-mousses\\\/#breadcrumb\"},\"inLanguage\":\"es-CL\",\"potentialAction\":[{\"@type\":\"ReadAction\",\"target\":[\"https:\\\/\\\/agenciayork.com\\\/hdf\\\/producto\\\/estuche-de-3-mousses\\\/\"]}]},{\"@type\":\"ImageObject\",\"inLanguage\":\"es-CL\",\"@id\":\"https:\\\/\\\/agenciayork.com\\\/hdf\\\/producto\\\/estuche-de-3-mousses\\\/#primaryimage\",\"url\":\"https:\\\/\\\/agenciayork.com\\\/hdf\\\/wp-content\\\/uploads\\\/2023\\\/10\\\/Estuche3mousses2-1.png\",\"contentUrl\":\"https:\\\/\\\/agenciayork.com\\\/hdf\\\/wp-content\\\/uploads\\\/2023\\\/10\\\/Estuche3mousses2-1.png\",\"width\":2048,\"height\":2048},{\"@type\":\"BreadcrumbList\",\"@id\":\"https:\\\/\\\/agenciayork.com\\\/hdf\\\/producto\\\/estuche-de-3-mousses\\\/#breadcrumb\",\"itemListElement\":[{\"@type\":\"ListItem\",\"position\":1,\"name\":\"Portada\",\"item\":\"https:\\\/\\\/agenciayork.com\\\/hdf\\\/\"},{\"@type\":\"ListItem\",\"position\":2,\"name\":\"Tienda\",\"item\":\"https:\\\/\\\/agenciayork.com\\\/hdf\\\/mejores-productos-de-la-gastronomia-francesa\\\/\"},{\"@type\":\"ListItem\",\"position\":3,\"name\":\"Estuche de 3 mousses\"}]},{\"@type\":\"WebSite\",\"@id\":\"https:\\\/\\\/agenciayork.com\\\/hdf\\\/#website\",\"url\":\"https:\\\/\\\/agenciayork.com\\\/hdf\\\/\",\"name\":\"H\u00e9l\u00e8ne de Fleurac\",\"description\":\"Gastronom\u00eda francesa\",\"potentialAction\":[{\"@type\":\"SearchAction\",\"target\":{\"@type\":\"EntryPoint\",\"urlTemplate\":\"https:\\\/\\\/agenciayork.com\\\/hdf\\\/?s={search_term_string}\"},\"query-input\":{\"@type\":\"PropertyValueSpecification\",\"valueRequired\":true,\"valueName\":\"search_term_string\"}}],\"inLanguage\":\"es-CL\"}]}<\/script>\n<!-- \/ Yoast SEO plugin. -->","yoast_head_json":{"title":"Estuche de 3 mousses - H\u00e9l\u00e8ne de Fleurac","description":"Descubre el encanto del aperitivo franc\u00e9s con el Estuche de 3 mousses por $11.900. Con una presentaci\u00f3n refinada y una selecci\u00f3n de sabores aut\u00e9nticos, este","robots":{"index":"index","follow":"follow","max-snippet":"max-snippet:-1","max-image-preview":"max-image-preview:large","max-video-preview":"max-video-preview:-1"},"canonical":"https:\/\/agenciayork.com\/hdf\/producto\/estuche-de-3-mousses\/","og_locale":"es_ES","og_type":"article","og_title":"Estuche de 3 mousses - H\u00e9l\u00e8ne de Fleurac","og_description":"Descubre el encanto del aperitivo franc\u00e9s con el Estuche de 3 mousses por $11.900. Con una presentaci\u00f3n refinada y una selecci\u00f3n de sabores aut\u00e9nticos, este","og_url":"https:\/\/agenciayork.com\/hdf\/producto\/estuche-de-3-mousses\/","og_site_name":"H\u00e9l\u00e8ne de Fleurac","article_modified_time":"2024-09-13T19:24:25+00:00","og_image":[{"width":2048,"height":2048,"url":"https:\/\/agenciayork.com\/hdf\/wp-content\/uploads\/2023\/10\/Estuche3mousses2-1.png","type":"image\/png"}],"twitter_card":"summary_large_image","twitter_misc":{"Tiempo estimado de lectura":"3 minutos"},"schema":{"@context":"https:\/\/schema.org","@graph":[{"@type":"WebPage","@id":"https:\/\/agenciayork.com\/hdf\/producto\/estuche-de-3-mousses\/","url":"https:\/\/agenciayork.com\/hdf\/producto\/estuche-de-3-mousses\/","name":"Estuche de 3 mousses - H\u00e9l\u00e8ne de Fleurac","isPartOf":{"@id":"https:\/\/agenciayork.com\/hdf\/#website"},"primaryImageOfPage":{"@id":"https:\/\/agenciayork.com\/hdf\/producto\/estuche-de-3-mousses\/#primaryimage"},"image":{"@id":"https:\/\/agenciayork.com\/hdf\/producto\/estuche-de-3-mousses\/#primaryimage"},"thumbnailUrl":"https:\/\/agenciayork.com\/hdf\/wp-content\/uploads\/2023\/10\/Estuche3mousses2-1.png","datePublished":"2023-10-25T14:23:05+00:00","dateModified":"2024-09-13T19:24:25+00:00","description":"Descubre el encanto del aperitivo franc\u00e9s con el Estuche de 3 mousses por $11.900. Con una presentaci\u00f3n refinada y una selecci\u00f3n de sabores aut\u00e9nticos, este","breadcrumb":{"@id":"https:\/\/agenciayork.com\/hdf\/producto\/estuche-de-3-mousses\/#breadcrumb"},"inLanguage":"es-CL","potentialAction":[{"@type":"ReadAction","target":["https:\/\/agenciayork.com\/hdf\/producto\/estuche-de-3-mousses\/"]}]},{"@type":"ImageObject","inLanguage":"es-CL","@id":"https:\/\/agenciayork.com\/hdf\/producto\/estuche-de-3-mousses\/#primaryimage","url":"https:\/\/agenciayork.com\/hdf\/wp-content\/uploads\/2023\/10\/Estuche3mousses2-1.png","contentUrl":"https:\/\/agenciayork.com\/hdf\/wp-content\/uploads\/2023\/10\/Estuche3mousses2-1.png","width":2048,"height":2048},{"@type":"BreadcrumbList","@id":"https:\/\/agenciayork.com\/hdf\/producto\/estuche-de-3-mousses\/#breadcrumb","itemListElement":[{"@type":"ListItem","position":1,"name":"Portada","item":"https:\/\/agenciayork.com\/hdf\/"},{"@type":"ListItem","position":2,"name":"Tienda","item":"https:\/\/agenciayork.com\/hdf\/mejores-productos-de-la-gastronomia-francesa\/"},{"@type":"ListItem","position":3,"name":"Estuche de 3 mousses"}]},{"@type":"WebSite","@id":"https:\/\/agenciayork.com\/hdf\/#website","url":"https:\/\/agenciayork.com\/hdf\/","name":"H\u00e9l\u00e8ne de Fleurac","description":"Gastronom\u00eda francesa","potentialAction":[{"@type":"SearchAction","target":{"@type":"EntryPoint","urlTemplate":"https:\/\/agenciayork.com\/hdf\/?s={search_term_string}"},"query-input":{"@type":"PropertyValueSpecification","valueRequired":true,"valueName":"search_term_string"}}],"inLanguage":"es-CL"}]}},"_links":{"self":[{"href":"https:\/\/agenciayork.com\/hdf\/wp-json\/wp\/v2\/product\/5703","targetHints":{"allow":["GET"]}}],"collection":[{"href":"https:\/\/agenciayork.com\/hdf\/wp-json\/wp\/v2\/product"}],"about":[{"href":"https:\/\/agenciayork.com\/hdf\/wp-json\/wp\/v2\/types\/product"}],"version-history":[{"count":13,"href":"https:\/\/agenciayork.com\/hdf\/wp-json\/wp\/v2\/product\/5703\/revisions"}],"predecessor-version":[{"id":11600,"href":"https:\/\/agenciayork.com\/hdf\/wp-json\/wp\/v2\/product\/5703\/revisions\/11600"}],"wp:featuredmedia":[{"embeddable":true,"href":"https:\/\/agenciayork.com\/hdf\/wp-json\/wp\/v2\/media\/5847"}],"wp:attachment":[{"href":"https:\/\/agenciayork.com\/hdf\/wp-json\/wp\/v2\/media?parent=5703"}],"wp:term":[{"taxonomy":"product_brand","embeddable":true,"href":"https:\/\/agenciayork.com\/hdf\/wp-json\/wp\/v2\/product_brand?post=5703"},{"taxonomy":"product_cat","embeddable":true,"href":"https:\/\/agenciayork.com\/hdf\/wp-json\/wp\/v2\/product_cat?post=5703"},{"taxonomy":"product_tag","embeddable":true,"href":"https:\/\/agenciayork.com\/hdf\/wp-json\/wp\/v2\/product_tag?post=5703"}],"curies":[{"name":"wp","href":"https:\/\/api.w.org\/{rel}","templated":true}]}}