{"id":5704,"date":"2023-10-25T14:23:06","date_gmt":"2023-10-25T14:23:06","guid":{"rendered":"https:\/\/agenciayork.com\/hdf\/producto\/estuche-de-3-texturas\/"},"modified":"2024-10-12T23:46:12","modified_gmt":"2024-10-13T02:46:12","slug":"estuche-de-3-texturas","status":"publish","type":"product","link":"https:\/\/agenciayork.com\/hdf\/producto\/estuche-de-3-texturas\/","title":{"rendered":"Estuche de 3 texturas"},"content":{"rendered":"\t\t<div data-elementor-type=\"wp-post\" data-elementor-id=\"5704\" class=\"elementor elementor-5704\">\n\t\t\t\t<div class=\"elementor-element elementor-element-2a21fad e-flex e-con-boxed e-con e-parent\" data-id=\"2a21fad\" data-element_type=\"container\">\n\t\t\t\t\t<div class=\"e-con-inner\">\n\t\t\t\t<div class=\"elementor-element elementor-element-49318b9 elementor-widget elementor-widget-nest-title-v1\" data-id=\"49318b9\" data-element_type=\"widget\" data-widget_type=\"nest-title-v1.default\">\n\t\t\t\t<div class=\"elementor-widget-container\">\n\t\t\t        <div class=\"section_title type_one\">\r\n                            <h4 class=\"mb-20 text-brand\"> Estuche de 3 texturas<\/h4>\r\n                                                    <p class=\"mb-20\"> Te invito a descubrir mi estuche de 3 mousses, un imperdible de la gastronom\u00eda francesa. Con sus 3 mousses con textura cremosa y sus sabores delicados, marca la diferencia en un aperitivo o una comida, y se disfruta sin moderaci\u00f3n!<\/p>\r\n                    <\/div>\r\n    \t\t<\/div>\n\t\t\t\t<\/div>\n\t\t\t\t\t<\/div>\n\t\t\t\t<\/div>\n\t\t<div class=\"elementor-element elementor-element-7c85e17 e-flex e-con-boxed e-con e-parent\" data-id=\"7c85e17\" data-element_type=\"container\">\n\t\t\t\t\t<div class=\"e-con-inner\">\n\t\t\t\t<div class=\"elementor-element elementor-element-937a165 elementor-widget-divider--view-line elementor-widget elementor-widget-divider\" data-id=\"937a165\" data-element_type=\"widget\" data-widget_type=\"divider.default\">\n\t\t\t\t<div class=\"elementor-widget-container\">\n\t\t\t\t\t<div class=\"elementor-divider\">\n\t\t\t<span class=\"elementor-divider-separator\">\n\t\t\t\t\t\t<\/span>\n\t\t<\/div>\n\t\t\t\t<\/div>\n\t\t\t\t<\/div>\n\t\t\t\t\t<\/div>\n\t\t\t\t<\/div>\n\t\t<div class=\"elementor-element elementor-element-10dccf3 e-flex e-con-boxed e-con e-parent\" data-id=\"10dccf3\" data-element_type=\"container\">\n\t\t\t\t\t<div class=\"e-con-inner\">\n\t\t<div class=\"elementor-element elementor-element-232a9d4 e-con-full e-flex e-con e-child\" data-id=\"232a9d4\" data-element_type=\"container\">\n\t\t\t\t<div class=\"elementor-element elementor-element-0f21d76 elementor-widget elementor-widget-image\" data-id=\"0f21d76\" data-element_type=\"widget\" data-widget_type=\"image.default\">\n\t\t\t\t<div class=\"elementor-widget-container\">\n\t\t\t\t\t\t\t\t\t\t\t\t\t<img fetchpriority=\"high\" decoding=\"async\" width=\"300\" height=\"300\" src=\"https:\/\/agenciayork.com\/hdf\/wp-content\/uploads\/2023\/10\/estuche-texturas-300x300.png\" class=\"attachment-medium size-medium wp-image-11582\" alt=\"estuche texturas\" srcset=\"https:\/\/agenciayork.com\/hdf\/wp-content\/uploads\/2023\/10\/estuche-texturas-300x300.png 300w, https:\/\/agenciayork.com\/hdf\/wp-content\/uploads\/2023\/10\/estuche-texturas-1024x1024.png 1024w, https:\/\/agenciayork.com\/hdf\/wp-content\/uploads\/2023\/10\/estuche-texturas-150x150.png 150w, https:\/\/agenciayork.com\/hdf\/wp-content\/uploads\/2023\/10\/estuche-texturas-768x768.png 768w, https:\/\/agenciayork.com\/hdf\/wp-content\/uploads\/2023\/10\/estuche-texturas-600x600.png 600w, https:\/\/agenciayork.com\/hdf\/wp-content\/uploads\/2023\/10\/estuche-texturas-100x100.png 100w, https:\/\/agenciayork.com\/hdf\/wp-content\/uploads\/2023\/10\/estuche-texturas-50x50.png 50w, https:\/\/agenciayork.com\/hdf\/wp-content\/uploads\/2023\/10\/estuche-texturas-64x64.png 64w, https:\/\/agenciayork.com\/hdf\/wp-content\/uploads\/2023\/10\/estuche-texturas.png 1080w\" sizes=\"(max-width: 300px) 100vw, 300px\" \/>\t\t\t\t\t\t\t\t\t\t\t\t\t<\/div>\n\t\t\t\t<\/div>\n\t\t\t\t<\/div>\n\t\t<div class=\"elementor-element elementor-element-bd89031 e-con-full e-flex e-con e-child\" data-id=\"bd89031\" data-element_type=\"container\">\n\t\t\t\t<div class=\"elementor-element elementor-element-73492e6 elementor-widget elementor-widget-heading\" data-id=\"73492e6\" data-element_type=\"widget\" data-widget_type=\"heading.default\">\n\t\t\t\t<div class=\"elementor-widget-container\">\n\t\t\t<h4 class=\"elementor-heading-title elementor-size-default\">RECETA CASERA Y deliciosa<br>una textura untuosa y llena de sabores<\/h4>\t\t<\/div>\n\t\t\t\t<\/div>\n\t\t\t\t<div class=\"elementor-element elementor-element-0abcbaf elementor-widget elementor-widget-nest-text-editor-v1\" data-id=\"0abcbaf\" data-element_type=\"widget\" data-widget_type=\"nest-text-editor-v1.default\">\n\t\t\t\t<div class=\"elementor-widget-container\">\n\t\t\t   <div class=\"custom_text_editor position-relative\">\r\n        <p>El estuche de 3 texturas ofrece una experiencia culinaria \u00fanica que combina la sofisticaci\u00f3n del <strong>aperitivo<\/strong> <strong>franc\u00e9s<\/strong> con la comodidad de tener un <strong>regalo<\/strong> o una opci\u00f3n de <strong>picoteo<\/strong> de \u00faltimo minuto. Este conjunto es una oportunidad para <strong>descubrir<\/strong> y <strong>disfrutar<\/strong> de los <strong>sabores<\/strong> caracter\u00edsticos de la <strong>gastronom\u00eda<\/strong> <strong>francesa<\/strong>.<\/p><p>Cada estuche contiene <strong>tres conservas<\/strong> de <strong>90<\/strong> <strong>gramos<\/strong>, cada una con una deliciosa variedad de mousses que capturan la esencia de la cocina francesa. Desde la cl\u00e1sica <a href=\"https:\/\/agenciayork.com\/hdf\/producto\/mousse-de-foie-al-oporto\/\"><strong>mousse<\/strong> <strong>Oporto<\/strong><\/a> hasta el exquisito <a href=\"https:\/\/agenciayork.com\/hdf\/producto\/pate-de-campagne-tradicional\/\"><strong>pat\u00e9 de campagne<\/strong><\/a> y las cremosas <a href=\"https:\/\/agenciayork.com\/hdf\/producto\/rillettes-de-cerdo\/\"><strong>rillettes<\/strong><\/a>, este conjunto ofrece una amplia gama de sabores para satisfacer todos los gustos y preferencias.<\/p><p>Lo mejor de todo es que estos productos est\u00e1n elaborados con una <strong>receta<\/strong> <strong>francesa<\/strong> <strong>aut\u00e9ntica<\/strong>, utilizando <strong>ingredientes<\/strong> <strong>100%<\/strong> <strong>naturales<\/strong> y <strong>sin<\/strong> <strong>preservantes<\/strong>. Esto garantiza un sabor puro y aut\u00e9ntico que te transporta directamente a las calles de Par\u00eds con cada bocado. Adem\u00e1s, al ser producidas en Chile, estas mousses combinan lo mejor de dos mundos culinarios, fusionando la tradici\u00f3n francesa con los sabores y ingredientes locales.<\/p><p><strong>Contenido<\/strong> este estuche viene con:<br \/>&gt; Mousse de foie al Oporto<br \/>&gt; Pat\u00e9 de campagne tradicional<br \/>&gt; Rillettes de cerdo<\/p><p>La mousse es una receta tradicional francesa que adaptamos al gusto chileno: hecha de panitas de pollo. <br \/>- La mousse de foie con <strong>Oporto<\/strong> tiene una textura <strong>suave<\/strong> y su sabor <strong>dulce<\/strong>, es nuestro \u201c<strong>Best Seller<\/strong>\u201d. <br \/>- El pat\u00e9 de <strong>campagne<\/strong> est\u00e1 hecho a base de <strong>carne<\/strong> de <strong>cerdo<\/strong> <strong>marinada<\/strong> en una mezcla de <strong>co\u00f1ac<\/strong> y <strong>especies<\/strong>. Tiene una <strong>textura<\/strong> <strong>gruesa<\/strong>.<br \/>\u200b- Para preparar las <strong>rillettes<\/strong> de cerdo, la <strong>carne<\/strong> de <strong>cerdo<\/strong> est\u00e1 <strong>confitada<\/strong> por muchas horas con especies y luego <strong>desmenuzada<\/strong>. Su <strong>textura<\/strong> se puede comparar a la carne <strong>mechada<\/strong>.<\/p>    <\/div>\r\n\t\t<\/div>\n\t\t\t\t<\/div>\n\t\t\t\t<\/div>\n\t\t\t\t\t<\/div>\n\t\t\t\t<\/div>\n\t\t<div class=\"elementor-element elementor-element-f95cd6e e-flex e-con-boxed e-con e-parent\" data-id=\"f95cd6e\" data-element_type=\"container\">\n\t\t\t\t\t<div class=\"e-con-inner\">\n\t\t\t\t<div class=\"elementor-element elementor-element-be2a238 elementor-widget-divider--view-line elementor-widget elementor-widget-divider\" data-id=\"be2a238\" data-element_type=\"widget\" data-widget_type=\"divider.default\">\n\t\t\t\t<div class=\"elementor-widget-container\">\n\t\t\t\t\t<div class=\"elementor-divider\">\n\t\t\t<span class=\"elementor-divider-separator\">\n\t\t\t\t\t\t<\/span>\n\t\t<\/div>\n\t\t\t\t<\/div>\n\t\t\t\t<\/div>\n\t\t\t\t\t<\/div>\n\t\t\t\t<\/div>\n\t\t<div class=\"elementor-element elementor-element-f2199b8 e-flex e-con-boxed e-con e-parent\" data-id=\"f2199b8\" data-element_type=\"container\">\n\t\t\t\t\t<div class=\"e-con-inner\">\n\t\t<div class=\"elementor-element elementor-element-7c2e942 e-con-full e-flex e-con e-child\" data-id=\"7c2e942\" data-element_type=\"container\">\n\t\t\t\t<div class=\"elementor-element elementor-element-81092ca elementor-widget elementor-widget-heading\" data-id=\"81092ca\" data-element_type=\"widget\" data-widget_type=\"heading.default\">\n\t\t\t\t<div class=\"elementor-widget-container\">\n\t\t\t<h4 class=\"elementor-heading-title elementor-size-default\">el producto perfecto para el picoteo<\/h4>\t\t<\/div>\n\t\t\t\t<\/div>\n\t\t\t\t<div class=\"elementor-element elementor-element-93281c7 elementor-widget elementor-widget-nest-text-editor-v1\" data-id=\"93281c7\" data-element_type=\"widget\" data-widget_type=\"nest-text-editor-v1.default\">\n\t\t\t\t<div class=\"elementor-widget-container\">\n\t\t\t   <div class=\"custom_text_editor position-relative\">\r\n        <p>La\u00a0<strong>presentaci\u00f3n<\/strong>\u00a0<strong>refinada<\/strong>\u00a0al estilo franc\u00e9s convierte a este estuche en un\u00a0<strong>regalo<\/strong>\u00a0<strong>ideal<\/strong>\u00a0para llevar a una\u00a0<strong>cena<\/strong>\u00a0entre amigos o cualquier otra ocasi\u00f3n especial. Su\u00a0<strong>elegancia<\/strong>\u00a0y\u00a0<strong>calidad<\/strong>\u00a0no pasan desapercibidas, agregando un toque de distinci\u00f3n a cualquier evento.<\/p><p>La versatilidad de este estuche lo convierte en una opci\u00f3n perfecta para diversas ocasiones. Ya sea como un regalo elegante y sofisticado o como una soluci\u00f3n r\u00e1pida y deliciosa para un\u00a0<strong>picoteo<\/strong>\u00a0improvisado, estas mousses son una elecci\u00f3n acertada. Su tama\u00f1o conveniente y su facilidad de almacenamiento hacen que sean ideales para tener a mano en cualquier momento.<\/p><p><strong>Conservaci\u00f3n<\/strong>\u00a06 meses en la despensa 1 semana en el refrigerador una vez abierto<\/p><p>Igual, tengo el\u00a0<a href=\"https:\/\/agenciayork.com\/hdf\/producto\/estuche-de-3-mousses\/\"><strong>estuche de 3 mousses<\/strong><\/a>\u00a0si quieres probar m\u00e1s pat\u00e9s, mousses y texturas!\u00a0<\/p>    <\/div>\r\n\t\t<\/div>\n\t\t\t\t<\/div>\n\t\t\t\t<\/div>\n\t\t<div class=\"elementor-element elementor-element-9ff503a e-con-full e-flex e-con e-child\" data-id=\"9ff503a\" data-element_type=\"container\">\n\t\t\t\t<div class=\"elementor-element elementor-element-26a9024 elementor-widget elementor-widget-image\" data-id=\"26a9024\" data-element_type=\"widget\" data-widget_type=\"image.default\">\n\t\t\t\t<div class=\"elementor-widget-container\">\n\t\t\t\t\t\t\t\t\t\t\t\t\t<img decoding=\"async\" width=\"300\" height=\"300\" src=\"https:\/\/agenciayork.com\/hdf\/wp-content\/uploads\/2023\/10\/rillettes-2-300x300.png\" class=\"attachment-medium size-medium wp-image-11506\" alt=\"rillettes\" srcset=\"https:\/\/agenciayork.com\/hdf\/wp-content\/uploads\/2023\/10\/rillettes-2-300x300.png 300w, https:\/\/agenciayork.com\/hdf\/wp-content\/uploads\/2023\/10\/rillettes-2-1024x1024.png 1024w, https:\/\/agenciayork.com\/hdf\/wp-content\/uploads\/2023\/10\/rillettes-2-150x150.png 150w, https:\/\/agenciayork.com\/hdf\/wp-content\/uploads\/2023\/10\/rillettes-2-768x768.png 768w, https:\/\/agenciayork.com\/hdf\/wp-content\/uploads\/2023\/10\/rillettes-2-600x600.png 600w, https:\/\/agenciayork.com\/hdf\/wp-content\/uploads\/2023\/10\/rillettes-2-100x100.png 100w, https:\/\/agenciayork.com\/hdf\/wp-content\/uploads\/2023\/10\/rillettes-2-50x50.png 50w, https:\/\/agenciayork.com\/hdf\/wp-content\/uploads\/2023\/10\/rillettes-2-64x64.png 64w, https:\/\/agenciayork.com\/hdf\/wp-content\/uploads\/2023\/10\/rillettes-2.png 1080w\" sizes=\"(max-width: 300px) 100vw, 300px\" \/>\t\t\t\t\t\t\t\t\t\t\t\t\t<\/div>\n\t\t\t\t<\/div>\n\t\t\t\t<\/div>\n\t\t\t\t\t<\/div>\n\t\t\t\t<\/div>\n\t\t<div class=\"elementor-element elementor-element-c0ca78f e-flex e-con-boxed e-con e-parent\" data-id=\"c0ca78f\" data-element_type=\"container\">\n\t\t\t\t\t<div class=\"e-con-inner\">\n\t\t\t\t<div class=\"elementor-element elementor-element-862bd29 elementor-widget-divider--view-line elementor-widget elementor-widget-divider\" data-id=\"862bd29\" data-element_type=\"widget\" data-widget_type=\"divider.default\">\n\t\t\t\t<div class=\"elementor-widget-container\">\n\t\t\t\t\t<div class=\"elementor-divider\">\n\t\t\t<span class=\"elementor-divider-separator\">\n\t\t\t\t\t\t<\/span>\n\t\t<\/div>\n\t\t\t\t<\/div>\n\t\t\t\t<\/div>\n\t\t\t\t\t<\/div>\n\t\t\t\t<\/div>\n\t\t<div class=\"elementor-element elementor-element-86e9daf e-flex e-con-boxed e-con e-parent\" data-id=\"86e9daf\" data-element_type=\"container\">\n\t\t\t\t\t<div class=\"e-con-inner\">\n\t\t\t\t<div class=\"elementor-element elementor-element-61bb22e elementor-widget elementor-widget-nest-text-editor-v1\" data-id=\"61bb22e\" data-element_type=\"widget\" data-widget_type=\"nest-text-editor-v1.default\">\n\t\t\t\t<div class=\"elementor-widget-container\">\n\t\t\t   <div class=\"custom_text_editor position-relative\">\r\n        <p>En mi compromiso con el\u00a0<strong>medio ambiente<\/strong>, si me traes\u00a0<strong>10 frascos<\/strong>\u00a0vac\u00edos con su etiqueta original, te\u00a0<strong>regalo<\/strong>\u00a0un producto.<\/p>    <\/div>\r\n\t\t<\/div>\n\t\t\t\t<\/div>\n\t\t\t\t\t<\/div>\n\t\t\t\t<\/div>\n\t\t\t\t<\/div>\n\t\t","protected":false},"excerpt":{"rendered":"<p>El estuche es una idea original para regalar o descubrir los hitos del aperitivo franc\u00e9s!\u00a0Ideal si no tiene nada de previsto para un picoteo de \u00faltimo minuto.<br \/>\nSu presentaci\u00f3n refinada en el estilo franc\u00e9s hace un excelente regalo para llevar a una cena donde amigos.<\/p>\n<p><b>Estuche de 3 conservas de 90 gr<br \/>\n<\/b><b>HECHO EN CHILE<br \/>\nReceta francesa &#8211; 100% natural &#8211; Sin preservantes<\/b><\/p>\n","protected":false},"featured_media":5883,"template":"","meta":[],"product_brand":[],"product_cat":[166,134,110,145],"product_tag":[],"class_list":{"0":"post-5704","1":"product","2":"type-product","3":"status-publish","4":"has-post-thumbnail","6":"product_cat-mis-clasicos","7":"product_cat-pates-y-untables","8":"product_cat-picoteo","9":"product_cat-regalos-gourmet","11":"first","12":"instock","13":"shipping-taxable","14":"purchasable","15":"product-type-simple"},"yoast_head":"<!-- This site is optimized with the Yoast SEO plugin v27.5 - https:\/\/yoast.com\/product\/yoast-seo-wordpress\/ -->\n<title>Estuche de 3 texturas - H\u00e9l\u00e8ne de Fleurac<\/title>\n<meta name=\"description\" content=\"Descubre el encanto del aperitivo franc\u00e9s con el estuche de 3 texturas por $11.900. Con una presentaci\u00f3n refinada y una selecci\u00f3n de sabores aut\u00e9nticos, est\" \/>\n<meta name=\"robots\" content=\"index, follow, max-snippet:-1, max-image-preview:large, max-video-preview:-1\" \/>\n<link rel=\"canonical\" href=\"https:\/\/agenciayork.com\/hdf\/producto\/estuche-de-3-texturas\/\" \/>\n<meta property=\"og:locale\" content=\"es_ES\" \/>\n<meta property=\"og:type\" content=\"article\" \/>\n<meta property=\"og:title\" content=\"Estuche de 3 texturas - H\u00e9l\u00e8ne de Fleurac\" \/>\n<meta property=\"og:description\" content=\"Descubre el encanto del aperitivo franc\u00e9s con el estuche de 3 texturas por $11.900. Con una presentaci\u00f3n refinada y una selecci\u00f3n de sabores aut\u00e9nticos, est\" \/>\n<meta property=\"og:url\" content=\"https:\/\/agenciayork.com\/hdf\/producto\/estuche-de-3-texturas\/\" \/>\n<meta property=\"og:site_name\" content=\"H\u00e9l\u00e8ne de Fleurac\" \/>\n<meta property=\"article:modified_time\" content=\"2024-10-13T02:46:12+00:00\" \/>\n<meta property=\"og:image\" content=\"https:\/\/agenciayork.com\/hdf\/wp-content\/uploads\/2023\/10\/Estuche3texturas2-1.png\" \/>\n\t<meta property=\"og:image:width\" content=\"500\" \/>\n\t<meta property=\"og:image:height\" content=\"500\" \/>\n\t<meta property=\"og:image:type\" content=\"image\/png\" \/>\n<meta name=\"twitter:card\" content=\"summary_large_image\" \/>\n<meta name=\"twitter:label1\" content=\"Tiempo estimado de lectura\" \/>\n\t<meta name=\"twitter:data1\" content=\"4 minutos\" \/>\n<script type=\"application\/ld+json\" class=\"yoast-schema-graph\">{\"@context\":\"https:\\\/\\\/schema.org\",\"@graph\":[{\"@type\":\"WebPage\",\"@id\":\"https:\\\/\\\/agenciayork.com\\\/hdf\\\/producto\\\/estuche-de-3-texturas\\\/\",\"url\":\"https:\\\/\\\/agenciayork.com\\\/hdf\\\/producto\\\/estuche-de-3-texturas\\\/\",\"name\":\"Estuche de 3 texturas - H\u00e9l\u00e8ne de Fleurac\",\"isPartOf\":{\"@id\":\"https:\\\/\\\/agenciayork.com\\\/hdf\\\/#website\"},\"primaryImageOfPage\":{\"@id\":\"https:\\\/\\\/agenciayork.com\\\/hdf\\\/producto\\\/estuche-de-3-texturas\\\/#primaryimage\"},\"image\":{\"@id\":\"https:\\\/\\\/agenciayork.com\\\/hdf\\\/producto\\\/estuche-de-3-texturas\\\/#primaryimage\"},\"thumbnailUrl\":\"https:\\\/\\\/agenciayork.com\\\/hdf\\\/wp-content\\\/uploads\\\/2023\\\/10\\\/Estuche3texturas2-1.png\",\"datePublished\":\"2023-10-25T14:23:06+00:00\",\"dateModified\":\"2024-10-13T02:46:12+00:00\",\"description\":\"Descubre el encanto del aperitivo franc\u00e9s con el estuche de 3 texturas por $11.900. Con una presentaci\u00f3n refinada y una selecci\u00f3n de sabores aut\u00e9nticos, est\",\"breadcrumb\":{\"@id\":\"https:\\\/\\\/agenciayork.com\\\/hdf\\\/producto\\\/estuche-de-3-texturas\\\/#breadcrumb\"},\"inLanguage\":\"es-CL\",\"potentialAction\":[{\"@type\":\"ReadAction\",\"target\":[\"https:\\\/\\\/agenciayork.com\\\/hdf\\\/producto\\\/estuche-de-3-texturas\\\/\"]}]},{\"@type\":\"ImageObject\",\"inLanguage\":\"es-CL\",\"@id\":\"https:\\\/\\\/agenciayork.com\\\/hdf\\\/producto\\\/estuche-de-3-texturas\\\/#primaryimage\",\"url\":\"https:\\\/\\\/agenciayork.com\\\/hdf\\\/wp-content\\\/uploads\\\/2023\\\/10\\\/Estuche3texturas2-1.png\",\"contentUrl\":\"https:\\\/\\\/agenciayork.com\\\/hdf\\\/wp-content\\\/uploads\\\/2023\\\/10\\\/Estuche3texturas2-1.png\",\"width\":500,\"height\":500},{\"@type\":\"BreadcrumbList\",\"@id\":\"https:\\\/\\\/agenciayork.com\\\/hdf\\\/producto\\\/estuche-de-3-texturas\\\/#breadcrumb\",\"itemListElement\":[{\"@type\":\"ListItem\",\"position\":1,\"name\":\"Portada\",\"item\":\"https:\\\/\\\/agenciayork.com\\\/hdf\\\/\"},{\"@type\":\"ListItem\",\"position\":2,\"name\":\"Tienda\",\"item\":\"https:\\\/\\\/agenciayork.com\\\/hdf\\\/mejores-productos-de-la-gastronomia-francesa\\\/\"},{\"@type\":\"ListItem\",\"position\":3,\"name\":\"Estuche de 3 texturas\"}]},{\"@type\":\"WebSite\",\"@id\":\"https:\\\/\\\/agenciayork.com\\\/hdf\\\/#website\",\"url\":\"https:\\\/\\\/agenciayork.com\\\/hdf\\\/\",\"name\":\"H\u00e9l\u00e8ne de Fleurac\",\"description\":\"Gastronom\u00eda francesa\",\"potentialAction\":[{\"@type\":\"SearchAction\",\"target\":{\"@type\":\"EntryPoint\",\"urlTemplate\":\"https:\\\/\\\/agenciayork.com\\\/hdf\\\/?s={search_term_string}\"},\"query-input\":{\"@type\":\"PropertyValueSpecification\",\"valueRequired\":true,\"valueName\":\"search_term_string\"}}],\"inLanguage\":\"es-CL\"}]}<\/script>\n<!-- \/ Yoast SEO plugin. -->","yoast_head_json":{"title":"Estuche de 3 texturas - H\u00e9l\u00e8ne de Fleurac","description":"Descubre el encanto del aperitivo franc\u00e9s con el estuche de 3 texturas por $11.900. Con una presentaci\u00f3n refinada y una selecci\u00f3n de sabores aut\u00e9nticos, est","robots":{"index":"index","follow":"follow","max-snippet":"max-snippet:-1","max-image-preview":"max-image-preview:large","max-video-preview":"max-video-preview:-1"},"canonical":"https:\/\/agenciayork.com\/hdf\/producto\/estuche-de-3-texturas\/","og_locale":"es_ES","og_type":"article","og_title":"Estuche de 3 texturas - H\u00e9l\u00e8ne de Fleurac","og_description":"Descubre el encanto del aperitivo franc\u00e9s con el estuche de 3 texturas por $11.900. Con una presentaci\u00f3n refinada y una selecci\u00f3n de sabores aut\u00e9nticos, est","og_url":"https:\/\/agenciayork.com\/hdf\/producto\/estuche-de-3-texturas\/","og_site_name":"H\u00e9l\u00e8ne de Fleurac","article_modified_time":"2024-10-13T02:46:12+00:00","og_image":[{"width":500,"height":500,"url":"https:\/\/agenciayork.com\/hdf\/wp-content\/uploads\/2023\/10\/Estuche3texturas2-1.png","type":"image\/png"}],"twitter_card":"summary_large_image","twitter_misc":{"Tiempo estimado de lectura":"4 minutos"},"schema":{"@context":"https:\/\/schema.org","@graph":[{"@type":"WebPage","@id":"https:\/\/agenciayork.com\/hdf\/producto\/estuche-de-3-texturas\/","url":"https:\/\/agenciayork.com\/hdf\/producto\/estuche-de-3-texturas\/","name":"Estuche de 3 texturas - H\u00e9l\u00e8ne de Fleurac","isPartOf":{"@id":"https:\/\/agenciayork.com\/hdf\/#website"},"primaryImageOfPage":{"@id":"https:\/\/agenciayork.com\/hdf\/producto\/estuche-de-3-texturas\/#primaryimage"},"image":{"@id":"https:\/\/agenciayork.com\/hdf\/producto\/estuche-de-3-texturas\/#primaryimage"},"thumbnailUrl":"https:\/\/agenciayork.com\/hdf\/wp-content\/uploads\/2023\/10\/Estuche3texturas2-1.png","datePublished":"2023-10-25T14:23:06+00:00","dateModified":"2024-10-13T02:46:12+00:00","description":"Descubre el encanto del aperitivo franc\u00e9s con el estuche de 3 texturas por $11.900. Con una presentaci\u00f3n refinada y una selecci\u00f3n de sabores aut\u00e9nticos, est","breadcrumb":{"@id":"https:\/\/agenciayork.com\/hdf\/producto\/estuche-de-3-texturas\/#breadcrumb"},"inLanguage":"es-CL","potentialAction":[{"@type":"ReadAction","target":["https:\/\/agenciayork.com\/hdf\/producto\/estuche-de-3-texturas\/"]}]},{"@type":"ImageObject","inLanguage":"es-CL","@id":"https:\/\/agenciayork.com\/hdf\/producto\/estuche-de-3-texturas\/#primaryimage","url":"https:\/\/agenciayork.com\/hdf\/wp-content\/uploads\/2023\/10\/Estuche3texturas2-1.png","contentUrl":"https:\/\/agenciayork.com\/hdf\/wp-content\/uploads\/2023\/10\/Estuche3texturas2-1.png","width":500,"height":500},{"@type":"BreadcrumbList","@id":"https:\/\/agenciayork.com\/hdf\/producto\/estuche-de-3-texturas\/#breadcrumb","itemListElement":[{"@type":"ListItem","position":1,"name":"Portada","item":"https:\/\/agenciayork.com\/hdf\/"},{"@type":"ListItem","position":2,"name":"Tienda","item":"https:\/\/agenciayork.com\/hdf\/mejores-productos-de-la-gastronomia-francesa\/"},{"@type":"ListItem","position":3,"name":"Estuche de 3 texturas"}]},{"@type":"WebSite","@id":"https:\/\/agenciayork.com\/hdf\/#website","url":"https:\/\/agenciayork.com\/hdf\/","name":"H\u00e9l\u00e8ne de Fleurac","description":"Gastronom\u00eda francesa","potentialAction":[{"@type":"SearchAction","target":{"@type":"EntryPoint","urlTemplate":"https:\/\/agenciayork.com\/hdf\/?s={search_term_string}"},"query-input":{"@type":"PropertyValueSpecification","valueRequired":true,"valueName":"search_term_string"}}],"inLanguage":"es-CL"}]}},"_links":{"self":[{"href":"https:\/\/agenciayork.com\/hdf\/wp-json\/wp\/v2\/product\/5704","targetHints":{"allow":["GET"]}}],"collection":[{"href":"https:\/\/agenciayork.com\/hdf\/wp-json\/wp\/v2\/product"}],"about":[{"href":"https:\/\/agenciayork.com\/hdf\/wp-json\/wp\/v2\/types\/product"}],"version-history":[{"count":8,"href":"https:\/\/agenciayork.com\/hdf\/wp-json\/wp\/v2\/product\/5704\/revisions"}],"predecessor-version":[{"id":11586,"href":"https:\/\/agenciayork.com\/hdf\/wp-json\/wp\/v2\/product\/5704\/revisions\/11586"}],"wp:featuredmedia":[{"embeddable":true,"href":"https:\/\/agenciayork.com\/hdf\/wp-json\/wp\/v2\/media\/5883"}],"wp:attachment":[{"href":"https:\/\/agenciayork.com\/hdf\/wp-json\/wp\/v2\/media?parent=5704"}],"wp:term":[{"taxonomy":"product_brand","embeddable":true,"href":"https:\/\/agenciayork.com\/hdf\/wp-json\/wp\/v2\/product_brand?post=5704"},{"taxonomy":"product_cat","embeddable":true,"href":"https:\/\/agenciayork.com\/hdf\/wp-json\/wp\/v2\/product_cat?post=5704"},{"taxonomy":"product_tag","embeddable":true,"href":"https:\/\/agenciayork.com\/hdf\/wp-json\/wp\/v2\/product_tag?post=5704"}],"curies":[{"name":"wp","href":"https:\/\/api.w.org\/{rel}","templated":true}]}}