{"id":5706,"date":"2023-10-25T11:23:08","date_gmt":"2023-10-25T14:23:08","guid":{"rendered":"https:\/\/agenciayork.com\/hdf\/producto\/foie-gras-crudo-2-escalopas-100-gr\/"},"modified":"2024-10-14T09:44:39","modified_gmt":"2024-10-14T12:44:39","slug":"foie-gras-crudo-escalopas-100-gr","status":"publish","type":"product","link":"https:\/\/agenciayork.com\/hdf\/producto\/foie-gras-crudo-escalopas-100-gr\/","title":{"rendered":"FOIE GRAS CRUDO escalopas (100 gr)"},"content":{"rendered":"","protected":false},"excerpt":{"rendered":"<p>El foie gras crudo es un producto franc\u00e9s, ideal para sellar en sart\u00e9n y hacer el famoso &#8220;<em>foie po\u00eal\u00e9<\/em>\u201c, acompa\u00f1ado, por ejemplo, de manzanas o peras caramelizadas.<\/p>\n<p>Tambi\u00e9n se puede hacer el famoso \u201c<em>Tournedos Rossini<\/em>\u201d: foie gras sellado sobre un medall\u00f3n de filete.<\/p>\n<p>\u201cNada m\u00e1s simple\u201d: cortar y poner en un sart\u00e9n caliente 30 segundos por lado y&#8230; listo!<\/p>\n<p>Tambi\u00e9n puede hacer su propia receta de terrine de &#8220;mi-cuit&#8221;.<\/p>\n<p><strong>Congelado, envasado al vac\u00edo<\/strong><\/p>\n<p><strong>Peso:<\/strong> 100 gr aprox (2 a 3 escalopas)<\/p>\n<p>\u200b<strong>Marca<\/strong>: Sarrade<\/p>\n","protected":false},"featured_media":4623,"template":"","meta":[],"product_brand":[],"product_cat":[121,135],"product_tag":[],"class_list":{"0":"post-5706","1":"product","2":"type-product","3":"status-publish","4":"has-post-thumbnail","6":"product_cat-foie-gras","7":"product_cat-pato","9":"first","10":"instock","11":"shipping-taxable","12":"purchasable","13":"product-type-simple"},"yoast_head":"<!-- This site is optimized with the Yoast SEO plugin v27.5 - https:\/\/yoast.com\/product\/yoast-seo-wordpress\/ -->\n<title>FOIE GRAS CRUDO escalopas (100 gr) - H\u00e9l\u00e8ne de Fleurac<\/title>\n<meta name=\"robots\" content=\"index, follow, max-snippet:-1, max-image-preview:large, max-video-preview:-1\" \/>\n<link rel=\"canonical\" href=\"https:\/\/agenciayork.com\/hdf\/producto\/foie-gras-crudo-escalopas-100-gr\/\" \/>\n<meta property=\"og:locale\" content=\"es_ES\" \/>\n<meta property=\"og:type\" content=\"article\" \/>\n<meta property=\"og:title\" content=\"FOIE GRAS CRUDO escalopas (100 gr) - H\u00e9l\u00e8ne de Fleurac\" \/>\n<meta property=\"og:description\" content=\"El foie gras crudo es un producto franc\u00e9s, ideal para sellar en sart\u00e9n y hacer el famoso &quot;foie po\u00eal\u00e9\u201c, acompa\u00f1ado, por ejemplo, de manzanas o peras caramelizadas.  Tambi\u00e9n se puede hacer el famoso \u201cTournedos Rossini\u201d: foie gras sellado sobre un medall\u00f3n de filete.  \u201cNada m\u00e1s simple\u201d: cortar y poner en un sart\u00e9n caliente 30 segundos por lado y... listo!  Tambi\u00e9n puede hacer su propia receta de terrine de &quot;mi-cuit&quot;.  Congelado, envasado al vac\u00edo  Peso: 100 gr aprox (2 a 3 escalopas)  \u200bMarca: Sarrade\" \/>\n<meta property=\"og:url\" content=\"https:\/\/agenciayork.com\/hdf\/producto\/foie-gras-crudo-escalopas-100-gr\/\" \/>\n<meta property=\"og:site_name\" content=\"H\u00e9l\u00e8ne de Fleurac\" \/>\n<meta property=\"article:modified_time\" content=\"2024-10-14T12:44:39+00:00\" \/>\n<meta property=\"og:image\" content=\"https:\/\/agenciayork.com\/hdf\/wp-content\/uploads\/2023\/10\/foie-cru-2_500x500_0b185001-4ecd-48de-9794-bff96490cbe3.jpg\" \/>\n\t<meta property=\"og:image:width\" content=\"500\" \/>\n\t<meta property=\"og:image:height\" content=\"500\" \/>\n\t<meta property=\"og:image:type\" content=\"image\/jpeg\" \/>\n<meta name=\"twitter:card\" content=\"summary_large_image\" \/>\n<meta name=\"twitter:label1\" content=\"Tiempo estimado de lectura\" \/>\n\t<meta name=\"twitter:data1\" content=\"1 minuto\" \/>\n<script type=\"application\/ld+json\" class=\"yoast-schema-graph\">{\"@context\":\"https:\\\/\\\/schema.org\",\"@graph\":[{\"@type\":\"WebPage\",\"@id\":\"https:\\\/\\\/agenciayork.com\\\/hdf\\\/producto\\\/foie-gras-crudo-escalopas-100-gr\\\/\",\"url\":\"https:\\\/\\\/agenciayork.com\\\/hdf\\\/producto\\\/foie-gras-crudo-escalopas-100-gr\\\/\",\"name\":\"FOIE GRAS CRUDO escalopas (100 gr) - H\u00e9l\u00e8ne de Fleurac\",\"isPartOf\":{\"@id\":\"https:\\\/\\\/agenciayork.com\\\/hdf\\\/#website\"},\"primaryImageOfPage\":{\"@id\":\"https:\\\/\\\/agenciayork.com\\\/hdf\\\/producto\\\/foie-gras-crudo-escalopas-100-gr\\\/#primaryimage\"},\"image\":{\"@id\":\"https:\\\/\\\/agenciayork.com\\\/hdf\\\/producto\\\/foie-gras-crudo-escalopas-100-gr\\\/#primaryimage\"},\"thumbnailUrl\":\"https:\\\/\\\/agenciayork.com\\\/hdf\\\/wp-content\\\/uploads\\\/2023\\\/10\\\/foie-cru-2_500x500_0b185001-4ecd-48de-9794-bff96490cbe3.jpg\",\"datePublished\":\"2023-10-25T14:23:08+00:00\",\"dateModified\":\"2024-10-14T12:44:39+00:00\",\"breadcrumb\":{\"@id\":\"https:\\\/\\\/agenciayork.com\\\/hdf\\\/producto\\\/foie-gras-crudo-escalopas-100-gr\\\/#breadcrumb\"},\"inLanguage\":\"es-CL\",\"potentialAction\":[{\"@type\":\"ReadAction\",\"target\":[\"https:\\\/\\\/agenciayork.com\\\/hdf\\\/producto\\\/foie-gras-crudo-escalopas-100-gr\\\/\"]}]},{\"@type\":\"ImageObject\",\"inLanguage\":\"es-CL\",\"@id\":\"https:\\\/\\\/agenciayork.com\\\/hdf\\\/producto\\\/foie-gras-crudo-escalopas-100-gr\\\/#primaryimage\",\"url\":\"https:\\\/\\\/agenciayork.com\\\/hdf\\\/wp-content\\\/uploads\\\/2023\\\/10\\\/foie-cru-2_500x500_0b185001-4ecd-48de-9794-bff96490cbe3.jpg\",\"contentUrl\":\"https:\\\/\\\/agenciayork.com\\\/hdf\\\/wp-content\\\/uploads\\\/2023\\\/10\\\/foie-cru-2_500x500_0b185001-4ecd-48de-9794-bff96490cbe3.jpg\",\"width\":500,\"height\":500},{\"@type\":\"BreadcrumbList\",\"@id\":\"https:\\\/\\\/agenciayork.com\\\/hdf\\\/producto\\\/foie-gras-crudo-escalopas-100-gr\\\/#breadcrumb\",\"itemListElement\":[{\"@type\":\"ListItem\",\"position\":1,\"name\":\"Portada\",\"item\":\"https:\\\/\\\/agenciayork.com\\\/hdf\\\/\"},{\"@type\":\"ListItem\",\"position\":2,\"name\":\"Tienda\",\"item\":\"https:\\\/\\\/agenciayork.com\\\/hdf\\\/mejores-productos-de-la-gastronomia-francesa\\\/\"},{\"@type\":\"ListItem\",\"position\":3,\"name\":\"FOIE GRAS CRUDO escalopas (100 gr)\"}]},{\"@type\":\"WebSite\",\"@id\":\"https:\\\/\\\/agenciayork.com\\\/hdf\\\/#website\",\"url\":\"https:\\\/\\\/agenciayork.com\\\/hdf\\\/\",\"name\":\"H\u00e9l\u00e8ne de Fleurac\",\"description\":\"Gastronom\u00eda francesa\",\"potentialAction\":[{\"@type\":\"SearchAction\",\"target\":{\"@type\":\"EntryPoint\",\"urlTemplate\":\"https:\\\/\\\/agenciayork.com\\\/hdf\\\/?s={search_term_string}\"},\"query-input\":{\"@type\":\"PropertyValueSpecification\",\"valueRequired\":true,\"valueName\":\"search_term_string\"}}],\"inLanguage\":\"es-CL\"}]}<\/script>\n<!-- \/ Yoast SEO plugin. -->","yoast_head_json":{"title":"FOIE GRAS CRUDO escalopas (100 gr) - H\u00e9l\u00e8ne de Fleurac","robots":{"index":"index","follow":"follow","max-snippet":"max-snippet:-1","max-image-preview":"max-image-preview:large","max-video-preview":"max-video-preview:-1"},"canonical":"https:\/\/agenciayork.com\/hdf\/producto\/foie-gras-crudo-escalopas-100-gr\/","og_locale":"es_ES","og_type":"article","og_title":"FOIE GRAS CRUDO escalopas (100 gr) - H\u00e9l\u00e8ne de Fleurac","og_description":"El foie gras crudo es un producto franc\u00e9s, ideal para sellar en sart\u00e9n y hacer el famoso \"foie po\u00eal\u00e9\u201c, acompa\u00f1ado, por ejemplo, de manzanas o peras caramelizadas.  Tambi\u00e9n se puede hacer el famoso \u201cTournedos Rossini\u201d: foie gras sellado sobre un medall\u00f3n de filete.  \u201cNada m\u00e1s simple\u201d: cortar y poner en un sart\u00e9n caliente 30 segundos por lado y... listo!  Tambi\u00e9n puede hacer su propia receta de terrine de \"mi-cuit\".  Congelado, envasado al vac\u00edo  Peso: 100 gr aprox (2 a 3 escalopas)  \u200bMarca: Sarrade","og_url":"https:\/\/agenciayork.com\/hdf\/producto\/foie-gras-crudo-escalopas-100-gr\/","og_site_name":"H\u00e9l\u00e8ne de Fleurac","article_modified_time":"2024-10-14T12:44:39+00:00","og_image":[{"width":500,"height":500,"url":"https:\/\/agenciayork.com\/hdf\/wp-content\/uploads\/2023\/10\/foie-cru-2_500x500_0b185001-4ecd-48de-9794-bff96490cbe3.jpg","type":"image\/jpeg"}],"twitter_card":"summary_large_image","twitter_misc":{"Tiempo estimado de lectura":"1 minuto"},"schema":{"@context":"https:\/\/schema.org","@graph":[{"@type":"WebPage","@id":"https:\/\/agenciayork.com\/hdf\/producto\/foie-gras-crudo-escalopas-100-gr\/","url":"https:\/\/agenciayork.com\/hdf\/producto\/foie-gras-crudo-escalopas-100-gr\/","name":"FOIE GRAS CRUDO escalopas (100 gr) - H\u00e9l\u00e8ne de Fleurac","isPartOf":{"@id":"https:\/\/agenciayork.com\/hdf\/#website"},"primaryImageOfPage":{"@id":"https:\/\/agenciayork.com\/hdf\/producto\/foie-gras-crudo-escalopas-100-gr\/#primaryimage"},"image":{"@id":"https:\/\/agenciayork.com\/hdf\/producto\/foie-gras-crudo-escalopas-100-gr\/#primaryimage"},"thumbnailUrl":"https:\/\/agenciayork.com\/hdf\/wp-content\/uploads\/2023\/10\/foie-cru-2_500x500_0b185001-4ecd-48de-9794-bff96490cbe3.jpg","datePublished":"2023-10-25T14:23:08+00:00","dateModified":"2024-10-14T12:44:39+00:00","breadcrumb":{"@id":"https:\/\/agenciayork.com\/hdf\/producto\/foie-gras-crudo-escalopas-100-gr\/#breadcrumb"},"inLanguage":"es-CL","potentialAction":[{"@type":"ReadAction","target":["https:\/\/agenciayork.com\/hdf\/producto\/foie-gras-crudo-escalopas-100-gr\/"]}]},{"@type":"ImageObject","inLanguage":"es-CL","@id":"https:\/\/agenciayork.com\/hdf\/producto\/foie-gras-crudo-escalopas-100-gr\/#primaryimage","url":"https:\/\/agenciayork.com\/hdf\/wp-content\/uploads\/2023\/10\/foie-cru-2_500x500_0b185001-4ecd-48de-9794-bff96490cbe3.jpg","contentUrl":"https:\/\/agenciayork.com\/hdf\/wp-content\/uploads\/2023\/10\/foie-cru-2_500x500_0b185001-4ecd-48de-9794-bff96490cbe3.jpg","width":500,"height":500},{"@type":"BreadcrumbList","@id":"https:\/\/agenciayork.com\/hdf\/producto\/foie-gras-crudo-escalopas-100-gr\/#breadcrumb","itemListElement":[{"@type":"ListItem","position":1,"name":"Portada","item":"https:\/\/agenciayork.com\/hdf\/"},{"@type":"ListItem","position":2,"name":"Tienda","item":"https:\/\/agenciayork.com\/hdf\/mejores-productos-de-la-gastronomia-francesa\/"},{"@type":"ListItem","position":3,"name":"FOIE GRAS CRUDO escalopas (100 gr)"}]},{"@type":"WebSite","@id":"https:\/\/agenciayork.com\/hdf\/#website","url":"https:\/\/agenciayork.com\/hdf\/","name":"H\u00e9l\u00e8ne de Fleurac","description":"Gastronom\u00eda francesa","potentialAction":[{"@type":"SearchAction","target":{"@type":"EntryPoint","urlTemplate":"https:\/\/agenciayork.com\/hdf\/?s={search_term_string}"},"query-input":{"@type":"PropertyValueSpecification","valueRequired":true,"valueName":"search_term_string"}}],"inLanguage":"es-CL"}]}},"_links":{"self":[{"href":"https:\/\/agenciayork.com\/hdf\/wp-json\/wp\/v2\/product\/5706","targetHints":{"allow":["GET"]}}],"collection":[{"href":"https:\/\/agenciayork.com\/hdf\/wp-json\/wp\/v2\/product"}],"about":[{"href":"https:\/\/agenciayork.com\/hdf\/wp-json\/wp\/v2\/types\/product"}],"version-history":[{"count":8,"href":"https:\/\/agenciayork.com\/hdf\/wp-json\/wp\/v2\/product\/5706\/revisions"}],"predecessor-version":[{"id":11976,"href":"https:\/\/agenciayork.com\/hdf\/wp-json\/wp\/v2\/product\/5706\/revisions\/11976"}],"wp:featuredmedia":[{"embeddable":true,"href":"https:\/\/agenciayork.com\/hdf\/wp-json\/wp\/v2\/media\/4623"}],"wp:attachment":[{"href":"https:\/\/agenciayork.com\/hdf\/wp-json\/wp\/v2\/media?parent=5706"}],"wp:term":[{"taxonomy":"product_brand","embeddable":true,"href":"https:\/\/agenciayork.com\/hdf\/wp-json\/wp\/v2\/product_brand?post=5706"},{"taxonomy":"product_cat","embeddable":true,"href":"https:\/\/agenciayork.com\/hdf\/wp-json\/wp\/v2\/product_cat?post=5706"},{"taxonomy":"product_tag","embeddable":true,"href":"https:\/\/agenciayork.com\/hdf\/wp-json\/wp\/v2\/product_tag?post=5706"}],"curies":[{"name":"wp","href":"https:\/\/api.w.org\/{rel}","templated":true}]}}