{"id":5782,"date":"2023-10-25T11:25:05","date_gmt":"2023-10-25T14:25:05","guid":{"rendered":"https:\/\/agenciayork.com\/hdf\/producto\/mantequilla-de-ajo-y-perejil\/"},"modified":"2024-10-12T13:57:39","modified_gmt":"2024-10-12T16:57:39","slug":"mantequilla-de-ajo-y-perejil","status":"publish","type":"product","link":"https:\/\/agenciayork.com\/hdf\/producto\/mantequilla-de-ajo-y-perejil\/","title":{"rendered":"Mantequilla de ajo y perejil"},"content":{"rendered":"\t\t<div data-elementor-type=\"wp-post\" data-elementor-id=\"5782\" class=\"elementor elementor-5782\">\n\t\t\t\t<div class=\"elementor-element elementor-element-21b456d e-flex e-con-boxed e-con e-parent\" data-id=\"21b456d\" data-element_type=\"container\">\n\t\t\t\t\t<div class=\"e-con-inner\">\n\t\t\t\t<div class=\"elementor-element elementor-element-978383a elementor-widget elementor-widget-nest-title-v1\" data-id=\"978383a\" data-element_type=\"widget\" data-widget_type=\"nest-title-v1.default\">\n\t\t\t\t<div class=\"elementor-widget-container\">\n\t\t\t        <div class=\"section_title type_one\">\r\n                            <h4 class=\"mb-20 text-brand\"> Mantequilla de ajo y perejil<\/h4>\r\n                                                    <p class=\"mb-20\"> Te invito a descubrir mi mantequilla de ajo con perejil, una combinaci\u00f3n cl\u00e1sica que eleva cualquier plato a otro nivel. Con su textura cremosa y su mezcla perfecta de ajo arom\u00e1tico y perejil fresco, esta mantequilla a\u00f1ade un toque de sabor irresistible a tus preparaciones. Ideal para untar en panes crujientes, acompa\u00f1ar caracoles, mariscos o realzar tus carnes, se convertir\u00e1 en un imprescindible en tu cocina.<\/p>\r\n                    <\/div>\r\n    \t\t<\/div>\n\t\t\t\t<\/div>\n\t\t\t\t\t<\/div>\n\t\t\t\t<\/div>\n\t\t<div class=\"elementor-element elementor-element-96a1c75 e-flex e-con-boxed e-con e-parent\" data-id=\"96a1c75\" data-element_type=\"container\">\n\t\t\t\t\t<div class=\"e-con-inner\">\n\t\t\t\t<div class=\"elementor-element elementor-element-d5ccc01 elementor-widget-divider--view-line elementor-widget elementor-widget-divider\" data-id=\"d5ccc01\" data-element_type=\"widget\" data-widget_type=\"divider.default\">\n\t\t\t\t<div class=\"elementor-widget-container\">\n\t\t\t\t\t<div class=\"elementor-divider\">\n\t\t\t<span class=\"elementor-divider-separator\">\n\t\t\t\t\t\t<\/span>\n\t\t<\/div>\n\t\t\t\t<\/div>\n\t\t\t\t<\/div>\n\t\t\t\t\t<\/div>\n\t\t\t\t<\/div>\n\t\t<div class=\"elementor-element elementor-element-144332e e-flex e-con-boxed e-con e-parent\" data-id=\"144332e\" data-element_type=\"container\">\n\t\t\t\t\t<div class=\"e-con-inner\">\n\t\t<div class=\"elementor-element elementor-element-1d467fb e-con-full e-flex e-con e-child\" data-id=\"1d467fb\" data-element_type=\"container\">\n\t\t\t\t<div class=\"elementor-element elementor-element-68ae13f elementor-widget elementor-widget-image\" data-id=\"68ae13f\" data-element_type=\"widget\" data-widget_type=\"image.default\">\n\t\t\t\t<div class=\"elementor-widget-container\">\n\t\t\t\t\t\t\t\t\t\t\t\t\t<img fetchpriority=\"high\" decoding=\"async\" width=\"300\" height=\"300\" src=\"https:\/\/agenciayork.com\/hdf\/wp-content\/uploads\/2023\/10\/mantequilla-ajo-perejil-1-300x300.png\" class=\"attachment-medium size-medium wp-image-11622\" alt=\"mantequilla ajo perejil (1)\" srcset=\"https:\/\/agenciayork.com\/hdf\/wp-content\/uploads\/2023\/10\/mantequilla-ajo-perejil-1-300x300.png 300w, https:\/\/agenciayork.com\/hdf\/wp-content\/uploads\/2023\/10\/mantequilla-ajo-perejil-1-1024x1024.png 1024w, https:\/\/agenciayork.com\/hdf\/wp-content\/uploads\/2023\/10\/mantequilla-ajo-perejil-1-150x150.png 150w, https:\/\/agenciayork.com\/hdf\/wp-content\/uploads\/2023\/10\/mantequilla-ajo-perejil-1-768x768.png 768w, https:\/\/agenciayork.com\/hdf\/wp-content\/uploads\/2023\/10\/mantequilla-ajo-perejil-1-600x600.png 600w, https:\/\/agenciayork.com\/hdf\/wp-content\/uploads\/2023\/10\/mantequilla-ajo-perejil-1-100x100.png 100w, https:\/\/agenciayork.com\/hdf\/wp-content\/uploads\/2023\/10\/mantequilla-ajo-perejil-1-50x50.png 50w, https:\/\/agenciayork.com\/hdf\/wp-content\/uploads\/2023\/10\/mantequilla-ajo-perejil-1-64x64.png 64w, https:\/\/agenciayork.com\/hdf\/wp-content\/uploads\/2023\/10\/mantequilla-ajo-perejil-1.png 1080w\" sizes=\"(max-width: 300px) 100vw, 300px\" \/>\t\t\t\t\t\t\t\t\t\t\t\t\t<\/div>\n\t\t\t\t<\/div>\n\t\t\t\t<\/div>\n\t\t<div class=\"elementor-element elementor-element-1625f63 e-con-full e-flex e-con e-child\" data-id=\"1625f63\" data-element_type=\"container\">\n\t\t\t\t<div class=\"elementor-element elementor-element-eb0f4ac elementor-widget elementor-widget-heading\" data-id=\"eb0f4ac\" data-element_type=\"widget\" data-widget_type=\"heading.default\">\n\t\t\t\t<div class=\"elementor-widget-container\">\n\t\t\t<h4 class=\"elementor-heading-title elementor-size-default\">UNA MANTEQUILLA ARTESANAL Y NATURAL MUY SAVOROSA <\/h4>\t\t<\/div>\n\t\t\t\t<\/div>\n\t\t\t\t<div class=\"elementor-element elementor-element-af78fd1 elementor-widget elementor-widget-nest-text-editor-v1\" data-id=\"af78fd1\" data-element_type=\"widget\" data-widget_type=\"nest-text-editor-v1.default\">\n\t\t\t\t<div class=\"elementor-widget-container\">\n\t\t\t   <div class=\"custom_text_editor position-relative\">\r\n        <p>La mantequilla de ajo y perejil es una deliciosa y vers\u00e1til adici\u00f3n culinaria, con ra\u00edces en la cocina tradicional francesa. Reconocida como el acompa\u00f1amiento cl\u00e1sico para los <a href=\"https:\/\/agenciayork.com\/hdf\/producto\/caracoles-de-borgona\/\"><strong>caracoles de Borgo\u00f1a<\/strong><\/a>, esta mantequilla compuesta tambi\u00e9n es un <strong>complemento<\/strong> <strong>exquisito<\/strong> para una amplia variedad de platos, desde <strong>carnes<\/strong> de vacuno, de <a href=\"https:\/\/agenciayork.com\/hdf\/categoria-producto\/pato\/\"><strong>pato<\/strong><\/a> hasta <strong>mariscos<\/strong>, <strong>pescados<\/strong> y <strong><a href=\"https:\/\/agenciayork.com\/hdf\/producto\/gratin-dauphinois\/\">papas<\/a>.<\/strong><\/p><p>El sabor distintivo de la mantequilla de ajo y perejil se debe a la combinaci\u00f3n de ingredientes frescos y arom\u00e1ticos. El <strong>ajo<\/strong>, con su sabor <strong>robusto<\/strong> y <strong>ligeramente<\/strong> <strong>picante<\/strong>, se mezcla con el <strong>frescor<\/strong> y el vibrante verdor del <strong>perejil<\/strong>, creando una sinfon\u00eda de sabores que dan vida a cualquier plato al que se a\u00f1ada. Esta mantequilla compuesta no solo realza el sabor de los alimentos, sino que tambi\u00e9n a\u00f1ade una dimensi\u00f3n de complejidad y profundidad que deleitar\u00e1 a tu paladar.<\/p><p><strong>Ingredientes<\/strong> mantequilla, perejil, ajo, chalotas, sal, pimienta<\/p>    <\/div>\r\n\t\t<\/div>\n\t\t\t\t<\/div>\n\t\t\t\t<\/div>\n\t\t\t\t\t<\/div>\n\t\t\t\t<\/div>\n\t\t<div class=\"elementor-element elementor-element-d2b0d0a e-flex e-con-boxed e-con e-parent\" data-id=\"d2b0d0a\" data-element_type=\"container\">\n\t\t\t\t\t<div class=\"e-con-inner\">\n\t\t\t\t<div class=\"elementor-element elementor-element-715d4e0 elementor-widget-divider--view-line elementor-widget elementor-widget-divider\" data-id=\"715d4e0\" data-element_type=\"widget\" data-widget_type=\"divider.default\">\n\t\t\t\t<div class=\"elementor-widget-container\">\n\t\t\t\t\t<div class=\"elementor-divider\">\n\t\t\t<span class=\"elementor-divider-separator\">\n\t\t\t\t\t\t<\/span>\n\t\t<\/div>\n\t\t\t\t<\/div>\n\t\t\t\t<\/div>\n\t\t\t\t\t<\/div>\n\t\t\t\t<\/div>\n\t\t<div class=\"elementor-element elementor-element-d372ee3 e-flex e-con-boxed e-con e-parent\" data-id=\"d372ee3\" data-element_type=\"container\">\n\t\t\t\t\t<div class=\"e-con-inner\">\n\t\t<div class=\"elementor-element elementor-element-078447f e-con-full e-flex e-con e-child\" data-id=\"078447f\" data-element_type=\"container\">\n\t\t\t\t<div class=\"elementor-element elementor-element-a3b236d elementor-widget elementor-widget-heading\" data-id=\"a3b236d\" data-element_type=\"widget\" data-widget_type=\"heading.default\">\n\t\t\t\t<div class=\"elementor-widget-container\">\n\t\t\t<h4 class=\"elementor-heading-title elementor-size-default\">LISTA PARA SERVIR<\/h4>\t\t<\/div>\n\t\t\t\t<\/div>\n\t\t\t\t<div class=\"elementor-element elementor-element-1e6475c elementor-widget elementor-widget-nest-text-editor-v1\" data-id=\"1e6475c\" data-element_type=\"widget\" data-widget_type=\"nest-text-editor-v1.default\">\n\t\t\t\t<div class=\"elementor-widget-container\">\n\t\t\t   <div class=\"custom_text_editor position-relative\">\r\n        <p>Al estar lista para usar, puedes simplemente <strong>sacarla<\/strong> del <strong>refrigerador<\/strong>, dejar que se <strong>ablande<\/strong> ligeramente a temperatura ambiente y estar\u00e1s listo para <strong>disfrutar<\/strong> de su sabor delicioso en cualquier plato que elijas. Su versatilidad y conveniencia la convierten en un elemento imprescindible en cualquier cocina bien equipada.<\/p><p><span>Puedes encontrar mis otras mantequillas:\u00a0<br \/><\/span><span>-La <a href=\"https:\/\/agenciayork.com\/hdf\/producto\/mantequilla-trufada\/\"><strong>trufada<\/strong><\/a><br \/><\/span><span>-La de <a href=\"https:\/\/agenciayork.com\/hdf\/producto\/mantequilla-de-anchoas\/\"><strong>anchoas<\/strong><\/a><\/span><\/p>    <\/div>\r\n\t\t<\/div>\n\t\t\t\t<\/div>\n\t\t\t\t<\/div>\n\t\t<div class=\"elementor-element elementor-element-2bd8c34 e-con-full e-flex e-con e-child\" data-id=\"2bd8c34\" data-element_type=\"container\">\n\t\t\t\t<div class=\"elementor-element elementor-element-3ee8da0 elementor-widget elementor-widget-image\" data-id=\"3ee8da0\" data-element_type=\"widget\" data-widget_type=\"image.default\">\n\t\t\t\t<div class=\"elementor-widget-container\">\n\t\t\t\t\t\t\t\t\t\t\t\t\t<img decoding=\"async\" width=\"300\" height=\"300\" src=\"https:\/\/agenciayork.com\/hdf\/wp-content\/uploads\/2023\/10\/mantequilla-ajo-perejil-300x300.png\" class=\"attachment-medium size-medium wp-image-11623\" alt=\"mantequilla ajo perejil\" srcset=\"https:\/\/agenciayork.com\/hdf\/wp-content\/uploads\/2023\/10\/mantequilla-ajo-perejil-300x300.png 300w, https:\/\/agenciayork.com\/hdf\/wp-content\/uploads\/2023\/10\/mantequilla-ajo-perejil-1024x1024.png 1024w, https:\/\/agenciayork.com\/hdf\/wp-content\/uploads\/2023\/10\/mantequilla-ajo-perejil-150x150.png 150w, https:\/\/agenciayork.com\/hdf\/wp-content\/uploads\/2023\/10\/mantequilla-ajo-perejil-768x768.png 768w, https:\/\/agenciayork.com\/hdf\/wp-content\/uploads\/2023\/10\/mantequilla-ajo-perejil-600x600.png 600w, https:\/\/agenciayork.com\/hdf\/wp-content\/uploads\/2023\/10\/mantequilla-ajo-perejil-100x100.png 100w, https:\/\/agenciayork.com\/hdf\/wp-content\/uploads\/2023\/10\/mantequilla-ajo-perejil-50x50.png 50w, https:\/\/agenciayork.com\/hdf\/wp-content\/uploads\/2023\/10\/mantequilla-ajo-perejil-64x64.png 64w, https:\/\/agenciayork.com\/hdf\/wp-content\/uploads\/2023\/10\/mantequilla-ajo-perejil.png 1080w\" sizes=\"(max-width: 300px) 100vw, 300px\" \/>\t\t\t\t\t\t\t\t\t\t\t\t\t<\/div>\n\t\t\t\t<\/div>\n\t\t\t\t<\/div>\n\t\t\t\t\t<\/div>\n\t\t\t\t<\/div>\n\t\t\t\t<\/div>\n\t\t","protected":false},"excerpt":{"rendered":"<p>La mantequilla de ajo y perejil es el acompa\u00f1amiento t\u00edpico de los <strong>caracoles de Borgo\u00f1a<\/strong>. Pero tambi\u00e9n es riqu\u00edsimo para acompa\u00f1ar una carne de <strong>vacuno, mariscos, pescados<\/strong>\u00a0o <strong>papas<\/strong>!Suele emplearse como un\u00a0<strong>condimento<\/strong>\u00a0que se\u00a0<strong>unta<\/strong>\u00a0sobre\u00a0pan.<\/p>\n<p>Peso: <strong>100 gr<br \/>\nProducto congelado<\/strong><\/p>\n","protected":false},"featured_media":6041,"template":"","meta":[],"product_brand":[],"product_cat":[157,166,137,164],"product_tag":[],"class_list":{"0":"post-5782","1":"product","2":"type-product","3":"status-publish","4":"has-post-thumbnail","6":"product_cat-aceites-y-condimentos","7":"product_cat-mis-clasicos","8":"product_cat-platos-preparados","9":"product_cat-salsas-y-mantequillas","11":"first","12":"instock","13":"shipping-taxable","14":"purchasable","15":"product-type-simple"},"yoast_head":"<!-- This site is optimized with the Yoast SEO plugin v27.5 - https:\/\/yoast.com\/product\/yoast-seo-wordpress\/ -->\n<title>Mantequilla de ajo y perejil - H\u00e9l\u00e8ne de Fleurac<\/title>\n<meta name=\"description\" content=\"Descubre la Mantequilla de ajo y perejil, un cl\u00e1sico de la cocina francesa que eleva el sabor de cualquier plato. Ideal para acompa\u00f1ar carnes, mariscos, pes\" \/>\n<meta name=\"robots\" content=\"index, follow, max-snippet:-1, max-image-preview:large, max-video-preview:-1\" \/>\n<link rel=\"canonical\" href=\"https:\/\/agenciayork.com\/hdf\/producto\/mantequilla-de-ajo-y-perejil\/\" \/>\n<meta property=\"og:locale\" content=\"es_ES\" \/>\n<meta property=\"og:type\" content=\"article\" \/>\n<meta property=\"og:title\" content=\"Mantequilla de ajo y perejil - H\u00e9l\u00e8ne de Fleurac\" \/>\n<meta property=\"og:description\" content=\"Descubre la Mantequilla de ajo y perejil, un cl\u00e1sico de la cocina francesa que eleva el sabor de cualquier plato. Ideal para acompa\u00f1ar carnes, mariscos, pes\" \/>\n<meta property=\"og:url\" content=\"https:\/\/agenciayork.com\/hdf\/producto\/mantequilla-de-ajo-y-perejil\/\" \/>\n<meta property=\"og:site_name\" content=\"H\u00e9l\u00e8ne de Fleurac\" \/>\n<meta property=\"article:modified_time\" content=\"2024-10-12T16:57:39+00:00\" \/>\n<meta property=\"og:image\" content=\"https:\/\/agenciayork.com\/hdf\/wp-content\/uploads\/2023\/10\/Beurred_ail_1-1-1024x1024.png\" \/>\n\t<meta property=\"og:image:width\" content=\"1024\" \/>\n\t<meta property=\"og:image:height\" content=\"1024\" \/>\n\t<meta property=\"og:image:type\" content=\"image\/png\" \/>\n<meta name=\"twitter:card\" content=\"summary_large_image\" \/>\n<meta name=\"twitter:label1\" content=\"Tiempo estimado de lectura\" \/>\n\t<meta name=\"twitter:data1\" content=\"3 minutos\" \/>\n<script type=\"application\/ld+json\" class=\"yoast-schema-graph\">{\"@context\":\"https:\\\/\\\/schema.org\",\"@graph\":[{\"@type\":\"WebPage\",\"@id\":\"https:\\\/\\\/agenciayork.com\\\/hdf\\\/producto\\\/mantequilla-de-ajo-y-perejil\\\/\",\"url\":\"https:\\\/\\\/agenciayork.com\\\/hdf\\\/producto\\\/mantequilla-de-ajo-y-perejil\\\/\",\"name\":\"Mantequilla de ajo y perejil - H\u00e9l\u00e8ne de Fleurac\",\"isPartOf\":{\"@id\":\"https:\\\/\\\/agenciayork.com\\\/hdf\\\/#website\"},\"primaryImageOfPage\":{\"@id\":\"https:\\\/\\\/agenciayork.com\\\/hdf\\\/producto\\\/mantequilla-de-ajo-y-perejil\\\/#primaryimage\"},\"image\":{\"@id\":\"https:\\\/\\\/agenciayork.com\\\/hdf\\\/producto\\\/mantequilla-de-ajo-y-perejil\\\/#primaryimage\"},\"thumbnailUrl\":\"https:\\\/\\\/agenciayork.com\\\/hdf\\\/wp-content\\\/uploads\\\/2023\\\/10\\\/Beurred_ail_1-1.png\",\"datePublished\":\"2023-10-25T14:25:05+00:00\",\"dateModified\":\"2024-10-12T16:57:39+00:00\",\"description\":\"Descubre la Mantequilla de ajo y perejil, un cl\u00e1sico de la cocina francesa que eleva el sabor de cualquier plato. Ideal para acompa\u00f1ar carnes, mariscos, pes\",\"breadcrumb\":{\"@id\":\"https:\\\/\\\/agenciayork.com\\\/hdf\\\/producto\\\/mantequilla-de-ajo-y-perejil\\\/#breadcrumb\"},\"inLanguage\":\"es-CL\",\"potentialAction\":[{\"@type\":\"ReadAction\",\"target\":[\"https:\\\/\\\/agenciayork.com\\\/hdf\\\/producto\\\/mantequilla-de-ajo-y-perejil\\\/\"]}]},{\"@type\":\"ImageObject\",\"inLanguage\":\"es-CL\",\"@id\":\"https:\\\/\\\/agenciayork.com\\\/hdf\\\/producto\\\/mantequilla-de-ajo-y-perejil\\\/#primaryimage\",\"url\":\"https:\\\/\\\/agenciayork.com\\\/hdf\\\/wp-content\\\/uploads\\\/2023\\\/10\\\/Beurred_ail_1-1.png\",\"contentUrl\":\"https:\\\/\\\/agenciayork.com\\\/hdf\\\/wp-content\\\/uploads\\\/2023\\\/10\\\/Beurred_ail_1-1.png\",\"width\":2048,\"height\":2048},{\"@type\":\"BreadcrumbList\",\"@id\":\"https:\\\/\\\/agenciayork.com\\\/hdf\\\/producto\\\/mantequilla-de-ajo-y-perejil\\\/#breadcrumb\",\"itemListElement\":[{\"@type\":\"ListItem\",\"position\":1,\"name\":\"Portada\",\"item\":\"https:\\\/\\\/agenciayork.com\\\/hdf\\\/\"},{\"@type\":\"ListItem\",\"position\":2,\"name\":\"Tienda\",\"item\":\"https:\\\/\\\/agenciayork.com\\\/hdf\\\/mejores-productos-de-la-gastronomia-francesa\\\/\"},{\"@type\":\"ListItem\",\"position\":3,\"name\":\"Mantequilla de ajo y perejil\"}]},{\"@type\":\"WebSite\",\"@id\":\"https:\\\/\\\/agenciayork.com\\\/hdf\\\/#website\",\"url\":\"https:\\\/\\\/agenciayork.com\\\/hdf\\\/\",\"name\":\"H\u00e9l\u00e8ne de Fleurac\",\"description\":\"Gastronom\u00eda francesa\",\"potentialAction\":[{\"@type\":\"SearchAction\",\"target\":{\"@type\":\"EntryPoint\",\"urlTemplate\":\"https:\\\/\\\/agenciayork.com\\\/hdf\\\/?s={search_term_string}\"},\"query-input\":{\"@type\":\"PropertyValueSpecification\",\"valueRequired\":true,\"valueName\":\"search_term_string\"}}],\"inLanguage\":\"es-CL\"}]}<\/script>\n<!-- \/ Yoast SEO plugin. -->","yoast_head_json":{"title":"Mantequilla de ajo y perejil - H\u00e9l\u00e8ne de Fleurac","description":"Descubre la Mantequilla de ajo y perejil, un cl\u00e1sico de la cocina francesa que eleva el sabor de cualquier plato. Ideal para acompa\u00f1ar carnes, mariscos, pes","robots":{"index":"index","follow":"follow","max-snippet":"max-snippet:-1","max-image-preview":"max-image-preview:large","max-video-preview":"max-video-preview:-1"},"canonical":"https:\/\/agenciayork.com\/hdf\/producto\/mantequilla-de-ajo-y-perejil\/","og_locale":"es_ES","og_type":"article","og_title":"Mantequilla de ajo y perejil - H\u00e9l\u00e8ne de Fleurac","og_description":"Descubre la Mantequilla de ajo y perejil, un cl\u00e1sico de la cocina francesa que eleva el sabor de cualquier plato. Ideal para acompa\u00f1ar carnes, mariscos, pes","og_url":"https:\/\/agenciayork.com\/hdf\/producto\/mantequilla-de-ajo-y-perejil\/","og_site_name":"H\u00e9l\u00e8ne de Fleurac","article_modified_time":"2024-10-12T16:57:39+00:00","og_image":[{"width":1024,"height":1024,"url":"https:\/\/agenciayork.com\/hdf\/wp-content\/uploads\/2023\/10\/Beurred_ail_1-1-1024x1024.png","type":"image\/png"}],"twitter_card":"summary_large_image","twitter_misc":{"Tiempo estimado de lectura":"3 minutos"},"schema":{"@context":"https:\/\/schema.org","@graph":[{"@type":"WebPage","@id":"https:\/\/agenciayork.com\/hdf\/producto\/mantequilla-de-ajo-y-perejil\/","url":"https:\/\/agenciayork.com\/hdf\/producto\/mantequilla-de-ajo-y-perejil\/","name":"Mantequilla de ajo y perejil - H\u00e9l\u00e8ne de Fleurac","isPartOf":{"@id":"https:\/\/agenciayork.com\/hdf\/#website"},"primaryImageOfPage":{"@id":"https:\/\/agenciayork.com\/hdf\/producto\/mantequilla-de-ajo-y-perejil\/#primaryimage"},"image":{"@id":"https:\/\/agenciayork.com\/hdf\/producto\/mantequilla-de-ajo-y-perejil\/#primaryimage"},"thumbnailUrl":"https:\/\/agenciayork.com\/hdf\/wp-content\/uploads\/2023\/10\/Beurred_ail_1-1.png","datePublished":"2023-10-25T14:25:05+00:00","dateModified":"2024-10-12T16:57:39+00:00","description":"Descubre la Mantequilla de ajo y perejil, un cl\u00e1sico de la cocina francesa que eleva el sabor de cualquier plato. Ideal para acompa\u00f1ar carnes, mariscos, pes","breadcrumb":{"@id":"https:\/\/agenciayork.com\/hdf\/producto\/mantequilla-de-ajo-y-perejil\/#breadcrumb"},"inLanguage":"es-CL","potentialAction":[{"@type":"ReadAction","target":["https:\/\/agenciayork.com\/hdf\/producto\/mantequilla-de-ajo-y-perejil\/"]}]},{"@type":"ImageObject","inLanguage":"es-CL","@id":"https:\/\/agenciayork.com\/hdf\/producto\/mantequilla-de-ajo-y-perejil\/#primaryimage","url":"https:\/\/agenciayork.com\/hdf\/wp-content\/uploads\/2023\/10\/Beurred_ail_1-1.png","contentUrl":"https:\/\/agenciayork.com\/hdf\/wp-content\/uploads\/2023\/10\/Beurred_ail_1-1.png","width":2048,"height":2048},{"@type":"BreadcrumbList","@id":"https:\/\/agenciayork.com\/hdf\/producto\/mantequilla-de-ajo-y-perejil\/#breadcrumb","itemListElement":[{"@type":"ListItem","position":1,"name":"Portada","item":"https:\/\/agenciayork.com\/hdf\/"},{"@type":"ListItem","position":2,"name":"Tienda","item":"https:\/\/agenciayork.com\/hdf\/mejores-productos-de-la-gastronomia-francesa\/"},{"@type":"ListItem","position":3,"name":"Mantequilla de ajo y perejil"}]},{"@type":"WebSite","@id":"https:\/\/agenciayork.com\/hdf\/#website","url":"https:\/\/agenciayork.com\/hdf\/","name":"H\u00e9l\u00e8ne de Fleurac","description":"Gastronom\u00eda francesa","potentialAction":[{"@type":"SearchAction","target":{"@type":"EntryPoint","urlTemplate":"https:\/\/agenciayork.com\/hdf\/?s={search_term_string}"},"query-input":{"@type":"PropertyValueSpecification","valueRequired":true,"valueName":"search_term_string"}}],"inLanguage":"es-CL"}]}},"_links":{"self":[{"href":"https:\/\/agenciayork.com\/hdf\/wp-json\/wp\/v2\/product\/5782","targetHints":{"allow":["GET"]}}],"collection":[{"href":"https:\/\/agenciayork.com\/hdf\/wp-json\/wp\/v2\/product"}],"about":[{"href":"https:\/\/agenciayork.com\/hdf\/wp-json\/wp\/v2\/types\/product"}],"version-history":[{"count":12,"href":"https:\/\/agenciayork.com\/hdf\/wp-json\/wp\/v2\/product\/5782\/revisions"}],"predecessor-version":[{"id":11637,"href":"https:\/\/agenciayork.com\/hdf\/wp-json\/wp\/v2\/product\/5782\/revisions\/11637"}],"wp:featuredmedia":[{"embeddable":true,"href":"https:\/\/agenciayork.com\/hdf\/wp-json\/wp\/v2\/media\/6041"}],"wp:attachment":[{"href":"https:\/\/agenciayork.com\/hdf\/wp-json\/wp\/v2\/media?parent=5782"}],"wp:term":[{"taxonomy":"product_brand","embeddable":true,"href":"https:\/\/agenciayork.com\/hdf\/wp-json\/wp\/v2\/product_brand?post=5782"},{"taxonomy":"product_cat","embeddable":true,"href":"https:\/\/agenciayork.com\/hdf\/wp-json\/wp\/v2\/product_cat?post=5782"},{"taxonomy":"product_tag","embeddable":true,"href":"https:\/\/agenciayork.com\/hdf\/wp-json\/wp\/v2\/product_tag?post=5782"}],"curies":[{"name":"wp","href":"https:\/\/api.w.org\/{rel}","templated":true}]}}