{"id":5812,"date":"2023-10-25T14:25:41","date_gmt":"2023-10-25T14:25:41","guid":{"rendered":"https:\/\/agenciayork.com\/hdf\/producto\/mousse-de-foie-al-oporto\/"},"modified":"2024-10-10T11:30:15","modified_gmt":"2024-10-10T14:30:15","slug":"mousse-de-foie-al-oporto","status":"publish","type":"product","link":"https:\/\/agenciayork.com\/hdf\/producto\/mousse-de-foie-al-oporto\/","title":{"rendered":"Mousse de foie al Oporto"},"content":{"rendered":"\t\t<div data-elementor-type=\"wp-post\" data-elementor-id=\"5812\" class=\"elementor elementor-5812\">\n\t\t\t\t<div class=\"elementor-element elementor-element-a46df4f e-flex e-con-boxed e-con e-parent\" data-id=\"a46df4f\" data-element_type=\"container\">\n\t\t\t\t\t<div class=\"e-con-inner\">\n\t\t\t\t<div class=\"elementor-element elementor-element-4535e6e elementor-widget elementor-widget-nest-title-v1\" data-id=\"4535e6e\" data-element_type=\"widget\" data-widget_type=\"nest-title-v1.default\">\n\t\t\t\t<div class=\"elementor-widget-container\">\n\t\t\t        <div class=\"section_title type_one\">\r\n                            <h4 class=\"mb-20 text-brand\"> mousse de foie al oporto<\/h4>\r\n                                                    <p class=\"mb-20\"> Te invito a descubrir mi mousse de foie al oporto, un imperdible de la gastronom\u00eda francesa. Con su textura cremosa y sus sabores delicados, marca la diferencia en un aperitivo o una comida, y se disfruta sin moderaci\u00f3n!<\/p>\r\n                    <\/div>\r\n    \t\t<\/div>\n\t\t\t\t<\/div>\n\t\t\t\t\t<\/div>\n\t\t\t\t<\/div>\n\t\t<div class=\"elementor-element elementor-element-fb641a8 e-flex e-con-boxed e-con e-parent\" data-id=\"fb641a8\" data-element_type=\"container\">\n\t\t\t\t\t<div class=\"e-con-inner\">\n\t\t\t\t<div class=\"elementor-element elementor-element-65526e4 elementor-widget-divider--view-line elementor-widget elementor-widget-divider\" data-id=\"65526e4\" data-element_type=\"widget\" data-widget_type=\"divider.default\">\n\t\t\t\t<div class=\"elementor-widget-container\">\n\t\t\t\t\t<div class=\"elementor-divider\">\n\t\t\t<span class=\"elementor-divider-separator\">\n\t\t\t\t\t\t<\/span>\n\t\t<\/div>\n\t\t\t\t<\/div>\n\t\t\t\t<\/div>\n\t\t\t\t\t<\/div>\n\t\t\t\t<\/div>\n\t\t<div class=\"elementor-element elementor-element-37cfbb5 e-flex e-con-boxed e-con e-parent\" data-id=\"37cfbb5\" data-element_type=\"container\">\n\t\t\t\t\t<div class=\"e-con-inner\">\n\t\t<div class=\"elementor-element elementor-element-b64126f e-con-full e-flex e-con e-child\" data-id=\"b64126f\" data-element_type=\"container\">\n\t\t\t\t<div class=\"elementor-element elementor-element-3e57195 elementor-widget elementor-widget-image\" data-id=\"3e57195\" data-element_type=\"widget\" data-widget_type=\"image.default\">\n\t\t\t\t<div class=\"elementor-widget-container\">\n\t\t\t\t\t\t\t\t\t\t\t\t\t<img fetchpriority=\"high\" decoding=\"async\" width=\"300\" height=\"300\" src=\"https:\/\/agenciayork.com\/hdf\/wp-content\/uploads\/2023\/10\/MousseOporto2023-1-300x300.jpg\" class=\"attachment-medium size-medium wp-image-6075\" alt=\"\" srcset=\"https:\/\/agenciayork.com\/hdf\/wp-content\/uploads\/2023\/10\/MousseOporto2023-1-300x300.jpg 300w, https:\/\/agenciayork.com\/hdf\/wp-content\/uploads\/2023\/10\/MousseOporto2023-1-1024x1024.jpg 1024w, https:\/\/agenciayork.com\/hdf\/wp-content\/uploads\/2023\/10\/MousseOporto2023-1-150x150.jpg 150w, https:\/\/agenciayork.com\/hdf\/wp-content\/uploads\/2023\/10\/MousseOporto2023-1-768x768.jpg 768w, https:\/\/agenciayork.com\/hdf\/wp-content\/uploads\/2023\/10\/MousseOporto2023-1-600x600.jpg 600w, https:\/\/agenciayork.com\/hdf\/wp-content\/uploads\/2023\/10\/MousseOporto2023-1-100x100.jpg 100w, https:\/\/agenciayork.com\/hdf\/wp-content\/uploads\/2023\/10\/MousseOporto2023-1-50x50.jpg 50w, https:\/\/agenciayork.com\/hdf\/wp-content\/uploads\/2023\/10\/MousseOporto2023-1-64x64.jpg 64w, https:\/\/agenciayork.com\/hdf\/wp-content\/uploads\/2023\/10\/MousseOporto2023-1.jpg 1080w\" sizes=\"(max-width: 300px) 100vw, 300px\" \/>\t\t\t\t\t\t\t\t\t\t\t\t\t<\/div>\n\t\t\t\t<\/div>\n\t\t\t\t<\/div>\n\t\t<div class=\"elementor-element elementor-element-321ecb6 e-con-full e-flex e-con e-child\" data-id=\"321ecb6\" data-element_type=\"container\">\n\t\t\t\t<div class=\"elementor-element elementor-element-2dce5ee elementor-widget elementor-widget-heading\" data-id=\"2dce5ee\" data-element_type=\"widget\" data-widget_type=\"heading.default\">\n\t\t\t\t<div class=\"elementor-widget-container\">\n\t\t\t<h4 class=\"elementor-heading-title elementor-size-default\">RECETA CASERA Y deliciosa<br>una textura suave y llena de sabores<\/h4>\t\t<\/div>\n\t\t\t\t<\/div>\n\t\t\t\t<div class=\"elementor-element elementor-element-62804b8 elementor-widget elementor-widget-nest-text-editor-v1\" data-id=\"62804b8\" data-element_type=\"widget\" data-widget_type=\"nest-text-editor-v1.default\">\n\t\t\t\t<div class=\"elementor-widget-container\">\n\t\t\t   <div class=\"custom_text_editor position-relative\">\r\n        <p>La mousse de foie al Oporto es una aut\u00e9ntica <strong>delicia<\/strong> que se destaca no solo por su exquisito sabor sino tambi\u00e9n por su <strong>textura suave<\/strong> y su <strong>toque dulce<\/strong> que lo convierte en el <strong>\"Best Seller\".<\/strong> Este manjar es un verdadero deleite gastron\u00f3mico que ha conquistado los paladares m\u00e1s exigentes.<\/p><p>Esta creaci\u00f3n <strong>gourmet<\/strong> es una reinterpretaci\u00f3n de la cl\u00e1sica receta francesa, adaptada con ingenio al gusto chileno. El uso de panitas de pollo como base a\u00f1ade una dimensi\u00f3n \u00fanica y <strong>deliciosa<\/strong> al mousse, creando una <strong>experiencia<\/strong> <strong>culinaria<\/strong> que combina la elegancia francesa con los sabores apreciados en Chile. Este toque local lo convierte en el <strong>producto<\/strong> <strong>indispensable<\/strong> para lograr un picoteo exitoso y dejar una impresi\u00f3n duradera en cualquier ocasi\u00f3n.<\/p><p>El secreto de este \"Best Seller\" radica en su receta francesa aut\u00e9ntica y en la <strong>naturalidad<\/strong> de sus <strong>ingredientes<\/strong>. Con un \u00e9nfasis claro en la <strong>calidad<\/strong>, este mousse es <strong>100% natural<\/strong> y no contiene preservantes. La fusi\u00f3n de sabores refinados y la ausencia de componentes artificiales garantizan una experiencia gastron\u00f3mica pura y aut\u00e9ntica.<\/p><p><strong>Ingredientes<\/strong> pana de pollo, cebolla, mantequilla, vino oporto, sal, pimienta<\/p>    <\/div>\r\n\t\t<\/div>\n\t\t\t\t<\/div>\n\t\t\t\t<\/div>\n\t\t\t\t\t<\/div>\n\t\t\t\t<\/div>\n\t\t<div class=\"elementor-element elementor-element-e170dc3 e-flex e-con-boxed e-con e-parent\" data-id=\"e170dc3\" data-element_type=\"container\">\n\t\t\t\t\t<div class=\"e-con-inner\">\n\t\t\t\t<div class=\"elementor-element elementor-element-d08af57 elementor-widget-divider--view-line elementor-widget elementor-widget-divider\" data-id=\"d08af57\" data-element_type=\"widget\" data-widget_type=\"divider.default\">\n\t\t\t\t<div class=\"elementor-widget-container\">\n\t\t\t\t\t<div class=\"elementor-divider\">\n\t\t\t<span class=\"elementor-divider-separator\">\n\t\t\t\t\t\t<\/span>\n\t\t<\/div>\n\t\t\t\t<\/div>\n\t\t\t\t<\/div>\n\t\t\t\t\t<\/div>\n\t\t\t\t<\/div>\n\t\t<div class=\"elementor-element elementor-element-7936c9b e-flex e-con-boxed e-con e-parent\" data-id=\"7936c9b\" data-element_type=\"container\">\n\t\t\t\t\t<div class=\"e-con-inner\">\n\t\t<div class=\"elementor-element elementor-element-6a274c5 e-con-full e-flex e-con e-child\" data-id=\"6a274c5\" data-element_type=\"container\">\n\t\t\t\t<div class=\"elementor-element elementor-element-ab32d25 elementor-widget elementor-widget-heading\" data-id=\"ab32d25\" data-element_type=\"widget\" data-widget_type=\"heading.default\">\n\t\t\t\t<div class=\"elementor-widget-container\">\n\t\t\t<h4 class=\"elementor-heading-title elementor-size-default\">el producto perfecto para el picoteo<\/h4>\t\t<\/div>\n\t\t\t\t<\/div>\n\t\t\t\t<div class=\"elementor-element elementor-element-eda70f9 elementor-widget elementor-widget-nest-text-editor-v1\" data-id=\"eda70f9\" data-element_type=\"widget\" data-widget_type=\"nest-text-editor-v1.default\">\n\t\t\t\t<div class=\"elementor-widget-container\">\n\t\t\t   <div class=\"custom_text_editor position-relative\">\r\n        <p>Este manjar gourmet est\u00e9 siempre al alcance para satisfacer antojos inesperados o impresionar a los invitados de manera espont\u00e1nea. Hecho en Chile, esta mousse de foie al Oporto no solo resalta por su <strong>sabor<\/strong> <strong>excepcional<\/strong>, sino que tambi\u00e9n destaca por su compromiso con la <strong>producci\u00f3n nacional<\/strong>.<\/p><p>Esta mousse no solo es un deleite para los sentidos, sino que tambi\u00e9n se convierte en el <strong>aliado<\/strong> <strong>perfecto<\/strong> para <strong>cualquier<\/strong> <strong>ocasi\u00f3n<\/strong>. Ya sea como un elegante <strong>aperitivo<\/strong> en una cena formal o como el toque gourmet en una reuni\u00f3n informal, su versatilidad lo hace adecuado para cualquier evento social. Su presentaci\u00f3n elegante y su sabor excepcional lo posicionan como el <strong>protagonista<\/strong> indiscutible en la <strong>mesa<\/strong>.<\/p><p>Su textura muy fina y sabores delicadas son ideales para compartir sobre <strong>galletas<\/strong> o <strong>tostadas<\/strong>.<br \/>Ideal si no tiene nada de previsto para un <strong>picoteo<\/strong> de \u00faltimo minuto.<br \/>Con su presentaci\u00f3n refinada en el estilo franc\u00e9s\u00a0es un <strong>excelente<\/strong> <strong>regalo<\/strong> para llevar a una cena donde amigos.<\/p><p><strong>Conservaci\u00f3n<\/strong> 6 meses en la despensa 1 semana en el refrigerador una vez abierto<\/p>    <\/div>\r\n\t\t<\/div>\n\t\t\t\t<\/div>\n\t\t\t\t<\/div>\n\t\t<div class=\"elementor-element elementor-element-3f1b452 e-con-full e-flex e-con e-child\" data-id=\"3f1b452\" data-element_type=\"container\">\n\t\t\t\t<div class=\"elementor-element elementor-element-8b47cd0 elementor-widget elementor-widget-image\" data-id=\"8b47cd0\" data-element_type=\"widget\" data-widget_type=\"image.default\">\n\t\t\t\t<div class=\"elementor-widget-container\">\n\t\t\t\t\t\t\t\t\t\t\t\t\t<img decoding=\"async\" width=\"300\" height=\"300\" src=\"https:\/\/agenciayork.com\/hdf\/wp-content\/uploads\/2023\/10\/Mousses-picoteo-300x300.png\" class=\"attachment-medium size-medium wp-image-11480\" alt=\"Mousses picoteo\" srcset=\"https:\/\/agenciayork.com\/hdf\/wp-content\/uploads\/2023\/10\/Mousses-picoteo-300x300.png 300w, https:\/\/agenciayork.com\/hdf\/wp-content\/uploads\/2023\/10\/Mousses-picoteo-1024x1024.png 1024w, https:\/\/agenciayork.com\/hdf\/wp-content\/uploads\/2023\/10\/Mousses-picoteo-150x150.png 150w, https:\/\/agenciayork.com\/hdf\/wp-content\/uploads\/2023\/10\/Mousses-picoteo-768x768.png 768w, https:\/\/agenciayork.com\/hdf\/wp-content\/uploads\/2023\/10\/Mousses-picoteo-600x600.png 600w, https:\/\/agenciayork.com\/hdf\/wp-content\/uploads\/2023\/10\/Mousses-picoteo-100x100.png 100w, https:\/\/agenciayork.com\/hdf\/wp-content\/uploads\/2023\/10\/Mousses-picoteo-50x50.png 50w, https:\/\/agenciayork.com\/hdf\/wp-content\/uploads\/2023\/10\/Mousses-picoteo-64x64.png 64w, https:\/\/agenciayork.com\/hdf\/wp-content\/uploads\/2023\/10\/Mousses-picoteo.png 1080w\" sizes=\"(max-width: 300px) 100vw, 300px\" \/>\t\t\t\t\t\t\t\t\t\t\t\t\t<\/div>\n\t\t\t\t<\/div>\n\t\t\t\t<\/div>\n\t\t\t\t\t<\/div>\n\t\t\t\t<\/div>\n\t\t<div class=\"elementor-element elementor-element-7090e8d e-flex e-con-boxed e-con e-parent\" data-id=\"7090e8d\" data-element_type=\"container\">\n\t\t\t\t\t<div class=\"e-con-inner\">\n\t\t\t\t<div class=\"elementor-element elementor-element-e5491f9 elementor-widget-divider--view-line elementor-widget elementor-widget-divider\" data-id=\"e5491f9\" data-element_type=\"widget\" data-widget_type=\"divider.default\">\n\t\t\t\t<div class=\"elementor-widget-container\">\n\t\t\t\t\t<div class=\"elementor-divider\">\n\t\t\t<span class=\"elementor-divider-separator\">\n\t\t\t\t\t\t<\/span>\n\t\t<\/div>\n\t\t\t\t<\/div>\n\t\t\t\t<\/div>\n\t\t\t\t\t<\/div>\n\t\t\t\t<\/div>\n\t\t<div class=\"elementor-element elementor-element-425b853 e-flex e-con-boxed e-con e-parent\" data-id=\"425b853\" data-element_type=\"container\">\n\t\t\t\t\t<div class=\"e-con-inner\">\n\t\t\t\t<div class=\"elementor-element elementor-element-613e5d8 elementor-widget elementor-widget-heading\" data-id=\"613e5d8\" data-element_type=\"widget\" data-widget_type=\"heading.default\">\n\t\t\t\t<div class=\"elementor-widget-container\">\n\t\t\t<h4 class=\"elementor-heading-title elementor-size-default\">DESCUBRE TAMBIEN MIS OTRAS mousses<\/h4>\t\t<\/div>\n\t\t\t\t<\/div>\n\t\t\t\t\t<\/div>\n\t\t\t\t<\/div>\n\t\t<div class=\"elementor-element elementor-element-18b3441 e-flex e-con-boxed e-con e-parent\" data-id=\"18b3441\" data-element_type=\"container\">\n\t\t\t\t\t<div class=\"e-con-inner\">\n\t\t\t\t<div class=\"elementor-element elementor-element-5e33833 elementor-widget elementor-widget-image\" data-id=\"5e33833\" data-element_type=\"widget\" data-widget_type=\"image.default\">\n\t\t\t\t<div class=\"elementor-widget-container\">\n\t\t\t\t\t\t\t\t\t\t\t\t\t\t<a href=\"https:\/\/agenciayork.com\/hdf\/categoria-producto\/pates-y-untables\/\">\n\t\t\t\t\t\t\t<img decoding=\"async\" width=\"768\" height=\"768\" src=\"https:\/\/agenciayork.com\/hdf\/wp-content\/uploads\/2023\/10\/Collection-mousses-768x768.png\" class=\"attachment-medium_large size-medium_large wp-image-11481\" alt=\"Collection mousses\" srcset=\"https:\/\/agenciayork.com\/hdf\/wp-content\/uploads\/2023\/10\/Collection-mousses-768x768.png 768w, https:\/\/agenciayork.com\/hdf\/wp-content\/uploads\/2023\/10\/Collection-mousses-300x300.png 300w, https:\/\/agenciayork.com\/hdf\/wp-content\/uploads\/2023\/10\/Collection-mousses-1024x1024.png 1024w, https:\/\/agenciayork.com\/hdf\/wp-content\/uploads\/2023\/10\/Collection-mousses-150x150.png 150w, https:\/\/agenciayork.com\/hdf\/wp-content\/uploads\/2023\/10\/Collection-mousses-600x600.png 600w, https:\/\/agenciayork.com\/hdf\/wp-content\/uploads\/2023\/10\/Collection-mousses-100x100.png 100w, https:\/\/agenciayork.com\/hdf\/wp-content\/uploads\/2023\/10\/Collection-mousses-50x50.png 50w, https:\/\/agenciayork.com\/hdf\/wp-content\/uploads\/2023\/10\/Collection-mousses-64x64.png 64w, https:\/\/agenciayork.com\/hdf\/wp-content\/uploads\/2023\/10\/Collection-mousses.png 1080w\" sizes=\"(max-width: 768px) 100vw, 768px\" \/>\t\t\t\t\t\t\t\t<\/a>\n\t\t\t\t\t\t\t\t\t\t\t\t\t<\/div>\n\t\t\t\t<\/div>\n\t\t\t\t\t<\/div>\n\t\t\t\t<\/div>\n\t\t<div class=\"elementor-element elementor-element-c798ab2 e-flex e-con-boxed e-con e-parent\" data-id=\"c798ab2\" data-element_type=\"container\">\n\t\t\t\t\t<div class=\"e-con-inner\">\n\t\t\t\t<div class=\"elementor-element elementor-element-b2e8d88 elementor-widget elementor-widget-nest-text-editor-v1\" data-id=\"b2e8d88\" data-element_type=\"widget\" data-widget_type=\"nest-text-editor-v1.default\">\n\t\t\t\t<div class=\"elementor-widget-container\">\n\t\t\t   <div class=\"custom_text_editor position-relative\">\r\n        <p>En mi compromiso con el\u00a0<strong>medio ambiente<\/strong>, si me traes\u00a0<strong>10 frascos<\/strong>\u00a0vac\u00edos con su etiqueta original, te\u00a0<strong>regalo<\/strong>\u00a0un producto.\u00a0<\/p>    <\/div>\r\n\t\t<\/div>\n\t\t\t\t<\/div>\n\t\t\t\t\t<\/div>\n\t\t\t\t<\/div>\n\t\t\t\t<\/div>\n\t\t","protected":false},"excerpt":{"rendered":"<p>Con su textura suave y su sabor dulce, este mousse es mi \u201cBest Seller\u201d!<\/p>\n<p>Es una receta tradicional francesa que adaptamos al gusto chileno, a base de panitas de pollo.<br \/>\nEs EL producto indispensable para tener un picoteo exitoso!!<\/p>\n<p><b>Conserva de 180 gramos<br \/>\nHECHO EN CHILE<br \/>\nReceta francesa &#8211; 100% natural &#8211; Sin preservantes<\/b><\/p>\n<p>&nbsp;<\/p>\n","protected":false},"featured_media":6075,"template":"","meta":[],"product_brand":[],"product_cat":[166,126,134,110,183],"product_tag":[],"class_list":{"0":"post-5812","1":"product","2":"type-product","3":"status-publish","4":"has-post-thumbnail","6":"product_cat-mis-clasicos","7":"product_cat-mis-imperdibles","8":"product_cat-pates-y-untables","9":"product_cat-picoteo","10":"product_cat-prepara-tu-18","12":"first","13":"instock","14":"shipping-taxable","15":"purchasable","16":"product-type-simple"},"yoast_head":"<!-- This site is optimized with the Yoast SEO plugin v27.5 - https:\/\/yoast.com\/product\/yoast-seo-wordpress\/ -->\n<title>Mousse de foie al Oporto - H\u00e9l\u00e8ne de Fleurac<\/title>\n<meta name=\"description\" content=\"Nuestro Mousse de foie al Oporto con su textura muy fina y sabores delicadas, es ideal para compartir sobre galletas o tostadas.\" \/>\n<meta name=\"robots\" content=\"index, follow, max-snippet:-1, max-image-preview:large, max-video-preview:-1\" \/>\n<link rel=\"canonical\" href=\"https:\/\/agenciayork.com\/hdf\/producto\/mousse-de-foie-al-oporto\/\" \/>\n<meta property=\"og:locale\" content=\"es_ES\" \/>\n<meta property=\"og:type\" content=\"article\" \/>\n<meta property=\"og:title\" content=\"Mousse de foie al Oporto - H\u00e9l\u00e8ne de Fleurac\" \/>\n<meta property=\"og:description\" content=\"Nuestro Mousse de foie al Oporto con su textura muy fina y sabores delicadas, es ideal para compartir sobre galletas o tostadas.\" \/>\n<meta property=\"og:url\" content=\"https:\/\/agenciayork.com\/hdf\/producto\/mousse-de-foie-al-oporto\/\" \/>\n<meta property=\"og:site_name\" content=\"H\u00e9l\u00e8ne de Fleurac\" \/>\n<meta property=\"article:modified_time\" content=\"2024-10-10T14:30:15+00:00\" \/>\n<meta property=\"og:image\" content=\"https:\/\/agenciayork.com\/hdf\/wp-content\/uploads\/2023\/10\/MousseOporto2023-1.jpg\" \/>\n\t<meta property=\"og:image:width\" content=\"1080\" \/>\n\t<meta property=\"og:image:height\" content=\"1080\" \/>\n\t<meta property=\"og:image:type\" content=\"image\/jpeg\" \/>\n<meta name=\"twitter:card\" content=\"summary_large_image\" \/>\n<meta name=\"twitter:label1\" content=\"Tiempo estimado de lectura\" \/>\n\t<meta name=\"twitter:data1\" content=\"3 minutos\" \/>\n<script type=\"application\/ld+json\" class=\"yoast-schema-graph\">{\"@context\":\"https:\\\/\\\/schema.org\",\"@graph\":[{\"@type\":\"WebPage\",\"@id\":\"https:\\\/\\\/agenciayork.com\\\/hdf\\\/producto\\\/mousse-de-foie-al-oporto\\\/\",\"url\":\"https:\\\/\\\/agenciayork.com\\\/hdf\\\/producto\\\/mousse-de-foie-al-oporto\\\/\",\"name\":\"Mousse de foie al Oporto - H\u00e9l\u00e8ne de Fleurac\",\"isPartOf\":{\"@id\":\"https:\\\/\\\/agenciayork.com\\\/hdf\\\/#website\"},\"primaryImageOfPage\":{\"@id\":\"https:\\\/\\\/agenciayork.com\\\/hdf\\\/producto\\\/mousse-de-foie-al-oporto\\\/#primaryimage\"},\"image\":{\"@id\":\"https:\\\/\\\/agenciayork.com\\\/hdf\\\/producto\\\/mousse-de-foie-al-oporto\\\/#primaryimage\"},\"thumbnailUrl\":\"https:\\\/\\\/agenciayork.com\\\/hdf\\\/wp-content\\\/uploads\\\/2023\\\/10\\\/MousseOporto2023-1.jpg\",\"datePublished\":\"2023-10-25T14:25:41+00:00\",\"dateModified\":\"2024-10-10T14:30:15+00:00\",\"description\":\"Nuestro Mousse de foie al Oporto con su textura muy fina y sabores delicadas, es ideal para compartir sobre galletas o tostadas.\",\"breadcrumb\":{\"@id\":\"https:\\\/\\\/agenciayork.com\\\/hdf\\\/producto\\\/mousse-de-foie-al-oporto\\\/#breadcrumb\"},\"inLanguage\":\"es-CL\",\"potentialAction\":[{\"@type\":\"ReadAction\",\"target\":[\"https:\\\/\\\/agenciayork.com\\\/hdf\\\/producto\\\/mousse-de-foie-al-oporto\\\/\"]}]},{\"@type\":\"ImageObject\",\"inLanguage\":\"es-CL\",\"@id\":\"https:\\\/\\\/agenciayork.com\\\/hdf\\\/producto\\\/mousse-de-foie-al-oporto\\\/#primaryimage\",\"url\":\"https:\\\/\\\/agenciayork.com\\\/hdf\\\/wp-content\\\/uploads\\\/2023\\\/10\\\/MousseOporto2023-1.jpg\",\"contentUrl\":\"https:\\\/\\\/agenciayork.com\\\/hdf\\\/wp-content\\\/uploads\\\/2023\\\/10\\\/MousseOporto2023-1.jpg\",\"width\":1080,\"height\":1080},{\"@type\":\"BreadcrumbList\",\"@id\":\"https:\\\/\\\/agenciayork.com\\\/hdf\\\/producto\\\/mousse-de-foie-al-oporto\\\/#breadcrumb\",\"itemListElement\":[{\"@type\":\"ListItem\",\"position\":1,\"name\":\"Portada\",\"item\":\"https:\\\/\\\/agenciayork.com\\\/hdf\\\/\"},{\"@type\":\"ListItem\",\"position\":2,\"name\":\"Tienda\",\"item\":\"https:\\\/\\\/agenciayork.com\\\/hdf\\\/mejores-productos-de-la-gastronomia-francesa\\\/\"},{\"@type\":\"ListItem\",\"position\":3,\"name\":\"Mousse de foie al Oporto\"}]},{\"@type\":\"WebSite\",\"@id\":\"https:\\\/\\\/agenciayork.com\\\/hdf\\\/#website\",\"url\":\"https:\\\/\\\/agenciayork.com\\\/hdf\\\/\",\"name\":\"H\u00e9l\u00e8ne de Fleurac\",\"description\":\"Gastronom\u00eda francesa\",\"potentialAction\":[{\"@type\":\"SearchAction\",\"target\":{\"@type\":\"EntryPoint\",\"urlTemplate\":\"https:\\\/\\\/agenciayork.com\\\/hdf\\\/?s={search_term_string}\"},\"query-input\":{\"@type\":\"PropertyValueSpecification\",\"valueRequired\":true,\"valueName\":\"search_term_string\"}}],\"inLanguage\":\"es-CL\"}]}<\/script>\n<!-- \/ Yoast SEO plugin. -->","yoast_head_json":{"title":"Mousse de foie al Oporto - H\u00e9l\u00e8ne de Fleurac","description":"Nuestro Mousse de foie al Oporto con su textura muy fina y sabores delicadas, es ideal para compartir sobre galletas o tostadas.","robots":{"index":"index","follow":"follow","max-snippet":"max-snippet:-1","max-image-preview":"max-image-preview:large","max-video-preview":"max-video-preview:-1"},"canonical":"https:\/\/agenciayork.com\/hdf\/producto\/mousse-de-foie-al-oporto\/","og_locale":"es_ES","og_type":"article","og_title":"Mousse de foie al Oporto - H\u00e9l\u00e8ne de Fleurac","og_description":"Nuestro Mousse de foie al Oporto con su textura muy fina y sabores delicadas, es ideal para compartir sobre galletas o tostadas.","og_url":"https:\/\/agenciayork.com\/hdf\/producto\/mousse-de-foie-al-oporto\/","og_site_name":"H\u00e9l\u00e8ne de Fleurac","article_modified_time":"2024-10-10T14:30:15+00:00","og_image":[{"width":1080,"height":1080,"url":"https:\/\/agenciayork.com\/hdf\/wp-content\/uploads\/2023\/10\/MousseOporto2023-1.jpg","type":"image\/jpeg"}],"twitter_card":"summary_large_image","twitter_misc":{"Tiempo estimado de lectura":"3 minutos"},"schema":{"@context":"https:\/\/schema.org","@graph":[{"@type":"WebPage","@id":"https:\/\/agenciayork.com\/hdf\/producto\/mousse-de-foie-al-oporto\/","url":"https:\/\/agenciayork.com\/hdf\/producto\/mousse-de-foie-al-oporto\/","name":"Mousse de foie al Oporto - H\u00e9l\u00e8ne de Fleurac","isPartOf":{"@id":"https:\/\/agenciayork.com\/hdf\/#website"},"primaryImageOfPage":{"@id":"https:\/\/agenciayork.com\/hdf\/producto\/mousse-de-foie-al-oporto\/#primaryimage"},"image":{"@id":"https:\/\/agenciayork.com\/hdf\/producto\/mousse-de-foie-al-oporto\/#primaryimage"},"thumbnailUrl":"https:\/\/agenciayork.com\/hdf\/wp-content\/uploads\/2023\/10\/MousseOporto2023-1.jpg","datePublished":"2023-10-25T14:25:41+00:00","dateModified":"2024-10-10T14:30:15+00:00","description":"Nuestro Mousse de foie al Oporto con su textura muy fina y sabores delicadas, es ideal para compartir sobre galletas o tostadas.","breadcrumb":{"@id":"https:\/\/agenciayork.com\/hdf\/producto\/mousse-de-foie-al-oporto\/#breadcrumb"},"inLanguage":"es-CL","potentialAction":[{"@type":"ReadAction","target":["https:\/\/agenciayork.com\/hdf\/producto\/mousse-de-foie-al-oporto\/"]}]},{"@type":"ImageObject","inLanguage":"es-CL","@id":"https:\/\/agenciayork.com\/hdf\/producto\/mousse-de-foie-al-oporto\/#primaryimage","url":"https:\/\/agenciayork.com\/hdf\/wp-content\/uploads\/2023\/10\/MousseOporto2023-1.jpg","contentUrl":"https:\/\/agenciayork.com\/hdf\/wp-content\/uploads\/2023\/10\/MousseOporto2023-1.jpg","width":1080,"height":1080},{"@type":"BreadcrumbList","@id":"https:\/\/agenciayork.com\/hdf\/producto\/mousse-de-foie-al-oporto\/#breadcrumb","itemListElement":[{"@type":"ListItem","position":1,"name":"Portada","item":"https:\/\/agenciayork.com\/hdf\/"},{"@type":"ListItem","position":2,"name":"Tienda","item":"https:\/\/agenciayork.com\/hdf\/mejores-productos-de-la-gastronomia-francesa\/"},{"@type":"ListItem","position":3,"name":"Mousse de foie al Oporto"}]},{"@type":"WebSite","@id":"https:\/\/agenciayork.com\/hdf\/#website","url":"https:\/\/agenciayork.com\/hdf\/","name":"H\u00e9l\u00e8ne de Fleurac","description":"Gastronom\u00eda francesa","potentialAction":[{"@type":"SearchAction","target":{"@type":"EntryPoint","urlTemplate":"https:\/\/agenciayork.com\/hdf\/?s={search_term_string}"},"query-input":{"@type":"PropertyValueSpecification","valueRequired":true,"valueName":"search_term_string"}}],"inLanguage":"es-CL"}]}},"_links":{"self":[{"href":"https:\/\/agenciayork.com\/hdf\/wp-json\/wp\/v2\/product\/5812","targetHints":{"allow":["GET"]}}],"collection":[{"href":"https:\/\/agenciayork.com\/hdf\/wp-json\/wp\/v2\/product"}],"about":[{"href":"https:\/\/agenciayork.com\/hdf\/wp-json\/wp\/v2\/types\/product"}],"version-history":[{"count":14,"href":"https:\/\/agenciayork.com\/hdf\/wp-json\/wp\/v2\/product\/5812\/revisions"}],"predecessor-version":[{"id":11502,"href":"https:\/\/agenciayork.com\/hdf\/wp-json\/wp\/v2\/product\/5812\/revisions\/11502"}],"wp:featuredmedia":[{"embeddable":true,"href":"https:\/\/agenciayork.com\/hdf\/wp-json\/wp\/v2\/media\/6075"}],"wp:attachment":[{"href":"https:\/\/agenciayork.com\/hdf\/wp-json\/wp\/v2\/media?parent=5812"}],"wp:term":[{"taxonomy":"product_brand","embeddable":true,"href":"https:\/\/agenciayork.com\/hdf\/wp-json\/wp\/v2\/product_brand?post=5812"},{"taxonomy":"product_cat","embeddable":true,"href":"https:\/\/agenciayork.com\/hdf\/wp-json\/wp\/v2\/product_cat?post=5812"},{"taxonomy":"product_tag","embeddable":true,"href":"https:\/\/agenciayork.com\/hdf\/wp-json\/wp\/v2\/product_tag?post=5812"}],"curies":[{"name":"wp","href":"https:\/\/api.w.org\/{rel}","templated":true}]}}