{"id":5833,"date":"2023-10-25T14:26:10","date_gmt":"2023-10-25T14:26:10","guid":{"rendered":"https:\/\/agenciayork.com\/hdf\/producto\/pack-regalo-confit\/"},"modified":"2024-10-04T11:51:22","modified_gmt":"2024-10-04T14:51:22","slug":"pack-regalo-confit","status":"publish","type":"product","link":"https:\/\/agenciayork.com\/hdf\/producto\/pack-regalo-confit\/","title":{"rendered":"Pack regalo Confit"},"content":{"rendered":"<p>En este pack regalo vienen 3 productos:<\/p>\n<ul>\n<li>1 lata de confit de pato de 4 muslos<\/li>\n<li>1 mousse de foie 180 gr<\/li>\n<li>1 caja de galletas Bocanboca 120 gr<\/li>\n<\/ul>\n<p>Si quieres otra mousse u otro pat\u00e9, solo d\u00e9janos un comentario al momento de pagar!<\/p>\n","protected":false},"excerpt":{"rendered":"<p>En este pack regalo vienen 3 productos:<\/p>\n<ul>\n<li>1 lata de confit de pato de 4 muslos<\/li>\n<li>1 mousse de foie 180 gr<\/li>\n<li>1 caja de galletas Bocanboca 120 gr<\/li>\n<\/ul>\n<p>Si quieres otra mousse u otro pat\u00e9, solo d\u00e9janos un comentario al momento de pagar!<\/p>\n","protected":false},"featured_media":6096,"template":"","meta":[],"product_brand":[],"product_cat":[182,181,145],"product_tag":[],"class_list":{"0":"post-5833","1":"product","2":"type-product","3":"status-publish","4":"has-post-thumbnail","6":"product_cat-confit-de-pato","7":"product_cat-dia-del-padre-2024","8":"product_cat-regalos-gourmet","10":"first","11":"instock","12":"shipping-taxable","13":"purchasable","14":"product-type-simple"},"yoast_head":"<!-- This site is optimized with the Yoast SEO plugin v27.5 - https:\/\/yoast.com\/product\/yoast-seo-wordpress\/ -->\n<title>Pack regalo Confit - H\u00e9l\u00e8ne de Fleurac<\/title>\n<meta name=\"robots\" content=\"index, follow, max-snippet:-1, max-image-preview:large, max-video-preview:-1\" \/>\n<link rel=\"canonical\" href=\"https:\/\/agenciayork.com\/hdf\/producto\/pack-regalo-confit\/\" \/>\n<meta property=\"og:locale\" content=\"es_ES\" \/>\n<meta property=\"og:type\" content=\"article\" \/>\n<meta property=\"og:title\" content=\"Pack regalo Confit - H\u00e9l\u00e8ne de Fleurac\" \/>\n<meta property=\"og:description\" content=\"En este pack regalo vienen 3 productos:   1 lata de confit de pato de 4 muslos  1 mousse de foie 180 gr  1 caja de galletas Bocanboca 120 gr  Si quieres otra mousse u otro pat\u00e9, solo d\u00e9janos un comentario al momento de pagar!\" \/>\n<meta property=\"og:url\" content=\"https:\/\/agenciayork.com\/hdf\/producto\/pack-regalo-confit\/\" \/>\n<meta property=\"og:site_name\" content=\"H\u00e9l\u00e8ne de Fleurac\" \/>\n<meta property=\"article:modified_time\" content=\"2024-10-04T14:51:22+00:00\" \/>\n<meta property=\"og:image\" content=\"https:\/\/agenciayork.com\/hdf\/wp-content\/uploads\/2023\/10\/Packconfitpate500x500-1.jpg\" \/>\n\t<meta property=\"og:image:width\" content=\"500\" \/>\n\t<meta property=\"og:image:height\" content=\"500\" \/>\n\t<meta property=\"og:image:type\" content=\"image\/jpeg\" \/>\n<meta name=\"twitter:card\" content=\"summary_large_image\" \/>\n<meta name=\"twitter:label1\" content=\"Tiempo estimado de lectura\" \/>\n\t<meta name=\"twitter:data1\" content=\"1 minuto\" \/>\n<script type=\"application\/ld+json\" class=\"yoast-schema-graph\">{\"@context\":\"https:\\\/\\\/schema.org\",\"@graph\":[{\"@type\":\"WebPage\",\"@id\":\"https:\\\/\\\/agenciayork.com\\\/hdf\\\/producto\\\/pack-regalo-confit\\\/\",\"url\":\"https:\\\/\\\/agenciayork.com\\\/hdf\\\/producto\\\/pack-regalo-confit\\\/\",\"name\":\"Pack regalo Confit - H\u00e9l\u00e8ne de Fleurac\",\"isPartOf\":{\"@id\":\"https:\\\/\\\/agenciayork.com\\\/hdf\\\/#website\"},\"primaryImageOfPage\":{\"@id\":\"https:\\\/\\\/agenciayork.com\\\/hdf\\\/producto\\\/pack-regalo-confit\\\/#primaryimage\"},\"image\":{\"@id\":\"https:\\\/\\\/agenciayork.com\\\/hdf\\\/producto\\\/pack-regalo-confit\\\/#primaryimage\"},\"thumbnailUrl\":\"https:\\\/\\\/agenciayork.com\\\/hdf\\\/wp-content\\\/uploads\\\/2023\\\/10\\\/Packconfitpate500x500-1.jpg\",\"datePublished\":\"2023-10-25T14:26:10+00:00\",\"dateModified\":\"2024-10-04T14:51:22+00:00\",\"breadcrumb\":{\"@id\":\"https:\\\/\\\/agenciayork.com\\\/hdf\\\/producto\\\/pack-regalo-confit\\\/#breadcrumb\"},\"inLanguage\":\"es-CL\",\"potentialAction\":[{\"@type\":\"ReadAction\",\"target\":[\"https:\\\/\\\/agenciayork.com\\\/hdf\\\/producto\\\/pack-regalo-confit\\\/\"]}]},{\"@type\":\"ImageObject\",\"inLanguage\":\"es-CL\",\"@id\":\"https:\\\/\\\/agenciayork.com\\\/hdf\\\/producto\\\/pack-regalo-confit\\\/#primaryimage\",\"url\":\"https:\\\/\\\/agenciayork.com\\\/hdf\\\/wp-content\\\/uploads\\\/2023\\\/10\\\/Packconfitpate500x500-1.jpg\",\"contentUrl\":\"https:\\\/\\\/agenciayork.com\\\/hdf\\\/wp-content\\\/uploads\\\/2023\\\/10\\\/Packconfitpate500x500-1.jpg\",\"width\":500,\"height\":500},{\"@type\":\"BreadcrumbList\",\"@id\":\"https:\\\/\\\/agenciayork.com\\\/hdf\\\/producto\\\/pack-regalo-confit\\\/#breadcrumb\",\"itemListElement\":[{\"@type\":\"ListItem\",\"position\":1,\"name\":\"Portada\",\"item\":\"https:\\\/\\\/agenciayork.com\\\/hdf\\\/\"},{\"@type\":\"ListItem\",\"position\":2,\"name\":\"Tienda\",\"item\":\"https:\\\/\\\/agenciayork.com\\\/hdf\\\/mejores-productos-de-la-gastronomia-francesa\\\/\"},{\"@type\":\"ListItem\",\"position\":3,\"name\":\"Pack regalo Confit\"}]},{\"@type\":\"WebSite\",\"@id\":\"https:\\\/\\\/agenciayork.com\\\/hdf\\\/#website\",\"url\":\"https:\\\/\\\/agenciayork.com\\\/hdf\\\/\",\"name\":\"H\u00e9l\u00e8ne de Fleurac\",\"description\":\"Gastronom\u00eda francesa\",\"potentialAction\":[{\"@type\":\"SearchAction\",\"target\":{\"@type\":\"EntryPoint\",\"urlTemplate\":\"https:\\\/\\\/agenciayork.com\\\/hdf\\\/?s={search_term_string}\"},\"query-input\":{\"@type\":\"PropertyValueSpecification\",\"valueRequired\":true,\"valueName\":\"search_term_string\"}}],\"inLanguage\":\"es-CL\"}]}<\/script>\n<!-- \/ Yoast SEO plugin. -->","yoast_head_json":{"title":"Pack regalo Confit - H\u00e9l\u00e8ne de Fleurac","robots":{"index":"index","follow":"follow","max-snippet":"max-snippet:-1","max-image-preview":"max-image-preview:large","max-video-preview":"max-video-preview:-1"},"canonical":"https:\/\/agenciayork.com\/hdf\/producto\/pack-regalo-confit\/","og_locale":"es_ES","og_type":"article","og_title":"Pack regalo Confit - H\u00e9l\u00e8ne de Fleurac","og_description":"En este pack regalo vienen 3 productos:   1 lata de confit de pato de 4 muslos  1 mousse de foie 180 gr  1 caja de galletas Bocanboca 120 gr  Si quieres otra mousse u otro pat\u00e9, solo d\u00e9janos un comentario al momento de pagar!","og_url":"https:\/\/agenciayork.com\/hdf\/producto\/pack-regalo-confit\/","og_site_name":"H\u00e9l\u00e8ne de Fleurac","article_modified_time":"2024-10-04T14:51:22+00:00","og_image":[{"width":500,"height":500,"url":"https:\/\/agenciayork.com\/hdf\/wp-content\/uploads\/2023\/10\/Packconfitpate500x500-1.jpg","type":"image\/jpeg"}],"twitter_card":"summary_large_image","twitter_misc":{"Tiempo estimado de lectura":"1 minuto"},"schema":{"@context":"https:\/\/schema.org","@graph":[{"@type":"WebPage","@id":"https:\/\/agenciayork.com\/hdf\/producto\/pack-regalo-confit\/","url":"https:\/\/agenciayork.com\/hdf\/producto\/pack-regalo-confit\/","name":"Pack regalo Confit - H\u00e9l\u00e8ne de Fleurac","isPartOf":{"@id":"https:\/\/agenciayork.com\/hdf\/#website"},"primaryImageOfPage":{"@id":"https:\/\/agenciayork.com\/hdf\/producto\/pack-regalo-confit\/#primaryimage"},"image":{"@id":"https:\/\/agenciayork.com\/hdf\/producto\/pack-regalo-confit\/#primaryimage"},"thumbnailUrl":"https:\/\/agenciayork.com\/hdf\/wp-content\/uploads\/2023\/10\/Packconfitpate500x500-1.jpg","datePublished":"2023-10-25T14:26:10+00:00","dateModified":"2024-10-04T14:51:22+00:00","breadcrumb":{"@id":"https:\/\/agenciayork.com\/hdf\/producto\/pack-regalo-confit\/#breadcrumb"},"inLanguage":"es-CL","potentialAction":[{"@type":"ReadAction","target":["https:\/\/agenciayork.com\/hdf\/producto\/pack-regalo-confit\/"]}]},{"@type":"ImageObject","inLanguage":"es-CL","@id":"https:\/\/agenciayork.com\/hdf\/producto\/pack-regalo-confit\/#primaryimage","url":"https:\/\/agenciayork.com\/hdf\/wp-content\/uploads\/2023\/10\/Packconfitpate500x500-1.jpg","contentUrl":"https:\/\/agenciayork.com\/hdf\/wp-content\/uploads\/2023\/10\/Packconfitpate500x500-1.jpg","width":500,"height":500},{"@type":"BreadcrumbList","@id":"https:\/\/agenciayork.com\/hdf\/producto\/pack-regalo-confit\/#breadcrumb","itemListElement":[{"@type":"ListItem","position":1,"name":"Portada","item":"https:\/\/agenciayork.com\/hdf\/"},{"@type":"ListItem","position":2,"name":"Tienda","item":"https:\/\/agenciayork.com\/hdf\/mejores-productos-de-la-gastronomia-francesa\/"},{"@type":"ListItem","position":3,"name":"Pack regalo Confit"}]},{"@type":"WebSite","@id":"https:\/\/agenciayork.com\/hdf\/#website","url":"https:\/\/agenciayork.com\/hdf\/","name":"H\u00e9l\u00e8ne de Fleurac","description":"Gastronom\u00eda francesa","potentialAction":[{"@type":"SearchAction","target":{"@type":"EntryPoint","urlTemplate":"https:\/\/agenciayork.com\/hdf\/?s={search_term_string}"},"query-input":{"@type":"PropertyValueSpecification","valueRequired":true,"valueName":"search_term_string"}}],"inLanguage":"es-CL"}]}},"_links":{"self":[{"href":"https:\/\/agenciayork.com\/hdf\/wp-json\/wp\/v2\/product\/5833","targetHints":{"allow":["GET"]}}],"collection":[{"href":"https:\/\/agenciayork.com\/hdf\/wp-json\/wp\/v2\/product"}],"about":[{"href":"https:\/\/agenciayork.com\/hdf\/wp-json\/wp\/v2\/types\/product"}],"version-history":[{"count":2,"href":"https:\/\/agenciayork.com\/hdf\/wp-json\/wp\/v2\/product\/5833\/revisions"}],"predecessor-version":[{"id":9879,"href":"https:\/\/agenciayork.com\/hdf\/wp-json\/wp\/v2\/product\/5833\/revisions\/9879"}],"wp:featuredmedia":[{"embeddable":true,"href":"https:\/\/agenciayork.com\/hdf\/wp-json\/wp\/v2\/media\/6096"}],"wp:attachment":[{"href":"https:\/\/agenciayork.com\/hdf\/wp-json\/wp\/v2\/media?parent=5833"}],"wp:term":[{"taxonomy":"product_brand","embeddable":true,"href":"https:\/\/agenciayork.com\/hdf\/wp-json\/wp\/v2\/product_brand?post=5833"},{"taxonomy":"product_cat","embeddable":true,"href":"https:\/\/agenciayork.com\/hdf\/wp-json\/wp\/v2\/product_cat?post=5833"},{"taxonomy":"product_tag","embeddable":true,"href":"https:\/\/agenciayork.com\/hdf\/wp-json\/wp\/v2\/product_tag?post=5833"}],"curies":[{"name":"wp","href":"https:\/\/api.w.org\/{rel}","templated":true}]}}