{"id":5854,"date":"2023-10-25T14:26:38","date_gmt":"2023-10-25T14:26:38","guid":{"rendered":"https:\/\/agenciayork.com\/hdf\/producto\/pate-veggie\/"},"modified":"2024-10-11T12:51:34","modified_gmt":"2024-10-11T15:51:34","slug":"pate-veggie","status":"publish","type":"product","link":"https:\/\/agenciayork.com\/hdf\/producto\/pate-veggie\/","title":{"rendered":"Pat\u00e9 veggie"},"content":{"rendered":"\t\t<div data-elementor-type=\"wp-post\" data-elementor-id=\"5854\" class=\"elementor elementor-5854\">\n\t\t\t\t<div class=\"elementor-element elementor-element-e28c258 e-flex e-con-boxed e-con e-parent\" data-id=\"e28c258\" data-element_type=\"container\">\n\t\t\t\t\t<div class=\"e-con-inner\">\n\t\t\t\t<div class=\"elementor-element elementor-element-9eaa7a3 elementor-widget elementor-widget-nest-title-v1\" data-id=\"9eaa7a3\" data-element_type=\"widget\" data-widget_type=\"nest-title-v1.default\">\n\t\t\t\t<div class=\"elementor-widget-container\">\n\t\t\t        <div class=\"section_title type_one\">\r\n                            <h4 class=\"mb-20 text-brand\"> Pat\u00e9 veggie<\/h4>\r\n                                                    <p class=\"mb-20\"> Te invito a descubrir mi pat\u00e9 veggie, un imperdible de la gastronom\u00eda francesa. Con su textura cremosa y sus sabores delicados, marca la diferencia en un aperitivo o una comida, y se disfruta sin moderaci\u00f3n!\n\n<\/p>\r\n                    <\/div>\r\n    \t\t<\/div>\n\t\t\t\t<\/div>\n\t\t\t\t\t<\/div>\n\t\t\t\t<\/div>\n\t\t<div class=\"elementor-element elementor-element-9482bb4 e-flex e-con-boxed e-con e-parent\" data-id=\"9482bb4\" data-element_type=\"container\">\n\t\t\t\t\t<div class=\"e-con-inner\">\n\t\t\t\t<div class=\"elementor-element elementor-element-44fe9b3 elementor-widget-divider--view-line elementor-widget elementor-widget-divider\" data-id=\"44fe9b3\" data-element_type=\"widget\" data-widget_type=\"divider.default\">\n\t\t\t\t<div class=\"elementor-widget-container\">\n\t\t\t\t\t<div class=\"elementor-divider\">\n\t\t\t<span class=\"elementor-divider-separator\">\n\t\t\t\t\t\t<\/span>\n\t\t<\/div>\n\t\t\t\t<\/div>\n\t\t\t\t<\/div>\n\t\t\t\t\t<\/div>\n\t\t\t\t<\/div>\n\t\t<div class=\"elementor-element elementor-element-1760384 e-flex e-con-boxed e-con e-parent\" data-id=\"1760384\" data-element_type=\"container\">\n\t\t\t\t\t<div class=\"e-con-inner\">\n\t\t<div class=\"elementor-element elementor-element-d507590 e-con-full e-flex e-con e-child\" data-id=\"d507590\" data-element_type=\"container\">\n\t\t\t\t<div class=\"elementor-element elementor-element-cf5e9f9 elementor-widget elementor-widget-image\" data-id=\"cf5e9f9\" data-element_type=\"widget\" data-widget_type=\"image.default\">\n\t\t\t\t<div class=\"elementor-widget-container\">\n\t\t\t\t\t\t\t\t\t\t\t\t\t<img fetchpriority=\"high\" decoding=\"async\" width=\"300\" height=\"300\" src=\"https:\/\/agenciayork.com\/hdf\/wp-content\/uploads\/2023\/10\/Pateveggie-1-300x300.jpg\" class=\"attachment-medium size-medium wp-image-6127\" alt=\"\" srcset=\"https:\/\/agenciayork.com\/hdf\/wp-content\/uploads\/2023\/10\/Pateveggie-1-300x300.jpg 300w, https:\/\/agenciayork.com\/hdf\/wp-content\/uploads\/2023\/10\/Pateveggie-1-1024x1024.jpg 1024w, https:\/\/agenciayork.com\/hdf\/wp-content\/uploads\/2023\/10\/Pateveggie-1-150x150.jpg 150w, https:\/\/agenciayork.com\/hdf\/wp-content\/uploads\/2023\/10\/Pateveggie-1-768x768.jpg 768w, https:\/\/agenciayork.com\/hdf\/wp-content\/uploads\/2023\/10\/Pateveggie-1-600x600.jpg 600w, https:\/\/agenciayork.com\/hdf\/wp-content\/uploads\/2023\/10\/Pateveggie-1-100x100.jpg 100w, https:\/\/agenciayork.com\/hdf\/wp-content\/uploads\/2023\/10\/Pateveggie-1-50x50.jpg 50w, https:\/\/agenciayork.com\/hdf\/wp-content\/uploads\/2023\/10\/Pateveggie-1-64x64.jpg 64w, https:\/\/agenciayork.com\/hdf\/wp-content\/uploads\/2023\/10\/Pateveggie-1.jpg 1080w\" sizes=\"(max-width: 300px) 100vw, 300px\" \/>\t\t\t\t\t\t\t\t\t\t\t\t\t<\/div>\n\t\t\t\t<\/div>\n\t\t\t\t<\/div>\n\t\t<div class=\"elementor-element elementor-element-5ba4c33 e-con-full e-flex e-con e-child\" data-id=\"5ba4c33\" data-element_type=\"container\">\n\t\t\t\t<div class=\"elementor-element elementor-element-d70e61e elementor-widget elementor-widget-heading\" data-id=\"d70e61e\" data-element_type=\"widget\" data-widget_type=\"heading.default\">\n\t\t\t\t<div class=\"elementor-widget-container\">\n\t\t\t<h4 class=\"elementor-heading-title elementor-size-default\">RECETA CASERA Y deliciosa<br>una textura untuosa y llena de sabores<\/h4>\t\t<\/div>\n\t\t\t\t<\/div>\n\t\t\t\t<div class=\"elementor-element elementor-element-4ad7123 elementor-widget elementor-widget-nest-text-editor-v1\" data-id=\"4ad7123\" data-element_type=\"widget\" data-widget_type=\"nest-text-editor-v1.default\">\n\t\t\t\t<div class=\"elementor-widget-container\">\n\t\t\t   <div class=\"custom_text_editor position-relative\">\r\n        <p>El Pat\u00e9 veggie es el resultado de un esfuerzo dedicado para satisfacer la creciente demanda de <strong>opciones<\/strong> <strong>vegetarianas<\/strong> en las ferias y eventos gastron\u00f3micos. Conscientes de la importancia de ofrecer alternativas alimenticias inclusivas y <strong>deliciosas<\/strong>, nos propusimos crear un pat\u00e9 que no solo fuera vegano, sino que tambi\u00e9n deleitara los paladares m\u00e1s exigentes con su <strong>textura<\/strong> <strong>untuosa<\/strong> y su <strong>sabor<\/strong> <strong>exquisito<\/strong>.<\/p><p>Este producto ha sido concebido despu\u00e9s de un largo proceso de investigaci\u00f3n y desarrollo, con el objetivo de encontrar la <strong>combinaci\u00f3n<\/strong> <strong>perfecta<\/strong> de ingredientes que garantice una experiencia culinaria satisfactoria para todos. Utilizando solo <strong>ingredientes<\/strong> <strong>naturales<\/strong> y <strong>frescos<\/strong>, he logrado elaborar un pat\u00e9 veggie que conserva la esencia de la receta francesa tradicional, pero adaptada a las necesidades y preferencias de quienes optan por una alimentaci\u00f3n basada en plantas.<\/p><p>Cada conserva de mi pat\u00e9 veggie es producida con <strong>orgullo<\/strong> en <strong>Chile<\/strong>, siguiendo estrictos est\u00e1ndares de <strong>calidad<\/strong> y <strong>sin<\/strong> la adici\u00f3n de <strong>preservantes<\/strong>. Esta dedicaci\u00f3n a la frescura y autenticidad se refleja en cada bocado, brindando una experiencia gastron\u00f3mica que es tanto <strong>reconfortante<\/strong> como deliciosa.<\/p><p><strong>Ingredientes<\/strong> lentejas, cebolla, tofu, aceite de canola (100%), salsa tamari, callampas, levadura nutricional, pimienta de Jamaica y romero<br \/><strong>Enriquecido en vitamina B12 y hierro<\/strong><\/p>    <\/div>\r\n\t\t<\/div>\n\t\t\t\t<\/div>\n\t\t\t\t<\/div>\n\t\t\t\t\t<\/div>\n\t\t\t\t<\/div>\n\t\t<div class=\"elementor-element elementor-element-c9d699e e-flex e-con-boxed e-con e-parent\" data-id=\"c9d699e\" data-element_type=\"container\">\n\t\t\t\t\t<div class=\"e-con-inner\">\n\t\t\t\t<div class=\"elementor-element elementor-element-87112a1 elementor-widget-divider--view-line elementor-widget elementor-widget-divider\" data-id=\"87112a1\" data-element_type=\"widget\" data-widget_type=\"divider.default\">\n\t\t\t\t<div class=\"elementor-widget-container\">\n\t\t\t\t\t<div class=\"elementor-divider\">\n\t\t\t<span class=\"elementor-divider-separator\">\n\t\t\t\t\t\t<\/span>\n\t\t<\/div>\n\t\t\t\t<\/div>\n\t\t\t\t<\/div>\n\t\t\t\t\t<\/div>\n\t\t\t\t<\/div>\n\t\t<div class=\"elementor-element elementor-element-431d561 e-flex e-con-boxed e-con e-parent\" data-id=\"431d561\" data-element_type=\"container\">\n\t\t\t\t\t<div class=\"e-con-inner\">\n\t\t<div class=\"elementor-element elementor-element-0c0cbcd e-con-full e-flex e-con e-child\" data-id=\"0c0cbcd\" data-element_type=\"container\">\n\t\t\t\t<div class=\"elementor-element elementor-element-b30fc7f elementor-widget elementor-widget-heading\" data-id=\"b30fc7f\" data-element_type=\"widget\" data-widget_type=\"heading.default\">\n\t\t\t\t<div class=\"elementor-widget-container\">\n\t\t\t<h4 class=\"elementor-heading-title elementor-size-default\">el producto perfecto para el picoteo<\/h4>\t\t<\/div>\n\t\t\t\t<\/div>\n\t\t\t\t<div class=\"elementor-element elementor-element-fe54591 elementor-widget elementor-widget-nest-text-editor-v1\" data-id=\"fe54591\" data-element_type=\"widget\" data-widget_type=\"nest-text-editor-v1.default\">\n\t\t\t\t<div class=\"elementor-widget-container\">\n\t\t\t   <div class=\"custom_text_editor position-relative\">\r\n        <p>Lo que distingue a mi pat\u00e9 veggie es su capacidad para satisfacer tanto a los <strong>vegetarianos<\/strong> y veganos como a los <strong>amantes<\/strong> de la <strong>buena<\/strong> <strong>comida<\/strong> en general. Su textura untuosa y su sabor delicioso lo convierten en una opci\u00f3n vers\u00e1til que puede ser disfrutada en una variedad de formas: <strong>untado<\/strong> sobre <strong>pan<\/strong> <strong>crujiente<\/strong>, como acompa\u00f1amiento para platos principales o como parte de una tabla de <strong>aperitivos<\/strong>.<\/p><p>Se recomienda tambi\u00e9n comer con\u00a0<a href=\"https:\/\/agenciayork.com\/hdf\/producto\/cornichons\/\"><strong>cornichons<\/strong><\/a>. Su riqueza de sabores complementa una amplia variedad de ingredientes, permitiendo experimentar con diferentes combinaciones y creaciones gastron\u00f3micas.<\/p><p>Adem\u00e1s de su delicioso sabor y su versatilidad en la cocina, mi pat\u00e9 veggie tambi\u00e9n es una elecci\u00f3n consciente y respetuosa con el medio ambiente. Al optar por productos veganos, contribuyes a reducir tu huella ecol\u00f3gica y a promover un estilo de vida m\u00e1s <strong>sostenible<\/strong> y <strong>compasivo<\/strong>.<\/p><p><strong>Conservaci\u00f3n<\/strong> 1 a\u00f1o en la despensa 1 semana en el refrigerador una vez abierto<\/p>    <\/div>\r\n\t\t<\/div>\n\t\t\t\t<\/div>\n\t\t\t\t<\/div>\n\t\t<div class=\"elementor-element elementor-element-266045c e-con-full e-flex e-con e-child\" data-id=\"266045c\" data-element_type=\"container\">\n\t\t\t\t<div class=\"elementor-element elementor-element-909c903 elementor-widget elementor-widget-image\" data-id=\"909c903\" data-element_type=\"widget\" data-widget_type=\"image.default\">\n\t\t\t\t<div class=\"elementor-widget-container\">\n\t\t\t\t\t\t\t\t\t\t\t\t\t<img decoding=\"async\" width=\"300\" height=\"300\" src=\"https:\/\/agenciayork.com\/hdf\/wp-content\/uploads\/2023\/10\/pate-de-campagne-300x300.png\" class=\"attachment-medium size-medium wp-image-11513\" alt=\"pate\u0301 de campagne cornichons\" srcset=\"https:\/\/agenciayork.com\/hdf\/wp-content\/uploads\/2023\/10\/pate-de-campagne-300x300.png 300w, https:\/\/agenciayork.com\/hdf\/wp-content\/uploads\/2023\/10\/pate-de-campagne-1024x1024.png 1024w, https:\/\/agenciayork.com\/hdf\/wp-content\/uploads\/2023\/10\/pate-de-campagne-150x150.png 150w, https:\/\/agenciayork.com\/hdf\/wp-content\/uploads\/2023\/10\/pate-de-campagne-768x768.png 768w, https:\/\/agenciayork.com\/hdf\/wp-content\/uploads\/2023\/10\/pate-de-campagne-600x600.png 600w, https:\/\/agenciayork.com\/hdf\/wp-content\/uploads\/2023\/10\/pate-de-campagne-100x100.png 100w, https:\/\/agenciayork.com\/hdf\/wp-content\/uploads\/2023\/10\/pate-de-campagne-50x50.png 50w, https:\/\/agenciayork.com\/hdf\/wp-content\/uploads\/2023\/10\/pate-de-campagne-64x64.png 64w, https:\/\/agenciayork.com\/hdf\/wp-content\/uploads\/2023\/10\/pate-de-campagne.png 1080w\" sizes=\"(max-width: 300px) 100vw, 300px\" \/>\t\t\t\t\t\t\t\t\t\t\t\t\t<\/div>\n\t\t\t\t<\/div>\n\t\t\t\t<\/div>\n\t\t\t\t\t<\/div>\n\t\t\t\t<\/div>\n\t\t<div class=\"elementor-element elementor-element-4aff182 e-flex e-con-boxed e-con e-parent\" data-id=\"4aff182\" data-element_type=\"container\">\n\t\t\t\t\t<div class=\"e-con-inner\">\n\t\t\t\t<div class=\"elementor-element elementor-element-4dfef7f elementor-widget-divider--view-line elementor-widget elementor-widget-divider\" data-id=\"4dfef7f\" data-element_type=\"widget\" data-widget_type=\"divider.default\">\n\t\t\t\t<div class=\"elementor-widget-container\">\n\t\t\t\t\t<div class=\"elementor-divider\">\n\t\t\t<span class=\"elementor-divider-separator\">\n\t\t\t\t\t\t<\/span>\n\t\t<\/div>\n\t\t\t\t<\/div>\n\t\t\t\t<\/div>\n\t\t\t\t\t<\/div>\n\t\t\t\t<\/div>\n\t\t<div class=\"elementor-element elementor-element-9ddcba2 e-flex e-con-boxed e-con e-parent\" data-id=\"9ddcba2\" data-element_type=\"container\">\n\t\t\t\t\t<div class=\"e-con-inner\">\n\t\t\t\t<div class=\"elementor-element elementor-element-374458f elementor-widget elementor-widget-heading\" data-id=\"374458f\" data-element_type=\"widget\" data-widget_type=\"heading.default\">\n\t\t\t\t<div class=\"elementor-widget-container\">\n\t\t\t<h4 class=\"elementor-heading-title elementor-size-default\">DESCUBRE TAMBIeN MIS OTRoS pat\u00e9s<\/h4>\t\t<\/div>\n\t\t\t\t<\/div>\n\t\t\t\t\t<\/div>\n\t\t\t\t<\/div>\n\t\t<div class=\"elementor-element elementor-element-c8d0ac4 e-flex e-con-boxed e-con e-parent\" data-id=\"c8d0ac4\" data-element_type=\"container\">\n\t\t\t\t\t<div class=\"e-con-inner\">\n\t\t\t\t<div class=\"elementor-element elementor-element-06859b0 elementor-widget elementor-widget-image\" data-id=\"06859b0\" data-element_type=\"widget\" data-widget_type=\"image.default\">\n\t\t\t\t<div class=\"elementor-widget-container\">\n\t\t\t\t\t\t\t\t\t\t\t\t\t\t<a href=\"https:\/\/agenciayork.com\/hdf\/categoria-producto\/pates-y-untables\/\">\n\t\t\t\t\t\t\t<img decoding=\"async\" width=\"768\" height=\"768\" src=\"https:\/\/agenciayork.com\/hdf\/wp-content\/uploads\/2023\/10\/presentation-pates-768x768.png\" class=\"attachment-medium_large size-medium_large wp-image-11514\" alt=\"pre\u0301sentation pa\u0302te\u0301s\" srcset=\"https:\/\/agenciayork.com\/hdf\/wp-content\/uploads\/2023\/10\/presentation-pates-768x768.png 768w, https:\/\/agenciayork.com\/hdf\/wp-content\/uploads\/2023\/10\/presentation-pates-300x300.png 300w, https:\/\/agenciayork.com\/hdf\/wp-content\/uploads\/2023\/10\/presentation-pates-1024x1024.png 1024w, https:\/\/agenciayork.com\/hdf\/wp-content\/uploads\/2023\/10\/presentation-pates-150x150.png 150w, https:\/\/agenciayork.com\/hdf\/wp-content\/uploads\/2023\/10\/presentation-pates-600x600.png 600w, https:\/\/agenciayork.com\/hdf\/wp-content\/uploads\/2023\/10\/presentation-pates-100x100.png 100w, https:\/\/agenciayork.com\/hdf\/wp-content\/uploads\/2023\/10\/presentation-pates-50x50.png 50w, https:\/\/agenciayork.com\/hdf\/wp-content\/uploads\/2023\/10\/presentation-pates-64x64.png 64w, https:\/\/agenciayork.com\/hdf\/wp-content\/uploads\/2023\/10\/presentation-pates.png 1080w\" sizes=\"(max-width: 768px) 100vw, 768px\" \/>\t\t\t\t\t\t\t\t<\/a>\n\t\t\t\t\t\t\t\t\t\t\t\t\t<\/div>\n\t\t\t\t<\/div>\n\t\t\t\t\t<\/div>\n\t\t\t\t<\/div>\n\t\t<div class=\"elementor-element elementor-element-f45a4e1 e-flex e-con-boxed e-con e-parent\" data-id=\"f45a4e1\" data-element_type=\"container\">\n\t\t\t\t\t<div class=\"e-con-inner\">\n\t\t\t\t<div class=\"elementor-element elementor-element-29ef119 elementor-widget elementor-widget-nest-text-editor-v1\" data-id=\"29ef119\" data-element_type=\"widget\" data-widget_type=\"nest-text-editor-v1.default\">\n\t\t\t\t<div class=\"elementor-widget-container\">\n\t\t\t   <div class=\"custom_text_editor position-relative\">\r\n        <p>En mi compromiso con el\u00a0<strong>medio ambiente<\/strong>, si me traes\u00a0<strong>10 frascos<\/strong>\u00a0vac\u00edos con su etiqueta original, te\u00a0<strong>regalo<\/strong>\u00a0un producto.\u00a0<\/p>    <\/div>\r\n\t\t<\/div>\n\t\t\t\t<\/div>\n\t\t\t\t\t<\/div>\n\t\t\t\t<\/div>\n\t\t\t\t<\/div>\n\t\t","protected":false},"excerpt":{"rendered":"<p>Este pat\u00e9 fue creado despu\u00e9s de encontrar a muchas personas en las ferias que me ped\u00edan comida vegetariana. Despu\u00e9s de un largo proceso hemos logrado una textura untuosa y un sabor delicioso!<\/p>\n<p><b>Conserva de 180 gr<br \/>\nHECHO EN CHILE<br \/>\nReceta francesa &#8211; 100% natural &#8211; Sin preservantes<br \/>\nProducto vegano<\/b><\/p>\n","protected":false},"featured_media":6127,"template":"","meta":[],"product_brand":[],"product_cat":[134,110,183,160],"product_tag":[],"class_list":{"0":"post-5854","1":"product","2":"type-product","3":"status-publish","4":"has-post-thumbnail","6":"product_cat-pates-y-untables","7":"product_cat-picoteo","8":"product_cat-prepara-tu-18","9":"product_cat-productos-vegetarianos","11":"first","12":"instock","13":"shipping-taxable","14":"purchasable","15":"product-type-simple"},"yoast_head":"<!-- This site is optimized with the Yoast SEO plugin v27.5 - https:\/\/yoast.com\/product\/yoast-seo-wordpress\/ -->\n<title>Pat\u00e9 veggie - H\u00e9l\u00e8ne de Fleurac<\/title>\n<meta name=\"description\" content=\"Descubre el exquisito Pat\u00e9 veggie, una opci\u00f3n deliciosa y saludable creada para satisfacer las necesidades de los amantes de la comida vegetariana. Elaborar\" \/>\n<meta name=\"robots\" content=\"index, follow, max-snippet:-1, max-image-preview:large, max-video-preview:-1\" \/>\n<link rel=\"canonical\" href=\"https:\/\/agenciayork.com\/hdf\/producto\/pate-veggie\/\" \/>\n<meta property=\"og:locale\" content=\"es_ES\" \/>\n<meta property=\"og:type\" content=\"article\" \/>\n<meta property=\"og:title\" content=\"Pat\u00e9 veggie - H\u00e9l\u00e8ne de Fleurac\" \/>\n<meta property=\"og:description\" content=\"Descubre el exquisito Pat\u00e9 veggie, una opci\u00f3n deliciosa y saludable creada para satisfacer las necesidades de los amantes de la comida vegetariana. Elaborar\" \/>\n<meta property=\"og:url\" content=\"https:\/\/agenciayork.com\/hdf\/producto\/pate-veggie\/\" \/>\n<meta property=\"og:site_name\" content=\"H\u00e9l\u00e8ne de Fleurac\" \/>\n<meta property=\"article:modified_time\" content=\"2024-10-11T15:51:34+00:00\" \/>\n<meta property=\"og:image\" content=\"https:\/\/agenciayork.com\/hdf\/wp-content\/uploads\/2023\/10\/Pateveggie-1.jpg\" \/>\n\t<meta property=\"og:image:width\" content=\"1080\" \/>\n\t<meta property=\"og:image:height\" content=\"1080\" \/>\n\t<meta property=\"og:image:type\" content=\"image\/jpeg\" \/>\n<meta name=\"twitter:card\" content=\"summary_large_image\" \/>\n<meta name=\"twitter:label1\" content=\"Tiempo estimado de lectura\" \/>\n\t<meta name=\"twitter:data1\" content=\"4 minutos\" \/>\n<script type=\"application\/ld+json\" class=\"yoast-schema-graph\">{\"@context\":\"https:\\\/\\\/schema.org\",\"@graph\":[{\"@type\":\"WebPage\",\"@id\":\"https:\\\/\\\/agenciayork.com\\\/hdf\\\/producto\\\/pate-veggie\\\/\",\"url\":\"https:\\\/\\\/agenciayork.com\\\/hdf\\\/producto\\\/pate-veggie\\\/\",\"name\":\"Pat\u00e9 veggie - H\u00e9l\u00e8ne de Fleurac\",\"isPartOf\":{\"@id\":\"https:\\\/\\\/agenciayork.com\\\/hdf\\\/#website\"},\"primaryImageOfPage\":{\"@id\":\"https:\\\/\\\/agenciayork.com\\\/hdf\\\/producto\\\/pate-veggie\\\/#primaryimage\"},\"image\":{\"@id\":\"https:\\\/\\\/agenciayork.com\\\/hdf\\\/producto\\\/pate-veggie\\\/#primaryimage\"},\"thumbnailUrl\":\"https:\\\/\\\/agenciayork.com\\\/hdf\\\/wp-content\\\/uploads\\\/2023\\\/10\\\/Pateveggie-1.jpg\",\"datePublished\":\"2023-10-25T14:26:38+00:00\",\"dateModified\":\"2024-10-11T15:51:34+00:00\",\"description\":\"Descubre el exquisito Pat\u00e9 veggie, una opci\u00f3n deliciosa y saludable creada para satisfacer las necesidades de los amantes de la comida vegetariana. Elaborar\",\"breadcrumb\":{\"@id\":\"https:\\\/\\\/agenciayork.com\\\/hdf\\\/producto\\\/pate-veggie\\\/#breadcrumb\"},\"inLanguage\":\"es-CL\",\"potentialAction\":[{\"@type\":\"ReadAction\",\"target\":[\"https:\\\/\\\/agenciayork.com\\\/hdf\\\/producto\\\/pate-veggie\\\/\"]}]},{\"@type\":\"ImageObject\",\"inLanguage\":\"es-CL\",\"@id\":\"https:\\\/\\\/agenciayork.com\\\/hdf\\\/producto\\\/pate-veggie\\\/#primaryimage\",\"url\":\"https:\\\/\\\/agenciayork.com\\\/hdf\\\/wp-content\\\/uploads\\\/2023\\\/10\\\/Pateveggie-1.jpg\",\"contentUrl\":\"https:\\\/\\\/agenciayork.com\\\/hdf\\\/wp-content\\\/uploads\\\/2023\\\/10\\\/Pateveggie-1.jpg\",\"width\":1080,\"height\":1080},{\"@type\":\"BreadcrumbList\",\"@id\":\"https:\\\/\\\/agenciayork.com\\\/hdf\\\/producto\\\/pate-veggie\\\/#breadcrumb\",\"itemListElement\":[{\"@type\":\"ListItem\",\"position\":1,\"name\":\"Portada\",\"item\":\"https:\\\/\\\/agenciayork.com\\\/hdf\\\/\"},{\"@type\":\"ListItem\",\"position\":2,\"name\":\"Tienda\",\"item\":\"https:\\\/\\\/agenciayork.com\\\/hdf\\\/mejores-productos-de-la-gastronomia-francesa\\\/\"},{\"@type\":\"ListItem\",\"position\":3,\"name\":\"Pat\u00e9 veggie\"}]},{\"@type\":\"WebSite\",\"@id\":\"https:\\\/\\\/agenciayork.com\\\/hdf\\\/#website\",\"url\":\"https:\\\/\\\/agenciayork.com\\\/hdf\\\/\",\"name\":\"H\u00e9l\u00e8ne de Fleurac\",\"description\":\"Gastronom\u00eda francesa\",\"potentialAction\":[{\"@type\":\"SearchAction\",\"target\":{\"@type\":\"EntryPoint\",\"urlTemplate\":\"https:\\\/\\\/agenciayork.com\\\/hdf\\\/?s={search_term_string}\"},\"query-input\":{\"@type\":\"PropertyValueSpecification\",\"valueRequired\":true,\"valueName\":\"search_term_string\"}}],\"inLanguage\":\"es-CL\"}]}<\/script>\n<!-- \/ Yoast SEO plugin. -->","yoast_head_json":{"title":"Pat\u00e9 veggie - H\u00e9l\u00e8ne de Fleurac","description":"Descubre el exquisito Pat\u00e9 veggie, una opci\u00f3n deliciosa y saludable creada para satisfacer las necesidades de los amantes de la comida vegetariana. Elaborar","robots":{"index":"index","follow":"follow","max-snippet":"max-snippet:-1","max-image-preview":"max-image-preview:large","max-video-preview":"max-video-preview:-1"},"canonical":"https:\/\/agenciayork.com\/hdf\/producto\/pate-veggie\/","og_locale":"es_ES","og_type":"article","og_title":"Pat\u00e9 veggie - H\u00e9l\u00e8ne de Fleurac","og_description":"Descubre el exquisito Pat\u00e9 veggie, una opci\u00f3n deliciosa y saludable creada para satisfacer las necesidades de los amantes de la comida vegetariana. Elaborar","og_url":"https:\/\/agenciayork.com\/hdf\/producto\/pate-veggie\/","og_site_name":"H\u00e9l\u00e8ne de Fleurac","article_modified_time":"2024-10-11T15:51:34+00:00","og_image":[{"width":1080,"height":1080,"url":"https:\/\/agenciayork.com\/hdf\/wp-content\/uploads\/2023\/10\/Pateveggie-1.jpg","type":"image\/jpeg"}],"twitter_card":"summary_large_image","twitter_misc":{"Tiempo estimado de lectura":"4 minutos"},"schema":{"@context":"https:\/\/schema.org","@graph":[{"@type":"WebPage","@id":"https:\/\/agenciayork.com\/hdf\/producto\/pate-veggie\/","url":"https:\/\/agenciayork.com\/hdf\/producto\/pate-veggie\/","name":"Pat\u00e9 veggie - H\u00e9l\u00e8ne de Fleurac","isPartOf":{"@id":"https:\/\/agenciayork.com\/hdf\/#website"},"primaryImageOfPage":{"@id":"https:\/\/agenciayork.com\/hdf\/producto\/pate-veggie\/#primaryimage"},"image":{"@id":"https:\/\/agenciayork.com\/hdf\/producto\/pate-veggie\/#primaryimage"},"thumbnailUrl":"https:\/\/agenciayork.com\/hdf\/wp-content\/uploads\/2023\/10\/Pateveggie-1.jpg","datePublished":"2023-10-25T14:26:38+00:00","dateModified":"2024-10-11T15:51:34+00:00","description":"Descubre el exquisito Pat\u00e9 veggie, una opci\u00f3n deliciosa y saludable creada para satisfacer las necesidades de los amantes de la comida vegetariana. Elaborar","breadcrumb":{"@id":"https:\/\/agenciayork.com\/hdf\/producto\/pate-veggie\/#breadcrumb"},"inLanguage":"es-CL","potentialAction":[{"@type":"ReadAction","target":["https:\/\/agenciayork.com\/hdf\/producto\/pate-veggie\/"]}]},{"@type":"ImageObject","inLanguage":"es-CL","@id":"https:\/\/agenciayork.com\/hdf\/producto\/pate-veggie\/#primaryimage","url":"https:\/\/agenciayork.com\/hdf\/wp-content\/uploads\/2023\/10\/Pateveggie-1.jpg","contentUrl":"https:\/\/agenciayork.com\/hdf\/wp-content\/uploads\/2023\/10\/Pateveggie-1.jpg","width":1080,"height":1080},{"@type":"BreadcrumbList","@id":"https:\/\/agenciayork.com\/hdf\/producto\/pate-veggie\/#breadcrumb","itemListElement":[{"@type":"ListItem","position":1,"name":"Portada","item":"https:\/\/agenciayork.com\/hdf\/"},{"@type":"ListItem","position":2,"name":"Tienda","item":"https:\/\/agenciayork.com\/hdf\/mejores-productos-de-la-gastronomia-francesa\/"},{"@type":"ListItem","position":3,"name":"Pat\u00e9 veggie"}]},{"@type":"WebSite","@id":"https:\/\/agenciayork.com\/hdf\/#website","url":"https:\/\/agenciayork.com\/hdf\/","name":"H\u00e9l\u00e8ne de Fleurac","description":"Gastronom\u00eda francesa","potentialAction":[{"@type":"SearchAction","target":{"@type":"EntryPoint","urlTemplate":"https:\/\/agenciayork.com\/hdf\/?s={search_term_string}"},"query-input":{"@type":"PropertyValueSpecification","valueRequired":true,"valueName":"search_term_string"}}],"inLanguage":"es-CL"}]}},"_links":{"self":[{"href":"https:\/\/agenciayork.com\/hdf\/wp-json\/wp\/v2\/product\/5854","targetHints":{"allow":["GET"]}}],"collection":[{"href":"https:\/\/agenciayork.com\/hdf\/wp-json\/wp\/v2\/product"}],"about":[{"href":"https:\/\/agenciayork.com\/hdf\/wp-json\/wp\/v2\/types\/product"}],"version-history":[{"count":8,"href":"https:\/\/agenciayork.com\/hdf\/wp-json\/wp\/v2\/product\/5854\/revisions"}],"predecessor-version":[{"id":11564,"href":"https:\/\/agenciayork.com\/hdf\/wp-json\/wp\/v2\/product\/5854\/revisions\/11564"}],"wp:featuredmedia":[{"embeddable":true,"href":"https:\/\/agenciayork.com\/hdf\/wp-json\/wp\/v2\/media\/6127"}],"wp:attachment":[{"href":"https:\/\/agenciayork.com\/hdf\/wp-json\/wp\/v2\/media?parent=5854"}],"wp:term":[{"taxonomy":"product_brand","embeddable":true,"href":"https:\/\/agenciayork.com\/hdf\/wp-json\/wp\/v2\/product_brand?post=5854"},{"taxonomy":"product_cat","embeddable":true,"href":"https:\/\/agenciayork.com\/hdf\/wp-json\/wp\/v2\/product_cat?post=5854"},{"taxonomy":"product_tag","embeddable":true,"href":"https:\/\/agenciayork.com\/hdf\/wp-json\/wp\/v2\/product_tag?post=5854"}],"curies":[{"name":"wp","href":"https:\/\/api.w.org\/{rel}","templated":true}]}}