{"id":5878,"date":"2023-10-25T14:27:15","date_gmt":"2023-10-25T14:27:15","guid":{"rendered":"https:\/\/agenciayork.com\/hdf\/producto\/ratatouille\/"},"modified":"2024-10-14T10:04:31","modified_gmt":"2024-10-14T13:04:31","slug":"ratatouille","status":"publish","type":"product","link":"https:\/\/agenciayork.com\/hdf\/producto\/ratatouille\/","title":{"rendered":"Ratatouille"},"content":{"rendered":"\t\t<div data-elementor-type=\"wp-post\" data-elementor-id=\"5878\" class=\"elementor elementor-5878\">\n\t\t\t\t<div class=\"elementor-element elementor-element-8cc04f7 e-flex e-con-boxed e-con e-parent\" data-id=\"8cc04f7\" data-element_type=\"container\">\n\t\t\t\t\t<div class=\"e-con-inner\">\n\t\t\t\t<div class=\"elementor-element elementor-element-2247cc7 elementor-widget elementor-widget-nest-title-v1\" data-id=\"2247cc7\" data-element_type=\"widget\" data-widget_type=\"nest-title-v1.default\">\n\t\t\t\t<div class=\"elementor-widget-container\">\n\t\t\t        <div class=\"section_title type_one\">\r\n                            <h4 class=\"mb-20 text-brand\"> RAtatouille<\/h4>\r\n                                                    <p class=\"mb-20\"> Te invito a descubrir mi ratatouille, un plato emblem\u00e1tico de la Provenza que celebra la generosidad de la naturaleza. Con sus vegetales cocidos lentamente en una sinfon\u00eda de sabores, la ratatouille encarna la armon\u00eda entre la simplicidad y el refinamiento. Servida caliente o fr\u00eda, acompa\u00f1a perfectamente carnes y pescados, o se disfruta sola para un viaje culinario al coraz\u00f3n del sur de Francia.<\/p>\r\n                    <\/div>\r\n    \t\t<\/div>\n\t\t\t\t<\/div>\n\t\t\t\t\t<\/div>\n\t\t\t\t<\/div>\n\t\t<div class=\"elementor-element elementor-element-db673c6 e-flex e-con-boxed e-con e-parent\" data-id=\"db673c6\" data-element_type=\"container\">\n\t\t\t\t\t<div class=\"e-con-inner\">\n\t\t\t\t<div class=\"elementor-element elementor-element-3609606 elementor-widget-divider--view-line elementor-widget elementor-widget-divider\" data-id=\"3609606\" data-element_type=\"widget\" data-widget_type=\"divider.default\">\n\t\t\t\t<div class=\"elementor-widget-container\">\n\t\t\t\t\t<div class=\"elementor-divider\">\n\t\t\t<span class=\"elementor-divider-separator\">\n\t\t\t\t\t\t<\/span>\n\t\t<\/div>\n\t\t\t\t<\/div>\n\t\t\t\t<\/div>\n\t\t\t\t\t<\/div>\n\t\t\t\t<\/div>\n\t\t<div class=\"elementor-element elementor-element-e0bfc71 e-flex e-con-boxed e-con e-parent\" data-id=\"e0bfc71\" data-element_type=\"container\">\n\t\t\t\t\t<div class=\"e-con-inner\">\n\t\t<div class=\"elementor-element elementor-element-64f25f6 e-con-full e-flex e-con e-child\" data-id=\"64f25f6\" data-element_type=\"container\">\n\t\t\t\t<div class=\"elementor-element elementor-element-93cca18 elementor-widget elementor-widget-image\" data-id=\"93cca18\" data-element_type=\"widget\" data-widget_type=\"image.default\">\n\t\t\t\t<div class=\"elementor-widget-container\">\n\t\t\t\t\t\t\t\t\t\t\t\t\t<img fetchpriority=\"high\" decoding=\"async\" width=\"300\" height=\"300\" src=\"https:\/\/agenciayork.com\/hdf\/wp-content\/uploads\/2023\/10\/ratatouille-300x300.png\" class=\"attachment-medium size-medium wp-image-11638\" alt=\"ratatouille\" srcset=\"https:\/\/agenciayork.com\/hdf\/wp-content\/uploads\/2023\/10\/ratatouille-300x300.png 300w, https:\/\/agenciayork.com\/hdf\/wp-content\/uploads\/2023\/10\/ratatouille-1024x1024.png 1024w, https:\/\/agenciayork.com\/hdf\/wp-content\/uploads\/2023\/10\/ratatouille-150x150.png 150w, https:\/\/agenciayork.com\/hdf\/wp-content\/uploads\/2023\/10\/ratatouille-768x768.png 768w, https:\/\/agenciayork.com\/hdf\/wp-content\/uploads\/2023\/10\/ratatouille-600x600.png 600w, https:\/\/agenciayork.com\/hdf\/wp-content\/uploads\/2023\/10\/ratatouille-100x100.png 100w, https:\/\/agenciayork.com\/hdf\/wp-content\/uploads\/2023\/10\/ratatouille-50x50.png 50w, https:\/\/agenciayork.com\/hdf\/wp-content\/uploads\/2023\/10\/ratatouille-64x64.png 64w, https:\/\/agenciayork.com\/hdf\/wp-content\/uploads\/2023\/10\/ratatouille.png 1080w\" sizes=\"(max-width: 300px) 100vw, 300px\" \/>\t\t\t\t\t\t\t\t\t\t\t\t\t<\/div>\n\t\t\t\t<\/div>\n\t\t\t\t<\/div>\n\t\t<div class=\"elementor-element elementor-element-0591190 e-con-full e-flex e-con e-child\" data-id=\"0591190\" data-element_type=\"container\">\n\t\t\t\t<div class=\"elementor-element elementor-element-54d79be elementor-widget elementor-widget-heading\" data-id=\"54d79be\" data-element_type=\"widget\" data-widget_type=\"heading.default\">\n\t\t\t\t<div class=\"elementor-widget-container\">\n\t\t\t<h4 class=\"elementor-heading-title elementor-size-default\">RECETA CASERA Y 100% NATURAL<br>SIN CONSERVANTES NI ADITIVOS<\/h4>\t\t<\/div>\n\t\t\t\t<\/div>\n\t\t\t\t<div class=\"elementor-element elementor-element-d883642 elementor-widget elementor-widget-nest-text-editor-v1\" data-id=\"d883642\" data-element_type=\"widget\" data-widget_type=\"nest-text-editor-v1.default\">\n\t\t\t\t<div class=\"elementor-widget-container\">\n\t\t\t   <div class=\"custom_text_editor position-relative\">\r\n        <p>La ratatouille, un plato <strong>emblem\u00e1tico<\/strong> de la cocina francesa, es mucho m\u00e1s que una simple mezcla de vegetales. Su nombre evoca la tradici\u00f3n y el <strong>sabor<\/strong> del <strong>Mediterr\u00e1neo<\/strong>, y su receta aut\u00e9ntica resalta la riqueza de ingredientes como el <strong>piment\u00f3n<\/strong>, la <strong>cebolla<\/strong>, el <strong>tomate<\/strong>, la <strong>berenjena<\/strong> y el <strong>zapallo<\/strong> <strong>italiano<\/strong>, todos sazonados con las arom\u00e1ticas <a href=\"https:\/\/agenciayork.com\/hdf\/producto\/herbes-de-provence\/\"><strong>herbes de Provence<\/strong><\/a>. Esta delicia culinaria ofrece una explosi\u00f3n de sabores y texturas que deleitan los paladares m\u00e1s exigentes.<\/p><p>Su <strong>preparaci\u00f3n<\/strong> es todo un arte, que requiere <strong>tiempo<\/strong> y paciencia para lograr el equilibrio perfecto de sabores. Los <strong>vegetales<\/strong> se cortan en <strong>rodajas<\/strong> <strong>finas<\/strong> y se cocinan lentamente en una sart\u00e9n con aceite de oliva hasta que est\u00e9n tiernos pero a\u00fan conserven su textura. Luego, se agregan las hierbas de Provenza, que a\u00f1aden un aroma distintivo y un toque de frescura a la mezcla.<\/p><p><strong>Ingredientes<\/strong> zapallo italiano, tomate, berenjena, cebolla, piment\u00f3n rojo, hierbas de Provenza<\/p>    <\/div>\r\n\t\t<\/div>\n\t\t\t\t<\/div>\n\t\t\t\t<\/div>\n\t\t\t\t\t<\/div>\n\t\t\t\t<\/div>\n\t\t<div class=\"elementor-element elementor-element-894f2e5 e-flex e-con-boxed e-con e-parent\" data-id=\"894f2e5\" data-element_type=\"container\">\n\t\t\t\t\t<div class=\"e-con-inner\">\n\t\t\t\t<div class=\"elementor-element elementor-element-4c2487e elementor-widget-divider--view-line elementor-widget elementor-widget-divider\" data-id=\"4c2487e\" data-element_type=\"widget\" data-widget_type=\"divider.default\">\n\t\t\t\t<div class=\"elementor-widget-container\">\n\t\t\t\t\t<div class=\"elementor-divider\">\n\t\t\t<span class=\"elementor-divider-separator\">\n\t\t\t\t\t\t<\/span>\n\t\t<\/div>\n\t\t\t\t<\/div>\n\t\t\t\t<\/div>\n\t\t\t\t\t<\/div>\n\t\t\t\t<\/div>\n\t\t<div class=\"elementor-element elementor-element-a6640b9 e-flex e-con-boxed e-con e-parent\" data-id=\"a6640b9\" data-element_type=\"container\">\n\t\t\t\t\t<div class=\"e-con-inner\">\n\t\t<div class=\"elementor-element elementor-element-540307d e-con-full e-flex e-con e-child\" data-id=\"540307d\" data-element_type=\"container\">\n\t\t\t\t<div class=\"elementor-element elementor-element-5dbd605 elementor-widget elementor-widget-heading\" data-id=\"5dbd605\" data-element_type=\"widget\" data-widget_type=\"heading.default\">\n\t\t\t\t<div class=\"elementor-widget-container\">\n\t\t\t<h4 class=\"elementor-heading-title elementor-size-default\">UN plato A CALENTAR o servir <br>LISTo PARA COMER!<\/h4>\t\t<\/div>\n\t\t\t\t<\/div>\n\t\t\t\t<div class=\"elementor-element elementor-element-e6227bf elementor-widget elementor-widget-nest-text-editor-v1\" data-id=\"e6227bf\" data-element_type=\"widget\" data-widget_type=\"nest-text-editor-v1.default\">\n\t\t\t\t<div class=\"elementor-widget-container\">\n\t\t\t   <div class=\"custom_text_editor position-relative\">\r\n        <p>El encanto de la ratatouille radica en su versatilidad. Puede ser <strong>disfrutada<\/strong> tanto <strong>caliente<\/strong> como <strong>fr\u00eda<\/strong>, lo que la convierte en un <strong>acompa\u00f1amiento<\/strong> perfecto para una amplia variedad de platos. Ya sea servida como guarnici\u00f3n para <strong>carnes<\/strong> y <strong>pescados<\/strong> a la <strong>parrilla<\/strong>, como <strong>relleno<\/strong> para crepes o tartaletas, o incluso como plato principal junto con arroz o quinoa, la ratatouille siempre a\u00f1ade un <strong>toque<\/strong> de <strong>sofisticaci\u00f3n<\/strong> y <strong>sabor<\/strong> a cualquier comida.<\/p><p>Adem\u00e1s de su exquisito sabor y su aroma tentador, la ratatouille tambi\u00e9n es una opci\u00f3n <strong>saludable<\/strong> y nutritiva. Est\u00e1 repleta de <strong>vitaminas<\/strong>, <strong>minerales<\/strong> y <strong>antioxidantes<\/strong> que promueven la salud y el bienestar. Su bajo contenido cal\u00f3rico la convierte en una opci\u00f3n ideal para aquellos que buscan cuidar su figura sin renunciar al placer de una buena comida.<\/p><p>All\u00ed\u00a0van\u00a0unas <strong>ideas<\/strong> para poder usar esta Ratatouille:<br \/>- para <strong>acompa\u00f1ar<\/strong> carne o pescado (fr\u00eda o caliente)<br \/>- <strong>mezclado<\/strong> con pasta, arroz o con queso rallado<br \/>- con <strong>huevos<\/strong> revueltos<br \/>- sobre <strong>bruschettas<\/strong> de aperitivo<br \/>- para preparar <strong>quiche<\/strong> o <strong>muffins<\/strong> salados (vea receta!)<\/p>    <\/div>\r\n\t\t<\/div>\n\t\t\t\t<\/div>\n\t\t\t\t<\/div>\n\t\t<div class=\"elementor-element elementor-element-1e4da7e e-con-full e-flex e-con e-child\" data-id=\"1e4da7e\" data-element_type=\"container\">\n\t\t\t\t<div class=\"elementor-element elementor-element-ded01f1 elementor-widget elementor-widget-image\" data-id=\"ded01f1\" data-element_type=\"widget\" data-widget_type=\"image.default\">\n\t\t\t\t<div class=\"elementor-widget-container\">\n\t\t\t\t\t\t\t\t\t\t\t\t\t<img decoding=\"async\" width=\"300\" height=\"300\" src=\"https:\/\/agenciayork.com\/hdf\/wp-content\/uploads\/2023\/10\/ratatouille-1-300x300.png\" class=\"attachment-medium size-medium wp-image-11639\" alt=\"ratatouille (1)\" srcset=\"https:\/\/agenciayork.com\/hdf\/wp-content\/uploads\/2023\/10\/ratatouille-1-300x300.png 300w, https:\/\/agenciayork.com\/hdf\/wp-content\/uploads\/2023\/10\/ratatouille-1-1024x1024.png 1024w, https:\/\/agenciayork.com\/hdf\/wp-content\/uploads\/2023\/10\/ratatouille-1-150x150.png 150w, https:\/\/agenciayork.com\/hdf\/wp-content\/uploads\/2023\/10\/ratatouille-1-768x768.png 768w, https:\/\/agenciayork.com\/hdf\/wp-content\/uploads\/2023\/10\/ratatouille-1-600x600.png 600w, https:\/\/agenciayork.com\/hdf\/wp-content\/uploads\/2023\/10\/ratatouille-1-100x100.png 100w, https:\/\/agenciayork.com\/hdf\/wp-content\/uploads\/2023\/10\/ratatouille-1-50x50.png 50w, https:\/\/agenciayork.com\/hdf\/wp-content\/uploads\/2023\/10\/ratatouille-1-64x64.png 64w, https:\/\/agenciayork.com\/hdf\/wp-content\/uploads\/2023\/10\/ratatouille-1.png 1080w\" sizes=\"(max-width: 300px) 100vw, 300px\" \/>\t\t\t\t\t\t\t\t\t\t\t\t\t<\/div>\n\t\t\t\t<\/div>\n\t\t\t\t<\/div>\n\t\t\t\t\t<\/div>\n\t\t\t\t<\/div>\n\t\t\t\t<\/div>\n\t\t","protected":false},"excerpt":{"rendered":"<p>Esta\u00a0es la verdadera\u00a0Ratatouille, receta francesa, a base de piment\u00f3n, cebolla, tomate, berenjena, zapallo italiano y por supuesto \u201c<em>herbes de Provence<\/em>\u201d. Es un plato preparado\u00a0de\u00a0oro que se puede utilizar como acompa\u00f1amiento fr\u00edo, caliente y entra en muchas recetas.<\/p>\n","protected":false},"featured_media":8303,"template":"","meta":[],"product_brand":[],"product_cat":[109,166,110,137,160],"product_tag":[],"class_list":{"0":"post-5878","1":"product","2":"type-product","3":"status-publish","4":"has-post-thumbnail","6":"product_cat-acompanamientos","7":"product_cat-mis-clasicos","8":"product_cat-picoteo","9":"product_cat-platos-preparados","10":"product_cat-productos-vegetarianos","12":"first","13":"instock","14":"shipping-taxable","15":"purchasable","16":"product-type-variable"},"yoast_head":"<!-- This site is optimized with the Yoast SEO plugin v27.5 - https:\/\/yoast.com\/product\/yoast-seo-wordpress\/ -->\n<title>Ratatouille - H\u00e9l\u00e8ne de Fleurac<\/title>\n<meta name=\"description\" content=\"Descubre la aut\u00e9ntica Ratatouille, un plato franc\u00e9s lleno de sabor y tradici\u00f3n. Con una mezcla de piment\u00f3n, cebolla, tomate, berenjena y zapallo italiano, s\" \/>\n<meta name=\"robots\" content=\"index, follow, max-snippet:-1, max-image-preview:large, max-video-preview:-1\" \/>\n<link rel=\"canonical\" href=\"https:\/\/agenciayork.com\/hdf\/producto\/ratatouille\/\" \/>\n<meta property=\"og:locale\" content=\"es_ES\" \/>\n<meta property=\"og:type\" content=\"article\" \/>\n<meta property=\"og:title\" content=\"Ratatouille - H\u00e9l\u00e8ne de Fleurac\" \/>\n<meta property=\"og:description\" content=\"Descubre la aut\u00e9ntica Ratatouille, un plato franc\u00e9s lleno de sabor y tradici\u00f3n. Con una mezcla de piment\u00f3n, cebolla, tomate, berenjena y zapallo italiano, s\" \/>\n<meta property=\"og:url\" content=\"https:\/\/agenciayork.com\/hdf\/producto\/ratatouille\/\" \/>\n<meta property=\"og:site_name\" content=\"H\u00e9l\u00e8ne de Fleurac\" \/>\n<meta property=\"article:modified_time\" content=\"2024-10-14T13:04:31+00:00\" \/>\n<meta property=\"og:image\" content=\"https:\/\/agenciayork.com\/hdf\/wp-content\/uploads\/2023\/10\/Ratatouille-ambiente.jpg\" \/>\n\t<meta property=\"og:image:width\" content=\"1074\" \/>\n\t<meta property=\"og:image:height\" content=\"1074\" \/>\n\t<meta property=\"og:image:type\" content=\"image\/jpeg\" \/>\n<meta name=\"twitter:card\" content=\"summary_large_image\" \/>\n<meta name=\"twitter:label1\" content=\"Tiempo estimado de lectura\" \/>\n\t<meta name=\"twitter:data1\" content=\"3 minutos\" \/>\n<script type=\"application\/ld+json\" class=\"yoast-schema-graph\">{\"@context\":\"https:\\\/\\\/schema.org\",\"@graph\":[{\"@type\":\"WebPage\",\"@id\":\"https:\\\/\\\/agenciayork.com\\\/hdf\\\/producto\\\/ratatouille\\\/\",\"url\":\"https:\\\/\\\/agenciayork.com\\\/hdf\\\/producto\\\/ratatouille\\\/\",\"name\":\"Ratatouille - H\u00e9l\u00e8ne de Fleurac\",\"isPartOf\":{\"@id\":\"https:\\\/\\\/agenciayork.com\\\/hdf\\\/#website\"},\"primaryImageOfPage\":{\"@id\":\"https:\\\/\\\/agenciayork.com\\\/hdf\\\/producto\\\/ratatouille\\\/#primaryimage\"},\"image\":{\"@id\":\"https:\\\/\\\/agenciayork.com\\\/hdf\\\/producto\\\/ratatouille\\\/#primaryimage\"},\"thumbnailUrl\":\"https:\\\/\\\/agenciayork.com\\\/hdf\\\/wp-content\\\/uploads\\\/2023\\\/10\\\/Ratatouille-ambiente.jpg\",\"datePublished\":\"2023-10-25T14:27:15+00:00\",\"dateModified\":\"2024-10-14T13:04:31+00:00\",\"description\":\"Descubre la aut\u00e9ntica Ratatouille, un plato franc\u00e9s lleno de sabor y tradici\u00f3n. Con una mezcla de piment\u00f3n, cebolla, tomate, berenjena y zapallo italiano, s\",\"breadcrumb\":{\"@id\":\"https:\\\/\\\/agenciayork.com\\\/hdf\\\/producto\\\/ratatouille\\\/#breadcrumb\"},\"inLanguage\":\"es-CL\",\"potentialAction\":[{\"@type\":\"ReadAction\",\"target\":[\"https:\\\/\\\/agenciayork.com\\\/hdf\\\/producto\\\/ratatouille\\\/\"]}]},{\"@type\":\"ImageObject\",\"inLanguage\":\"es-CL\",\"@id\":\"https:\\\/\\\/agenciayork.com\\\/hdf\\\/producto\\\/ratatouille\\\/#primaryimage\",\"url\":\"https:\\\/\\\/agenciayork.com\\\/hdf\\\/wp-content\\\/uploads\\\/2023\\\/10\\\/Ratatouille-ambiente.jpg\",\"contentUrl\":\"https:\\\/\\\/agenciayork.com\\\/hdf\\\/wp-content\\\/uploads\\\/2023\\\/10\\\/Ratatouille-ambiente.jpg\",\"width\":1074,\"height\":1074},{\"@type\":\"BreadcrumbList\",\"@id\":\"https:\\\/\\\/agenciayork.com\\\/hdf\\\/producto\\\/ratatouille\\\/#breadcrumb\",\"itemListElement\":[{\"@type\":\"ListItem\",\"position\":1,\"name\":\"Portada\",\"item\":\"https:\\\/\\\/agenciayork.com\\\/hdf\\\/\"},{\"@type\":\"ListItem\",\"position\":2,\"name\":\"Tienda\",\"item\":\"https:\\\/\\\/agenciayork.com\\\/hdf\\\/mejores-productos-de-la-gastronomia-francesa\\\/\"},{\"@type\":\"ListItem\",\"position\":3,\"name\":\"Ratatouille\"}]},{\"@type\":\"WebSite\",\"@id\":\"https:\\\/\\\/agenciayork.com\\\/hdf\\\/#website\",\"url\":\"https:\\\/\\\/agenciayork.com\\\/hdf\\\/\",\"name\":\"H\u00e9l\u00e8ne de Fleurac\",\"description\":\"Gastronom\u00eda francesa\",\"potentialAction\":[{\"@type\":\"SearchAction\",\"target\":{\"@type\":\"EntryPoint\",\"urlTemplate\":\"https:\\\/\\\/agenciayork.com\\\/hdf\\\/?s={search_term_string}\"},\"query-input\":{\"@type\":\"PropertyValueSpecification\",\"valueRequired\":true,\"valueName\":\"search_term_string\"}}],\"inLanguage\":\"es-CL\"}]}<\/script>\n<!-- \/ Yoast SEO plugin. -->","yoast_head_json":{"title":"Ratatouille - H\u00e9l\u00e8ne de Fleurac","description":"Descubre la aut\u00e9ntica Ratatouille, un plato franc\u00e9s lleno de sabor y tradici\u00f3n. Con una mezcla de piment\u00f3n, cebolla, tomate, berenjena y zapallo italiano, s","robots":{"index":"index","follow":"follow","max-snippet":"max-snippet:-1","max-image-preview":"max-image-preview:large","max-video-preview":"max-video-preview:-1"},"canonical":"https:\/\/agenciayork.com\/hdf\/producto\/ratatouille\/","og_locale":"es_ES","og_type":"article","og_title":"Ratatouille - H\u00e9l\u00e8ne de Fleurac","og_description":"Descubre la aut\u00e9ntica Ratatouille, un plato franc\u00e9s lleno de sabor y tradici\u00f3n. Con una mezcla de piment\u00f3n, cebolla, tomate, berenjena y zapallo italiano, s","og_url":"https:\/\/agenciayork.com\/hdf\/producto\/ratatouille\/","og_site_name":"H\u00e9l\u00e8ne de Fleurac","article_modified_time":"2024-10-14T13:04:31+00:00","og_image":[{"width":1074,"height":1074,"url":"https:\/\/agenciayork.com\/hdf\/wp-content\/uploads\/2023\/10\/Ratatouille-ambiente.jpg","type":"image\/jpeg"}],"twitter_card":"summary_large_image","twitter_misc":{"Tiempo estimado de lectura":"3 minutos"},"schema":{"@context":"https:\/\/schema.org","@graph":[{"@type":"WebPage","@id":"https:\/\/agenciayork.com\/hdf\/producto\/ratatouille\/","url":"https:\/\/agenciayork.com\/hdf\/producto\/ratatouille\/","name":"Ratatouille - H\u00e9l\u00e8ne de Fleurac","isPartOf":{"@id":"https:\/\/agenciayork.com\/hdf\/#website"},"primaryImageOfPage":{"@id":"https:\/\/agenciayork.com\/hdf\/producto\/ratatouille\/#primaryimage"},"image":{"@id":"https:\/\/agenciayork.com\/hdf\/producto\/ratatouille\/#primaryimage"},"thumbnailUrl":"https:\/\/agenciayork.com\/hdf\/wp-content\/uploads\/2023\/10\/Ratatouille-ambiente.jpg","datePublished":"2023-10-25T14:27:15+00:00","dateModified":"2024-10-14T13:04:31+00:00","description":"Descubre la aut\u00e9ntica Ratatouille, un plato franc\u00e9s lleno de sabor y tradici\u00f3n. Con una mezcla de piment\u00f3n, cebolla, tomate, berenjena y zapallo italiano, s","breadcrumb":{"@id":"https:\/\/agenciayork.com\/hdf\/producto\/ratatouille\/#breadcrumb"},"inLanguage":"es-CL","potentialAction":[{"@type":"ReadAction","target":["https:\/\/agenciayork.com\/hdf\/producto\/ratatouille\/"]}]},{"@type":"ImageObject","inLanguage":"es-CL","@id":"https:\/\/agenciayork.com\/hdf\/producto\/ratatouille\/#primaryimage","url":"https:\/\/agenciayork.com\/hdf\/wp-content\/uploads\/2023\/10\/Ratatouille-ambiente.jpg","contentUrl":"https:\/\/agenciayork.com\/hdf\/wp-content\/uploads\/2023\/10\/Ratatouille-ambiente.jpg","width":1074,"height":1074},{"@type":"BreadcrumbList","@id":"https:\/\/agenciayork.com\/hdf\/producto\/ratatouille\/#breadcrumb","itemListElement":[{"@type":"ListItem","position":1,"name":"Portada","item":"https:\/\/agenciayork.com\/hdf\/"},{"@type":"ListItem","position":2,"name":"Tienda","item":"https:\/\/agenciayork.com\/hdf\/mejores-productos-de-la-gastronomia-francesa\/"},{"@type":"ListItem","position":3,"name":"Ratatouille"}]},{"@type":"WebSite","@id":"https:\/\/agenciayork.com\/hdf\/#website","url":"https:\/\/agenciayork.com\/hdf\/","name":"H\u00e9l\u00e8ne de Fleurac","description":"Gastronom\u00eda francesa","potentialAction":[{"@type":"SearchAction","target":{"@type":"EntryPoint","urlTemplate":"https:\/\/agenciayork.com\/hdf\/?s={search_term_string}"},"query-input":{"@type":"PropertyValueSpecification","valueRequired":true,"valueName":"search_term_string"}}],"inLanguage":"es-CL"}]}},"_links":{"self":[{"href":"https:\/\/agenciayork.com\/hdf\/wp-json\/wp\/v2\/product\/5878","targetHints":{"allow":["GET"]}}],"collection":[{"href":"https:\/\/agenciayork.com\/hdf\/wp-json\/wp\/v2\/product"}],"about":[{"href":"https:\/\/agenciayork.com\/hdf\/wp-json\/wp\/v2\/types\/product"}],"version-history":[{"count":14,"href":"https:\/\/agenciayork.com\/hdf\/wp-json\/wp\/v2\/product\/5878\/revisions"}],"predecessor-version":[{"id":11646,"href":"https:\/\/agenciayork.com\/hdf\/wp-json\/wp\/v2\/product\/5878\/revisions\/11646"}],"wp:featuredmedia":[{"embeddable":true,"href":"https:\/\/agenciayork.com\/hdf\/wp-json\/wp\/v2\/media\/8303"}],"wp:attachment":[{"href":"https:\/\/agenciayork.com\/hdf\/wp-json\/wp\/v2\/media?parent=5878"}],"wp:term":[{"taxonomy":"product_brand","embeddable":true,"href":"https:\/\/agenciayork.com\/hdf\/wp-json\/wp\/v2\/product_brand?post=5878"},{"taxonomy":"product_cat","embeddable":true,"href":"https:\/\/agenciayork.com\/hdf\/wp-json\/wp\/v2\/product_cat?post=5878"},{"taxonomy":"product_tag","embeddable":true,"href":"https:\/\/agenciayork.com\/hdf\/wp-json\/wp\/v2\/product_tag?post=5878"}],"curies":[{"name":"wp","href":"https:\/\/api.w.org\/{rel}","templated":true}]}}