{"id":5898,"date":"2023-10-25T11:27:32","date_gmt":"2023-10-25T14:27:32","guid":{"rendered":"https:\/\/agenciayork.com\/hdf\/producto\/rillettes-de-cerdo\/"},"modified":"2024-10-08T17:39:40","modified_gmt":"2024-10-08T20:39:40","slug":"rillettes-de-cerdo","status":"publish","type":"product","link":"https:\/\/agenciayork.com\/hdf\/producto\/rillettes-de-cerdo\/","title":{"rendered":"Rillettes de cerdo"},"content":{"rendered":"\t\t<div data-elementor-type=\"wp-post\" data-elementor-id=\"5898\" class=\"elementor elementor-5898\">\n\t\t\t\t<div class=\"elementor-element elementor-element-9ffc508 e-flex e-con-boxed e-con e-parent\" data-id=\"9ffc508\" data-element_type=\"container\">\n\t\t\t\t\t<div class=\"e-con-inner\">\n\t\t\t\t<div class=\"elementor-element elementor-element-6f32e5f elementor-widget elementor-widget-nest-title-v1\" data-id=\"6f32e5f\" data-element_type=\"widget\" data-widget_type=\"nest-title-v1.default\">\n\t\t\t\t<div class=\"elementor-widget-container\">\n\t\t\t        <div class=\"section_title type_one\">\r\n                            <h4 class=\"mb-20 text-brand\"> Rillettes de cerdo<\/h4>\r\n                                                    <p class=\"mb-20\"> Te invito a descubrir mis rillettes de cerdo, un imperdible de la gastronom\u00eda francesa. Con su textura y sus sabores delicados, marca la diferencia en un aperitivo o una comida, y se disfruta sin moderaci\u00f3n!<\/p>\r\n                    <\/div>\r\n    \t\t<\/div>\n\t\t\t\t<\/div>\n\t\t\t\t\t<\/div>\n\t\t\t\t<\/div>\n\t\t<div class=\"elementor-element elementor-element-a55f3b3 e-flex e-con-boxed e-con e-parent\" data-id=\"a55f3b3\" data-element_type=\"container\">\n\t\t\t\t\t<div class=\"e-con-inner\">\n\t\t\t\t<div class=\"elementor-element elementor-element-b25fa06 elementor-widget-divider--view-line elementor-widget elementor-widget-divider\" data-id=\"b25fa06\" data-element_type=\"widget\" data-widget_type=\"divider.default\">\n\t\t\t\t<div class=\"elementor-widget-container\">\n\t\t\t\t\t<div class=\"elementor-divider\">\n\t\t\t<span class=\"elementor-divider-separator\">\n\t\t\t\t\t\t<\/span>\n\t\t<\/div>\n\t\t\t\t<\/div>\n\t\t\t\t<\/div>\n\t\t\t\t\t<\/div>\n\t\t\t\t<\/div>\n\t\t<div class=\"elementor-element elementor-element-ef30a94 e-flex e-con-boxed e-con e-parent\" data-id=\"ef30a94\" data-element_type=\"container\">\n\t\t\t\t\t<div class=\"e-con-inner\">\n\t\t<div class=\"elementor-element elementor-element-ac8c25d e-con-full e-flex e-con e-child\" data-id=\"ac8c25d\" data-element_type=\"container\">\n\t\t\t\t<div class=\"elementor-element elementor-element-bd6e00e elementor-widget elementor-widget-image\" data-id=\"bd6e00e\" data-element_type=\"widget\" data-widget_type=\"image.default\">\n\t\t\t\t<div class=\"elementor-widget-container\">\n\t\t\t\t\t\t\t\t\t\t\t\t\t<img fetchpriority=\"high\" decoding=\"async\" width=\"300\" height=\"300\" src=\"https:\/\/agenciayork.com\/hdf\/wp-content\/uploads\/2023\/10\/Rillettesdecerdo-300x300.jpg\" class=\"attachment-medium size-medium wp-image-5008\" alt=\"\" srcset=\"https:\/\/agenciayork.com\/hdf\/wp-content\/uploads\/2023\/10\/Rillettesdecerdo-300x300.jpg 300w, https:\/\/agenciayork.com\/hdf\/wp-content\/uploads\/2023\/10\/Rillettesdecerdo-1024x1024.jpg 1024w, https:\/\/agenciayork.com\/hdf\/wp-content\/uploads\/2023\/10\/Rillettesdecerdo-150x150.jpg 150w, https:\/\/agenciayork.com\/hdf\/wp-content\/uploads\/2023\/10\/Rillettesdecerdo-768x768.jpg 768w, https:\/\/agenciayork.com\/hdf\/wp-content\/uploads\/2023\/10\/Rillettesdecerdo-600x600.jpg 600w, https:\/\/agenciayork.com\/hdf\/wp-content\/uploads\/2023\/10\/Rillettesdecerdo-100x100.jpg 100w, https:\/\/agenciayork.com\/hdf\/wp-content\/uploads\/2023\/10\/Rillettesdecerdo-50x50.jpg 50w, https:\/\/agenciayork.com\/hdf\/wp-content\/uploads\/2023\/10\/Rillettesdecerdo-64x64.jpg 64w, https:\/\/agenciayork.com\/hdf\/wp-content\/uploads\/2023\/10\/Rillettesdecerdo.jpg 1080w\" sizes=\"(max-width: 300px) 100vw, 300px\" \/>\t\t\t\t\t\t\t\t\t\t\t\t\t<\/div>\n\t\t\t\t<\/div>\n\t\t\t\t<\/div>\n\t\t<div class=\"elementor-element elementor-element-72531c6 e-con-full e-flex e-con e-child\" data-id=\"72531c6\" data-element_type=\"container\">\n\t\t\t\t<div class=\"elementor-element elementor-element-4385e37 elementor-widget elementor-widget-heading\" data-id=\"4385e37\" data-element_type=\"widget\" data-widget_type=\"heading.default\">\n\t\t\t\t<div class=\"elementor-widget-container\">\n\t\t\t<h4 class=\"elementor-heading-title elementor-size-default\">RECETA CASERA Y deliciosa<br>una textura suave y llena de sabores<\/h4>\t\t<\/div>\n\t\t\t\t<\/div>\n\t\t\t\t<div class=\"elementor-element elementor-element-46973c5 elementor-widget elementor-widget-nest-text-editor-v1\" data-id=\"46973c5\" data-element_type=\"widget\" data-widget_type=\"nest-text-editor-v1.default\">\n\t\t\t\t<div class=\"elementor-widget-container\">\n\t\t\t   <div class=\"custom_text_editor position-relative\">\r\n        <p>Las rillettes de cerdo son una deliciosa <strong>especialidad<\/strong> culinaria originaria de la ciudad de <strong>Le Mans<\/strong>, famosa tanto por su exquisita gastronom\u00eda como por su legendaria carrera de autom\u00f3viles de 24 horas. Esta receta tradicional ha sido cuidadosamente preservada y perfeccionada a lo largo de los a\u00f1os, y ahora la trago a Chile para que puedas disfrutar de su <strong>aut\u00e9ntico<\/strong> <strong>sabor<\/strong> en cada bocado.<\/p><p>El proceso de elaboraci\u00f3n comienza con la selecci\u00f3n de la mejor <strong>carne de cerdo<\/strong>, que luego se <strong>cocina<\/strong> <strong>lentamente<\/strong> y se <strong>confita<\/strong> durante muchas horas junto con una mezcla de especias seleccionadas cuidadosamente. Este proceso de cocci\u00f3n lenta permite que los sabores se concentren y se desarrollen plenamente, resultando en una <strong>carne<\/strong> <strong>tierna<\/strong> y <strong>jugosa<\/strong> que se desmenuza delicadamente con cada bocado.<\/p><p>La <strong>textura<\/strong> de las rillettes de cerdo se puede comparar a la carne <strong>mechada<\/strong>, pero con un <strong>sabor<\/strong> <strong>\u00fanico<\/strong> y una <strong>suavidad<\/strong> <strong>irresistible<\/strong>. Este manjar es listo para ser disfrutado en cualquier momento y lugar.<\/p><p><strong>Ingredientes<\/strong> pulpa de cerdo, tocino blanco, laurel, clavos de olor, especies, hierbas, sal, pimienta<\/p>    <\/div>\r\n\t\t<\/div>\n\t\t\t\t<\/div>\n\t\t\t\t<\/div>\n\t\t\t\t\t<\/div>\n\t\t\t\t<\/div>\n\t\t<div class=\"elementor-element elementor-element-ad1ed5e e-flex e-con-boxed e-con e-parent\" data-id=\"ad1ed5e\" data-element_type=\"container\">\n\t\t\t\t\t<div class=\"e-con-inner\">\n\t\t\t\t<div class=\"elementor-element elementor-element-6a6fa67 elementor-widget-divider--view-line elementor-widget elementor-widget-divider\" data-id=\"6a6fa67\" data-element_type=\"widget\" data-widget_type=\"divider.default\">\n\t\t\t\t<div class=\"elementor-widget-container\">\n\t\t\t\t\t<div class=\"elementor-divider\">\n\t\t\t<span class=\"elementor-divider-separator\">\n\t\t\t\t\t\t<\/span>\n\t\t<\/div>\n\t\t\t\t<\/div>\n\t\t\t\t<\/div>\n\t\t\t\t\t<\/div>\n\t\t\t\t<\/div>\n\t\t<div class=\"elementor-element elementor-element-76a6d34 e-flex e-con-boxed e-con e-parent\" data-id=\"76a6d34\" data-element_type=\"container\">\n\t\t\t\t\t<div class=\"e-con-inner\">\n\t\t<div class=\"elementor-element elementor-element-c3936e4 e-con-full e-flex e-con e-child\" data-id=\"c3936e4\" data-element_type=\"container\">\n\t\t\t\t<div class=\"elementor-element elementor-element-5b55061 elementor-widget elementor-widget-heading\" data-id=\"5b55061\" data-element_type=\"widget\" data-widget_type=\"heading.default\">\n\t\t\t\t<div class=\"elementor-widget-container\">\n\t\t\t<h4 class=\"elementor-heading-title elementor-size-default\">el producto perfecto para el picoteo<\/h4>\t\t<\/div>\n\t\t\t\t<\/div>\n\t\t\t\t<div class=\"elementor-element elementor-element-538ed2c elementor-widget elementor-widget-nest-text-editor-v1\" data-id=\"538ed2c\" data-element_type=\"widget\" data-widget_type=\"nest-text-editor-v1.default\">\n\t\t\t\t<div class=\"elementor-widget-container\">\n\t\t\t   <div class=\"custom_text_editor position-relative\">\r\n        <p>El hecho de que est\u00e9 hecho en Chile no compromete la <strong>autenticidad<\/strong> de esta <strong>receta<\/strong> <strong>francesa<\/strong>. Mante\u00f1o los m\u00e1s altos est\u00e1ndares de calidad en cada paso de su elaboraci\u00f3n, utilizando solo <strong>ingredientes<\/strong> <strong>naturales<\/strong> y <strong>frescos<\/strong>, <strong>sin<\/strong> la adici\u00f3n de <strong>preservantes<\/strong> ni aditivos artificiales. Esto garantiza que cada bocado sea una experiencia pura y deliciosa.<\/p><p>Las rillettes de cerdo son una opci\u00f3n vers\u00e1til en la cocina. Se pueden disfrutar simplemente <strong>untadas<\/strong> sobre <strong>pan<\/strong> fresco o <strong>tostadas<\/strong>, como parte de un s\u00e1ndwich gourmet o incluso como un complemento sabroso para platos principales. Su sabor rico y su textura suave hacen que sea un acompa\u00f1amiento perfecto para cualquier ocasi\u00f3n.<\/p><p><strong>Conservaci\u00f3n<\/strong> 1 a\u00f1o en la despensa, 1 semana en el refrigerador una vez abierto<\/p>    <\/div>\r\n\t\t<\/div>\n\t\t\t\t<\/div>\n\t\t\t\t<\/div>\n\t\t<div class=\"elementor-element elementor-element-924cdd1 e-con-full e-flex e-con e-child\" data-id=\"924cdd1\" data-element_type=\"container\">\n\t\t\t\t<div class=\"elementor-element elementor-element-831671f elementor-widget elementor-widget-image\" data-id=\"831671f\" data-element_type=\"widget\" data-widget_type=\"image.default\">\n\t\t\t\t<div class=\"elementor-widget-container\">\n\t\t\t\t\t\t\t\t\t\t\t\t\t<img decoding=\"async\" width=\"300\" height=\"300\" src=\"https:\/\/agenciayork.com\/hdf\/wp-content\/uploads\/2023\/10\/rillettes-2-300x300.png\" class=\"attachment-medium size-medium wp-image-11506\" alt=\"rillettes\" srcset=\"https:\/\/agenciayork.com\/hdf\/wp-content\/uploads\/2023\/10\/rillettes-2-300x300.png 300w, https:\/\/agenciayork.com\/hdf\/wp-content\/uploads\/2023\/10\/rillettes-2-1024x1024.png 1024w, https:\/\/agenciayork.com\/hdf\/wp-content\/uploads\/2023\/10\/rillettes-2-150x150.png 150w, https:\/\/agenciayork.com\/hdf\/wp-content\/uploads\/2023\/10\/rillettes-2-768x768.png 768w, https:\/\/agenciayork.com\/hdf\/wp-content\/uploads\/2023\/10\/rillettes-2-600x600.png 600w, https:\/\/agenciayork.com\/hdf\/wp-content\/uploads\/2023\/10\/rillettes-2-100x100.png 100w, https:\/\/agenciayork.com\/hdf\/wp-content\/uploads\/2023\/10\/rillettes-2-50x50.png 50w, https:\/\/agenciayork.com\/hdf\/wp-content\/uploads\/2023\/10\/rillettes-2-64x64.png 64w, https:\/\/agenciayork.com\/hdf\/wp-content\/uploads\/2023\/10\/rillettes-2.png 1080w\" sizes=\"(max-width: 300px) 100vw, 300px\" \/>\t\t\t\t\t\t\t\t\t\t\t\t\t<\/div>\n\t\t\t\t<\/div>\n\t\t\t\t<\/div>\n\t\t\t\t\t<\/div>\n\t\t\t\t<\/div>\n\t\t<div class=\"elementor-element elementor-element-2923a93 e-flex e-con-boxed e-con e-parent\" data-id=\"2923a93\" data-element_type=\"container\">\n\t\t\t\t\t<div class=\"e-con-inner\">\n\t\t\t\t<div class=\"elementor-element elementor-element-55cf4b4 elementor-widget-divider--view-line elementor-widget elementor-widget-divider\" data-id=\"55cf4b4\" data-element_type=\"widget\" data-widget_type=\"divider.default\">\n\t\t\t\t<div class=\"elementor-widget-container\">\n\t\t\t\t\t<div class=\"elementor-divider\">\n\t\t\t<span class=\"elementor-divider-separator\">\n\t\t\t\t\t\t<\/span>\n\t\t<\/div>\n\t\t\t\t<\/div>\n\t\t\t\t<\/div>\n\t\t\t\t\t<\/div>\n\t\t\t\t<\/div>\n\t\t<div class=\"elementor-element elementor-element-e9d5197 e-flex e-con-boxed e-con e-parent\" data-id=\"e9d5197\" data-element_type=\"container\">\n\t\t\t\t\t<div class=\"e-con-inner\">\n\t\t\t\t<div class=\"elementor-element elementor-element-fc08f3d elementor-widget elementor-widget-heading\" data-id=\"fc08f3d\" data-element_type=\"widget\" data-widget_type=\"heading.default\">\n\t\t\t\t<div class=\"elementor-widget-container\">\n\t\t\t<h4 class=\"elementor-heading-title elementor-size-default\">DESCUBRE TAMBIEN MIS OTRAS mousses\n<\/h4>\t\t<\/div>\n\t\t\t\t<\/div>\n\t\t\t\t\t<\/div>\n\t\t\t\t<\/div>\n\t\t<div class=\"elementor-element elementor-element-7ffa619 e-flex e-con-boxed e-con e-parent\" data-id=\"7ffa619\" data-element_type=\"container\">\n\t\t\t\t\t<div class=\"e-con-inner\">\n\t\t\t\t<div class=\"elementor-element elementor-element-c0f4e67 elementor-widget elementor-widget-image\" data-id=\"c0f4e67\" data-element_type=\"widget\" data-widget_type=\"image.default\">\n\t\t\t\t<div class=\"elementor-widget-container\">\n\t\t\t\t\t\t\t\t\t\t\t\t\t\t<a href=\"https:\/\/agenciayork.com\/hdf\/categoria-producto\/pates-y-untables\/\">\n\t\t\t\t\t\t\t<img decoding=\"async\" width=\"768\" height=\"768\" src=\"https:\/\/agenciayork.com\/hdf\/wp-content\/uploads\/2023\/10\/Collection-mousses-768x768.png\" class=\"attachment-medium_large size-medium_large wp-image-11481\" alt=\"Collection mousses\" srcset=\"https:\/\/agenciayork.com\/hdf\/wp-content\/uploads\/2023\/10\/Collection-mousses-768x768.png 768w, https:\/\/agenciayork.com\/hdf\/wp-content\/uploads\/2023\/10\/Collection-mousses-300x300.png 300w, https:\/\/agenciayork.com\/hdf\/wp-content\/uploads\/2023\/10\/Collection-mousses-1024x1024.png 1024w, https:\/\/agenciayork.com\/hdf\/wp-content\/uploads\/2023\/10\/Collection-mousses-150x150.png 150w, https:\/\/agenciayork.com\/hdf\/wp-content\/uploads\/2023\/10\/Collection-mousses-600x600.png 600w, https:\/\/agenciayork.com\/hdf\/wp-content\/uploads\/2023\/10\/Collection-mousses-100x100.png 100w, https:\/\/agenciayork.com\/hdf\/wp-content\/uploads\/2023\/10\/Collection-mousses-50x50.png 50w, https:\/\/agenciayork.com\/hdf\/wp-content\/uploads\/2023\/10\/Collection-mousses-64x64.png 64w, https:\/\/agenciayork.com\/hdf\/wp-content\/uploads\/2023\/10\/Collection-mousses.png 1080w\" sizes=\"(max-width: 768px) 100vw, 768px\" \/>\t\t\t\t\t\t\t\t<\/a>\n\t\t\t\t\t\t\t\t\t\t\t\t\t<\/div>\n\t\t\t\t<\/div>\n\t\t\t\t\t<\/div>\n\t\t\t\t<\/div>\n\t\t<div class=\"elementor-element elementor-element-f2ef1d7 e-flex e-con-boxed e-con e-parent\" data-id=\"f2ef1d7\" data-element_type=\"container\">\n\t\t\t\t\t<div class=\"e-con-inner\">\n\t\t\t\t<div class=\"elementor-element elementor-element-d9ee99b elementor-widget elementor-widget-nest-text-editor-v1\" data-id=\"d9ee99b\" data-element_type=\"widget\" data-widget_type=\"nest-text-editor-v1.default\">\n\t\t\t\t<div class=\"elementor-widget-container\">\n\t\t\t   <div class=\"custom_text_editor position-relative\">\r\n        <p>En mi compromiso con el\u00a0<strong>medio ambiente<\/strong>, si me traes\u00a0<strong>10 frascos<\/strong>\u00a0vac\u00edos con su etiqueta original, te\u00a0<strong>regalo<\/strong>\u00a0un producto.\u00a0<\/p>    <\/div>\r\n\t\t<\/div>\n\t\t\t\t<\/div>\n\t\t\t\t\t<\/div>\n\t\t\t\t<\/div>\n\t\t\t\t<\/div>\n\t\t","protected":false},"excerpt":{"rendered":"<p>Receta tradicional de la ciudad Le Mans, ciudad conocida por sus rillettes pero tambi\u00e9n por su carrera autom\u00f3vil de 24 horas.<br \/>\nLa carne de cerdo est\u00e1 confitada por muchas horas con especies y luego desmenuzada.<br \/>\nSu textura se puede comparar a la carne mechada.<\/p>\n<p><b>Conserva de 180 gr<br \/>\nHECHO EN CHILE<br \/>\nReceta francesa- 100% natural- Sin preservantes<\/b><\/p>\n","protected":false},"featured_media":6173,"template":"","meta":[],"product_brand":[],"product_cat":[166,134,110,183],"product_tag":[],"class_list":{"0":"post-5898","1":"product","2":"type-product","3":"status-publish","4":"has-post-thumbnail","6":"product_cat-mis-clasicos","7":"product_cat-pates-y-untables","8":"product_cat-picoteo","9":"product_cat-prepara-tu-18","11":"first","12":"instock","13":"shipping-taxable","14":"purchasable","15":"product-type-simple"},"yoast_head":"<!-- This site is optimized with the Yoast SEO plugin v27.5 - https:\/\/yoast.com\/product\/yoast-seo-wordpress\/ -->\n<title>Rillettes de cerdo - H\u00e9l\u00e8ne de Fleurac<\/title>\n<meta name=\"description\" content=\"Descubre las aut\u00e9nticas Rillettes de cerdo, una deliciosa especialidad originaria de la ciudad francesa de Le Mans, ahora disponible en Chile. Elaboradas co\" \/>\n<meta name=\"robots\" content=\"index, follow, max-snippet:-1, max-image-preview:large, max-video-preview:-1\" \/>\n<link rel=\"canonical\" href=\"https:\/\/agenciayork.com\/hdf\/producto\/rillettes-de-cerdo\/\" \/>\n<meta property=\"og:locale\" content=\"es_ES\" \/>\n<meta property=\"og:type\" content=\"article\" \/>\n<meta property=\"og:title\" content=\"Rillettes de cerdo - H\u00e9l\u00e8ne de Fleurac\" \/>\n<meta property=\"og:description\" content=\"Descubre las aut\u00e9nticas Rillettes de cerdo, una deliciosa especialidad originaria de la ciudad francesa de Le Mans, ahora disponible en Chile. Elaboradas co\" \/>\n<meta property=\"og:url\" content=\"https:\/\/agenciayork.com\/hdf\/producto\/rillettes-de-cerdo\/\" \/>\n<meta property=\"og:site_name\" content=\"H\u00e9l\u00e8ne de Fleurac\" \/>\n<meta property=\"article:modified_time\" content=\"2024-10-08T20:39:40+00:00\" \/>\n<meta property=\"og:image\" content=\"https:\/\/agenciayork.com\/hdf\/wp-content\/uploads\/2023\/10\/Rillettesdecerdo-1.jpg\" \/>\n\t<meta property=\"og:image:width\" content=\"1080\" \/>\n\t<meta property=\"og:image:height\" content=\"1080\" \/>\n\t<meta property=\"og:image:type\" content=\"image\/jpeg\" \/>\n<meta name=\"twitter:card\" content=\"summary_large_image\" \/>\n<meta name=\"twitter:label1\" content=\"Tiempo estimado de lectura\" \/>\n\t<meta name=\"twitter:data1\" content=\"3 minutos\" \/>\n<script type=\"application\/ld+json\" class=\"yoast-schema-graph\">{\"@context\":\"https:\\\/\\\/schema.org\",\"@graph\":[{\"@type\":\"WebPage\",\"@id\":\"https:\\\/\\\/agenciayork.com\\\/hdf\\\/producto\\\/rillettes-de-cerdo\\\/\",\"url\":\"https:\\\/\\\/agenciayork.com\\\/hdf\\\/producto\\\/rillettes-de-cerdo\\\/\",\"name\":\"Rillettes de cerdo - H\u00e9l\u00e8ne de Fleurac\",\"isPartOf\":{\"@id\":\"https:\\\/\\\/agenciayork.com\\\/hdf\\\/#website\"},\"primaryImageOfPage\":{\"@id\":\"https:\\\/\\\/agenciayork.com\\\/hdf\\\/producto\\\/rillettes-de-cerdo\\\/#primaryimage\"},\"image\":{\"@id\":\"https:\\\/\\\/agenciayork.com\\\/hdf\\\/producto\\\/rillettes-de-cerdo\\\/#primaryimage\"},\"thumbnailUrl\":\"https:\\\/\\\/agenciayork.com\\\/hdf\\\/wp-content\\\/uploads\\\/2023\\\/10\\\/Rillettesdecerdo-1.jpg\",\"datePublished\":\"2023-10-25T14:27:32+00:00\",\"dateModified\":\"2024-10-08T20:39:40+00:00\",\"description\":\"Descubre las aut\u00e9nticas Rillettes de cerdo, una deliciosa especialidad originaria de la ciudad francesa de Le Mans, ahora disponible en Chile. Elaboradas co\",\"breadcrumb\":{\"@id\":\"https:\\\/\\\/agenciayork.com\\\/hdf\\\/producto\\\/rillettes-de-cerdo\\\/#breadcrumb\"},\"inLanguage\":\"es-CL\",\"potentialAction\":[{\"@type\":\"ReadAction\",\"target\":[\"https:\\\/\\\/agenciayork.com\\\/hdf\\\/producto\\\/rillettes-de-cerdo\\\/\"]}]},{\"@type\":\"ImageObject\",\"inLanguage\":\"es-CL\",\"@id\":\"https:\\\/\\\/agenciayork.com\\\/hdf\\\/producto\\\/rillettes-de-cerdo\\\/#primaryimage\",\"url\":\"https:\\\/\\\/agenciayork.com\\\/hdf\\\/wp-content\\\/uploads\\\/2023\\\/10\\\/Rillettesdecerdo-1.jpg\",\"contentUrl\":\"https:\\\/\\\/agenciayork.com\\\/hdf\\\/wp-content\\\/uploads\\\/2023\\\/10\\\/Rillettesdecerdo-1.jpg\",\"width\":1080,\"height\":1080},{\"@type\":\"BreadcrumbList\",\"@id\":\"https:\\\/\\\/agenciayork.com\\\/hdf\\\/producto\\\/rillettes-de-cerdo\\\/#breadcrumb\",\"itemListElement\":[{\"@type\":\"ListItem\",\"position\":1,\"name\":\"Portada\",\"item\":\"https:\\\/\\\/agenciayork.com\\\/hdf\\\/\"},{\"@type\":\"ListItem\",\"position\":2,\"name\":\"Tienda\",\"item\":\"https:\\\/\\\/agenciayork.com\\\/hdf\\\/mejores-productos-de-la-gastronomia-francesa\\\/\"},{\"@type\":\"ListItem\",\"position\":3,\"name\":\"Rillettes de cerdo\"}]},{\"@type\":\"WebSite\",\"@id\":\"https:\\\/\\\/agenciayork.com\\\/hdf\\\/#website\",\"url\":\"https:\\\/\\\/agenciayork.com\\\/hdf\\\/\",\"name\":\"H\u00e9l\u00e8ne de Fleurac\",\"description\":\"Gastronom\u00eda francesa\",\"potentialAction\":[{\"@type\":\"SearchAction\",\"target\":{\"@type\":\"EntryPoint\",\"urlTemplate\":\"https:\\\/\\\/agenciayork.com\\\/hdf\\\/?s={search_term_string}\"},\"query-input\":{\"@type\":\"PropertyValueSpecification\",\"valueRequired\":true,\"valueName\":\"search_term_string\"}}],\"inLanguage\":\"es-CL\"}]}<\/script>\n<!-- \/ Yoast SEO plugin. -->","yoast_head_json":{"title":"Rillettes de cerdo - H\u00e9l\u00e8ne de Fleurac","description":"Descubre las aut\u00e9nticas Rillettes de cerdo, una deliciosa especialidad originaria de la ciudad francesa de Le Mans, ahora disponible en Chile. Elaboradas co","robots":{"index":"index","follow":"follow","max-snippet":"max-snippet:-1","max-image-preview":"max-image-preview:large","max-video-preview":"max-video-preview:-1"},"canonical":"https:\/\/agenciayork.com\/hdf\/producto\/rillettes-de-cerdo\/","og_locale":"es_ES","og_type":"article","og_title":"Rillettes de cerdo - H\u00e9l\u00e8ne de Fleurac","og_description":"Descubre las aut\u00e9nticas Rillettes de cerdo, una deliciosa especialidad originaria de la ciudad francesa de Le Mans, ahora disponible en Chile. Elaboradas co","og_url":"https:\/\/agenciayork.com\/hdf\/producto\/rillettes-de-cerdo\/","og_site_name":"H\u00e9l\u00e8ne de Fleurac","article_modified_time":"2024-10-08T20:39:40+00:00","og_image":[{"width":1080,"height":1080,"url":"https:\/\/agenciayork.com\/hdf\/wp-content\/uploads\/2023\/10\/Rillettesdecerdo-1.jpg","type":"image\/jpeg"}],"twitter_card":"summary_large_image","twitter_misc":{"Tiempo estimado de lectura":"3 minutos"},"schema":{"@context":"https:\/\/schema.org","@graph":[{"@type":"WebPage","@id":"https:\/\/agenciayork.com\/hdf\/producto\/rillettes-de-cerdo\/","url":"https:\/\/agenciayork.com\/hdf\/producto\/rillettes-de-cerdo\/","name":"Rillettes de cerdo - H\u00e9l\u00e8ne de Fleurac","isPartOf":{"@id":"https:\/\/agenciayork.com\/hdf\/#website"},"primaryImageOfPage":{"@id":"https:\/\/agenciayork.com\/hdf\/producto\/rillettes-de-cerdo\/#primaryimage"},"image":{"@id":"https:\/\/agenciayork.com\/hdf\/producto\/rillettes-de-cerdo\/#primaryimage"},"thumbnailUrl":"https:\/\/agenciayork.com\/hdf\/wp-content\/uploads\/2023\/10\/Rillettesdecerdo-1.jpg","datePublished":"2023-10-25T14:27:32+00:00","dateModified":"2024-10-08T20:39:40+00:00","description":"Descubre las aut\u00e9nticas Rillettes de cerdo, una deliciosa especialidad originaria de la ciudad francesa de Le Mans, ahora disponible en Chile. Elaboradas co","breadcrumb":{"@id":"https:\/\/agenciayork.com\/hdf\/producto\/rillettes-de-cerdo\/#breadcrumb"},"inLanguage":"es-CL","potentialAction":[{"@type":"ReadAction","target":["https:\/\/agenciayork.com\/hdf\/producto\/rillettes-de-cerdo\/"]}]},{"@type":"ImageObject","inLanguage":"es-CL","@id":"https:\/\/agenciayork.com\/hdf\/producto\/rillettes-de-cerdo\/#primaryimage","url":"https:\/\/agenciayork.com\/hdf\/wp-content\/uploads\/2023\/10\/Rillettesdecerdo-1.jpg","contentUrl":"https:\/\/agenciayork.com\/hdf\/wp-content\/uploads\/2023\/10\/Rillettesdecerdo-1.jpg","width":1080,"height":1080},{"@type":"BreadcrumbList","@id":"https:\/\/agenciayork.com\/hdf\/producto\/rillettes-de-cerdo\/#breadcrumb","itemListElement":[{"@type":"ListItem","position":1,"name":"Portada","item":"https:\/\/agenciayork.com\/hdf\/"},{"@type":"ListItem","position":2,"name":"Tienda","item":"https:\/\/agenciayork.com\/hdf\/mejores-productos-de-la-gastronomia-francesa\/"},{"@type":"ListItem","position":3,"name":"Rillettes de cerdo"}]},{"@type":"WebSite","@id":"https:\/\/agenciayork.com\/hdf\/#website","url":"https:\/\/agenciayork.com\/hdf\/","name":"H\u00e9l\u00e8ne de Fleurac","description":"Gastronom\u00eda francesa","potentialAction":[{"@type":"SearchAction","target":{"@type":"EntryPoint","urlTemplate":"https:\/\/agenciayork.com\/hdf\/?s={search_term_string}"},"query-input":{"@type":"PropertyValueSpecification","valueRequired":true,"valueName":"search_term_string"}}],"inLanguage":"es-CL"}]}},"_links":{"self":[{"href":"https:\/\/agenciayork.com\/hdf\/wp-json\/wp\/v2\/product\/5898","targetHints":{"allow":["GET"]}}],"collection":[{"href":"https:\/\/agenciayork.com\/hdf\/wp-json\/wp\/v2\/product"}],"about":[{"href":"https:\/\/agenciayork.com\/hdf\/wp-json\/wp\/v2\/types\/product"}],"version-history":[{"count":8,"href":"https:\/\/agenciayork.com\/hdf\/wp-json\/wp\/v2\/product\/5898\/revisions"}],"predecessor-version":[{"id":11510,"href":"https:\/\/agenciayork.com\/hdf\/wp-json\/wp\/v2\/product\/5898\/revisions\/11510"}],"wp:featuredmedia":[{"embeddable":true,"href":"https:\/\/agenciayork.com\/hdf\/wp-json\/wp\/v2\/media\/6173"}],"wp:attachment":[{"href":"https:\/\/agenciayork.com\/hdf\/wp-json\/wp\/v2\/media?parent=5898"}],"wp:term":[{"taxonomy":"product_brand","embeddable":true,"href":"https:\/\/agenciayork.com\/hdf\/wp-json\/wp\/v2\/product_brand?post=5898"},{"taxonomy":"product_cat","embeddable":true,"href":"https:\/\/agenciayork.com\/hdf\/wp-json\/wp\/v2\/product_cat?post=5898"},{"taxonomy":"product_tag","embeddable":true,"href":"https:\/\/agenciayork.com\/hdf\/wp-json\/wp\/v2\/product_tag?post=5898"}],"curies":[{"name":"wp","href":"https:\/\/api.w.org\/{rel}","templated":true}]}}