{"id":5910,"date":"2023-10-25T11:27:43","date_gmt":"2023-10-25T14:27:43","guid":{"rendered":"https:\/\/agenciayork.com\/hdf\/producto\/salsa-bearnesa\/"},"modified":"2024-09-26T19:03:35","modified_gmt":"2024-09-26T22:03:35","slug":"salsa-bearnesa","status":"publish","type":"product","link":"https:\/\/agenciayork.com\/hdf\/producto\/salsa-bearnesa\/","title":{"rendered":"Salsa bearnesa"},"content":{"rendered":"\t\t<div data-elementor-type=\"wp-post\" data-elementor-id=\"5910\" class=\"elementor elementor-5910\">\n\t\t\t\t<div class=\"elementor-element elementor-element-237e7a3 e-flex e-con-boxed e-con e-parent\" data-id=\"237e7a3\" data-element_type=\"container\">\n\t\t\t\t\t<div class=\"e-con-inner\">\n\t\t\t\t<div class=\"elementor-element elementor-element-d4cd6df elementor-widget elementor-widget-nest-title-v1\" data-id=\"d4cd6df\" data-element_type=\"widget\" data-widget_type=\"nest-title-v1.default\">\n\t\t\t\t<div class=\"elementor-widget-container\">\n\t\t\t        <div class=\"section_title type_one\">\r\n                            <h4 class=\"mb-20 text-brand\"> Salsa Bearnesa<\/h4>\r\n                                                    <p class=\"mb-20\"> Te invito a descubrir mi salsa bearnesa, una joya cl\u00e1sica de la cocina francesa. Con su mezcla perfecta de mantequilla, yema de huevo, estrag\u00f3n y un toque de vinagre, esta salsa cremosa realza con elegancia carnes, pescados y vegetales, ofreciendo una experiencia de sabor inigualable.<\/p>\r\n                    <\/div>\r\n    \t\t<\/div>\n\t\t\t\t<\/div>\n\t\t\t\t\t<\/div>\n\t\t\t\t<\/div>\n\t\t<div class=\"elementor-element elementor-element-9069602 e-flex e-con-boxed e-con e-parent\" data-id=\"9069602\" data-element_type=\"container\">\n\t\t\t\t\t<div class=\"e-con-inner\">\n\t\t\t\t<div class=\"elementor-element elementor-element-34f76ce elementor-widget-divider--view-line elementor-widget elementor-widget-divider\" data-id=\"34f76ce\" data-element_type=\"widget\" data-widget_type=\"divider.default\">\n\t\t\t\t<div class=\"elementor-widget-container\">\n\t\t\t\t\t<div class=\"elementor-divider\">\n\t\t\t<span class=\"elementor-divider-separator\">\n\t\t\t\t\t\t<\/span>\n\t\t<\/div>\n\t\t\t\t<\/div>\n\t\t\t\t<\/div>\n\t\t\t\t\t<\/div>\n\t\t\t\t<\/div>\n\t\t<div class=\"elementor-element elementor-element-f50772b e-flex e-con-boxed e-con e-parent\" data-id=\"f50772b\" data-element_type=\"container\">\n\t\t\t\t\t<div class=\"e-con-inner\">\n\t\t<div class=\"elementor-element elementor-element-ca88761 e-con-full e-flex e-con e-child\" data-id=\"ca88761\" data-element_type=\"container\">\n\t\t\t\t<div class=\"elementor-element elementor-element-2bd3e48 elementor-widget elementor-widget-image\" data-id=\"2bd3e48\" data-element_type=\"widget\" data-widget_type=\"image.default\">\n\t\t\t\t<div class=\"elementor-widget-container\">\n\t\t\t\t\t\t\t\t\t\t\t\t\t<img fetchpriority=\"high\" decoding=\"async\" width=\"300\" height=\"300\" src=\"https:\/\/agenciayork.com\/hdf\/wp-content\/uploads\/2023\/10\/salsa-bearnesa-300x300.png\" class=\"attachment-medium size-medium wp-image-11657\" alt=\"salsa bearnesa\" srcset=\"https:\/\/agenciayork.com\/hdf\/wp-content\/uploads\/2023\/10\/salsa-bearnesa-300x300.png 300w, https:\/\/agenciayork.com\/hdf\/wp-content\/uploads\/2023\/10\/salsa-bearnesa-1024x1024.png 1024w, https:\/\/agenciayork.com\/hdf\/wp-content\/uploads\/2023\/10\/salsa-bearnesa-150x150.png 150w, https:\/\/agenciayork.com\/hdf\/wp-content\/uploads\/2023\/10\/salsa-bearnesa-768x768.png 768w, https:\/\/agenciayork.com\/hdf\/wp-content\/uploads\/2023\/10\/salsa-bearnesa-600x600.png 600w, https:\/\/agenciayork.com\/hdf\/wp-content\/uploads\/2023\/10\/salsa-bearnesa-100x100.png 100w, https:\/\/agenciayork.com\/hdf\/wp-content\/uploads\/2023\/10\/salsa-bearnesa-50x50.png 50w, https:\/\/agenciayork.com\/hdf\/wp-content\/uploads\/2023\/10\/salsa-bearnesa-64x64.png 64w, https:\/\/agenciayork.com\/hdf\/wp-content\/uploads\/2023\/10\/salsa-bearnesa.png 1080w\" sizes=\"(max-width: 300px) 100vw, 300px\" \/>\t\t\t\t\t\t\t\t\t\t\t\t\t<\/div>\n\t\t\t\t<\/div>\n\t\t\t\t<\/div>\n\t\t<div class=\"elementor-element elementor-element-aba3d92 e-con-full e-flex e-con e-child\" data-id=\"aba3d92\" data-element_type=\"container\">\n\t\t\t\t<div class=\"elementor-element elementor-element-6a357a2 elementor-widget elementor-widget-heading\" data-id=\"6a357a2\" data-element_type=\"widget\" data-widget_type=\"heading.default\">\n\t\t\t\t<div class=\"elementor-widget-container\">\n\t\t\t<h4 class=\"elementor-heading-title elementor-size-default\">Una salsa 100% casera, natural y deliciosa<\/h4>\t\t<\/div>\n\t\t\t\t<\/div>\n\t\t\t\t<div class=\"elementor-element elementor-element-06efc35 elementor-widget elementor-widget-nest-text-editor-v1\" data-id=\"06efc35\" data-element_type=\"widget\" data-widget_type=\"nest-text-editor-v1.default\">\n\t\t\t\t<div class=\"elementor-widget-container\">\n\t\t\t   <div class=\"custom_text_editor position-relative\">\r\n        <p>La salsa bearnesa, un <strong>cl\u00e1sico<\/strong> de la gastronom\u00eda francesa, es una verdadera joya culinaria que eleva cualquier plato a nuevas alturas de sabor y sofisticaci\u00f3n. Puedes disfrutar de esta deliciosa salsa en una <strong>bolsa<\/strong> <strong>al<\/strong> <strong>vac\u00edo<\/strong> de 150 ml, lista para llevar tus comidas caseras al siguiente nivel.<\/p><p>Esta exquisita salsa, conocida como <em>sauce b\u00e9arnaise<\/em> en franc\u00e9s, es el <strong>acompa\u00f1amiento<\/strong> tradicional del filete Chateaubriand, un corte de <strong>carne<\/strong> tierno y jugoso. Sin embargo, su versatilidad va mucho m\u00e1s all\u00e1, ya que tambi\u00e9n se puede aplicar con igual maestr\u00eda a platos de <strong>pescado<\/strong> y <strong>verduras<\/strong> a la <strong>parrilla<\/strong>. Su <strong>textura<\/strong> <strong>cremosa<\/strong> y su <strong>sabor<\/strong> <strong>rico<\/strong> y <strong>arom\u00e1tico<\/strong> hacen de la salsa bearnesa el complemento perfecto para una amplia variedad de platos, a\u00f1adiendo una dimensi\u00f3n extra de indulgencia y gusto a cada bocado.<\/p><p>Preparada con <strong>ingredientes<\/strong> de la m\u00e1s <strong>alta<\/strong> <strong>calidad<\/strong> y siguiendo una receta aut\u00e9ntica, mi salsa bearnesa conserva todo el sabor y la frescura de los ingredientes originales.<\/p><p><strong>Ingredientes<\/strong> yemas de huevo, mantequilla, chalotas, estrag\u00f3n, vino blanco, vinagre<\/p>    <\/div>\r\n\t\t<\/div>\n\t\t\t\t<\/div>\n\t\t\t\t<\/div>\n\t\t\t\t\t<\/div>\n\t\t\t\t<\/div>\n\t\t<div class=\"elementor-element elementor-element-3de2c2f e-flex e-con-boxed e-con e-parent\" data-id=\"3de2c2f\" data-element_type=\"container\">\n\t\t\t\t\t<div class=\"e-con-inner\">\n\t\t\t\t<div class=\"elementor-element elementor-element-08bba27 elementor-widget-divider--view-line elementor-widget elementor-widget-divider\" data-id=\"08bba27\" data-element_type=\"widget\" data-widget_type=\"divider.default\">\n\t\t\t\t<div class=\"elementor-widget-container\">\n\t\t\t\t\t<div class=\"elementor-divider\">\n\t\t\t<span class=\"elementor-divider-separator\">\n\t\t\t\t\t\t<\/span>\n\t\t<\/div>\n\t\t\t\t<\/div>\n\t\t\t\t<\/div>\n\t\t\t\t\t<\/div>\n\t\t\t\t<\/div>\n\t\t<div class=\"elementor-element elementor-element-9a5d768 e-flex e-con-boxed e-con e-parent\" data-id=\"9a5d768\" data-element_type=\"container\">\n\t\t\t\t\t<div class=\"e-con-inner\">\n\t\t<div class=\"elementor-element elementor-element-6f00603 e-con-full e-flex e-con e-child\" data-id=\"6f00603\" data-element_type=\"container\">\n\t\t\t\t<div class=\"elementor-element elementor-element-84dd5bf elementor-widget elementor-widget-heading\" data-id=\"84dd5bf\" data-element_type=\"widget\" data-widget_type=\"heading.default\">\n\t\t\t\t<div class=\"elementor-widget-container\">\n\t\t\t<h4 class=\"elementor-heading-title elementor-size-default\">Una salsa lista para servir!<\/h4>\t\t<\/div>\n\t\t\t\t<\/div>\n\t\t\t\t<div class=\"elementor-element elementor-element-c0c0f16 elementor-widget elementor-widget-nest-text-editor-v1\" data-id=\"c0c0f16\" data-element_type=\"widget\" data-widget_type=\"nest-text-editor-v1.default\">\n\t\t\t\t<div class=\"elementor-widget-container\">\n\t\t\t   <div class=\"custom_text_editor position-relative\">\r\n        <p>Adem\u00e1s, al ser un producto <strong>congelado<\/strong>, mi salsa bearnesa ofrece la conveniencia de poder almacenarla durante <strong>m\u00e1s<\/strong> <strong>tiempo<\/strong> sin comprometer su calidad. Esto significa que siempre tendr\u00e1s a mano esta deliciosa salsa para realzar tus platos favoritos, ya sea para una <strong>cena<\/strong> <strong>familiar<\/strong> entre semana o para impresionar a tus invitados en una <strong>ocasi\u00f3n<\/strong> <strong>especial<\/strong>.<\/p><p>No importa si eres un chef experimentado o un aficionado a la cocina, mi salsa bearnesa har\u00e1 que tus creaciones culinarias brillen con un <strong>toque<\/strong> de <strong>autenticidad<\/strong> y <strong>refinamiento<\/strong> <strong>franc\u00e9s<\/strong>. Su sabor rico y su textura sedosa te transportar\u00e1n a los encantadores bistros de Par\u00eds, donde cada plato es una celebraci\u00f3n de la buena comida y la buena compa\u00f1\u00eda.<\/p><p><strong>Preparaci\u00f3n<\/strong> <strong>colocar<\/strong> la bolsa <strong>sellada<\/strong> en una fuente de <strong>agua<\/strong> de la llave <strong>caliente<\/strong> (50 grados\u00a0aprox). No hervir. Luego abrir la bolsa y verter la salsa en pocillos o directamente en los platos.<\/p>    <\/div>\r\n\t\t<\/div>\n\t\t\t\t<\/div>\n\t\t\t\t<\/div>\n\t\t<div class=\"elementor-element elementor-element-eca18ef e-con-full e-flex e-con e-child\" data-id=\"eca18ef\" data-element_type=\"container\">\n\t\t\t\t<div class=\"elementor-element elementor-element-05f9139 elementor-widget elementor-widget-image\" data-id=\"05f9139\" data-element_type=\"widget\" data-widget_type=\"image.default\">\n\t\t\t\t<div class=\"elementor-widget-container\">\n\t\t\t\t\t\t\t\t\t\t\t\t\t<img decoding=\"async\" width=\"300\" height=\"300\" src=\"https:\/\/agenciayork.com\/hdf\/wp-content\/uploads\/2023\/10\/salsa-bearnesa-1-300x300.png\" class=\"attachment-medium size-medium wp-image-11658\" alt=\"salsa bearnesa (1)\" srcset=\"https:\/\/agenciayork.com\/hdf\/wp-content\/uploads\/2023\/10\/salsa-bearnesa-1-300x300.png 300w, https:\/\/agenciayork.com\/hdf\/wp-content\/uploads\/2023\/10\/salsa-bearnesa-1-1024x1024.png 1024w, https:\/\/agenciayork.com\/hdf\/wp-content\/uploads\/2023\/10\/salsa-bearnesa-1-150x150.png 150w, https:\/\/agenciayork.com\/hdf\/wp-content\/uploads\/2023\/10\/salsa-bearnesa-1-768x768.png 768w, https:\/\/agenciayork.com\/hdf\/wp-content\/uploads\/2023\/10\/salsa-bearnesa-1-600x600.png 600w, https:\/\/agenciayork.com\/hdf\/wp-content\/uploads\/2023\/10\/salsa-bearnesa-1-100x100.png 100w, https:\/\/agenciayork.com\/hdf\/wp-content\/uploads\/2023\/10\/salsa-bearnesa-1-50x50.png 50w, https:\/\/agenciayork.com\/hdf\/wp-content\/uploads\/2023\/10\/salsa-bearnesa-1-64x64.png 64w, https:\/\/agenciayork.com\/hdf\/wp-content\/uploads\/2023\/10\/salsa-bearnesa-1.png 1080w\" sizes=\"(max-width: 300px) 100vw, 300px\" \/>\t\t\t\t\t\t\t\t\t\t\t\t\t<\/div>\n\t\t\t\t<\/div>\n\t\t\t\t<\/div>\n\t\t\t\t\t<\/div>\n\t\t\t\t<\/div>\n\t\t\t\t<\/div>\n\t\t","protected":false},"excerpt":{"rendered":"<p>La\u00a0<em>sauce b\u00e9arnaise<\/em> (salsa bearnesa) es el acompa\u00f1amiento tradicional del\u00a0<strong>filete Chateaubriand<\/strong>, aunque puede aplicarse igualmente a platos de <strong>pescado<\/strong> y <strong>verduras<\/strong> a la\u00a0parrilla.<\/p>\n<p>Bolsa al vac\u00edo de <strong>150 ml<\/strong><\/p>\n<p><strong>Producto congelado<\/strong><\/p>\n","protected":false},"featured_media":6181,"template":"","meta":[],"product_brand":[],"product_cat":[157,166,137,164],"product_tag":[],"class_list":{"0":"post-5910","1":"product","2":"type-product","3":"status-publish","4":"has-post-thumbnail","6":"product_cat-aceites-y-condimentos","7":"product_cat-mis-clasicos","8":"product_cat-platos-preparados","9":"product_cat-salsas-y-mantequillas","11":"first","12":"instock","13":"shipping-taxable","14":"purchasable","15":"product-type-simple"},"yoast_head":"<!-- This site is optimized with the Yoast SEO plugin v27.5 - https:\/\/yoast.com\/product\/yoast-seo-wordpress\/ -->\n<title>Salsa bearnesa - H\u00e9l\u00e8ne de Fleurac<\/title>\n<meta name=\"description\" content=\"La\u00a0sauce b\u00e9arnaise (salsa bearnesa) es el acompa\u00f1amiento tradicional del\u00a0filete Chateaubriand, aunque puede aplicarse igualmente a platos de pescado y verduras a la\u00a0parrilla.\" \/>\n<meta name=\"robots\" content=\"index, follow, max-snippet:-1, max-image-preview:large, max-video-preview:-1\" \/>\n<link rel=\"canonical\" href=\"https:\/\/agenciayork.com\/hdf\/producto\/salsa-bearnesa\/\" \/>\n<meta property=\"og:locale\" content=\"es_ES\" \/>\n<meta property=\"og:type\" content=\"article\" \/>\n<meta property=\"og:title\" content=\"Salsa bearnesa - H\u00e9l\u00e8ne de Fleurac\" \/>\n<meta property=\"og:description\" content=\"La\u00a0sauce b\u00e9arnaise (salsa bearnesa) es el acompa\u00f1amiento tradicional del\u00a0filete Chateaubriand, aunque puede aplicarse igualmente a platos de pescado y verduras a la\u00a0parrilla.\" \/>\n<meta property=\"og:url\" content=\"https:\/\/agenciayork.com\/hdf\/producto\/salsa-bearnesa\/\" \/>\n<meta property=\"og:site_name\" content=\"H\u00e9l\u00e8ne de Fleurac\" \/>\n<meta property=\"article:modified_time\" content=\"2024-09-26T22:03:35+00:00\" \/>\n<meta property=\"og:image\" content=\"https:\/\/agenciayork.com\/hdf\/wp-content\/uploads\/2023\/10\/Bearnaise500x500-1.jpg\" \/>\n\t<meta property=\"og:image:width\" content=\"500\" \/>\n\t<meta property=\"og:image:height\" content=\"500\" \/>\n\t<meta property=\"og:image:type\" content=\"image\/jpeg\" \/>\n<meta name=\"twitter:card\" content=\"summary_large_image\" \/>\n<meta name=\"twitter:label1\" content=\"Tiempo estimado de lectura\" \/>\n\t<meta name=\"twitter:data1\" content=\"3 minutos\" \/>\n<script type=\"application\/ld+json\" class=\"yoast-schema-graph\">{\"@context\":\"https:\\\/\\\/schema.org\",\"@graph\":[{\"@type\":\"WebPage\",\"@id\":\"https:\\\/\\\/agenciayork.com\\\/hdf\\\/producto\\\/salsa-bearnesa\\\/\",\"url\":\"https:\\\/\\\/agenciayork.com\\\/hdf\\\/producto\\\/salsa-bearnesa\\\/\",\"name\":\"Salsa bearnesa - H\u00e9l\u00e8ne de Fleurac\",\"isPartOf\":{\"@id\":\"https:\\\/\\\/agenciayork.com\\\/hdf\\\/#website\"},\"primaryImageOfPage\":{\"@id\":\"https:\\\/\\\/agenciayork.com\\\/hdf\\\/producto\\\/salsa-bearnesa\\\/#primaryimage\"},\"image\":{\"@id\":\"https:\\\/\\\/agenciayork.com\\\/hdf\\\/producto\\\/salsa-bearnesa\\\/#primaryimage\"},\"thumbnailUrl\":\"https:\\\/\\\/agenciayork.com\\\/hdf\\\/wp-content\\\/uploads\\\/2023\\\/10\\\/Bearnaise500x500-1.jpg\",\"datePublished\":\"2023-10-25T14:27:43+00:00\",\"dateModified\":\"2024-09-26T22:03:35+00:00\",\"description\":\"La\u00a0sauce b\u00e9arnaise (salsa bearnesa) es el acompa\u00f1amiento tradicional del\u00a0filete Chateaubriand, aunque puede aplicarse igualmente a platos de pescado y verduras a la\u00a0parrilla.\",\"breadcrumb\":{\"@id\":\"https:\\\/\\\/agenciayork.com\\\/hdf\\\/producto\\\/salsa-bearnesa\\\/#breadcrumb\"},\"inLanguage\":\"es-CL\",\"potentialAction\":[{\"@type\":\"ReadAction\",\"target\":[\"https:\\\/\\\/agenciayork.com\\\/hdf\\\/producto\\\/salsa-bearnesa\\\/\"]}]},{\"@type\":\"ImageObject\",\"inLanguage\":\"es-CL\",\"@id\":\"https:\\\/\\\/agenciayork.com\\\/hdf\\\/producto\\\/salsa-bearnesa\\\/#primaryimage\",\"url\":\"https:\\\/\\\/agenciayork.com\\\/hdf\\\/wp-content\\\/uploads\\\/2023\\\/10\\\/Bearnaise500x500-1.jpg\",\"contentUrl\":\"https:\\\/\\\/agenciayork.com\\\/hdf\\\/wp-content\\\/uploads\\\/2023\\\/10\\\/Bearnaise500x500-1.jpg\",\"width\":500,\"height\":500},{\"@type\":\"BreadcrumbList\",\"@id\":\"https:\\\/\\\/agenciayork.com\\\/hdf\\\/producto\\\/salsa-bearnesa\\\/#breadcrumb\",\"itemListElement\":[{\"@type\":\"ListItem\",\"position\":1,\"name\":\"Portada\",\"item\":\"https:\\\/\\\/agenciayork.com\\\/hdf\\\/\"},{\"@type\":\"ListItem\",\"position\":2,\"name\":\"Tienda\",\"item\":\"https:\\\/\\\/agenciayork.com\\\/hdf\\\/mejores-productos-de-la-gastronomia-francesa\\\/\"},{\"@type\":\"ListItem\",\"position\":3,\"name\":\"Salsa bearnesa\"}]},{\"@type\":\"WebSite\",\"@id\":\"https:\\\/\\\/agenciayork.com\\\/hdf\\\/#website\",\"url\":\"https:\\\/\\\/agenciayork.com\\\/hdf\\\/\",\"name\":\"H\u00e9l\u00e8ne de Fleurac\",\"description\":\"Gastronom\u00eda francesa\",\"potentialAction\":[{\"@type\":\"SearchAction\",\"target\":{\"@type\":\"EntryPoint\",\"urlTemplate\":\"https:\\\/\\\/agenciayork.com\\\/hdf\\\/?s={search_term_string}\"},\"query-input\":{\"@type\":\"PropertyValueSpecification\",\"valueRequired\":true,\"valueName\":\"search_term_string\"}}],\"inLanguage\":\"es-CL\"}]}<\/script>\n<!-- \/ Yoast SEO plugin. -->","yoast_head_json":{"title":"Salsa bearnesa - H\u00e9l\u00e8ne de Fleurac","description":"La\u00a0sauce b\u00e9arnaise (salsa bearnesa) es el acompa\u00f1amiento tradicional del\u00a0filete Chateaubriand, aunque puede aplicarse igualmente a platos de pescado y verduras a la\u00a0parrilla.","robots":{"index":"index","follow":"follow","max-snippet":"max-snippet:-1","max-image-preview":"max-image-preview:large","max-video-preview":"max-video-preview:-1"},"canonical":"https:\/\/agenciayork.com\/hdf\/producto\/salsa-bearnesa\/","og_locale":"es_ES","og_type":"article","og_title":"Salsa bearnesa - H\u00e9l\u00e8ne de Fleurac","og_description":"La\u00a0sauce b\u00e9arnaise (salsa bearnesa) es el acompa\u00f1amiento tradicional del\u00a0filete Chateaubriand, aunque puede aplicarse igualmente a platos de pescado y verduras a la\u00a0parrilla.","og_url":"https:\/\/agenciayork.com\/hdf\/producto\/salsa-bearnesa\/","og_site_name":"H\u00e9l\u00e8ne de Fleurac","article_modified_time":"2024-09-26T22:03:35+00:00","og_image":[{"width":500,"height":500,"url":"https:\/\/agenciayork.com\/hdf\/wp-content\/uploads\/2023\/10\/Bearnaise500x500-1.jpg","type":"image\/jpeg"}],"twitter_card":"summary_large_image","twitter_misc":{"Tiempo estimado de lectura":"3 minutos"},"schema":{"@context":"https:\/\/schema.org","@graph":[{"@type":"WebPage","@id":"https:\/\/agenciayork.com\/hdf\/producto\/salsa-bearnesa\/","url":"https:\/\/agenciayork.com\/hdf\/producto\/salsa-bearnesa\/","name":"Salsa bearnesa - H\u00e9l\u00e8ne de Fleurac","isPartOf":{"@id":"https:\/\/agenciayork.com\/hdf\/#website"},"primaryImageOfPage":{"@id":"https:\/\/agenciayork.com\/hdf\/producto\/salsa-bearnesa\/#primaryimage"},"image":{"@id":"https:\/\/agenciayork.com\/hdf\/producto\/salsa-bearnesa\/#primaryimage"},"thumbnailUrl":"https:\/\/agenciayork.com\/hdf\/wp-content\/uploads\/2023\/10\/Bearnaise500x500-1.jpg","datePublished":"2023-10-25T14:27:43+00:00","dateModified":"2024-09-26T22:03:35+00:00","description":"La\u00a0sauce b\u00e9arnaise (salsa bearnesa) es el acompa\u00f1amiento tradicional del\u00a0filete Chateaubriand, aunque puede aplicarse igualmente a platos de pescado y verduras a la\u00a0parrilla.","breadcrumb":{"@id":"https:\/\/agenciayork.com\/hdf\/producto\/salsa-bearnesa\/#breadcrumb"},"inLanguage":"es-CL","potentialAction":[{"@type":"ReadAction","target":["https:\/\/agenciayork.com\/hdf\/producto\/salsa-bearnesa\/"]}]},{"@type":"ImageObject","inLanguage":"es-CL","@id":"https:\/\/agenciayork.com\/hdf\/producto\/salsa-bearnesa\/#primaryimage","url":"https:\/\/agenciayork.com\/hdf\/wp-content\/uploads\/2023\/10\/Bearnaise500x500-1.jpg","contentUrl":"https:\/\/agenciayork.com\/hdf\/wp-content\/uploads\/2023\/10\/Bearnaise500x500-1.jpg","width":500,"height":500},{"@type":"BreadcrumbList","@id":"https:\/\/agenciayork.com\/hdf\/producto\/salsa-bearnesa\/#breadcrumb","itemListElement":[{"@type":"ListItem","position":1,"name":"Portada","item":"https:\/\/agenciayork.com\/hdf\/"},{"@type":"ListItem","position":2,"name":"Tienda","item":"https:\/\/agenciayork.com\/hdf\/mejores-productos-de-la-gastronomia-francesa\/"},{"@type":"ListItem","position":3,"name":"Salsa bearnesa"}]},{"@type":"WebSite","@id":"https:\/\/agenciayork.com\/hdf\/#website","url":"https:\/\/agenciayork.com\/hdf\/","name":"H\u00e9l\u00e8ne de Fleurac","description":"Gastronom\u00eda francesa","potentialAction":[{"@type":"SearchAction","target":{"@type":"EntryPoint","urlTemplate":"https:\/\/agenciayork.com\/hdf\/?s={search_term_string}"},"query-input":{"@type":"PropertyValueSpecification","valueRequired":true,"valueName":"search_term_string"}}],"inLanguage":"es-CL"}]}},"_links":{"self":[{"href":"https:\/\/agenciayork.com\/hdf\/wp-json\/wp\/v2\/product\/5910","targetHints":{"allow":["GET"]}}],"collection":[{"href":"https:\/\/agenciayork.com\/hdf\/wp-json\/wp\/v2\/product"}],"about":[{"href":"https:\/\/agenciayork.com\/hdf\/wp-json\/wp\/v2\/types\/product"}],"version-history":[{"count":8,"href":"https:\/\/agenciayork.com\/hdf\/wp-json\/wp\/v2\/product\/5910\/revisions"}],"predecessor-version":[{"id":11662,"href":"https:\/\/agenciayork.com\/hdf\/wp-json\/wp\/v2\/product\/5910\/revisions\/11662"}],"wp:featuredmedia":[{"embeddable":true,"href":"https:\/\/agenciayork.com\/hdf\/wp-json\/wp\/v2\/media\/6181"}],"wp:attachment":[{"href":"https:\/\/agenciayork.com\/hdf\/wp-json\/wp\/v2\/media?parent=5910"}],"wp:term":[{"taxonomy":"product_brand","embeddable":true,"href":"https:\/\/agenciayork.com\/hdf\/wp-json\/wp\/v2\/product_brand?post=5910"},{"taxonomy":"product_cat","embeddable":true,"href":"https:\/\/agenciayork.com\/hdf\/wp-json\/wp\/v2\/product_cat?post=5910"},{"taxonomy":"product_tag","embeddable":true,"href":"https:\/\/agenciayork.com\/hdf\/wp-json\/wp\/v2\/product_tag?post=5910"}],"curies":[{"name":"wp","href":"https:\/\/api.w.org\/{rel}","templated":true}]}}