{"id":5946,"date":"2023-10-25T14:28:15","date_gmt":"2023-10-25T14:28:15","guid":{"rendered":"https:\/\/agenciayork.com\/hdf\/producto\/soupe-de-tomates-950-ml\/"},"modified":"2024-10-11T09:20:47","modified_gmt":"2024-10-11T12:20:47","slug":"sopa-de-tomates-950-ml","status":"publish","type":"product","link":"https:\/\/agenciayork.com\/hdf\/producto\/sopa-de-tomates-950-ml\/","title":{"rendered":"Sopa de tomates 950 ml"},"content":{"rendered":"\t\t<div data-elementor-type=\"wp-post\" data-elementor-id=\"5946\" class=\"elementor elementor-5946\">\n\t\t\t\t<div class=\"elementor-element elementor-element-ff06225 e-flex e-con-boxed e-con e-parent\" data-id=\"ff06225\" data-element_type=\"container\">\n\t\t\t\t\t<div class=\"e-con-inner\">\n\t\t\t\t<div class=\"elementor-element elementor-element-65cecf2 elementor-widget elementor-widget-nest-title-v1\" data-id=\"65cecf2\" data-element_type=\"widget\" data-widget_type=\"nest-title-v1.default\">\n\t\t\t\t<div class=\"elementor-widget-container\">\n\t\t\t        <div class=\"section_title type_one\">\r\n                            <h4 class=\"mb-20 text-brand\"> Sopa de tomates<\/h4>\r\n                                                    <p class=\"mb-20\"> Te invito a disfrutar de mi deliciosa sopa de tomates 100% artesanal! Esta sopa es una verdadera joya de la cocina casera, preparada con ingredientes frescos y naturales, seleccionados cuidadosamente para garantizar un sabor aut\u00e9ntico y una experiencia culinaria \u00fanica.<\/p>\r\n                    <\/div>\r\n    \t\t<\/div>\n\t\t\t\t<\/div>\n\t\t\t\t\t<\/div>\n\t\t\t\t<\/div>\n\t\t<div class=\"elementor-element elementor-element-05dab70 e-flex e-con-boxed e-con e-parent\" data-id=\"05dab70\" data-element_type=\"container\">\n\t\t\t\t\t<div class=\"e-con-inner\">\n\t\t\t\t<div class=\"elementor-element elementor-element-4f7b5d0 elementor-widget-divider--view-line elementor-widget elementor-widget-divider\" data-id=\"4f7b5d0\" data-element_type=\"widget\" data-widget_type=\"divider.default\">\n\t\t\t\t<div class=\"elementor-widget-container\">\n\t\t\t\t\t<div class=\"elementor-divider\">\n\t\t\t<span class=\"elementor-divider-separator\">\n\t\t\t\t\t\t<\/span>\n\t\t<\/div>\n\t\t\t\t<\/div>\n\t\t\t\t<\/div>\n\t\t\t\t\t<\/div>\n\t\t\t\t<\/div>\n\t\t<div class=\"elementor-element elementor-element-f4b7f51 e-flex e-con-boxed e-con e-parent\" data-id=\"f4b7f51\" data-element_type=\"container\">\n\t\t\t\t\t<div class=\"e-con-inner\">\n\t\t<div class=\"elementor-element elementor-element-8ecd3a9 e-con-full e-flex e-con e-child\" data-id=\"8ecd3a9\" data-element_type=\"container\">\n\t\t\t\t<div class=\"elementor-element elementor-element-261fd42 elementor-widget elementor-widget-image\" data-id=\"261fd42\" data-element_type=\"widget\" data-widget_type=\"image.default\">\n\t\t\t\t<div class=\"elementor-widget-container\">\n\t\t\t\t\t\t\t\t\t\t\t\t\t<img fetchpriority=\"high\" decoding=\"async\" width=\"300\" height=\"300\" src=\"https:\/\/agenciayork.com\/hdf\/wp-content\/uploads\/2024\/08\/sopa-tomates-950-300x300.png\" class=\"attachment-medium size-medium wp-image-11224\" alt=\"sopa tomates 950\" srcset=\"https:\/\/agenciayork.com\/hdf\/wp-content\/uploads\/2024\/08\/sopa-tomates-950-300x300.png 300w, https:\/\/agenciayork.com\/hdf\/wp-content\/uploads\/2024\/08\/sopa-tomates-950-1024x1024.png 1024w, https:\/\/agenciayork.com\/hdf\/wp-content\/uploads\/2024\/08\/sopa-tomates-950-150x150.png 150w, https:\/\/agenciayork.com\/hdf\/wp-content\/uploads\/2024\/08\/sopa-tomates-950-768x768.png 768w, https:\/\/agenciayork.com\/hdf\/wp-content\/uploads\/2024\/08\/sopa-tomates-950-600x600.png 600w, https:\/\/agenciayork.com\/hdf\/wp-content\/uploads\/2024\/08\/sopa-tomates-950-100x100.png 100w, https:\/\/agenciayork.com\/hdf\/wp-content\/uploads\/2024\/08\/sopa-tomates-950-50x50.png 50w, https:\/\/agenciayork.com\/hdf\/wp-content\/uploads\/2024\/08\/sopa-tomates-950-64x64.png 64w, https:\/\/agenciayork.com\/hdf\/wp-content\/uploads\/2024\/08\/sopa-tomates-950.png 1080w\" sizes=\"(max-width: 300px) 100vw, 300px\" \/>\t\t\t\t\t\t\t\t\t\t\t\t\t<\/div>\n\t\t\t\t<\/div>\n\t\t\t\t<\/div>\n\t\t<div class=\"elementor-element elementor-element-0f7008e e-con-full e-flex e-con e-child\" data-id=\"0f7008e\" data-element_type=\"container\">\n\t\t\t\t<div class=\"elementor-element elementor-element-d8e906f elementor-widget elementor-widget-heading\" data-id=\"d8e906f\" data-element_type=\"widget\" data-widget_type=\"heading.default\">\n\t\t\t\t<div class=\"elementor-widget-container\">\n\t\t\t<h4 class=\"elementor-heading-title elementor-size-default\">RECETA CASERA Y 100% NATURAL<br>SIN CONSERVANTES NI ADITIVOS<\/h4>\t\t<\/div>\n\t\t\t\t<\/div>\n\t\t\t\t<div class=\"elementor-element elementor-element-1a9e451 elementor-widget elementor-widget-nest-text-editor-v1\" data-id=\"1a9e451\" data-element_type=\"widget\" data-widget_type=\"nest-text-editor-v1.default\">\n\t\t\t\t<div class=\"elementor-widget-container\">\n\t\t\t   <div class=\"custom_text_editor position-relative\">\r\n        <p>La sopa de tomates es mucho m\u00e1s que una simple sopa; es una explosi\u00f3n de\u00a0<strong>sabor<\/strong>\u00a0que captura la esencia misma del verano en cada cucharada. Esta sopa\u00a0<strong>artesanal<\/strong>\u00a0invita a los comensales a disfrutar de la frescura y la autenticidad de los ingredientes naturales, todo mientras deleitan su paladar con su sabor vibrante y reconfortante.<\/p><p>El proceso artesanal detr\u00e1s de cada lote de sopa de tomate garantiza una calidad excepcional en cada aspecto de esta creaci\u00f3n culinaria. Desde la selecci\u00f3n meticulosa de los tomates m\u00e1s maduros y sabrosos hasta la combinaci\u00f3n experta de hierbas y especias, cada paso se realiza con cuidado y atenci\u00f3n al detalle para ofrecer una\u00a0<strong>experiencia gastron\u00f3mica<\/strong>\u00a0que destaca por su frescura y su sabor inigualable.<\/p><p>Al ser una sopa 100%\u00a0<strong>natural<\/strong>, la sopa de tomate es una opci\u00f3n saludable para aquellos que buscan disfrutar de una comida nutritiva y deliciosa.\u00a0<strong>Libre de gluten<\/strong>\u00a0y apta para veganos, esta sopa es adecuada para una amplia variedad de dietas y preferencias alimentarias, lo que la convierte en una opci\u00f3n vers\u00e1til para todos los comensales.<\/p><p><strong>Ingredientes<\/strong>\u00a0tomates, cebolla, az\u00facar, hierbas de Provence, aceite de oliva, concentrado de tomate, sal<\/p>    <\/div>\r\n\t\t<\/div>\n\t\t\t\t<\/div>\n\t\t\t\t<\/div>\n\t\t\t\t\t<\/div>\n\t\t\t\t<\/div>\n\t\t<div class=\"elementor-element elementor-element-7d21d8a e-flex e-con-boxed e-con e-parent\" data-id=\"7d21d8a\" data-element_type=\"container\">\n\t\t\t\t\t<div class=\"e-con-inner\">\n\t\t\t\t<div class=\"elementor-element elementor-element-f36fc89 elementor-widget-divider--view-line elementor-widget elementor-widget-divider\" data-id=\"f36fc89\" data-element_type=\"widget\" data-widget_type=\"divider.default\">\n\t\t\t\t<div class=\"elementor-widget-container\">\n\t\t\t\t\t<div class=\"elementor-divider\">\n\t\t\t<span class=\"elementor-divider-separator\">\n\t\t\t\t\t\t<\/span>\n\t\t<\/div>\n\t\t\t\t<\/div>\n\t\t\t\t<\/div>\n\t\t\t\t\t<\/div>\n\t\t\t\t<\/div>\n\t\t<div class=\"elementor-element elementor-element-c9b7bd2 e-flex e-con-boxed e-con e-parent\" data-id=\"c9b7bd2\" data-element_type=\"container\">\n\t\t\t\t\t<div class=\"e-con-inner\">\n\t\t<div class=\"elementor-element elementor-element-0ab0c7d e-con-full e-flex e-con e-child\" data-id=\"0ab0c7d\" data-element_type=\"container\">\n\t\t\t\t<div class=\"elementor-element elementor-element-e650651 elementor-widget elementor-widget-heading\" data-id=\"e650651\" data-element_type=\"widget\" data-widget_type=\"heading.default\">\n\t\t\t\t<div class=\"elementor-widget-container\">\n\t\t\t<h4 class=\"elementor-heading-title elementor-size-default\">UNA SOPA A CALENTAR Y LISTA PARA COMER!<\/h4>\t\t<\/div>\n\t\t\t\t<\/div>\n\t\t\t\t<div class=\"elementor-element elementor-element-ee675f7 elementor-widget elementor-widget-nest-text-editor-v1\" data-id=\"ee675f7\" data-element_type=\"widget\" data-widget_type=\"nest-text-editor-v1.default\">\n\t\t\t\t<div class=\"elementor-widget-container\">\n\t\t\t   <div class=\"custom_text_editor position-relative\">\r\n        <p>Esta sopa es perfecta como\u00a0<strong>entrada<\/strong>\u00a0o\u00a0<strong>plato principal<\/strong>, especialmente en d\u00edas fr\u00edos o cuando simplemente quieras disfrutar de un plato reconfortante. Puedes acompa\u00f1arla con un trozo de pan crujiente o unas tostadas, y te aseguro que cada cucharada te har\u00e1 sentir como en casa.<\/p><p>La sopa de tomates es una celebraci\u00f3n de los sabores frescos y\u00a0<strong>naturales<\/strong>. Con su sabor vibrante, su\u00a0<strong>textura reconfortante<\/strong>\u00a0y su\u00a0<strong>calidad<\/strong>\u00a0excepcional, esta sopa es una invitaci\u00f3n a disfrutar de la buena comida de una manera sencilla y\u00a0<strong>aut\u00e9ntica<\/strong>. Sum\u00e9rgete en el delicioso mundo de la sopa de tomates y d\u00e9jate llevar por su irresistible encanto culinario.<\/p><p><strong>Conservaci\u00f3n<\/strong>\u00a01 a\u00f1o en la despensa.<br \/>Una vez abierto refrigerar y consumir dentro de 5 a 7\u00a0d\u00edas.<\/p>    <\/div>\r\n\t\t<\/div>\n\t\t\t\t<\/div>\n\t\t\t\t<\/div>\n\t\t<div class=\"elementor-element elementor-element-2c7cb82 e-con-full e-flex e-con e-child\" data-id=\"2c7cb82\" data-element_type=\"container\">\n\t\t\t\t<div class=\"elementor-element elementor-element-2179e2e elementor-widget elementor-widget-image\" data-id=\"2179e2e\" data-element_type=\"widget\" data-widget_type=\"image.default\">\n\t\t\t\t<div class=\"elementor-widget-container\">\n\t\t\t\t\t\t\t\t\t\t\t\t\t<img decoding=\"async\" width=\"300\" height=\"300\" src=\"https:\/\/agenciayork.com\/hdf\/wp-content\/uploads\/2023\/10\/tomates-300x300.png\" class=\"attachment-medium size-medium wp-image-11283\" alt=\"tomates\" srcset=\"https:\/\/agenciayork.com\/hdf\/wp-content\/uploads\/2023\/10\/tomates-300x300.png 300w, https:\/\/agenciayork.com\/hdf\/wp-content\/uploads\/2023\/10\/tomates-1024x1024.png 1024w, https:\/\/agenciayork.com\/hdf\/wp-content\/uploads\/2023\/10\/tomates-150x150.png 150w, https:\/\/agenciayork.com\/hdf\/wp-content\/uploads\/2023\/10\/tomates-768x768.png 768w, https:\/\/agenciayork.com\/hdf\/wp-content\/uploads\/2023\/10\/tomates-600x600.png 600w, https:\/\/agenciayork.com\/hdf\/wp-content\/uploads\/2023\/10\/tomates-100x100.png 100w, https:\/\/agenciayork.com\/hdf\/wp-content\/uploads\/2023\/10\/tomates-50x50.png 50w, https:\/\/agenciayork.com\/hdf\/wp-content\/uploads\/2023\/10\/tomates-64x64.png 64w, https:\/\/agenciayork.com\/hdf\/wp-content\/uploads\/2023\/10\/tomates.png 1080w\" sizes=\"(max-width: 300px) 100vw, 300px\" \/>\t\t\t\t\t\t\t\t\t\t\t\t\t<\/div>\n\t\t\t\t<\/div>\n\t\t\t\t<\/div>\n\t\t\t\t\t<\/div>\n\t\t\t\t<\/div>\n\t\t<div class=\"elementor-element elementor-element-a383b80 e-flex e-con-boxed e-con e-parent\" data-id=\"a383b80\" data-element_type=\"container\">\n\t\t\t\t\t<div class=\"e-con-inner\">\n\t\t\t\t<div class=\"elementor-element elementor-element-fa31e33 elementor-widget-divider--view-line elementor-widget elementor-widget-divider\" data-id=\"fa31e33\" data-element_type=\"widget\" data-widget_type=\"divider.default\">\n\t\t\t\t<div class=\"elementor-widget-container\">\n\t\t\t\t\t<div class=\"elementor-divider\">\n\t\t\t<span class=\"elementor-divider-separator\">\n\t\t\t\t\t\t<\/span>\n\t\t<\/div>\n\t\t\t\t<\/div>\n\t\t\t\t<\/div>\n\t\t\t\t\t<\/div>\n\t\t\t\t<\/div>\n\t\t<div class=\"elementor-element elementor-element-aa72126 e-flex e-con-boxed e-con e-parent\" data-id=\"aa72126\" data-element_type=\"container\">\n\t\t\t\t\t<div class=\"e-con-inner\">\n\t\t\t\t<div class=\"elementor-element elementor-element-bb1f6ea elementor-widget elementor-widget-heading\" data-id=\"bb1f6ea\" data-element_type=\"widget\" data-widget_type=\"heading.default\">\n\t\t\t\t<div class=\"elementor-widget-container\">\n\t\t\t<h4 class=\"elementor-heading-title elementor-size-default\">DESCUBRE TAMBIEN MIS OTRAS SOPAS<\/h4>\t\t<\/div>\n\t\t\t\t<\/div>\n\t\t\t\t\t<\/div>\n\t\t\t\t<\/div>\n\t\t<div class=\"elementor-element elementor-element-1b29c59 e-flex e-con-boxed e-con e-parent\" data-id=\"1b29c59\" data-element_type=\"container\">\n\t\t\t\t\t<div class=\"e-con-inner\">\n\t\t\t\t<div class=\"elementor-element elementor-element-041767b elementor-widget elementor-widget-image\" data-id=\"041767b\" data-element_type=\"widget\" data-widget_type=\"image.default\">\n\t\t\t\t<div class=\"elementor-widget-container\">\n\t\t\t\t\t\t\t\t\t\t\t\t\t\t<a href=\"https:\/\/agenciayork.com\/hdf\/categoria-producto\/sopas\/\">\n\t\t\t\t\t\t\t<img decoding=\"async\" width=\"768\" height=\"512\" src=\"https:\/\/agenciayork.com\/hdf\/wp-content\/uploads\/2023\/10\/Las-Sopas-768x512.png\" class=\"attachment-medium_large size-medium_large wp-image-11116\" alt=\"Todas las sopas\" srcset=\"https:\/\/agenciayork.com\/hdf\/wp-content\/uploads\/2023\/10\/Las-Sopas-768x512.png 768w, https:\/\/agenciayork.com\/hdf\/wp-content\/uploads\/2023\/10\/Las-Sopas-300x200.png 300w, https:\/\/agenciayork.com\/hdf\/wp-content\/uploads\/2023\/10\/Las-Sopas-1024x683.png 1024w, https:\/\/agenciayork.com\/hdf\/wp-content\/uploads\/2023\/10\/Las-Sopas-600x400.png 600w, https:\/\/agenciayork.com\/hdf\/wp-content\/uploads\/2023\/10\/Las-Sopas-64x43.png 64w, https:\/\/agenciayork.com\/hdf\/wp-content\/uploads\/2023\/10\/Las-Sopas.png 1200w\" sizes=\"(max-width: 768px) 100vw, 768px\" \/>\t\t\t\t\t\t\t\t<\/a>\n\t\t\t\t\t\t\t\t\t\t\t\t\t<\/div>\n\t\t\t\t<\/div>\n\t\t\t\t\t<\/div>\n\t\t\t\t<\/div>\n\t\t<div class=\"elementor-element elementor-element-4e4e271 e-flex e-con-boxed e-con e-parent\" data-id=\"4e4e271\" data-element_type=\"container\">\n\t\t\t\t\t<div class=\"e-con-inner\">\n\t\t\t\t<div class=\"elementor-element elementor-element-7663384 elementor-widget elementor-widget-nest-text-editor-v1\" data-id=\"7663384\" data-element_type=\"widget\" data-widget_type=\"nest-text-editor-v1.default\">\n\t\t\t\t<div class=\"elementor-widget-container\">\n\t\t\t   <div class=\"custom_text_editor position-relative\">\r\n        <p>En mi compromiso con el <strong>medio ambiente<\/strong>, si me traes <strong>10 frascos<\/strong> vac\u00edos con su etiqueta original, te <strong>regalo<\/strong>\u00a0un producto.\u00a0<\/p>    <\/div>\r\n\t\t<\/div>\n\t\t\t\t<\/div>\n\t\t\t\t\t<\/div>\n\t\t\t\t<\/div>\n\t\t\t\t<\/div>\n\t\t","protected":false},"excerpt":{"rendered":"<p>Deliciosa sopa artesanal &amp; 100% natural<\/p>\n<p>SIN GLUTEN, VEGAN<\/p>\n<p><strong>Frasco de 950 ml<\/strong><\/p>\n","protected":false},"featured_media":11224,"template":"","meta":[],"product_brand":[],"product_cat":[137,160,147],"product_tag":[],"class_list":{"0":"post-5946","1":"product","2":"type-product","3":"status-publish","4":"has-post-thumbnail","6":"product_cat-platos-preparados","7":"product_cat-productos-vegetarianos","8":"product_cat-sopas","10":"first","11":"outofstock","12":"shipping-taxable","13":"purchasable","14":"product-type-simple"},"yoast_head":"<!-- This site is optimized with the Yoast SEO plugin v27.5 - https:\/\/yoast.com\/product\/yoast-seo-wordpress\/ -->\n<title>Sopa de tomates 950 ml - H\u00e9l\u00e8ne de Fleurac<\/title>\n<meta name=\"description\" content=\"Descubre la frescura y el sabor vibrante de la sopa de tomates, una deliciosa sopa artesanal y 100% natural, libre de gluten y apta para veganos.\" \/>\n<meta name=\"robots\" content=\"index, follow, max-snippet:-1, max-image-preview:large, max-video-preview:-1\" \/>\n<link rel=\"canonical\" href=\"https:\/\/agenciayork.com\/hdf\/producto\/sopa-de-tomates-950-ml\/\" \/>\n<meta property=\"og:locale\" content=\"es_ES\" \/>\n<meta property=\"og:type\" content=\"article\" \/>\n<meta property=\"og:title\" content=\"Sopa de tomates 950 ml - H\u00e9l\u00e8ne de Fleurac\" \/>\n<meta property=\"og:description\" content=\"Descubre la frescura y el sabor vibrante de la sopa de tomates, una deliciosa sopa artesanal y 100% natural, libre de gluten y apta para veganos.\" \/>\n<meta property=\"og:url\" content=\"https:\/\/agenciayork.com\/hdf\/producto\/sopa-de-tomates-950-ml\/\" \/>\n<meta property=\"og:site_name\" content=\"H\u00e9l\u00e8ne de Fleurac\" \/>\n<meta property=\"article:modified_time\" content=\"2024-10-11T12:20:47+00:00\" \/>\n<meta property=\"og:image\" content=\"https:\/\/agenciayork.com\/hdf\/wp-content\/uploads\/2024\/08\/sopa-tomates-950.png\" \/>\n\t<meta property=\"og:image:width\" content=\"1080\" \/>\n\t<meta property=\"og:image:height\" content=\"1080\" \/>\n\t<meta property=\"og:image:type\" content=\"image\/png\" \/>\n<meta name=\"twitter:card\" content=\"summary_large_image\" \/>\n<meta name=\"twitter:label1\" content=\"Tiempo estimado de lectura\" \/>\n\t<meta name=\"twitter:data1\" content=\"3 minutos\" \/>\n<script type=\"application\/ld+json\" class=\"yoast-schema-graph\">{\"@context\":\"https:\\\/\\\/schema.org\",\"@graph\":[{\"@type\":\"WebPage\",\"@id\":\"https:\\\/\\\/agenciayork.com\\\/hdf\\\/producto\\\/sopa-de-tomates-950-ml\\\/\",\"url\":\"https:\\\/\\\/agenciayork.com\\\/hdf\\\/producto\\\/sopa-de-tomates-950-ml\\\/\",\"name\":\"Sopa de tomates 950 ml - H\u00e9l\u00e8ne de Fleurac\",\"isPartOf\":{\"@id\":\"https:\\\/\\\/agenciayork.com\\\/hdf\\\/#website\"},\"primaryImageOfPage\":{\"@id\":\"https:\\\/\\\/agenciayork.com\\\/hdf\\\/producto\\\/sopa-de-tomates-950-ml\\\/#primaryimage\"},\"image\":{\"@id\":\"https:\\\/\\\/agenciayork.com\\\/hdf\\\/producto\\\/sopa-de-tomates-950-ml\\\/#primaryimage\"},\"thumbnailUrl\":\"https:\\\/\\\/agenciayork.com\\\/hdf\\\/wp-content\\\/uploads\\\/2024\\\/08\\\/sopa-tomates-950.png\",\"datePublished\":\"2023-10-25T14:28:15+00:00\",\"dateModified\":\"2024-10-11T12:20:47+00:00\",\"description\":\"Descubre la frescura y el sabor vibrante de la sopa de tomates, una deliciosa sopa artesanal y 100% natural, libre de gluten y apta para veganos.\",\"breadcrumb\":{\"@id\":\"https:\\\/\\\/agenciayork.com\\\/hdf\\\/producto\\\/sopa-de-tomates-950-ml\\\/#breadcrumb\"},\"inLanguage\":\"es-CL\",\"potentialAction\":[{\"@type\":\"ReadAction\",\"target\":[\"https:\\\/\\\/agenciayork.com\\\/hdf\\\/producto\\\/sopa-de-tomates-950-ml\\\/\"]}]},{\"@type\":\"ImageObject\",\"inLanguage\":\"es-CL\",\"@id\":\"https:\\\/\\\/agenciayork.com\\\/hdf\\\/producto\\\/sopa-de-tomates-950-ml\\\/#primaryimage\",\"url\":\"https:\\\/\\\/agenciayork.com\\\/hdf\\\/wp-content\\\/uploads\\\/2024\\\/08\\\/sopa-tomates-950.png\",\"contentUrl\":\"https:\\\/\\\/agenciayork.com\\\/hdf\\\/wp-content\\\/uploads\\\/2024\\\/08\\\/sopa-tomates-950.png\",\"width\":1080,\"height\":1080,\"caption\":\"sopa tomates 950\"},{\"@type\":\"BreadcrumbList\",\"@id\":\"https:\\\/\\\/agenciayork.com\\\/hdf\\\/producto\\\/sopa-de-tomates-950-ml\\\/#breadcrumb\",\"itemListElement\":[{\"@type\":\"ListItem\",\"position\":1,\"name\":\"Portada\",\"item\":\"https:\\\/\\\/agenciayork.com\\\/hdf\\\/\"},{\"@type\":\"ListItem\",\"position\":2,\"name\":\"Tienda\",\"item\":\"https:\\\/\\\/agenciayork.com\\\/hdf\\\/mejores-productos-de-la-gastronomia-francesa\\\/\"},{\"@type\":\"ListItem\",\"position\":3,\"name\":\"Sopa de tomates 950 ml\"}]},{\"@type\":\"WebSite\",\"@id\":\"https:\\\/\\\/agenciayork.com\\\/hdf\\\/#website\",\"url\":\"https:\\\/\\\/agenciayork.com\\\/hdf\\\/\",\"name\":\"H\u00e9l\u00e8ne de Fleurac\",\"description\":\"Gastronom\u00eda francesa\",\"potentialAction\":[{\"@type\":\"SearchAction\",\"target\":{\"@type\":\"EntryPoint\",\"urlTemplate\":\"https:\\\/\\\/agenciayork.com\\\/hdf\\\/?s={search_term_string}\"},\"query-input\":{\"@type\":\"PropertyValueSpecification\",\"valueRequired\":true,\"valueName\":\"search_term_string\"}}],\"inLanguage\":\"es-CL\"}]}<\/script>\n<!-- \/ Yoast SEO plugin. -->","yoast_head_json":{"title":"Sopa de tomates 950 ml - H\u00e9l\u00e8ne de Fleurac","description":"Descubre la frescura y el sabor vibrante de la sopa de tomates, una deliciosa sopa artesanal y 100% natural, libre de gluten y apta para veganos.","robots":{"index":"index","follow":"follow","max-snippet":"max-snippet:-1","max-image-preview":"max-image-preview:large","max-video-preview":"max-video-preview:-1"},"canonical":"https:\/\/agenciayork.com\/hdf\/producto\/sopa-de-tomates-950-ml\/","og_locale":"es_ES","og_type":"article","og_title":"Sopa de tomates 950 ml - H\u00e9l\u00e8ne de Fleurac","og_description":"Descubre la frescura y el sabor vibrante de la sopa de tomates, una deliciosa sopa artesanal y 100% natural, libre de gluten y apta para veganos.","og_url":"https:\/\/agenciayork.com\/hdf\/producto\/sopa-de-tomates-950-ml\/","og_site_name":"H\u00e9l\u00e8ne de Fleurac","article_modified_time":"2024-10-11T12:20:47+00:00","og_image":[{"width":1080,"height":1080,"url":"https:\/\/agenciayork.com\/hdf\/wp-content\/uploads\/2024\/08\/sopa-tomates-950.png","type":"image\/png"}],"twitter_card":"summary_large_image","twitter_misc":{"Tiempo estimado de lectura":"3 minutos"},"schema":{"@context":"https:\/\/schema.org","@graph":[{"@type":"WebPage","@id":"https:\/\/agenciayork.com\/hdf\/producto\/sopa-de-tomates-950-ml\/","url":"https:\/\/agenciayork.com\/hdf\/producto\/sopa-de-tomates-950-ml\/","name":"Sopa de tomates 950 ml - H\u00e9l\u00e8ne de Fleurac","isPartOf":{"@id":"https:\/\/agenciayork.com\/hdf\/#website"},"primaryImageOfPage":{"@id":"https:\/\/agenciayork.com\/hdf\/producto\/sopa-de-tomates-950-ml\/#primaryimage"},"image":{"@id":"https:\/\/agenciayork.com\/hdf\/producto\/sopa-de-tomates-950-ml\/#primaryimage"},"thumbnailUrl":"https:\/\/agenciayork.com\/hdf\/wp-content\/uploads\/2024\/08\/sopa-tomates-950.png","datePublished":"2023-10-25T14:28:15+00:00","dateModified":"2024-10-11T12:20:47+00:00","description":"Descubre la frescura y el sabor vibrante de la sopa de tomates, una deliciosa sopa artesanal y 100% natural, libre de gluten y apta para veganos.","breadcrumb":{"@id":"https:\/\/agenciayork.com\/hdf\/producto\/sopa-de-tomates-950-ml\/#breadcrumb"},"inLanguage":"es-CL","potentialAction":[{"@type":"ReadAction","target":["https:\/\/agenciayork.com\/hdf\/producto\/sopa-de-tomates-950-ml\/"]}]},{"@type":"ImageObject","inLanguage":"es-CL","@id":"https:\/\/agenciayork.com\/hdf\/producto\/sopa-de-tomates-950-ml\/#primaryimage","url":"https:\/\/agenciayork.com\/hdf\/wp-content\/uploads\/2024\/08\/sopa-tomates-950.png","contentUrl":"https:\/\/agenciayork.com\/hdf\/wp-content\/uploads\/2024\/08\/sopa-tomates-950.png","width":1080,"height":1080,"caption":"sopa tomates 950"},{"@type":"BreadcrumbList","@id":"https:\/\/agenciayork.com\/hdf\/producto\/sopa-de-tomates-950-ml\/#breadcrumb","itemListElement":[{"@type":"ListItem","position":1,"name":"Portada","item":"https:\/\/agenciayork.com\/hdf\/"},{"@type":"ListItem","position":2,"name":"Tienda","item":"https:\/\/agenciayork.com\/hdf\/mejores-productos-de-la-gastronomia-francesa\/"},{"@type":"ListItem","position":3,"name":"Sopa de tomates 950 ml"}]},{"@type":"WebSite","@id":"https:\/\/agenciayork.com\/hdf\/#website","url":"https:\/\/agenciayork.com\/hdf\/","name":"H\u00e9l\u00e8ne de Fleurac","description":"Gastronom\u00eda francesa","potentialAction":[{"@type":"SearchAction","target":{"@type":"EntryPoint","urlTemplate":"https:\/\/agenciayork.com\/hdf\/?s={search_term_string}"},"query-input":{"@type":"PropertyValueSpecification","valueRequired":true,"valueName":"search_term_string"}}],"inLanguage":"es-CL"}]}},"_links":{"self":[{"href":"https:\/\/agenciayork.com\/hdf\/wp-json\/wp\/v2\/product\/5946","targetHints":{"allow":["GET"]}}],"collection":[{"href":"https:\/\/agenciayork.com\/hdf\/wp-json\/wp\/v2\/product"}],"about":[{"href":"https:\/\/agenciayork.com\/hdf\/wp-json\/wp\/v2\/types\/product"}],"version-history":[{"count":18,"href":"https:\/\/agenciayork.com\/hdf\/wp-json\/wp\/v2\/product\/5946\/revisions"}],"predecessor-version":[{"id":11975,"href":"https:\/\/agenciayork.com\/hdf\/wp-json\/wp\/v2\/product\/5946\/revisions\/11975"}],"wp:featuredmedia":[{"embeddable":true,"href":"https:\/\/agenciayork.com\/hdf\/wp-json\/wp\/v2\/media\/11224"}],"wp:attachment":[{"href":"https:\/\/agenciayork.com\/hdf\/wp-json\/wp\/v2\/media?parent=5946"}],"wp:term":[{"taxonomy":"product_brand","embeddable":true,"href":"https:\/\/agenciayork.com\/hdf\/wp-json\/wp\/v2\/product_brand?post=5946"},{"taxonomy":"product_cat","embeddable":true,"href":"https:\/\/agenciayork.com\/hdf\/wp-json\/wp\/v2\/product_cat?post=5946"},{"taxonomy":"product_tag","embeddable":true,"href":"https:\/\/agenciayork.com\/hdf\/wp-json\/wp\/v2\/product_tag?post=5946"}],"curies":[{"name":"wp","href":"https:\/\/api.w.org\/{rel}","templated":true}]}}