{"id":5959,"date":"2023-10-25T11:28:25","date_gmt":"2023-10-25T14:28:25","guid":{"rendered":"https:\/\/agenciayork.com\/hdf\/producto\/soupe-zanahoria-zapallo-y-leche-de-coco-950-ml\/"},"modified":"2024-10-14T09:59:23","modified_gmt":"2024-10-14T12:59:23","slug":"sopa-zanahoria-zapallo-y-leche-de-coco-950-ml","status":"publish","type":"product","link":"https:\/\/agenciayork.com\/hdf\/producto\/sopa-zanahoria-zapallo-y-leche-de-coco-950-ml\/","title":{"rendered":"Sopa zanahoria zapallo y leche de coco 950 ml"},"content":{"rendered":"\t\t<div data-elementor-type=\"wp-post\" data-elementor-id=\"5959\" class=\"elementor elementor-5959\">\n\t\t\t\t<div class=\"elementor-element elementor-element-6aff372 e-flex e-con-boxed e-con e-parent\" data-id=\"6aff372\" data-element_type=\"container\">\n\t\t\t\t\t<div class=\"e-con-inner\">\n\t\t\t\t<div class=\"elementor-element elementor-element-c652b8f elementor-widget elementor-widget-nest-title-v1\" data-id=\"c652b8f\" data-element_type=\"widget\" data-widget_type=\"nest-title-v1.default\">\n\t\t\t\t<div class=\"elementor-widget-container\">\n\t\t\t        <div class=\"section_title type_one\">\r\n                            <h4 class=\"mb-20 text-brand\"> Sopa de zanahoria, zapallo y leche de coco<\/h4>\r\n                                                    <p class=\"mb-20\"> Te invito a disfrutar de mi deliciosa sopa de zanahoria zapallo y leche de coco. Es una exquisita creaci\u00f3n culinaria que combina ingredientes frescos y saludables para ofrecer una experiencia gastron\u00f3mica \u00fanica y reconfortante.<\/p>\r\n                    <\/div>\r\n    \t\t<\/div>\n\t\t\t\t<\/div>\n\t\t\t\t\t<\/div>\n\t\t\t\t<\/div>\n\t\t<div class=\"elementor-element elementor-element-2acc60b e-flex e-con-boxed e-con e-parent\" data-id=\"2acc60b\" data-element_type=\"container\">\n\t\t\t\t\t<div class=\"e-con-inner\">\n\t\t\t\t<div class=\"elementor-element elementor-element-05e2af3 elementor-widget-divider--view-line elementor-widget elementor-widget-divider\" data-id=\"05e2af3\" data-element_type=\"widget\" data-widget_type=\"divider.default\">\n\t\t\t\t<div class=\"elementor-widget-container\">\n\t\t\t\t\t<div class=\"elementor-divider\">\n\t\t\t<span class=\"elementor-divider-separator\">\n\t\t\t\t\t\t<\/span>\n\t\t<\/div>\n\t\t\t\t<\/div>\n\t\t\t\t<\/div>\n\t\t\t\t\t<\/div>\n\t\t\t\t<\/div>\n\t\t<div class=\"elementor-element elementor-element-2606933 e-flex e-con-boxed e-con e-parent\" data-id=\"2606933\" data-element_type=\"container\">\n\t\t\t\t\t<div class=\"e-con-inner\">\n\t\t<div class=\"elementor-element elementor-element-d9a405f e-con-full e-flex e-con e-child\" data-id=\"d9a405f\" data-element_type=\"container\">\n\t\t\t\t<div class=\"elementor-element elementor-element-ae68a2e elementor-widget elementor-widget-image\" data-id=\"ae68a2e\" data-element_type=\"widget\" data-widget_type=\"image.default\">\n\t\t\t\t<div class=\"elementor-widget-container\">\n\t\t\t\t\t\t\t\t\t\t\t\t\t<img fetchpriority=\"high\" decoding=\"async\" width=\"300\" height=\"300\" src=\"https:\/\/agenciayork.com\/hdf\/wp-content\/uploads\/2024\/08\/sopa-zapallo-zanahoria-y-leche-de-coco-950-300x300.png\" class=\"attachment-medium size-medium wp-image-11228\" alt=\"sopa zapallo zanahoria y leche de coco 950\" srcset=\"https:\/\/agenciayork.com\/hdf\/wp-content\/uploads\/2024\/08\/sopa-zapallo-zanahoria-y-leche-de-coco-950-300x300.png 300w, https:\/\/agenciayork.com\/hdf\/wp-content\/uploads\/2024\/08\/sopa-zapallo-zanahoria-y-leche-de-coco-950-1024x1024.png 1024w, https:\/\/agenciayork.com\/hdf\/wp-content\/uploads\/2024\/08\/sopa-zapallo-zanahoria-y-leche-de-coco-950-150x150.png 150w, https:\/\/agenciayork.com\/hdf\/wp-content\/uploads\/2024\/08\/sopa-zapallo-zanahoria-y-leche-de-coco-950-768x768.png 768w, https:\/\/agenciayork.com\/hdf\/wp-content\/uploads\/2024\/08\/sopa-zapallo-zanahoria-y-leche-de-coco-950-600x600.png 600w, https:\/\/agenciayork.com\/hdf\/wp-content\/uploads\/2024\/08\/sopa-zapallo-zanahoria-y-leche-de-coco-950-100x100.png 100w, https:\/\/agenciayork.com\/hdf\/wp-content\/uploads\/2024\/08\/sopa-zapallo-zanahoria-y-leche-de-coco-950-50x50.png 50w, https:\/\/agenciayork.com\/hdf\/wp-content\/uploads\/2024\/08\/sopa-zapallo-zanahoria-y-leche-de-coco-950-64x64.png 64w, https:\/\/agenciayork.com\/hdf\/wp-content\/uploads\/2024\/08\/sopa-zapallo-zanahoria-y-leche-de-coco-950.png 1080w\" sizes=\"(max-width: 300px) 100vw, 300px\" \/>\t\t\t\t\t\t\t\t\t\t\t\t\t<\/div>\n\t\t\t\t<\/div>\n\t\t\t\t<\/div>\n\t\t<div class=\"elementor-element elementor-element-cc1b166 e-con-full e-flex e-con e-child\" data-id=\"cc1b166\" data-element_type=\"container\">\n\t\t\t\t<div class=\"elementor-element elementor-element-59e5f3f elementor-widget elementor-widget-heading\" data-id=\"59e5f3f\" data-element_type=\"widget\" data-widget_type=\"heading.default\">\n\t\t\t\t<div class=\"elementor-widget-container\">\n\t\t\t<h4 class=\"elementor-heading-title elementor-size-default\">RECETA CASERA Y 100% NATURAL<br>SIN CONSERVANTES NI ADITIVOS<\/h4>\t\t<\/div>\n\t\t\t\t<\/div>\n\t\t\t\t<div class=\"elementor-element elementor-element-7c2b18f elementor-widget elementor-widget-nest-text-editor-v1\" data-id=\"7c2b18f\" data-element_type=\"widget\" data-widget_type=\"nest-text-editor-v1.default\">\n\t\t\t\t<div class=\"elementor-widget-container\">\n\t\t\t   <div class=\"custom_text_editor position-relative\">\r\n        <p>La sopa de zanahoria zapallo y leche de coco tiene un sabor suave y dulce gracias a la zanahoria que se une a la cremosidad del zapallo y la riqueza de la leche de coco para crear una armon\u00eda de sabores que deleitar\u00e1 a los amantes de la buena comida. Esta sopa, preparada\u00a0<strong>artesanalmente<\/strong>, se distingue por su\u00a0<strong>calidad<\/strong>\u00a0y frescura, garantizando cada cucharada como un deleite para los sentidos.<\/p><p>Al ser una creaci\u00f3n\u00a0<strong>100% natural<\/strong>, esta sopa no contiene gluten ni sal a\u00f1adida, lo que la convierte en una opci\u00f3n saludable para aquellos con dietas espec\u00edficas o restricciones alimentarias. Adem\u00e1s, al ser vegana, se adapta perfectamente a un estilo de vida basado en plantas, ofreciendo una alternativa nutritiva y deliciosa para todos los comensales.<\/p><p><strong>Ingredientes<\/strong>\u00a0zanahorias, zapallo camote, leche de coco<\/p>    <\/div>\r\n\t\t<\/div>\n\t\t\t\t<\/div>\n\t\t\t\t<\/div>\n\t\t\t\t\t<\/div>\n\t\t\t\t<\/div>\n\t\t<div class=\"elementor-element elementor-element-654a939 e-flex e-con-boxed e-con e-parent\" data-id=\"654a939\" data-element_type=\"container\">\n\t\t\t\t\t<div class=\"e-con-inner\">\n\t\t\t\t<div class=\"elementor-element elementor-element-6af33ae elementor-widget-divider--view-line elementor-widget elementor-widget-divider\" data-id=\"6af33ae\" data-element_type=\"widget\" data-widget_type=\"divider.default\">\n\t\t\t\t<div class=\"elementor-widget-container\">\n\t\t\t\t\t<div class=\"elementor-divider\">\n\t\t\t<span class=\"elementor-divider-separator\">\n\t\t\t\t\t\t<\/span>\n\t\t<\/div>\n\t\t\t\t<\/div>\n\t\t\t\t<\/div>\n\t\t\t\t\t<\/div>\n\t\t\t\t<\/div>\n\t\t<div class=\"elementor-element elementor-element-fc56129 e-flex e-con-boxed e-con e-parent\" data-id=\"fc56129\" data-element_type=\"container\">\n\t\t\t\t\t<div class=\"e-con-inner\">\n\t\t<div class=\"elementor-element elementor-element-ea985a6 e-con-full e-flex e-con e-child\" data-id=\"ea985a6\" data-element_type=\"container\">\n\t\t\t\t<div class=\"elementor-element elementor-element-7271cda elementor-widget elementor-widget-heading\" data-id=\"7271cda\" data-element_type=\"widget\" data-widget_type=\"heading.default\">\n\t\t\t\t<div class=\"elementor-widget-container\">\n\t\t\t<h4 class=\"elementor-heading-title elementor-size-default\">UNA SOPA A CALENTAR Y LISTA PARA COMER!<\/h4>\t\t<\/div>\n\t\t\t\t<\/div>\n\t\t\t\t<div class=\"elementor-element elementor-element-9cb2a71 elementor-widget elementor-widget-nest-text-editor-v1\" data-id=\"9cb2a71\" data-element_type=\"widget\" data-widget_type=\"nest-text-editor-v1.default\">\n\t\t\t\t<div class=\"elementor-widget-container\">\n\t\t\t   <div class=\"custom_text_editor position-relative\">\r\n        <p>La combinaci\u00f3n de zanahoria y zapallo aporta una excelente fuente de\u00a0<strong>vitaminas<\/strong>\u00a0y\u00a0<strong>antioxidantes<\/strong>, promoviendo la salud del sistema inmunol\u00f3gico y la piel, entre otros beneficios. La leche de coco, por su parte, a\u00f1ade una textura sedosa y un sabor tropical que eleva el perfil de esta sopa a otro nivel, convirti\u00e9ndola en una opci\u00f3n\u00a0<strong>gourmet<\/strong>\u00a0para cualquier ocasi\u00f3n.<\/p><p>Esta sopa es perfecta como\u00a0<strong>entrada<\/strong>\u00a0o\u00a0<strong>plato principal<\/strong>, especialmente en d\u00edas fr\u00edos o cuando simplemente quieras disfrutar de un plato reconfortante. Puedes acompa\u00f1arla con un trozo de pan crujiente o unas tostadas, y te aseguro que cada cucharada te har\u00e1 sentir como en casa.<\/p><p>An\u00edmate a probar esta maravilla artesanal y descubre c\u00f3mo un plato sencillo puede convertirse en una\u00a0<strong>experiencia inolvidable<\/strong>. Estoy segura de que te encantar\u00e1!<\/p><p><strong>Conservaci\u00f3n<\/strong>\u00a01 a\u00f1o en la despensa.<br \/>Una vez abierto refrigerar y consumir dentro de 5 a 7\u00a0d\u00edas.<\/p>    <\/div>\r\n\t\t<\/div>\n\t\t\t\t<\/div>\n\t\t\t\t<\/div>\n\t\t<div class=\"elementor-element elementor-element-23cf456 e-con-full e-flex e-con e-child\" data-id=\"23cf456\" data-element_type=\"container\">\n\t\t\t\t<div class=\"elementor-element elementor-element-86a1a44 elementor-widget elementor-widget-image\" data-id=\"86a1a44\" data-element_type=\"widget\" data-widget_type=\"image.default\">\n\t\t\t\t<div class=\"elementor-widget-container\">\n\t\t\t\t\t\t\t\t\t\t\t\t\t<img decoding=\"async\" width=\"300\" height=\"300\" src=\"https:\/\/agenciayork.com\/hdf\/wp-content\/uploads\/2024\/08\/Sopa-zapallo-zanahoria-leche-de-coco-presentacion-1080-300x300.jpg\" class=\"attachment-medium size-medium wp-image-11254\" alt=\"Sopa zapallo zanahoria leche de coco presentacion 1080\" srcset=\"https:\/\/agenciayork.com\/hdf\/wp-content\/uploads\/2024\/08\/Sopa-zapallo-zanahoria-leche-de-coco-presentacion-1080-300x300.jpg 300w, https:\/\/agenciayork.com\/hdf\/wp-content\/uploads\/2024\/08\/Sopa-zapallo-zanahoria-leche-de-coco-presentacion-1080-1024x1024.jpg 1024w, https:\/\/agenciayork.com\/hdf\/wp-content\/uploads\/2024\/08\/Sopa-zapallo-zanahoria-leche-de-coco-presentacion-1080-150x150.jpg 150w, https:\/\/agenciayork.com\/hdf\/wp-content\/uploads\/2024\/08\/Sopa-zapallo-zanahoria-leche-de-coco-presentacion-1080-768x768.jpg 768w, https:\/\/agenciayork.com\/hdf\/wp-content\/uploads\/2024\/08\/Sopa-zapallo-zanahoria-leche-de-coco-presentacion-1080-600x600.jpg 600w, https:\/\/agenciayork.com\/hdf\/wp-content\/uploads\/2024\/08\/Sopa-zapallo-zanahoria-leche-de-coco-presentacion-1080-100x100.jpg 100w, https:\/\/agenciayork.com\/hdf\/wp-content\/uploads\/2024\/08\/Sopa-zapallo-zanahoria-leche-de-coco-presentacion-1080-50x50.jpg 50w, https:\/\/agenciayork.com\/hdf\/wp-content\/uploads\/2024\/08\/Sopa-zapallo-zanahoria-leche-de-coco-presentacion-1080-64x64.jpg 64w, https:\/\/agenciayork.com\/hdf\/wp-content\/uploads\/2024\/08\/Sopa-zapallo-zanahoria-leche-de-coco-presentacion-1080.jpg 1080w\" sizes=\"(max-width: 300px) 100vw, 300px\" \/>\t\t\t\t\t\t\t\t\t\t\t\t\t<\/div>\n\t\t\t\t<\/div>\n\t\t\t\t<\/div>\n\t\t\t\t\t<\/div>\n\t\t\t\t<\/div>\n\t\t<div class=\"elementor-element elementor-element-8eee3d0 e-flex e-con-boxed e-con e-parent\" data-id=\"8eee3d0\" data-element_type=\"container\">\n\t\t\t\t\t<div class=\"e-con-inner\">\n\t\t\t\t<div class=\"elementor-element elementor-element-625a2e1 elementor-widget-divider--view-line elementor-widget elementor-widget-divider\" data-id=\"625a2e1\" data-element_type=\"widget\" data-widget_type=\"divider.default\">\n\t\t\t\t<div class=\"elementor-widget-container\">\n\t\t\t\t\t<div class=\"elementor-divider\">\n\t\t\t<span class=\"elementor-divider-separator\">\n\t\t\t\t\t\t<\/span>\n\t\t<\/div>\n\t\t\t\t<\/div>\n\t\t\t\t<\/div>\n\t\t\t\t\t<\/div>\n\t\t\t\t<\/div>\n\t\t<div class=\"elementor-element elementor-element-de6cc9c e-flex e-con-boxed e-con e-parent\" data-id=\"de6cc9c\" data-element_type=\"container\">\n\t\t\t\t\t<div class=\"e-con-inner\">\n\t\t\t\t<div class=\"elementor-element elementor-element-2a233cb elementor-widget elementor-widget-heading\" data-id=\"2a233cb\" data-element_type=\"widget\" data-widget_type=\"heading.default\">\n\t\t\t\t<div class=\"elementor-widget-container\">\n\t\t\t<h4 class=\"elementor-heading-title elementor-size-default\">DESCUBRE TAMBIEN MIS OTRAS SOPAS<\/h4>\t\t<\/div>\n\t\t\t\t<\/div>\n\t\t\t\t\t<\/div>\n\t\t\t\t<\/div>\n\t\t<div class=\"elementor-element elementor-element-b385b8f e-flex e-con-boxed e-con e-parent\" data-id=\"b385b8f\" data-element_type=\"container\">\n\t\t\t\t\t<div class=\"e-con-inner\">\n\t\t\t\t<div class=\"elementor-element elementor-element-2d2e4d2 elementor-widget elementor-widget-image\" data-id=\"2d2e4d2\" data-element_type=\"widget\" data-widget_type=\"image.default\">\n\t\t\t\t<div class=\"elementor-widget-container\">\n\t\t\t\t\t\t\t\t\t\t\t\t\t\t<a href=\"https:\/\/agenciayork.com\/hdf\/categoria-producto\/sopas\/\">\n\t\t\t\t\t\t\t<img decoding=\"async\" width=\"768\" height=\"512\" src=\"https:\/\/agenciayork.com\/hdf\/wp-content\/uploads\/2023\/10\/Las-Sopas-768x512.png\" class=\"attachment-medium_large size-medium_large wp-image-11116\" alt=\"Todas las sopas\" srcset=\"https:\/\/agenciayork.com\/hdf\/wp-content\/uploads\/2023\/10\/Las-Sopas-768x512.png 768w, https:\/\/agenciayork.com\/hdf\/wp-content\/uploads\/2023\/10\/Las-Sopas-300x200.png 300w, https:\/\/agenciayork.com\/hdf\/wp-content\/uploads\/2023\/10\/Las-Sopas-1024x683.png 1024w, https:\/\/agenciayork.com\/hdf\/wp-content\/uploads\/2023\/10\/Las-Sopas-600x400.png 600w, https:\/\/agenciayork.com\/hdf\/wp-content\/uploads\/2023\/10\/Las-Sopas-64x43.png 64w, https:\/\/agenciayork.com\/hdf\/wp-content\/uploads\/2023\/10\/Las-Sopas.png 1200w\" sizes=\"(max-width: 768px) 100vw, 768px\" \/>\t\t\t\t\t\t\t\t<\/a>\n\t\t\t\t\t\t\t\t\t\t\t\t\t<\/div>\n\t\t\t\t<\/div>\n\t\t\t\t\t<\/div>\n\t\t\t\t<\/div>\n\t\t<div class=\"elementor-element elementor-element-ab79335 e-flex e-con-boxed e-con e-parent\" data-id=\"ab79335\" data-element_type=\"container\">\n\t\t\t\t\t<div class=\"e-con-inner\">\n\t\t\t\t<div class=\"elementor-element elementor-element-d9934a4 elementor-widget elementor-widget-nest-text-editor-v1\" data-id=\"d9934a4\" data-element_type=\"widget\" data-widget_type=\"nest-text-editor-v1.default\">\n\t\t\t\t<div class=\"elementor-widget-container\">\n\t\t\t   <div class=\"custom_text_editor position-relative\">\r\n        <p>En mi compromiso con el <strong>medio ambiente<\/strong>, si me traes <strong>10 frascos<\/strong> vac\u00edos con su etiqueta original, te <strong>regalo<\/strong>\u00a0un producto.\u00a0<\/p>    <\/div>\r\n\t\t<\/div>\n\t\t\t\t<\/div>\n\t\t\t\t\t<\/div>\n\t\t\t\t<\/div>\n\t\t\t\t<\/div>\n\t\t","protected":false},"excerpt":{"rendered":"<p>Deliciosa sopa artesanal &amp; 100% natural<\/p>\n<p>SIN GLUTEN, SIN SAL, VEGAN<\/p>\n<p><strong>Frasco de 950 ml<\/strong><\/p>\n","protected":false},"featured_media":11228,"template":"","meta":[],"product_brand":[],"product_cat":[137,160,147],"product_tag":[],"class_list":{"0":"post-5959","1":"product","2":"type-product","3":"status-publish","4":"has-post-thumbnail","6":"product_cat-platos-preparados","7":"product_cat-productos-vegetarianos","8":"product_cat-sopas","10":"first","11":"instock","12":"shipping-taxable","13":"purchasable","14":"product-type-simple"},"yoast_head":"<!-- This site is optimized with the Yoast SEO plugin v27.5 - https:\/\/yoast.com\/product\/yoast-seo-wordpress\/ -->\n<title>Sopa zanahoria zapallo y leche de coco 950 ml - H\u00e9l\u00e8ne de Fleurac<\/title>\n<meta name=\"description\" content=\"Descubre la exquisita sopa de zanahoria zapallo y leche de coco 950 ml: una deliciosa y saludable opci\u00f3n artesanal, libre de gluten y vegana.\" \/>\n<meta name=\"robots\" content=\"index, follow, max-snippet:-1, max-image-preview:large, max-video-preview:-1\" \/>\n<link rel=\"canonical\" href=\"https:\/\/agenciayork.com\/hdf\/producto\/sopa-zanahoria-zapallo-y-leche-de-coco-950-ml\/\" \/>\n<meta property=\"og:locale\" content=\"es_ES\" \/>\n<meta property=\"og:type\" content=\"article\" \/>\n<meta property=\"og:title\" content=\"Sopa zanahoria zapallo y leche de coco 950 ml - H\u00e9l\u00e8ne de Fleurac\" \/>\n<meta property=\"og:description\" content=\"Descubre la exquisita sopa de zanahoria zapallo y leche de coco 950 ml: una deliciosa y saludable opci\u00f3n artesanal, libre de gluten y vegana.\" \/>\n<meta property=\"og:url\" content=\"https:\/\/agenciayork.com\/hdf\/producto\/sopa-zanahoria-zapallo-y-leche-de-coco-950-ml\/\" \/>\n<meta property=\"og:site_name\" content=\"H\u00e9l\u00e8ne de Fleurac\" \/>\n<meta property=\"article:modified_time\" content=\"2024-10-14T12:59:23+00:00\" \/>\n<meta property=\"og:image\" content=\"https:\/\/agenciayork.com\/hdf\/wp-content\/uploads\/2024\/08\/sopa-zapallo-zanahoria-y-leche-de-coco-950.png\" \/>\n\t<meta property=\"og:image:width\" content=\"1080\" \/>\n\t<meta property=\"og:image:height\" content=\"1080\" \/>\n\t<meta property=\"og:image:type\" content=\"image\/png\" \/>\n<meta name=\"twitter:card\" content=\"summary_large_image\" \/>\n<meta name=\"twitter:label1\" content=\"Tiempo estimado de lectura\" \/>\n\t<meta name=\"twitter:data1\" content=\"3 minutos\" \/>\n<script type=\"application\/ld+json\" class=\"yoast-schema-graph\">{\"@context\":\"https:\\\/\\\/schema.org\",\"@graph\":[{\"@type\":\"WebPage\",\"@id\":\"https:\\\/\\\/agenciayork.com\\\/hdf\\\/producto\\\/sopa-zanahoria-zapallo-y-leche-de-coco-950-ml\\\/\",\"url\":\"https:\\\/\\\/agenciayork.com\\\/hdf\\\/producto\\\/sopa-zanahoria-zapallo-y-leche-de-coco-950-ml\\\/\",\"name\":\"Sopa zanahoria zapallo y leche de coco 950 ml - H\u00e9l\u00e8ne de Fleurac\",\"isPartOf\":{\"@id\":\"https:\\\/\\\/agenciayork.com\\\/hdf\\\/#website\"},\"primaryImageOfPage\":{\"@id\":\"https:\\\/\\\/agenciayork.com\\\/hdf\\\/producto\\\/sopa-zanahoria-zapallo-y-leche-de-coco-950-ml\\\/#primaryimage\"},\"image\":{\"@id\":\"https:\\\/\\\/agenciayork.com\\\/hdf\\\/producto\\\/sopa-zanahoria-zapallo-y-leche-de-coco-950-ml\\\/#primaryimage\"},\"thumbnailUrl\":\"https:\\\/\\\/agenciayork.com\\\/hdf\\\/wp-content\\\/uploads\\\/2024\\\/08\\\/sopa-zapallo-zanahoria-y-leche-de-coco-950.png\",\"datePublished\":\"2023-10-25T14:28:25+00:00\",\"dateModified\":\"2024-10-14T12:59:23+00:00\",\"description\":\"Descubre la exquisita sopa de zanahoria zapallo y leche de coco 950 ml: una deliciosa y saludable opci\u00f3n artesanal, libre de gluten y vegana.\",\"breadcrumb\":{\"@id\":\"https:\\\/\\\/agenciayork.com\\\/hdf\\\/producto\\\/sopa-zanahoria-zapallo-y-leche-de-coco-950-ml\\\/#breadcrumb\"},\"inLanguage\":\"es-CL\",\"potentialAction\":[{\"@type\":\"ReadAction\",\"target\":[\"https:\\\/\\\/agenciayork.com\\\/hdf\\\/producto\\\/sopa-zanahoria-zapallo-y-leche-de-coco-950-ml\\\/\"]}]},{\"@type\":\"ImageObject\",\"inLanguage\":\"es-CL\",\"@id\":\"https:\\\/\\\/agenciayork.com\\\/hdf\\\/producto\\\/sopa-zanahoria-zapallo-y-leche-de-coco-950-ml\\\/#primaryimage\",\"url\":\"https:\\\/\\\/agenciayork.com\\\/hdf\\\/wp-content\\\/uploads\\\/2024\\\/08\\\/sopa-zapallo-zanahoria-y-leche-de-coco-950.png\",\"contentUrl\":\"https:\\\/\\\/agenciayork.com\\\/hdf\\\/wp-content\\\/uploads\\\/2024\\\/08\\\/sopa-zapallo-zanahoria-y-leche-de-coco-950.png\",\"width\":1080,\"height\":1080,\"caption\":\"sopa zapallo zanahoria y leche de coco 950\"},{\"@type\":\"BreadcrumbList\",\"@id\":\"https:\\\/\\\/agenciayork.com\\\/hdf\\\/producto\\\/sopa-zanahoria-zapallo-y-leche-de-coco-950-ml\\\/#breadcrumb\",\"itemListElement\":[{\"@type\":\"ListItem\",\"position\":1,\"name\":\"Portada\",\"item\":\"https:\\\/\\\/agenciayork.com\\\/hdf\\\/\"},{\"@type\":\"ListItem\",\"position\":2,\"name\":\"Tienda\",\"item\":\"https:\\\/\\\/agenciayork.com\\\/hdf\\\/mejores-productos-de-la-gastronomia-francesa\\\/\"},{\"@type\":\"ListItem\",\"position\":3,\"name\":\"Sopa zanahoria zapallo y leche de coco 950 ml\"}]},{\"@type\":\"WebSite\",\"@id\":\"https:\\\/\\\/agenciayork.com\\\/hdf\\\/#website\",\"url\":\"https:\\\/\\\/agenciayork.com\\\/hdf\\\/\",\"name\":\"H\u00e9l\u00e8ne de Fleurac\",\"description\":\"Gastronom\u00eda francesa\",\"potentialAction\":[{\"@type\":\"SearchAction\",\"target\":{\"@type\":\"EntryPoint\",\"urlTemplate\":\"https:\\\/\\\/agenciayork.com\\\/hdf\\\/?s={search_term_string}\"},\"query-input\":{\"@type\":\"PropertyValueSpecification\",\"valueRequired\":true,\"valueName\":\"search_term_string\"}}],\"inLanguage\":\"es-CL\"}]}<\/script>\n<!-- \/ Yoast SEO plugin. -->","yoast_head_json":{"title":"Sopa zanahoria zapallo y leche de coco 950 ml - H\u00e9l\u00e8ne de Fleurac","description":"Descubre la exquisita sopa de zanahoria zapallo y leche de coco 950 ml: una deliciosa y saludable opci\u00f3n artesanal, libre de gluten y vegana.","robots":{"index":"index","follow":"follow","max-snippet":"max-snippet:-1","max-image-preview":"max-image-preview:large","max-video-preview":"max-video-preview:-1"},"canonical":"https:\/\/agenciayork.com\/hdf\/producto\/sopa-zanahoria-zapallo-y-leche-de-coco-950-ml\/","og_locale":"es_ES","og_type":"article","og_title":"Sopa zanahoria zapallo y leche de coco 950 ml - H\u00e9l\u00e8ne de Fleurac","og_description":"Descubre la exquisita sopa de zanahoria zapallo y leche de coco 950 ml: una deliciosa y saludable opci\u00f3n artesanal, libre de gluten y vegana.","og_url":"https:\/\/agenciayork.com\/hdf\/producto\/sopa-zanahoria-zapallo-y-leche-de-coco-950-ml\/","og_site_name":"H\u00e9l\u00e8ne de Fleurac","article_modified_time":"2024-10-14T12:59:23+00:00","og_image":[{"width":1080,"height":1080,"url":"https:\/\/agenciayork.com\/hdf\/wp-content\/uploads\/2024\/08\/sopa-zapallo-zanahoria-y-leche-de-coco-950.png","type":"image\/png"}],"twitter_card":"summary_large_image","twitter_misc":{"Tiempo estimado de lectura":"3 minutos"},"schema":{"@context":"https:\/\/schema.org","@graph":[{"@type":"WebPage","@id":"https:\/\/agenciayork.com\/hdf\/producto\/sopa-zanahoria-zapallo-y-leche-de-coco-950-ml\/","url":"https:\/\/agenciayork.com\/hdf\/producto\/sopa-zanahoria-zapallo-y-leche-de-coco-950-ml\/","name":"Sopa zanahoria zapallo y leche de coco 950 ml - H\u00e9l\u00e8ne de Fleurac","isPartOf":{"@id":"https:\/\/agenciayork.com\/hdf\/#website"},"primaryImageOfPage":{"@id":"https:\/\/agenciayork.com\/hdf\/producto\/sopa-zanahoria-zapallo-y-leche-de-coco-950-ml\/#primaryimage"},"image":{"@id":"https:\/\/agenciayork.com\/hdf\/producto\/sopa-zanahoria-zapallo-y-leche-de-coco-950-ml\/#primaryimage"},"thumbnailUrl":"https:\/\/agenciayork.com\/hdf\/wp-content\/uploads\/2024\/08\/sopa-zapallo-zanahoria-y-leche-de-coco-950.png","datePublished":"2023-10-25T14:28:25+00:00","dateModified":"2024-10-14T12:59:23+00:00","description":"Descubre la exquisita sopa de zanahoria zapallo y leche de coco 950 ml: una deliciosa y saludable opci\u00f3n artesanal, libre de gluten y vegana.","breadcrumb":{"@id":"https:\/\/agenciayork.com\/hdf\/producto\/sopa-zanahoria-zapallo-y-leche-de-coco-950-ml\/#breadcrumb"},"inLanguage":"es-CL","potentialAction":[{"@type":"ReadAction","target":["https:\/\/agenciayork.com\/hdf\/producto\/sopa-zanahoria-zapallo-y-leche-de-coco-950-ml\/"]}]},{"@type":"ImageObject","inLanguage":"es-CL","@id":"https:\/\/agenciayork.com\/hdf\/producto\/sopa-zanahoria-zapallo-y-leche-de-coco-950-ml\/#primaryimage","url":"https:\/\/agenciayork.com\/hdf\/wp-content\/uploads\/2024\/08\/sopa-zapallo-zanahoria-y-leche-de-coco-950.png","contentUrl":"https:\/\/agenciayork.com\/hdf\/wp-content\/uploads\/2024\/08\/sopa-zapallo-zanahoria-y-leche-de-coco-950.png","width":1080,"height":1080,"caption":"sopa zapallo zanahoria y leche de coco 950"},{"@type":"BreadcrumbList","@id":"https:\/\/agenciayork.com\/hdf\/producto\/sopa-zanahoria-zapallo-y-leche-de-coco-950-ml\/#breadcrumb","itemListElement":[{"@type":"ListItem","position":1,"name":"Portada","item":"https:\/\/agenciayork.com\/hdf\/"},{"@type":"ListItem","position":2,"name":"Tienda","item":"https:\/\/agenciayork.com\/hdf\/mejores-productos-de-la-gastronomia-francesa\/"},{"@type":"ListItem","position":3,"name":"Sopa zanahoria zapallo y leche de coco 950 ml"}]},{"@type":"WebSite","@id":"https:\/\/agenciayork.com\/hdf\/#website","url":"https:\/\/agenciayork.com\/hdf\/","name":"H\u00e9l\u00e8ne de Fleurac","description":"Gastronom\u00eda francesa","potentialAction":[{"@type":"SearchAction","target":{"@type":"EntryPoint","urlTemplate":"https:\/\/agenciayork.com\/hdf\/?s={search_term_string}"},"query-input":{"@type":"PropertyValueSpecification","valueRequired":true,"valueName":"search_term_string"}}],"inLanguage":"es-CL"}]}},"_links":{"self":[{"href":"https:\/\/agenciayork.com\/hdf\/wp-json\/wp\/v2\/product\/5959","targetHints":{"allow":["GET"]}}],"collection":[{"href":"https:\/\/agenciayork.com\/hdf\/wp-json\/wp\/v2\/product"}],"about":[{"href":"https:\/\/agenciayork.com\/hdf\/wp-json\/wp\/v2\/types\/product"}],"version-history":[{"count":15,"href":"https:\/\/agenciayork.com\/hdf\/wp-json\/wp\/v2\/product\/5959\/revisions"}],"predecessor-version":[{"id":12288,"href":"https:\/\/agenciayork.com\/hdf\/wp-json\/wp\/v2\/product\/5959\/revisions\/12288"}],"wp:featuredmedia":[{"embeddable":true,"href":"https:\/\/agenciayork.com\/hdf\/wp-json\/wp\/v2\/media\/11228"}],"wp:attachment":[{"href":"https:\/\/agenciayork.com\/hdf\/wp-json\/wp\/v2\/media?parent=5959"}],"wp:term":[{"taxonomy":"product_brand","embeddable":true,"href":"https:\/\/agenciayork.com\/hdf\/wp-json\/wp\/v2\/product_brand?post=5959"},{"taxonomy":"product_cat","embeddable":true,"href":"https:\/\/agenciayork.com\/hdf\/wp-json\/wp\/v2\/product_cat?post=5959"},{"taxonomy":"product_tag","embeddable":true,"href":"https:\/\/agenciayork.com\/hdf\/wp-json\/wp\/v2\/product_tag?post=5959"}],"curies":[{"name":"wp","href":"https:\/\/api.w.org\/{rel}","templated":true}]}}