{"id":5978,"date":"2023-10-25T14:28:58","date_gmt":"2023-10-25T14:28:58","guid":{"rendered":"https:\/\/agenciayork.com\/hdf\/producto\/tian-de-verduras\/"},"modified":"2024-08-30T15:07:56","modified_gmt":"2024-08-30T18:07:56","slug":"tian-de-verduras","status":"publish","type":"product","link":"https:\/\/agenciayork.com\/hdf\/producto\/tian-de-verduras\/","title":{"rendered":"T\u00edan de verduras"},"content":{"rendered":"\t\t<div data-elementor-type=\"wp-post\" data-elementor-id=\"5978\" class=\"elementor elementor-5978\">\n\t\t\t\t<div class=\"elementor-element elementor-element-859a68e e-flex e-con-boxed e-con e-parent\" data-id=\"859a68e\" data-element_type=\"container\">\n\t\t\t\t\t<div class=\"e-con-inner\">\n\t\t\t\t<div class=\"elementor-element elementor-element-897b6db elementor-widget elementor-widget-nest-title-v1\" data-id=\"897b6db\" data-element_type=\"widget\" data-widget_type=\"nest-title-v1.default\">\n\t\t\t\t<div class=\"elementor-widget-container\">\n\t\t\t        <div class=\"section_title type_one\">\r\n                            <h4 class=\"mb-20 text-brand\"> t\u00edan de verduras<\/h4>\r\n                                                    <p class=\"mb-20\"> Te invito a descubrir mi t\u00edan de verduras, una explosi\u00f3n de colores y sabores en cada bocado. Este plato tradicional de la Provenza combina lo mejor de las hortalizas frescas, cuidadosamente dispuestas y horneadas a la perfecci\u00f3n. Un deleite saludable que encanta tanto por su aspecto como por su sabor.<\/p>\r\n                    <\/div>\r\n    \t\t<\/div>\n\t\t\t\t<\/div>\n\t\t\t\t\t<\/div>\n\t\t\t\t<\/div>\n\t\t<div class=\"elementor-element elementor-element-7cdc971 e-flex e-con-boxed e-con e-parent\" data-id=\"7cdc971\" data-element_type=\"container\">\n\t\t\t\t\t<div class=\"e-con-inner\">\n\t\t\t\t<div class=\"elementor-element elementor-element-39ba141 elementor-widget-divider--view-line elementor-widget elementor-widget-divider\" data-id=\"39ba141\" data-element_type=\"widget\" data-widget_type=\"divider.default\">\n\t\t\t\t<div class=\"elementor-widget-container\">\n\t\t\t\t\t<div class=\"elementor-divider\">\n\t\t\t<span class=\"elementor-divider-separator\">\n\t\t\t\t\t\t<\/span>\n\t\t<\/div>\n\t\t\t\t<\/div>\n\t\t\t\t<\/div>\n\t\t\t\t\t<\/div>\n\t\t\t\t<\/div>\n\t\t<div class=\"elementor-element elementor-element-8075a24 e-flex e-con-boxed e-con e-parent\" data-id=\"8075a24\" data-element_type=\"container\">\n\t\t\t\t\t<div class=\"e-con-inner\">\n\t\t<div class=\"elementor-element elementor-element-0a55156 e-con-full e-flex e-con e-child\" data-id=\"0a55156\" data-element_type=\"container\">\n\t\t\t\t<div class=\"elementor-element elementor-element-74cc195 elementor-widget elementor-widget-image\" data-id=\"74cc195\" data-element_type=\"widget\" data-widget_type=\"image.default\">\n\t\t\t\t<div class=\"elementor-widget-container\">\n\t\t\t\t\t\t\t\t\t\t\t\t\t<img fetchpriority=\"high\" decoding=\"async\" width=\"300\" height=\"300\" src=\"https:\/\/agenciayork.com\/hdf\/wp-content\/uploads\/2023\/10\/Tiandeverduras22048px-300x300.jpg\" class=\"attachment-medium size-medium wp-image-4978\" alt=\"\" srcset=\"https:\/\/agenciayork.com\/hdf\/wp-content\/uploads\/2023\/10\/Tiandeverduras22048px-300x300.jpg 300w, https:\/\/agenciayork.com\/hdf\/wp-content\/uploads\/2023\/10\/Tiandeverduras22048px-1024x1024.jpg 1024w, https:\/\/agenciayork.com\/hdf\/wp-content\/uploads\/2023\/10\/Tiandeverduras22048px-150x150.jpg 150w, https:\/\/agenciayork.com\/hdf\/wp-content\/uploads\/2023\/10\/Tiandeverduras22048px-768x768.jpg 768w, https:\/\/agenciayork.com\/hdf\/wp-content\/uploads\/2023\/10\/Tiandeverduras22048px-1536x1536.jpg 1536w, https:\/\/agenciayork.com\/hdf\/wp-content\/uploads\/2023\/10\/Tiandeverduras22048px-600x600.jpg 600w, https:\/\/agenciayork.com\/hdf\/wp-content\/uploads\/2023\/10\/Tiandeverduras22048px-100x100.jpg 100w, https:\/\/agenciayork.com\/hdf\/wp-content\/uploads\/2023\/10\/Tiandeverduras22048px-50x50.jpg 50w, https:\/\/agenciayork.com\/hdf\/wp-content\/uploads\/2023\/10\/Tiandeverduras22048px-64x64.jpg 64w, https:\/\/agenciayork.com\/hdf\/wp-content\/uploads\/2023\/10\/Tiandeverduras22048px-e1725040174755.jpg 1080w\" sizes=\"(max-width: 300px) 100vw, 300px\" \/>\t\t\t\t\t\t\t\t\t\t\t\t\t<\/div>\n\t\t\t\t<\/div>\n\t\t\t\t<\/div>\n\t\t<div class=\"elementor-element elementor-element-c36a349 e-con-full e-flex e-con e-child\" data-id=\"c36a349\" data-element_type=\"container\">\n\t\t\t\t<div class=\"elementor-element elementor-element-4da0a1b elementor-widget elementor-widget-heading\" data-id=\"4da0a1b\" data-element_type=\"widget\" data-widget_type=\"heading.default\">\n\t\t\t\t<div class=\"elementor-widget-container\">\n\t\t\t<h4 class=\"elementor-heading-title elementor-size-default\">Una receta 100% natural y casera<br>deliciosa<\/h4>\t\t<\/div>\n\t\t\t\t<\/div>\n\t\t\t\t<div class=\"elementor-element elementor-element-8209838 elementor-widget elementor-widget-nest-text-editor-v1\" data-id=\"8209838\" data-element_type=\"widget\" data-widget_type=\"nest-text-editor-v1.default\">\n\t\t\t\t<div class=\"elementor-widget-container\">\n\t\t\t   <div class=\"custom_text_editor position-relative\">\r\n        <p>El t\u00edan de verduras, una opci\u00f3n gastron\u00f3mica que algunos conocen como <a href=\"https:\/\/agenciayork.com\/hdf\/producto\/ratatouille\/\"><strong>ratatouille<\/strong><\/a>, pero \u00a1cuidado!, la ratatouille es otro de mis productos exclusivos. El t\u00edan se distingue por la cuidadosa preparaci\u00f3n de <strong>verduras<\/strong> <strong>asadas<\/strong> <strong>al<\/strong> <strong>horno<\/strong> durante largo tiempo, reposando sobre una cama de cebollas que realza su <strong>sabor<\/strong> y <strong>textura<\/strong>. Este plato no solo es un acompa\u00f1amiento ideal para pescados y carnes, sino que tambi\u00e9n se destaca por su excepcional valor nutricional.<\/p><p>Imagina un plato repleto de <strong>coloridas<\/strong> <strong>verduras<\/strong>, desde berenjenas y calabacines hasta pimientos y tomates, cuidadosamente cortadas y asadas para realzar sus sabores naturales. El proceso de <strong>cocci\u00f3n<\/strong> <strong>lenta<\/strong> en el horno permite que las verduras se cocinen lentamente, liberando sus jugos y mezclando sus sabores de manera armoniosa. La cama de cebollas agrega una dulzura sutil que complementa perfectamente el perfil de sabores de las verduras, creando una experiencia gastron\u00f3mica verdaderamente satisfactoria.<\/p><p><strong>Ingredientes<\/strong> cebolla, tomate, berenjenas, zapallo italiano, aceite de oliva y <a href=\"https:\/\/agenciayork.com\/hdf\/producto\/herbes-de-provence\/\"><strong>herbes de Provence<\/strong><\/a><\/p>    <\/div>\r\n\t\t<\/div>\n\t\t\t\t<\/div>\n\t\t\t\t<\/div>\n\t\t\t\t\t<\/div>\n\t\t\t\t<\/div>\n\t\t<div class=\"elementor-element elementor-element-54a7256 e-flex e-con-boxed e-con e-parent\" data-id=\"54a7256\" data-element_type=\"container\">\n\t\t\t\t\t<div class=\"e-con-inner\">\n\t\t\t\t<div class=\"elementor-element elementor-element-ee5eb8a elementor-widget-divider--view-line elementor-widget elementor-widget-divider\" data-id=\"ee5eb8a\" data-element_type=\"widget\" data-widget_type=\"divider.default\">\n\t\t\t\t<div class=\"elementor-widget-container\">\n\t\t\t\t\t<div class=\"elementor-divider\">\n\t\t\t<span class=\"elementor-divider-separator\">\n\t\t\t\t\t\t<\/span>\n\t\t<\/div>\n\t\t\t\t<\/div>\n\t\t\t\t<\/div>\n\t\t\t\t\t<\/div>\n\t\t\t\t<\/div>\n\t\t<div class=\"elementor-element elementor-element-78458ee e-flex e-con-boxed e-con e-parent\" data-id=\"78458ee\" data-element_type=\"container\">\n\t\t\t\t\t<div class=\"e-con-inner\">\n\t\t<div class=\"elementor-element elementor-element-970ecb4 e-con-full e-flex e-con e-child\" data-id=\"970ecb4\" data-element_type=\"container\">\n\t\t\t\t<div class=\"elementor-element elementor-element-d62a894 elementor-widget elementor-widget-heading\" data-id=\"d62a894\" data-element_type=\"widget\" data-widget_type=\"heading.default\">\n\t\t\t\t<div class=\"elementor-widget-container\">\n\t\t\t<h4 class=\"elementor-heading-title elementor-size-default\">Un plato bien preparado, solo hay que calentarlo<\/h4>\t\t<\/div>\n\t\t\t\t<\/div>\n\t\t\t\t<div class=\"elementor-element elementor-element-2e4f09f elementor-widget elementor-widget-nest-text-editor-v1\" data-id=\"2e4f09f\" data-element_type=\"widget\" data-widget_type=\"nest-text-editor-v1.default\">\n\t\t\t\t<div class=\"elementor-widget-container\">\n\t\t\t   <div class=\"custom_text_editor position-relative\">\r\n        <div class=\"w-full text-token-text-primary\"><div class=\"px-4 py-2 justify-center text-base md:gap-6 m-auto\"><div class=\"flex flex-1 text-base mx-auto gap-3 md:px-5 lg:px-1 xl:px-5 md:max-w-3xl lg:max-w-[40rem] xl:max-w-[48rem] group\"><div class=\"relative flex w-full flex-col lg:w-[calc(100%-115px)] agent-turn\"><div class=\"flex-col gap-1 md:gap-3\"><div class=\"flex flex-grow flex-col max-w-full\"><div class=\"min-h-[20px] text-message flex flex-col items-start gap-3 whitespace-pre-wrap break-words [.text-message+&amp;]:mt-5 overflow-x-auto\"><div class=\"markdown prose w-full break-words dark:prose-invert light\">Lo mejor de todo es que este plato viene en forma de producto congelado, lo que garantiza su frescura y sabor en todo momento. Solo necesitas calentarlo y estar\u00e1 listo para disfrutar en cualquier momento del d\u00eda. Ya sea como acompa\u00f1amiento para una cena familiar o como plato principal para una comida r\u00e1pida y saludable, el t\u00edan de verduras es una opci\u00f3n vers\u00e1til y deliciosa que seguramente complacer\u00e1 a todos los paladares.<\/div><\/div><\/div><\/div><\/div><\/div><\/div><\/div><div class=\"w-full text-token-text-primary\"><div class=\"px-4 py-2 justify-center text-base md:gap-6 m-auto\"><div class=\"flex flex-1 text-base mx-auto gap-3 md:px-5 lg:px-1 xl:px-5 md:max-w-3xl lg:max-w-[40rem] xl:max-w-[48rem] group final-completion\"><div class=\"relative flex w-full flex-col lg:w-[calc(100%-115px)] agent-turn\"><div class=\"flex-col gap-1 md:gap-3\"><div class=\"flex flex-grow flex-col max-w-full\"><div class=\"min-h-[20px] text-message flex flex-col items-start gap-3 whitespace-pre-wrap break-words [.text-message+&amp;]:mt-5 overflow-x-auto\"><div class=\"markdown prose w-full break-words dark:prose-invert light\"><p><strong>Preparaci\u00f3n<br \/><\/strong><span>Es siempre <strong>mejor<\/strong>\u00a0<\/span><span><strong>descongelar<\/strong> <strong>previamente<\/strong><\/span><span>\u00a0los platos, pero tambi\u00e9n los puede calentar estando a\u00fan congelados, aunque va a tardar el doble de tiempo (lo que no es \u00f3ptimo por la alteraci\u00f3n del sabor).<br \/><\/span>Todos los platos\u00a0est\u00e1n\u00a0cocidos: se trata de <strong>CALENTAR<\/strong> solamente.<br \/>Si quieren cambiar de molde mejor hacerlo cuando a\u00fan congelado, ser\u00e1 m\u00e1s f\u00e1cil!<\/p><ul><li>Al <strong>horno<\/strong> (180\u00b0C) <strong>congelado<\/strong>: 1h15min<\/li><li>Al <strong>horno<\/strong>\u00a0(180\u00b0C) <strong>descongelado<\/strong>: 40min<\/li><\/ul><\/div><\/div><\/div><\/div><\/div><\/div><\/div><\/div>    <\/div>\r\n\t\t<\/div>\n\t\t\t\t<\/div>\n\t\t\t\t<\/div>\n\t\t<div class=\"elementor-element elementor-element-4c5c53b e-con-full e-flex e-con e-child\" data-id=\"4c5c53b\" data-element_type=\"container\">\n\t\t\t\t<div class=\"elementor-element elementor-element-fa6f0fe elementor-widget elementor-widget-image\" data-id=\"fa6f0fe\" data-element_type=\"widget\" data-widget_type=\"image.default\">\n\t\t\t\t<div class=\"elementor-widget-container\">\n\t\t\t\t\t\t\t\t\t\t\t\t\t<img decoding=\"async\" width=\"300\" height=\"300\" src=\"https:\/\/agenciayork.com\/hdf\/wp-content\/uploads\/2023\/10\/Tiandeverduras12048px-1-300x300.jpg\" class=\"attachment-medium size-medium wp-image-6244\" alt=\"\" srcset=\"https:\/\/agenciayork.com\/hdf\/wp-content\/uploads\/2023\/10\/Tiandeverduras12048px-1-300x300.jpg 300w, https:\/\/agenciayork.com\/hdf\/wp-content\/uploads\/2023\/10\/Tiandeverduras12048px-1-1024x1024.jpg 1024w, https:\/\/agenciayork.com\/hdf\/wp-content\/uploads\/2023\/10\/Tiandeverduras12048px-1-150x150.jpg 150w, https:\/\/agenciayork.com\/hdf\/wp-content\/uploads\/2023\/10\/Tiandeverduras12048px-1-768x768.jpg 768w, https:\/\/agenciayork.com\/hdf\/wp-content\/uploads\/2023\/10\/Tiandeverduras12048px-1-1536x1536.jpg 1536w, https:\/\/agenciayork.com\/hdf\/wp-content\/uploads\/2023\/10\/Tiandeverduras12048px-1-600x600.jpg 600w, https:\/\/agenciayork.com\/hdf\/wp-content\/uploads\/2023\/10\/Tiandeverduras12048px-1-100x100.jpg 100w, https:\/\/agenciayork.com\/hdf\/wp-content\/uploads\/2023\/10\/Tiandeverduras12048px-1-50x50.jpg 50w, https:\/\/agenciayork.com\/hdf\/wp-content\/uploads\/2023\/10\/Tiandeverduras12048px-1-64x64.jpg 64w, https:\/\/agenciayork.com\/hdf\/wp-content\/uploads\/2023\/10\/Tiandeverduras12048px-1-e1725040232491.jpg 1080w\" sizes=\"(max-width: 300px) 100vw, 300px\" \/>\t\t\t\t\t\t\t\t\t\t\t\t\t<\/div>\n\t\t\t\t<\/div>\n\t\t\t\t<\/div>\n\t\t\t\t\t<\/div>\n\t\t\t\t<\/div>\n\t\t\t\t<\/div>\n\t\t","protected":false},"excerpt":{"rendered":"<p>El <em>t\u00edan de verduras<\/em> lo llaman aqu\u00ed <em>ratatouille<\/em>. Pero el <em>ratatouille<\/em> es otro de mis productos! El t\u00edan son estas verduras asadas en el horno por largo tiempo sobre una cama de cebollas. Un acompa\u00f1amiento caliente ideal para pescados y carnes. Y es s\u00faper sano!<\/p>\n<p><strong>Producto congelado<\/strong><\/p>\n","protected":false},"featured_media":6244,"template":"","meta":[],"product_brand":[],"product_cat":[109,166,137],"product_tag":[],"class_list":{"0":"post-5978","1":"product","2":"type-product","3":"status-publish","4":"has-post-thumbnail","6":"product_cat-acompanamientos","7":"product_cat-mis-clasicos","8":"product_cat-platos-preparados","10":"first","11":"outofstock","12":"shipping-taxable","13":"purchasable","14":"product-type-variable","15":"has-default-attributes"},"yoast_head":"<!-- This site is optimized with the Yoast SEO plugin v27.5 - https:\/\/yoast.com\/product\/yoast-seo-wordpress\/ -->\n<title>T\u00edan de verduras - H\u00e9l\u00e8ne de Fleurac<\/title>\n<meta name=\"description\" content=\"Descubre el sabor reconfortante del T\u00edan de verduras, un plato asado al horno con cuidado sobre una cama de cebollas, perfecto para apa\u00f1ar pescado y carne.\" \/>\n<meta name=\"robots\" content=\"index, follow, max-snippet:-1, max-image-preview:large, max-video-preview:-1\" \/>\n<link rel=\"canonical\" href=\"https:\/\/agenciayork.com\/hdf\/producto\/tian-de-verduras\/\" \/>\n<meta property=\"og:locale\" content=\"es_ES\" \/>\n<meta property=\"og:type\" content=\"article\" \/>\n<meta property=\"og:title\" content=\"T\u00edan de verduras - H\u00e9l\u00e8ne de Fleurac\" \/>\n<meta property=\"og:description\" content=\"Descubre el sabor reconfortante del T\u00edan de verduras, un plato asado al horno con cuidado sobre una cama de cebollas, perfecto para apa\u00f1ar pescado y carne.\" \/>\n<meta property=\"og:url\" content=\"https:\/\/agenciayork.com\/hdf\/producto\/tian-de-verduras\/\" \/>\n<meta property=\"og:site_name\" content=\"H\u00e9l\u00e8ne de Fleurac\" \/>\n<meta property=\"article:modified_time\" content=\"2024-08-30T18:07:56+00:00\" \/>\n<meta property=\"og:image\" content=\"https:\/\/agenciayork.com\/hdf\/wp-content\/uploads\/2023\/10\/Tiandeverduras12048px-1-e1725040232491.jpg\" \/>\n\t<meta property=\"og:image:width\" content=\"1080\" \/>\n\t<meta property=\"og:image:height\" content=\"1080\" \/>\n\t<meta property=\"og:image:type\" content=\"image\/jpeg\" \/>\n<meta name=\"twitter:card\" content=\"summary_large_image\" \/>\n<meta name=\"twitter:label1\" content=\"Tiempo estimado de lectura\" \/>\n\t<meta name=\"twitter:data1\" content=\"3 minutos\" \/>\n<script type=\"application\/ld+json\" class=\"yoast-schema-graph\">{\"@context\":\"https:\\\/\\\/schema.org\",\"@graph\":[{\"@type\":\"WebPage\",\"@id\":\"https:\\\/\\\/agenciayork.com\\\/hdf\\\/producto\\\/tian-de-verduras\\\/\",\"url\":\"https:\\\/\\\/agenciayork.com\\\/hdf\\\/producto\\\/tian-de-verduras\\\/\",\"name\":\"T\u00edan de verduras - H\u00e9l\u00e8ne de Fleurac\",\"isPartOf\":{\"@id\":\"https:\\\/\\\/agenciayork.com\\\/hdf\\\/#website\"},\"primaryImageOfPage\":{\"@id\":\"https:\\\/\\\/agenciayork.com\\\/hdf\\\/producto\\\/tian-de-verduras\\\/#primaryimage\"},\"image\":{\"@id\":\"https:\\\/\\\/agenciayork.com\\\/hdf\\\/producto\\\/tian-de-verduras\\\/#primaryimage\"},\"thumbnailUrl\":\"https:\\\/\\\/agenciayork.com\\\/hdf\\\/wp-content\\\/uploads\\\/2023\\\/10\\\/Tiandeverduras12048px-1-e1725040232491.jpg\",\"datePublished\":\"2023-10-25T14:28:58+00:00\",\"dateModified\":\"2024-08-30T18:07:56+00:00\",\"description\":\"Descubre el sabor reconfortante del T\u00edan de verduras, un plato asado al horno con cuidado sobre una cama de cebollas, perfecto para apa\u00f1ar pescado y carne.\",\"breadcrumb\":{\"@id\":\"https:\\\/\\\/agenciayork.com\\\/hdf\\\/producto\\\/tian-de-verduras\\\/#breadcrumb\"},\"inLanguage\":\"es-CL\",\"potentialAction\":[{\"@type\":\"ReadAction\",\"target\":[\"https:\\\/\\\/agenciayork.com\\\/hdf\\\/producto\\\/tian-de-verduras\\\/\"]}]},{\"@type\":\"ImageObject\",\"inLanguage\":\"es-CL\",\"@id\":\"https:\\\/\\\/agenciayork.com\\\/hdf\\\/producto\\\/tian-de-verduras\\\/#primaryimage\",\"url\":\"https:\\\/\\\/agenciayork.com\\\/hdf\\\/wp-content\\\/uploads\\\/2023\\\/10\\\/Tiandeverduras12048px-1-e1725040232491.jpg\",\"contentUrl\":\"https:\\\/\\\/agenciayork.com\\\/hdf\\\/wp-content\\\/uploads\\\/2023\\\/10\\\/Tiandeverduras12048px-1-e1725040232491.jpg\",\"width\":1080,\"height\":1080},{\"@type\":\"BreadcrumbList\",\"@id\":\"https:\\\/\\\/agenciayork.com\\\/hdf\\\/producto\\\/tian-de-verduras\\\/#breadcrumb\",\"itemListElement\":[{\"@type\":\"ListItem\",\"position\":1,\"name\":\"Portada\",\"item\":\"https:\\\/\\\/agenciayork.com\\\/hdf\\\/\"},{\"@type\":\"ListItem\",\"position\":2,\"name\":\"Tienda\",\"item\":\"https:\\\/\\\/agenciayork.com\\\/hdf\\\/mejores-productos-de-la-gastronomia-francesa\\\/\"},{\"@type\":\"ListItem\",\"position\":3,\"name\":\"T\u00edan de verduras\"}]},{\"@type\":\"WebSite\",\"@id\":\"https:\\\/\\\/agenciayork.com\\\/hdf\\\/#website\",\"url\":\"https:\\\/\\\/agenciayork.com\\\/hdf\\\/\",\"name\":\"H\u00e9l\u00e8ne de Fleurac\",\"description\":\"Gastronom\u00eda francesa\",\"potentialAction\":[{\"@type\":\"SearchAction\",\"target\":{\"@type\":\"EntryPoint\",\"urlTemplate\":\"https:\\\/\\\/agenciayork.com\\\/hdf\\\/?s={search_term_string}\"},\"query-input\":{\"@type\":\"PropertyValueSpecification\",\"valueRequired\":true,\"valueName\":\"search_term_string\"}}],\"inLanguage\":\"es-CL\"}]}<\/script>\n<!-- \/ Yoast SEO plugin. -->","yoast_head_json":{"title":"T\u00edan de verduras - H\u00e9l\u00e8ne de Fleurac","description":"Descubre el sabor reconfortante del T\u00edan de verduras, un plato asado al horno con cuidado sobre una cama de cebollas, perfecto para apa\u00f1ar pescado y carne.","robots":{"index":"index","follow":"follow","max-snippet":"max-snippet:-1","max-image-preview":"max-image-preview:large","max-video-preview":"max-video-preview:-1"},"canonical":"https:\/\/agenciayork.com\/hdf\/producto\/tian-de-verduras\/","og_locale":"es_ES","og_type":"article","og_title":"T\u00edan de verduras - H\u00e9l\u00e8ne de Fleurac","og_description":"Descubre el sabor reconfortante del T\u00edan de verduras, un plato asado al horno con cuidado sobre una cama de cebollas, perfecto para apa\u00f1ar pescado y carne.","og_url":"https:\/\/agenciayork.com\/hdf\/producto\/tian-de-verduras\/","og_site_name":"H\u00e9l\u00e8ne de Fleurac","article_modified_time":"2024-08-30T18:07:56+00:00","og_image":[{"width":1080,"height":1080,"url":"https:\/\/agenciayork.com\/hdf\/wp-content\/uploads\/2023\/10\/Tiandeverduras12048px-1-e1725040232491.jpg","type":"image\/jpeg"}],"twitter_card":"summary_large_image","twitter_misc":{"Tiempo estimado de lectura":"3 minutos"},"schema":{"@context":"https:\/\/schema.org","@graph":[{"@type":"WebPage","@id":"https:\/\/agenciayork.com\/hdf\/producto\/tian-de-verduras\/","url":"https:\/\/agenciayork.com\/hdf\/producto\/tian-de-verduras\/","name":"T\u00edan de verduras - H\u00e9l\u00e8ne de Fleurac","isPartOf":{"@id":"https:\/\/agenciayork.com\/hdf\/#website"},"primaryImageOfPage":{"@id":"https:\/\/agenciayork.com\/hdf\/producto\/tian-de-verduras\/#primaryimage"},"image":{"@id":"https:\/\/agenciayork.com\/hdf\/producto\/tian-de-verduras\/#primaryimage"},"thumbnailUrl":"https:\/\/agenciayork.com\/hdf\/wp-content\/uploads\/2023\/10\/Tiandeverduras12048px-1-e1725040232491.jpg","datePublished":"2023-10-25T14:28:58+00:00","dateModified":"2024-08-30T18:07:56+00:00","description":"Descubre el sabor reconfortante del T\u00edan de verduras, un plato asado al horno con cuidado sobre una cama de cebollas, perfecto para apa\u00f1ar pescado y carne.","breadcrumb":{"@id":"https:\/\/agenciayork.com\/hdf\/producto\/tian-de-verduras\/#breadcrumb"},"inLanguage":"es-CL","potentialAction":[{"@type":"ReadAction","target":["https:\/\/agenciayork.com\/hdf\/producto\/tian-de-verduras\/"]}]},{"@type":"ImageObject","inLanguage":"es-CL","@id":"https:\/\/agenciayork.com\/hdf\/producto\/tian-de-verduras\/#primaryimage","url":"https:\/\/agenciayork.com\/hdf\/wp-content\/uploads\/2023\/10\/Tiandeverduras12048px-1-e1725040232491.jpg","contentUrl":"https:\/\/agenciayork.com\/hdf\/wp-content\/uploads\/2023\/10\/Tiandeverduras12048px-1-e1725040232491.jpg","width":1080,"height":1080},{"@type":"BreadcrumbList","@id":"https:\/\/agenciayork.com\/hdf\/producto\/tian-de-verduras\/#breadcrumb","itemListElement":[{"@type":"ListItem","position":1,"name":"Portada","item":"https:\/\/agenciayork.com\/hdf\/"},{"@type":"ListItem","position":2,"name":"Tienda","item":"https:\/\/agenciayork.com\/hdf\/mejores-productos-de-la-gastronomia-francesa\/"},{"@type":"ListItem","position":3,"name":"T\u00edan de verduras"}]},{"@type":"WebSite","@id":"https:\/\/agenciayork.com\/hdf\/#website","url":"https:\/\/agenciayork.com\/hdf\/","name":"H\u00e9l\u00e8ne de Fleurac","description":"Gastronom\u00eda francesa","potentialAction":[{"@type":"SearchAction","target":{"@type":"EntryPoint","urlTemplate":"https:\/\/agenciayork.com\/hdf\/?s={search_term_string}"},"query-input":{"@type":"PropertyValueSpecification","valueRequired":true,"valueName":"search_term_string"}}],"inLanguage":"es-CL"}]}},"_links":{"self":[{"href":"https:\/\/agenciayork.com\/hdf\/wp-json\/wp\/v2\/product\/5978","targetHints":{"allow":["GET"]}}],"collection":[{"href":"https:\/\/agenciayork.com\/hdf\/wp-json\/wp\/v2\/product"}],"about":[{"href":"https:\/\/agenciayork.com\/hdf\/wp-json\/wp\/v2\/types\/product"}],"version-history":[{"count":20,"href":"https:\/\/agenciayork.com\/hdf\/wp-json\/wp\/v2\/product\/5978\/revisions"}],"predecessor-version":[{"id":11714,"href":"https:\/\/agenciayork.com\/hdf\/wp-json\/wp\/v2\/product\/5978\/revisions\/11714"}],"wp:featuredmedia":[{"embeddable":true,"href":"https:\/\/agenciayork.com\/hdf\/wp-json\/wp\/v2\/media\/6244"}],"wp:attachment":[{"href":"https:\/\/agenciayork.com\/hdf\/wp-json\/wp\/v2\/media?parent=5978"}],"wp:term":[{"taxonomy":"product_brand","embeddable":true,"href":"https:\/\/agenciayork.com\/hdf\/wp-json\/wp\/v2\/product_brand?post=5978"},{"taxonomy":"product_cat","embeddable":true,"href":"https:\/\/agenciayork.com\/hdf\/wp-json\/wp\/v2\/product_cat?post=5978"},{"taxonomy":"product_tag","embeddable":true,"href":"https:\/\/agenciayork.com\/hdf\/wp-json\/wp\/v2\/product_tag?post=5978"}],"curies":[{"name":"wp","href":"https:\/\/api.w.org\/{rel}","templated":true}]}}