{"id":7357,"date":"2023-11-13T16:14:20","date_gmt":"2023-11-13T16:14:20","guid":{"rendered":"https:\/\/agenciayork.com\/hdf\/?post_type=product&#038;p=7357"},"modified":"2024-09-02T13:56:53","modified_gmt":"2024-09-02T16:56:53","slug":"herbes-de-provence","status":"publish","type":"product","link":"https:\/\/agenciayork.com\/hdf\/producto\/herbes-de-provence\/","title":{"rendered":"Herbes de Provence"},"content":{"rendered":"\t\t<div data-elementor-type=\"wp-post\" data-elementor-id=\"7357\" class=\"elementor elementor-7357\">\n\t\t\t\t<div class=\"elementor-element elementor-element-cf32734 e-flex e-con-boxed e-con e-parent\" data-id=\"cf32734\" data-element_type=\"container\">\n\t\t\t\t\t<div class=\"e-con-inner\">\n\t\t\t\t<div class=\"elementor-element elementor-element-2dccb05 elementor-widget elementor-widget-nest-title-v1\" data-id=\"2dccb05\" data-element_type=\"widget\" data-widget_type=\"nest-title-v1.default\">\n\t\t\t\t<div class=\"elementor-widget-container\">\n\t\t\t        <div class=\"section_title type_one\">\r\n                            <h4 class=\"mb-20 text-brand\"> Herbes de provence<\/h4>\r\n                                                    <p class=\"mb-20\"> Te invito a descubrir mis herbes de Provence, una mezcla aut\u00e9ntica que captura la esencia del sol y los campos arom\u00e1ticos del sur de Francia. Esta combinaci\u00f3n armoniosa de tomillo, romero, or\u00e9gano y otras hierbas arom\u00e1ticas transforma cada plato en una verdadera escapada provenzal. Perfectas para realzar carnes, vegetales a la parrilla o salsas, aportan un toque de frescura y car\u00e1cter a tu cocina.<\/p>\r\n                    <\/div>\r\n    \t\t<\/div>\n\t\t\t\t<\/div>\n\t\t\t\t\t<\/div>\n\t\t\t\t<\/div>\n\t\t<div class=\"elementor-element elementor-element-f4b048f e-flex e-con-boxed e-con e-parent\" data-id=\"f4b048f\" data-element_type=\"container\">\n\t\t\t\t\t<div class=\"e-con-inner\">\n\t\t\t\t<div class=\"elementor-element elementor-element-bf7c755 elementor-widget-divider--view-line elementor-widget elementor-widget-divider\" data-id=\"bf7c755\" data-element_type=\"widget\" data-widget_type=\"divider.default\">\n\t\t\t\t<div class=\"elementor-widget-container\">\n\t\t\t\t\t<div class=\"elementor-divider\">\n\t\t\t<span class=\"elementor-divider-separator\">\n\t\t\t\t\t\t<\/span>\n\t\t<\/div>\n\t\t\t\t<\/div>\n\t\t\t\t<\/div>\n\t\t\t\t\t<\/div>\n\t\t\t\t<\/div>\n\t\t<div class=\"elementor-element elementor-element-f27119b e-flex e-con-boxed e-con e-parent\" data-id=\"f27119b\" data-element_type=\"container\">\n\t\t\t\t\t<div class=\"e-con-inner\">\n\t\t<div class=\"elementor-element elementor-element-fd20576 e-con-full e-flex e-con e-child\" data-id=\"fd20576\" data-element_type=\"container\">\n\t\t\t\t<div class=\"elementor-element elementor-element-c42c7be elementor-widget elementor-widget-image\" data-id=\"c42c7be\" data-element_type=\"widget\" data-widget_type=\"image.default\">\n\t\t\t\t<div class=\"elementor-widget-container\">\n\t\t\t\t\t\t\t\t\t\t\t\t\t<img fetchpriority=\"high\" decoding=\"async\" width=\"300\" height=\"300\" src=\"https:\/\/agenciayork.com\/hdf\/wp-content\/uploads\/2023\/11\/Herbes-de-Provence-1-300x300.jpg\" class=\"attachment-medium size-medium wp-image-7358\" alt=\"\" srcset=\"https:\/\/agenciayork.com\/hdf\/wp-content\/uploads\/2023\/11\/Herbes-de-Provence-1-300x300.jpg 300w, https:\/\/agenciayork.com\/hdf\/wp-content\/uploads\/2023\/11\/Herbes-de-Provence-1-1024x1024.jpg 1024w, https:\/\/agenciayork.com\/hdf\/wp-content\/uploads\/2023\/11\/Herbes-de-Provence-1-150x150.jpg 150w, https:\/\/agenciayork.com\/hdf\/wp-content\/uploads\/2023\/11\/Herbes-de-Provence-1-768x768.jpg 768w, https:\/\/agenciayork.com\/hdf\/wp-content\/uploads\/2023\/11\/Herbes-de-Provence-1-600x600.jpg 600w, https:\/\/agenciayork.com\/hdf\/wp-content\/uploads\/2023\/11\/Herbes-de-Provence-1-100x100.jpg 100w, https:\/\/agenciayork.com\/hdf\/wp-content\/uploads\/2023\/11\/Herbes-de-Provence-1-50x50.jpg 50w, https:\/\/agenciayork.com\/hdf\/wp-content\/uploads\/2023\/11\/Herbes-de-Provence-1-64x64.jpg 64w, https:\/\/agenciayork.com\/hdf\/wp-content\/uploads\/2023\/11\/Herbes-de-Provence-1.jpg 1080w\" sizes=\"(max-width: 300px) 100vw, 300px\" \/>\t\t\t\t\t\t\t\t\t\t\t\t\t<\/div>\n\t\t\t\t<\/div>\n\t\t\t\t<\/div>\n\t\t<div class=\"elementor-element elementor-element-4b721a8 e-con-full e-flex e-con e-child\" data-id=\"4b721a8\" data-element_type=\"container\">\n\t\t\t\t<div class=\"elementor-element elementor-element-d8cffd6 elementor-widget elementor-widget-heading\" data-id=\"d8cffd6\" data-element_type=\"widget\" data-widget_type=\"heading.default\">\n\t\t\t\t<div class=\"elementor-widget-container\">\n\t\t\t<h4 class=\"elementor-heading-title elementor-size-default\">PARA los amantes de la buena cocina<\/h4>\t\t<\/div>\n\t\t\t\t<\/div>\n\t\t\t\t<div class=\"elementor-element elementor-element-04aa99e elementor-widget elementor-widget-nest-text-editor-v1\" data-id=\"04aa99e\" data-element_type=\"widget\" data-widget_type=\"nest-text-editor-v1.default\">\n\t\t\t\t<div class=\"elementor-widget-container\">\n\t\t\t   <div class=\"custom_text_editor position-relative\">\r\n        <p>Las herbes de Provence se presentan como una joya culinaria, transport\u00e1ndote directamente a los campos soleados de la regi\u00f3n <strong>mediterr\u00e1nea<\/strong>. Esta mezcla de hierbas t\u00edpica de Provenza es un tesoro para los amantes de la <strong>cocina<\/strong> <strong>arom\u00e1tica<\/strong> y <strong>sabrosa<\/strong>.<\/p><p>Todas las <strong>hierbas<\/strong> que componen esta mezcla <strong>crecen<\/strong> en la <strong>c\u00e1lida<\/strong> y <strong>soleada<\/strong> Provenza, impregn\u00e1ndose con las notas distintivas del clima y el suelo mediterr\u00e1neo. Esta autenticidad aporta a tus platos un toque genuino que eleva cada bocado.<\/p><p>Esta mezcla de hierbas provenzales es una compa\u00f1era vers\u00e1til en la cocina. Su presencia resalta en <strong>parrilladas<\/strong>, a\u00f1ade profundidad a <strong>salsas<\/strong>, realza el sabor de <strong>asados<\/strong>, aporta aroma a guisos y complementa perfectamente la frescura de los <strong>pescados<\/strong>. La diversidad de usos de las herbes de Provence las convierte en un elemento indispensable en la despensa de cualquier chef aficionado o profesional.<\/p>    <\/div>\r\n\t\t<\/div>\n\t\t\t\t<\/div>\n\t\t\t\t<\/div>\n\t\t\t\t\t<\/div>\n\t\t\t\t<\/div>\n\t\t<div class=\"elementor-element elementor-element-b911e10 e-flex e-con-boxed e-con e-parent\" data-id=\"b911e10\" data-element_type=\"container\">\n\t\t\t\t\t<div class=\"e-con-inner\">\n\t\t\t\t<div class=\"elementor-element elementor-element-1d84140 elementor-widget-divider--view-line elementor-widget elementor-widget-divider\" data-id=\"1d84140\" data-element_type=\"widget\" data-widget_type=\"divider.default\">\n\t\t\t\t<div class=\"elementor-widget-container\">\n\t\t\t\t\t<div class=\"elementor-divider\">\n\t\t\t<span class=\"elementor-divider-separator\">\n\t\t\t\t\t\t<\/span>\n\t\t<\/div>\n\t\t\t\t<\/div>\n\t\t\t\t<\/div>\n\t\t\t\t\t<\/div>\n\t\t\t\t<\/div>\n\t\t<div class=\"elementor-element elementor-element-be4bdb6 e-flex e-con-boxed e-con e-parent\" data-id=\"be4bdb6\" data-element_type=\"container\">\n\t\t\t\t\t<div class=\"e-con-inner\">\n\t\t<div class=\"elementor-element elementor-element-d8a1cd5 e-con-full e-flex e-con e-child\" data-id=\"d8a1cd5\" data-element_type=\"container\">\n\t\t\t\t<div class=\"elementor-element elementor-element-77c4fb0 elementor-widget elementor-widget-heading\" data-id=\"77c4fb0\" data-element_type=\"widget\" data-widget_type=\"heading.default\">\n\t\t\t\t<div class=\"elementor-widget-container\">\n\t\t\t<h4 class=\"elementor-heading-title elementor-size-default\">Para a\u00f1adir sabores a sus platos<\/h4>\t\t<\/div>\n\t\t\t\t<\/div>\n\t\t\t\t<div class=\"elementor-element elementor-element-51301d5 elementor-widget elementor-widget-nest-text-editor-v1\" data-id=\"51301d5\" data-element_type=\"widget\" data-widget_type=\"nest-text-editor-v1.default\">\n\t\t\t\t<div class=\"elementor-widget-container\">\n\t\t\t   <div class=\"custom_text_editor position-relative\">\r\n        <p>El frasco es una presentaci\u00f3n ideal que te permite explorar y disfrutar de estas hierbas en diversas <strong>recetas<\/strong>. La cantidad proporcionada garantiza que puedas experimentar con distintos platos, permitiendo que el <strong>aroma<\/strong> y el <strong>sabor<\/strong> caracter\u00edsticos de Provenza se <strong>integren<\/strong> en tus <strong>creaciones<\/strong> <strong>culinarias<\/strong>.<\/p><p>El aroma de estas hierbas transporta directamente a la regi\u00f3n mediterr\u00e1nea, evocando im\u00e1genes de campos de lavanda y olivos. La <strong>frescura<\/strong> y la <strong>calidad<\/strong> de las herbes de Provence no solo a\u00f1aden sabor a tus platos, sino que tambi\u00e9n crean una experiencia sensorial \u00fanica en la cocina, despertando los sentidos y transport\u00e1ndote a un viaje culinario a trav\u00e9s de la Provenza.<\/p>    <\/div>\r\n\t\t<\/div>\n\t\t\t\t<\/div>\n\t\t\t\t<\/div>\n\t\t<div class=\"elementor-element elementor-element-7cfe3fb e-con-full e-flex e-con e-child\" data-id=\"7cfe3fb\" data-element_type=\"container\">\n\t\t\t\t<div class=\"elementor-element elementor-element-8d2fc27 elementor-widget elementor-widget-image\" data-id=\"8d2fc27\" data-element_type=\"widget\" data-widget_type=\"image.default\">\n\t\t\t\t<div class=\"elementor-widget-container\">\n\t\t\t\t\t\t\t\t\t\t\t\t\t<img decoding=\"async\" width=\"300\" height=\"300\" src=\"https:\/\/agenciayork.com\/hdf\/wp-content\/uploads\/2023\/11\/Herbes-de-Provence-2-copie-300x300.jpeg\" class=\"attachment-medium size-medium wp-image-7360\" alt=\"\" srcset=\"https:\/\/agenciayork.com\/hdf\/wp-content\/uploads\/2023\/11\/Herbes-de-Provence-2-copie-300x300.jpeg 300w, https:\/\/agenciayork.com\/hdf\/wp-content\/uploads\/2023\/11\/Herbes-de-Provence-2-copie-1024x1024.jpeg 1024w, https:\/\/agenciayork.com\/hdf\/wp-content\/uploads\/2023\/11\/Herbes-de-Provence-2-copie-150x150.jpeg 150w, https:\/\/agenciayork.com\/hdf\/wp-content\/uploads\/2023\/11\/Herbes-de-Provence-2-copie-768x768.jpeg 768w, https:\/\/agenciayork.com\/hdf\/wp-content\/uploads\/2023\/11\/Herbes-de-Provence-2-copie-600x600.jpeg 600w, https:\/\/agenciayork.com\/hdf\/wp-content\/uploads\/2023\/11\/Herbes-de-Provence-2-copie-100x100.jpeg 100w, https:\/\/agenciayork.com\/hdf\/wp-content\/uploads\/2023\/11\/Herbes-de-Provence-2-copie-50x50.jpeg 50w, https:\/\/agenciayork.com\/hdf\/wp-content\/uploads\/2023\/11\/Herbes-de-Provence-2-copie-64x64.jpeg 64w, https:\/\/agenciayork.com\/hdf\/wp-content\/uploads\/2023\/11\/Herbes-de-Provence-2-copie.jpeg 1080w\" sizes=\"(max-width: 300px) 100vw, 300px\" \/>\t\t\t\t\t\t\t\t\t\t\t\t\t<\/div>\n\t\t\t\t<\/div>\n\t\t\t\t<\/div>\n\t\t\t\t\t<\/div>\n\t\t\t\t<\/div>\n\t\t<div class=\"elementor-element elementor-element-d9f31f3 e-flex e-con-boxed e-con e-parent\" data-id=\"d9f31f3\" data-element_type=\"container\">\n\t\t\t\t\t<div class=\"e-con-inner\">\n\t\t\t\t<div class=\"elementor-element elementor-element-dc16621 elementor-widget elementor-widget-nest-text-editor-v1\" data-id=\"dc16621\" data-element_type=\"widget\" data-widget_type=\"nest-text-editor-v1.default\">\n\t\t\t\t<div class=\"elementor-widget-container\">\n\t\t\t   <div class=\"custom_text_editor position-relative\">\r\n        <p>En mi compromiso con el\u00a0<strong>medio ambiente<\/strong>, si me traes\u00a0<strong>10 frascos<\/strong>\u00a0vac\u00edos con su etiqueta original, te\u00a0<strong>regalo<\/strong>\u00a0un producto.\u00a0<\/p>    <\/div>\r\n\t\t<\/div>\n\t\t\t\t<\/div>\n\t\t\t\t\t<\/div>\n\t\t\t\t<\/div>\n\t\t\t\t<\/div>\n\t\t","protected":false},"excerpt":{"rendered":"<p>Esta mezcla de hierbas es t\u00edpica de la regi\u00f3n de Provenza. Tiene su nombre simplemente del hecho que todas crecen en la regi\u00f3n mediterr\u00e1nea.<\/p>\n<p>Las hierbas provenzales acompa\u00f1an parrilladas, salsas, asados, guisos y pescados.<\/p>\n<p><strong>Frasco de 30 gr<\/strong><\/p>\n","protected":false},"featured_media":7360,"template":"","meta":[],"product_brand":[],"product_cat":[157,166],"product_tag":[],"class_list":{"0":"post-7357","1":"product","2":"type-product","3":"status-publish","4":"has-post-thumbnail","6":"product_cat-aceites-y-condimentos","7":"product_cat-mis-clasicos","9":"first","10":"instock","11":"shipping-taxable","12":"purchasable","13":"product-type-simple"},"yoast_head":"<!-- This site is optimized with the Yoast SEO plugin v27.5 - https:\/\/yoast.com\/product\/yoast-seo-wordpress\/ -->\n<title>Herbes de Provence - H\u00e9l\u00e8ne de Fleurac<\/title>\n<meta name=\"description\" content=\"Explora los aromas soleados de la regi\u00f3n mediterr\u00e1nea con nuestras &quot;Herbes de Provence&quot;. Por solo $4.500, este frasco ofrece una mezcla aut\u00e9ntica!\" \/>\n<meta name=\"robots\" content=\"index, follow, max-snippet:-1, max-image-preview:large, max-video-preview:-1\" \/>\n<link rel=\"canonical\" href=\"https:\/\/agenciayork.com\/hdf\/producto\/herbes-de-provence\/\" \/>\n<meta property=\"og:locale\" content=\"es_ES\" \/>\n<meta property=\"og:type\" content=\"article\" \/>\n<meta property=\"og:title\" content=\"Herbes de Provence - H\u00e9l\u00e8ne de Fleurac\" \/>\n<meta property=\"og:description\" content=\"Explora los aromas soleados de la regi\u00f3n mediterr\u00e1nea con nuestras &quot;Herbes de Provence&quot;. Por solo $4.500, este frasco ofrece una mezcla aut\u00e9ntica!\" \/>\n<meta property=\"og:url\" content=\"https:\/\/agenciayork.com\/hdf\/producto\/herbes-de-provence\/\" \/>\n<meta property=\"og:site_name\" content=\"H\u00e9l\u00e8ne de Fleurac\" \/>\n<meta property=\"article:modified_time\" content=\"2024-09-02T16:56:53+00:00\" \/>\n<meta property=\"og:image\" content=\"https:\/\/agenciayork.com\/hdf\/wp-content\/uploads\/2023\/11\/Herbes-de-Provence-2-copie.jpeg\" \/>\n\t<meta property=\"og:image:width\" content=\"1080\" \/>\n\t<meta property=\"og:image:height\" content=\"1080\" \/>\n\t<meta property=\"og:image:type\" content=\"image\/jpeg\" \/>\n<meta name=\"twitter:card\" content=\"summary_large_image\" \/>\n<meta name=\"twitter:label1\" content=\"Tiempo estimado de lectura\" \/>\n\t<meta name=\"twitter:data1\" content=\"2 minutos\" \/>\n<script type=\"application\/ld+json\" class=\"yoast-schema-graph\">{\"@context\":\"https:\\\/\\\/schema.org\",\"@graph\":[{\"@type\":\"WebPage\",\"@id\":\"https:\\\/\\\/agenciayork.com\\\/hdf\\\/producto\\\/herbes-de-provence\\\/\",\"url\":\"https:\\\/\\\/agenciayork.com\\\/hdf\\\/producto\\\/herbes-de-provence\\\/\",\"name\":\"Herbes de Provence - H\u00e9l\u00e8ne de Fleurac\",\"isPartOf\":{\"@id\":\"https:\\\/\\\/agenciayork.com\\\/hdf\\\/#website\"},\"primaryImageOfPage\":{\"@id\":\"https:\\\/\\\/agenciayork.com\\\/hdf\\\/producto\\\/herbes-de-provence\\\/#primaryimage\"},\"image\":{\"@id\":\"https:\\\/\\\/agenciayork.com\\\/hdf\\\/producto\\\/herbes-de-provence\\\/#primaryimage\"},\"thumbnailUrl\":\"https:\\\/\\\/agenciayork.com\\\/hdf\\\/wp-content\\\/uploads\\\/2023\\\/11\\\/Herbes-de-Provence-2-copie.jpeg\",\"datePublished\":\"2023-11-13T16:14:20+00:00\",\"dateModified\":\"2024-09-02T16:56:53+00:00\",\"description\":\"Explora los aromas soleados de la regi\u00f3n mediterr\u00e1nea con nuestras \\\"Herbes de Provence\\\". Por solo $4.500, este frasco ofrece una mezcla aut\u00e9ntica!\",\"breadcrumb\":{\"@id\":\"https:\\\/\\\/agenciayork.com\\\/hdf\\\/producto\\\/herbes-de-provence\\\/#breadcrumb\"},\"inLanguage\":\"es-CL\",\"potentialAction\":[{\"@type\":\"ReadAction\",\"target\":[\"https:\\\/\\\/agenciayork.com\\\/hdf\\\/producto\\\/herbes-de-provence\\\/\"]}]},{\"@type\":\"ImageObject\",\"inLanguage\":\"es-CL\",\"@id\":\"https:\\\/\\\/agenciayork.com\\\/hdf\\\/producto\\\/herbes-de-provence\\\/#primaryimage\",\"url\":\"https:\\\/\\\/agenciayork.com\\\/hdf\\\/wp-content\\\/uploads\\\/2023\\\/11\\\/Herbes-de-Provence-2-copie.jpeg\",\"contentUrl\":\"https:\\\/\\\/agenciayork.com\\\/hdf\\\/wp-content\\\/uploads\\\/2023\\\/11\\\/Herbes-de-Provence-2-copie.jpeg\",\"width\":1080,\"height\":1080},{\"@type\":\"BreadcrumbList\",\"@id\":\"https:\\\/\\\/agenciayork.com\\\/hdf\\\/producto\\\/herbes-de-provence\\\/#breadcrumb\",\"itemListElement\":[{\"@type\":\"ListItem\",\"position\":1,\"name\":\"Portada\",\"item\":\"https:\\\/\\\/agenciayork.com\\\/hdf\\\/\"},{\"@type\":\"ListItem\",\"position\":2,\"name\":\"Tienda\",\"item\":\"https:\\\/\\\/agenciayork.com\\\/hdf\\\/mejores-productos-de-la-gastronomia-francesa\\\/\"},{\"@type\":\"ListItem\",\"position\":3,\"name\":\"Herbes de Provence\"}]},{\"@type\":\"WebSite\",\"@id\":\"https:\\\/\\\/agenciayork.com\\\/hdf\\\/#website\",\"url\":\"https:\\\/\\\/agenciayork.com\\\/hdf\\\/\",\"name\":\"H\u00e9l\u00e8ne de Fleurac\",\"description\":\"Gastronom\u00eda francesa\",\"potentialAction\":[{\"@type\":\"SearchAction\",\"target\":{\"@type\":\"EntryPoint\",\"urlTemplate\":\"https:\\\/\\\/agenciayork.com\\\/hdf\\\/?s={search_term_string}\"},\"query-input\":{\"@type\":\"PropertyValueSpecification\",\"valueRequired\":true,\"valueName\":\"search_term_string\"}}],\"inLanguage\":\"es-CL\"}]}<\/script>\n<!-- \/ Yoast SEO plugin. -->","yoast_head_json":{"title":"Herbes de Provence - H\u00e9l\u00e8ne de Fleurac","description":"Explora los aromas soleados de la regi\u00f3n mediterr\u00e1nea con nuestras \"Herbes de Provence\". Por solo $4.500, este frasco ofrece una mezcla aut\u00e9ntica!","robots":{"index":"index","follow":"follow","max-snippet":"max-snippet:-1","max-image-preview":"max-image-preview:large","max-video-preview":"max-video-preview:-1"},"canonical":"https:\/\/agenciayork.com\/hdf\/producto\/herbes-de-provence\/","og_locale":"es_ES","og_type":"article","og_title":"Herbes de Provence - H\u00e9l\u00e8ne de Fleurac","og_description":"Explora los aromas soleados de la regi\u00f3n mediterr\u00e1nea con nuestras \"Herbes de Provence\". Por solo $4.500, este frasco ofrece una mezcla aut\u00e9ntica!","og_url":"https:\/\/agenciayork.com\/hdf\/producto\/herbes-de-provence\/","og_site_name":"H\u00e9l\u00e8ne de Fleurac","article_modified_time":"2024-09-02T16:56:53+00:00","og_image":[{"width":1080,"height":1080,"url":"https:\/\/agenciayork.com\/hdf\/wp-content\/uploads\/2023\/11\/Herbes-de-Provence-2-copie.jpeg","type":"image\/jpeg"}],"twitter_card":"summary_large_image","twitter_misc":{"Tiempo estimado de lectura":"2 minutos"},"schema":{"@context":"https:\/\/schema.org","@graph":[{"@type":"WebPage","@id":"https:\/\/agenciayork.com\/hdf\/producto\/herbes-de-provence\/","url":"https:\/\/agenciayork.com\/hdf\/producto\/herbes-de-provence\/","name":"Herbes de Provence - H\u00e9l\u00e8ne de Fleurac","isPartOf":{"@id":"https:\/\/agenciayork.com\/hdf\/#website"},"primaryImageOfPage":{"@id":"https:\/\/agenciayork.com\/hdf\/producto\/herbes-de-provence\/#primaryimage"},"image":{"@id":"https:\/\/agenciayork.com\/hdf\/producto\/herbes-de-provence\/#primaryimage"},"thumbnailUrl":"https:\/\/agenciayork.com\/hdf\/wp-content\/uploads\/2023\/11\/Herbes-de-Provence-2-copie.jpeg","datePublished":"2023-11-13T16:14:20+00:00","dateModified":"2024-09-02T16:56:53+00:00","description":"Explora los aromas soleados de la regi\u00f3n mediterr\u00e1nea con nuestras \"Herbes de Provence\". Por solo $4.500, este frasco ofrece una mezcla aut\u00e9ntica!","breadcrumb":{"@id":"https:\/\/agenciayork.com\/hdf\/producto\/herbes-de-provence\/#breadcrumb"},"inLanguage":"es-CL","potentialAction":[{"@type":"ReadAction","target":["https:\/\/agenciayork.com\/hdf\/producto\/herbes-de-provence\/"]}]},{"@type":"ImageObject","inLanguage":"es-CL","@id":"https:\/\/agenciayork.com\/hdf\/producto\/herbes-de-provence\/#primaryimage","url":"https:\/\/agenciayork.com\/hdf\/wp-content\/uploads\/2023\/11\/Herbes-de-Provence-2-copie.jpeg","contentUrl":"https:\/\/agenciayork.com\/hdf\/wp-content\/uploads\/2023\/11\/Herbes-de-Provence-2-copie.jpeg","width":1080,"height":1080},{"@type":"BreadcrumbList","@id":"https:\/\/agenciayork.com\/hdf\/producto\/herbes-de-provence\/#breadcrumb","itemListElement":[{"@type":"ListItem","position":1,"name":"Portada","item":"https:\/\/agenciayork.com\/hdf\/"},{"@type":"ListItem","position":2,"name":"Tienda","item":"https:\/\/agenciayork.com\/hdf\/mejores-productos-de-la-gastronomia-francesa\/"},{"@type":"ListItem","position":3,"name":"Herbes de Provence"}]},{"@type":"WebSite","@id":"https:\/\/agenciayork.com\/hdf\/#website","url":"https:\/\/agenciayork.com\/hdf\/","name":"H\u00e9l\u00e8ne de Fleurac","description":"Gastronom\u00eda francesa","potentialAction":[{"@type":"SearchAction","target":{"@type":"EntryPoint","urlTemplate":"https:\/\/agenciayork.com\/hdf\/?s={search_term_string}"},"query-input":{"@type":"PropertyValueSpecification","valueRequired":true,"valueName":"search_term_string"}}],"inLanguage":"es-CL"}]}},"_links":{"self":[{"href":"https:\/\/agenciayork.com\/hdf\/wp-json\/wp\/v2\/product\/7357","targetHints":{"allow":["GET"]}}],"collection":[{"href":"https:\/\/agenciayork.com\/hdf\/wp-json\/wp\/v2\/product"}],"about":[{"href":"https:\/\/agenciayork.com\/hdf\/wp-json\/wp\/v2\/types\/product"}],"version-history":[{"count":8,"href":"https:\/\/agenciayork.com\/hdf\/wp-json\/wp\/v2\/product\/7357\/revisions"}],"predecessor-version":[{"id":11656,"href":"https:\/\/agenciayork.com\/hdf\/wp-json\/wp\/v2\/product\/7357\/revisions\/11656"}],"wp:featuredmedia":[{"embeddable":true,"href":"https:\/\/agenciayork.com\/hdf\/wp-json\/wp\/v2\/media\/7360"}],"wp:attachment":[{"href":"https:\/\/agenciayork.com\/hdf\/wp-json\/wp\/v2\/media?parent=7357"}],"wp:term":[{"taxonomy":"product_brand","embeddable":true,"href":"https:\/\/agenciayork.com\/hdf\/wp-json\/wp\/v2\/product_brand?post=7357"},{"taxonomy":"product_cat","embeddable":true,"href":"https:\/\/agenciayork.com\/hdf\/wp-json\/wp\/v2\/product_cat?post=7357"},{"taxonomy":"product_tag","embeddable":true,"href":"https:\/\/agenciayork.com\/hdf\/wp-json\/wp\/v2\/product_tag?post=7357"}],"curies":[{"name":"wp","href":"https:\/\/api.w.org\/{rel}","templated":true}]}}