{"id":8465,"date":"2024-01-09T21:38:07","date_gmt":"2024-01-09T21:38:07","guid":{"rendered":"https:\/\/agenciayork.com\/hdf\/?post_type=product&#038;p=8465"},"modified":"2024-10-10T07:52:29","modified_gmt":"2024-10-10T10:52:29","slug":"gratin-dauphinois-individual","status":"publish","type":"product","link":"https:\/\/agenciayork.com\/hdf\/producto\/gratin-dauphinois-individual\/","title":{"rendered":"Gratin dauphinois individual"},"content":{"rendered":"\t\t<div data-elementor-type=\"wp-post\" data-elementor-id=\"8465\" class=\"elementor elementor-8465\">\n\t\t\t\t<div class=\"elementor-element elementor-element-37943ba e-flex e-con-boxed e-con e-parent\" data-id=\"37943ba\" data-element_type=\"container\">\n\t\t\t\t\t<div class=\"e-con-inner\">\n\t\t\t\t<div class=\"elementor-element elementor-element-2e8cfef elementor-widget elementor-widget-nest-title-v1\" data-id=\"2e8cfef\" data-element_type=\"widget\" data-widget_type=\"nest-title-v1.default\">\n\t\t\t\t<div class=\"elementor-widget-container\">\n\t\t\t        <div class=\"section_title type_one\">\r\n                            <h4 class=\"mb-20 text-brand\"> gratin dauphinois individual<\/h4>\r\n                                                    <p class=\"mb-20\"> Te invito a disfrutar del grat\u00edn dauphinois, un cl\u00e1sico de la cocina francesa. Es un plato reconfortante hecho de finas rodajas de papas cocidas lentamente en una crema suave, sutilmente perfumada con ajo. Presentado en porciones individuales, esta delicia dorada y cremosa ofrece una experiencia gourmet y elegante, perfecta para acompa\u00f1ar una comida refinada.<\/p>\r\n                    <\/div>\r\n    \t\t<\/div>\n\t\t\t\t<\/div>\n\t\t\t\t\t<\/div>\n\t\t\t\t<\/div>\n\t\t<div class=\"elementor-element elementor-element-8310ede e-flex e-con-boxed e-con e-parent\" data-id=\"8310ede\" data-element_type=\"container\">\n\t\t\t\t\t<div class=\"e-con-inner\">\n\t\t\t\t<div class=\"elementor-element elementor-element-68ea059 elementor-widget-divider--view-line elementor-widget elementor-widget-divider\" data-id=\"68ea059\" data-element_type=\"widget\" data-widget_type=\"divider.default\">\n\t\t\t\t<div class=\"elementor-widget-container\">\n\t\t\t\t\t<div class=\"elementor-divider\">\n\t\t\t<span class=\"elementor-divider-separator\">\n\t\t\t\t\t\t<\/span>\n\t\t<\/div>\n\t\t\t\t<\/div>\n\t\t\t\t<\/div>\n\t\t\t\t\t<\/div>\n\t\t\t\t<\/div>\n\t\t<div class=\"elementor-element elementor-element-7917f83 e-flex e-con-boxed e-con e-parent\" data-id=\"7917f83\" data-element_type=\"container\">\n\t\t\t\t\t<div class=\"e-con-inner\">\n\t\t<div class=\"elementor-element elementor-element-d68e3f8 e-con-full e-flex e-con e-child\" data-id=\"d68e3f8\" data-element_type=\"container\">\n\t\t\t\t<div class=\"elementor-element elementor-element-c35b1f1 elementor-widget elementor-widget-image\" data-id=\"c35b1f1\" data-element_type=\"widget\" data-widget_type=\"image.default\">\n\t\t\t\t<div class=\"elementor-widget-container\">\n\t\t\t\t\t\t\t\t\t\t\t\t\t<img fetchpriority=\"high\" decoding=\"async\" width=\"300\" height=\"300\" src=\"https:\/\/agenciayork.com\/hdf\/wp-content\/uploads\/2024\/01\/Gratin-dauphinois-individual-1-300x300.png\" class=\"attachment-medium size-medium wp-image-8466\" alt=\"Gratin dauphinois individual\" srcset=\"https:\/\/agenciayork.com\/hdf\/wp-content\/uploads\/2024\/01\/Gratin-dauphinois-individual-1-300x300.png 300w, https:\/\/agenciayork.com\/hdf\/wp-content\/uploads\/2024\/01\/Gratin-dauphinois-individual-1-1024x1024.png 1024w, https:\/\/agenciayork.com\/hdf\/wp-content\/uploads\/2024\/01\/Gratin-dauphinois-individual-1-150x150.png 150w, https:\/\/agenciayork.com\/hdf\/wp-content\/uploads\/2024\/01\/Gratin-dauphinois-individual-1-768x768.png 768w, https:\/\/agenciayork.com\/hdf\/wp-content\/uploads\/2024\/01\/Gratin-dauphinois-individual-1-600x600.png 600w, https:\/\/agenciayork.com\/hdf\/wp-content\/uploads\/2024\/01\/Gratin-dauphinois-individual-1-100x100.png 100w, https:\/\/agenciayork.com\/hdf\/wp-content\/uploads\/2024\/01\/Gratin-dauphinois-individual-1-50x50.png 50w, https:\/\/agenciayork.com\/hdf\/wp-content\/uploads\/2024\/01\/Gratin-dauphinois-individual-1-64x64.png 64w, https:\/\/agenciayork.com\/hdf\/wp-content\/uploads\/2024\/01\/Gratin-dauphinois-individual-1.png 1080w\" sizes=\"(max-width: 300px) 100vw, 300px\" \/>\t\t\t\t\t\t\t\t\t\t\t\t\t<\/div>\n\t\t\t\t<\/div>\n\t\t\t\t<\/div>\n\t\t<div class=\"elementor-element elementor-element-6e2e258 e-con-full e-flex e-con e-child\" data-id=\"6e2e258\" data-element_type=\"container\">\n\t\t\t\t<div class=\"elementor-element elementor-element-0b1e369 elementor-widget elementor-widget-heading\" data-id=\"0b1e369\" data-element_type=\"widget\" data-widget_type=\"heading.default\">\n\t\t\t\t<div class=\"elementor-widget-container\">\n\t\t\t<h4 class=\"elementor-heading-title elementor-size-default\">Una textura cremosa, con papas que absorben toda la crema para un sabor perfecto<\/h4>\t\t<\/div>\n\t\t\t\t<\/div>\n\t\t\t\t<div class=\"elementor-element elementor-element-5be1011 elementor-widget elementor-widget-nest-text-editor-v1\" data-id=\"5be1011\" data-element_type=\"widget\" data-widget_type=\"nest-text-editor-v1.default\">\n\t\t\t\t<div class=\"elementor-widget-container\">\n\t\t\t   <div class=\"custom_text_editor position-relative\">\r\n        <p>El Gratin Dauphinois Individual se presenta como una experiencia culinaria excepcional, una joya de la gastronom\u00eda francesa que puede ser tildada cari\u00f1osamente como el \"milhojas de papas\". Esta receta tradicional encierra en cada capa la perfecta armon\u00eda entre las suaves <strong>papas<\/strong>, la rica <strong>crema<\/strong> y el delicioso <strong>queso<\/strong>. Este plato preparado ofrece una explosi\u00f3n de sabores y se posiciona como el compa\u00f1ero ideal para una variedad de platillos, incluyendo <strong>carnes<\/strong>, <strong>asados<\/strong>, <a href=\"https:\/\/agenciayork.com\/hdf\/producto\/boeuf-bourguignon\/\"><strong>boeuf bourguignon<\/strong><\/a>, <a href=\"https:\/\/agenciayork.com\/hdf\/producto\/pollo-de-grano-amarillo\/\"><strong>pollo<\/strong><\/a> y mucho m\u00e1s.<\/p><p>Cada Gratin Dauphinois individual se presenta en packs de 2 o 4 unidades, cada una con un peso de 120 gramos. Esta presentaci\u00f3n permite una versatilidad culinaria, adapt\u00e1ndose a distintas ocasiones y garantizando una experiencia <strong>gourmet<\/strong> siempre a mano. El hecho de que sea un producto congelado no solo asegura su <strong>frescura<\/strong> y <strong>durabilidad<\/strong>, sino que tambi\u00e9n a\u00f1ade comodidad a la preparaci\u00f3n, permitiendo disfrutar de este manjar franc\u00e9s en cualquier momento.<\/p><p>La exquisitez de este plato radica en la cuidadosa selecci\u00f3n de <strong>ingredientes de alta calidad<\/strong>. Las papas, cortadas finamente, se entremezclan con una crema suave y un queso que aporta un toque irresistible. La textura cremosa y las capas delicadamente superpuestas hacen del Gratin Dauphinois una opci\u00f3n culinaria que deleita tanto al paladar como a la vista.<\/p>    <\/div>\r\n\t\t<\/div>\n\t\t\t\t<\/div>\n\t\t\t\t<\/div>\n\t\t\t\t\t<\/div>\n\t\t\t\t<\/div>\n\t\t<div class=\"elementor-element elementor-element-77277fa e-flex e-con-boxed e-con e-parent\" data-id=\"77277fa\" data-element_type=\"container\">\n\t\t\t\t\t<div class=\"e-con-inner\">\n\t\t\t\t<div class=\"elementor-element elementor-element-e22a671 elementor-widget-divider--view-line elementor-widget elementor-widget-divider\" data-id=\"e22a671\" data-element_type=\"widget\" data-widget_type=\"divider.default\">\n\t\t\t\t<div class=\"elementor-widget-container\">\n\t\t\t\t\t<div class=\"elementor-divider\">\n\t\t\t<span class=\"elementor-divider-separator\">\n\t\t\t\t\t\t<\/span>\n\t\t<\/div>\n\t\t\t\t<\/div>\n\t\t\t\t<\/div>\n\t\t\t\t\t<\/div>\n\t\t\t\t<\/div>\n\t\t<div class=\"elementor-element elementor-element-e9617c5 e-flex e-con-boxed e-con e-parent\" data-id=\"e9617c5\" data-element_type=\"container\">\n\t\t\t\t\t<div class=\"e-con-inner\">\n\t\t<div class=\"elementor-element elementor-element-ccf3562 e-con-full e-flex e-con e-child\" data-id=\"ccf3562\" data-element_type=\"container\">\n\t\t\t\t<div class=\"elementor-element elementor-element-5b869d7 elementor-widget elementor-widget-heading\" data-id=\"5b869d7\" data-element_type=\"widget\" data-widget_type=\"heading.default\">\n\t\t\t\t<div class=\"elementor-widget-container\">\n\t\t\t<h4 class=\"elementor-heading-title elementor-size-default\">Un grande cl\u00e1sico de la cocina campesina francesa a calentar<\/h4>\t\t<\/div>\n\t\t\t\t<\/div>\n\t\t\t\t<div class=\"elementor-element elementor-element-799c124 elementor-widget elementor-widget-nest-text-editor-v1\" data-id=\"799c124\" data-element_type=\"widget\" data-widget_type=\"nest-text-editor-v1.default\">\n\t\t\t\t<div class=\"elementor-widget-container\">\n\t\t\t   <div class=\"custom_text_editor position-relative\">\r\n        <p>Este gratin se destaca por su versatilidad en la mesa. Su capacidad para complementar una variedad de platillos lo convierte en un <strong>acompa\u00f1amiento estrella<\/strong> en cenas familiares, reuniones con amigos o eventos especiales. La sofisticaci\u00f3n de la cocina francesa se traslada directamente a tu mesa con este plato, elevando la experiencia gastron\u00f3mica a otro nivel.<\/p><p>Este producto, <strong>congelado<\/strong> y listo para <strong>disfrutar<\/strong>, facilita la incorporaci\u00f3n de la aut\u00e9ntica cocina francesa en la rutina diaria sin comprometer el <strong>sabor<\/strong> ni la <strong>calidad<\/strong>. Su presentaci\u00f3n individual garantiza porciones perfectas y permite a cada comensal disfrutar de la porci\u00f3n justa de esta deliciosa creaci\u00f3n culinaria.<\/p><p><strong>Preparaci\u00f3n<\/strong> Sin descongelar: calentar en el horno tradicional 24 minutos a 180\u00b0C o en el microondas 2 min y 40 sec a 700 W.<\/p>    <\/div>\r\n\t\t<\/div>\n\t\t\t\t<\/div>\n\t\t\t\t<\/div>\n\t\t<div class=\"elementor-element elementor-element-37259e7 e-con-full e-flex e-con e-child\" data-id=\"37259e7\" data-element_type=\"container\">\n\t\t\t\t<div class=\"elementor-element elementor-element-43921fe elementor-widget elementor-widget-image\" data-id=\"43921fe\" data-element_type=\"widget\" data-widget_type=\"image.default\">\n\t\t\t\t<div class=\"elementor-widget-container\">\n\t\t\t\t\t\t\t\t\t\t\t\t\t<img decoding=\"async\" width=\"300\" height=\"300\" src=\"https:\/\/agenciayork.com\/hdf\/wp-content\/uploads\/2024\/01\/Gratin-dauphinois-individual-2-300x300.png\" class=\"attachment-medium size-medium wp-image-8467\" alt=\"Gratin dauphinois individual\" srcset=\"https:\/\/agenciayork.com\/hdf\/wp-content\/uploads\/2024\/01\/Gratin-dauphinois-individual-2-300x300.png 300w, https:\/\/agenciayork.com\/hdf\/wp-content\/uploads\/2024\/01\/Gratin-dauphinois-individual-2-1024x1024.png 1024w, https:\/\/agenciayork.com\/hdf\/wp-content\/uploads\/2024\/01\/Gratin-dauphinois-individual-2-150x150.png 150w, https:\/\/agenciayork.com\/hdf\/wp-content\/uploads\/2024\/01\/Gratin-dauphinois-individual-2-768x768.png 768w, https:\/\/agenciayork.com\/hdf\/wp-content\/uploads\/2024\/01\/Gratin-dauphinois-individual-2-600x600.png 600w, https:\/\/agenciayork.com\/hdf\/wp-content\/uploads\/2024\/01\/Gratin-dauphinois-individual-2-100x100.png 100w, https:\/\/agenciayork.com\/hdf\/wp-content\/uploads\/2024\/01\/Gratin-dauphinois-individual-2-50x50.png 50w, https:\/\/agenciayork.com\/hdf\/wp-content\/uploads\/2024\/01\/Gratin-dauphinois-individual-2-64x64.png 64w, https:\/\/agenciayork.com\/hdf\/wp-content\/uploads\/2024\/01\/Gratin-dauphinois-individual-2.png 1080w\" sizes=\"(max-width: 300px) 100vw, 300px\" \/>\t\t\t\t\t\t\t\t\t\t\t\t\t<\/div>\n\t\t\t\t<\/div>\n\t\t\t\t<\/div>\n\t\t\t\t\t<\/div>\n\t\t\t\t<\/div>\n\t\t\t\t<\/div>\n\t\t","protected":false},"excerpt":{"rendered":"<p>El\u00a0<em>gratin dauphinois<\/em>, que le pueden llamar ac\u00e1 el milhojas de papas, es una receta francesa con papas, crema y queso. Este plato preparado es exquisito y es un muy buen acompa\u00f1amiento de\u00a0todas carnes, asado, boeuf bourguignon y m\u00e1s.<\/p>\n<p><strong>Pack de 2 o 4 unidades (120 gr por unidad)<br \/>\nProducto congelado<\/strong><\/p>\n","protected":false},"featured_media":8466,"template":"","meta":[],"product_brand":[],"product_cat":[109,126,137],"product_tag":[],"class_list":{"0":"post-8465","1":"product","2":"type-product","3":"status-publish","4":"has-post-thumbnail","6":"product_cat-acompanamientos","7":"product_cat-mis-imperdibles","8":"product_cat-platos-preparados","10":"first","11":"instock","12":"shipping-taxable","13":"purchasable","14":"product-type-variable"},"yoast_head":"<!-- This site is optimized with the Yoast SEO plugin v27.5 - https:\/\/yoast.com\/product\/yoast-seo-wordpress\/ -->\n<title>Gratin dauphinois individual - H\u00e9l\u00e8ne de Fleurac<\/title>\n<meta name=\"description\" content=\"Sin descongelar: calentar en el horno tradicional 24 minutos a 180\u00b0C o en el microondas 2 minutos 40 700 W Disfruta de nuestro Gratin dauphinois individual!\" \/>\n<meta name=\"robots\" content=\"index, follow, max-snippet:-1, max-image-preview:large, max-video-preview:-1\" \/>\n<link rel=\"canonical\" href=\"https:\/\/agenciayork.com\/hdf\/producto\/gratin-dauphinois-individual\/\" \/>\n<meta property=\"og:locale\" content=\"es_ES\" \/>\n<meta property=\"og:type\" content=\"article\" \/>\n<meta property=\"og:title\" content=\"Gratin dauphinois individual - H\u00e9l\u00e8ne de Fleurac\" \/>\n<meta property=\"og:description\" content=\"Sin descongelar: calentar en el horno tradicional 24 minutos a 180\u00b0C o en el microondas 2 minutos 40 700 W Disfruta de nuestro Gratin dauphinois individual!\" \/>\n<meta property=\"og:url\" content=\"https:\/\/agenciayork.com\/hdf\/producto\/gratin-dauphinois-individual\/\" \/>\n<meta property=\"og:site_name\" content=\"H\u00e9l\u00e8ne de Fleurac\" \/>\n<meta property=\"article:modified_time\" content=\"2024-10-10T10:52:29+00:00\" \/>\n<meta property=\"og:image\" content=\"https:\/\/agenciayork.com\/hdf\/wp-content\/uploads\/2024\/01\/Gratin-dauphinois-individual-1.png\" \/>\n\t<meta property=\"og:image:width\" content=\"1080\" \/>\n\t<meta property=\"og:image:height\" content=\"1080\" \/>\n\t<meta property=\"og:image:type\" content=\"image\/png\" \/>\n<meta name=\"twitter:card\" content=\"summary_large_image\" \/>\n<meta name=\"twitter:label1\" content=\"Tiempo estimado de lectura\" \/>\n\t<meta name=\"twitter:data1\" content=\"3 minutos\" \/>\n<script type=\"application\/ld+json\" class=\"yoast-schema-graph\">{\"@context\":\"https:\\\/\\\/schema.org\",\"@graph\":[{\"@type\":\"WebPage\",\"@id\":\"https:\\\/\\\/agenciayork.com\\\/hdf\\\/producto\\\/gratin-dauphinois-individual\\\/\",\"url\":\"https:\\\/\\\/agenciayork.com\\\/hdf\\\/producto\\\/gratin-dauphinois-individual\\\/\",\"name\":\"Gratin dauphinois individual - H\u00e9l\u00e8ne de Fleurac\",\"isPartOf\":{\"@id\":\"https:\\\/\\\/agenciayork.com\\\/hdf\\\/#website\"},\"primaryImageOfPage\":{\"@id\":\"https:\\\/\\\/agenciayork.com\\\/hdf\\\/producto\\\/gratin-dauphinois-individual\\\/#primaryimage\"},\"image\":{\"@id\":\"https:\\\/\\\/agenciayork.com\\\/hdf\\\/producto\\\/gratin-dauphinois-individual\\\/#primaryimage\"},\"thumbnailUrl\":\"https:\\\/\\\/agenciayork.com\\\/hdf\\\/wp-content\\\/uploads\\\/2024\\\/01\\\/Gratin-dauphinois-individual-1.png\",\"datePublished\":\"2024-01-09T21:38:07+00:00\",\"dateModified\":\"2024-10-10T10:52:29+00:00\",\"description\":\"Sin descongelar: calentar en el horno tradicional 24 minutos a 180\u00b0C o en el microondas 2 minutos 40 700 W Disfruta de nuestro Gratin dauphinois individual!\",\"breadcrumb\":{\"@id\":\"https:\\\/\\\/agenciayork.com\\\/hdf\\\/producto\\\/gratin-dauphinois-individual\\\/#breadcrumb\"},\"inLanguage\":\"es-CL\",\"potentialAction\":[{\"@type\":\"ReadAction\",\"target\":[\"https:\\\/\\\/agenciayork.com\\\/hdf\\\/producto\\\/gratin-dauphinois-individual\\\/\"]}]},{\"@type\":\"ImageObject\",\"inLanguage\":\"es-CL\",\"@id\":\"https:\\\/\\\/agenciayork.com\\\/hdf\\\/producto\\\/gratin-dauphinois-individual\\\/#primaryimage\",\"url\":\"https:\\\/\\\/agenciayork.com\\\/hdf\\\/wp-content\\\/uploads\\\/2024\\\/01\\\/Gratin-dauphinois-individual-1.png\",\"contentUrl\":\"https:\\\/\\\/agenciayork.com\\\/hdf\\\/wp-content\\\/uploads\\\/2024\\\/01\\\/Gratin-dauphinois-individual-1.png\",\"width\":1080,\"height\":1080,\"caption\":\"Gratin dauphinois individual\"},{\"@type\":\"BreadcrumbList\",\"@id\":\"https:\\\/\\\/agenciayork.com\\\/hdf\\\/producto\\\/gratin-dauphinois-individual\\\/#breadcrumb\",\"itemListElement\":[{\"@type\":\"ListItem\",\"position\":1,\"name\":\"Portada\",\"item\":\"https:\\\/\\\/agenciayork.com\\\/hdf\\\/\"},{\"@type\":\"ListItem\",\"position\":2,\"name\":\"Tienda\",\"item\":\"https:\\\/\\\/agenciayork.com\\\/hdf\\\/mejores-productos-de-la-gastronomia-francesa\\\/\"},{\"@type\":\"ListItem\",\"position\":3,\"name\":\"Gratin dauphinois individual\"}]},{\"@type\":\"WebSite\",\"@id\":\"https:\\\/\\\/agenciayork.com\\\/hdf\\\/#website\",\"url\":\"https:\\\/\\\/agenciayork.com\\\/hdf\\\/\",\"name\":\"H\u00e9l\u00e8ne de Fleurac\",\"description\":\"Gastronom\u00eda francesa\",\"potentialAction\":[{\"@type\":\"SearchAction\",\"target\":{\"@type\":\"EntryPoint\",\"urlTemplate\":\"https:\\\/\\\/agenciayork.com\\\/hdf\\\/?s={search_term_string}\"},\"query-input\":{\"@type\":\"PropertyValueSpecification\",\"valueRequired\":true,\"valueName\":\"search_term_string\"}}],\"inLanguage\":\"es-CL\"}]}<\/script>\n<!-- \/ Yoast SEO plugin. -->","yoast_head_json":{"title":"Gratin dauphinois individual - H\u00e9l\u00e8ne de Fleurac","description":"Sin descongelar: calentar en el horno tradicional 24 minutos a 180\u00b0C o en el microondas 2 minutos 40 700 W Disfruta de nuestro Gratin dauphinois individual!","robots":{"index":"index","follow":"follow","max-snippet":"max-snippet:-1","max-image-preview":"max-image-preview:large","max-video-preview":"max-video-preview:-1"},"canonical":"https:\/\/agenciayork.com\/hdf\/producto\/gratin-dauphinois-individual\/","og_locale":"es_ES","og_type":"article","og_title":"Gratin dauphinois individual - H\u00e9l\u00e8ne de Fleurac","og_description":"Sin descongelar: calentar en el horno tradicional 24 minutos a 180\u00b0C o en el microondas 2 minutos 40 700 W Disfruta de nuestro Gratin dauphinois individual!","og_url":"https:\/\/agenciayork.com\/hdf\/producto\/gratin-dauphinois-individual\/","og_site_name":"H\u00e9l\u00e8ne de Fleurac","article_modified_time":"2024-10-10T10:52:29+00:00","og_image":[{"width":1080,"height":1080,"url":"https:\/\/agenciayork.com\/hdf\/wp-content\/uploads\/2024\/01\/Gratin-dauphinois-individual-1.png","type":"image\/png"}],"twitter_card":"summary_large_image","twitter_misc":{"Tiempo estimado de lectura":"3 minutos"},"schema":{"@context":"https:\/\/schema.org","@graph":[{"@type":"WebPage","@id":"https:\/\/agenciayork.com\/hdf\/producto\/gratin-dauphinois-individual\/","url":"https:\/\/agenciayork.com\/hdf\/producto\/gratin-dauphinois-individual\/","name":"Gratin dauphinois individual - H\u00e9l\u00e8ne de Fleurac","isPartOf":{"@id":"https:\/\/agenciayork.com\/hdf\/#website"},"primaryImageOfPage":{"@id":"https:\/\/agenciayork.com\/hdf\/producto\/gratin-dauphinois-individual\/#primaryimage"},"image":{"@id":"https:\/\/agenciayork.com\/hdf\/producto\/gratin-dauphinois-individual\/#primaryimage"},"thumbnailUrl":"https:\/\/agenciayork.com\/hdf\/wp-content\/uploads\/2024\/01\/Gratin-dauphinois-individual-1.png","datePublished":"2024-01-09T21:38:07+00:00","dateModified":"2024-10-10T10:52:29+00:00","description":"Sin descongelar: calentar en el horno tradicional 24 minutos a 180\u00b0C o en el microondas 2 minutos 40 700 W Disfruta de nuestro Gratin dauphinois individual!","breadcrumb":{"@id":"https:\/\/agenciayork.com\/hdf\/producto\/gratin-dauphinois-individual\/#breadcrumb"},"inLanguage":"es-CL","potentialAction":[{"@type":"ReadAction","target":["https:\/\/agenciayork.com\/hdf\/producto\/gratin-dauphinois-individual\/"]}]},{"@type":"ImageObject","inLanguage":"es-CL","@id":"https:\/\/agenciayork.com\/hdf\/producto\/gratin-dauphinois-individual\/#primaryimage","url":"https:\/\/agenciayork.com\/hdf\/wp-content\/uploads\/2024\/01\/Gratin-dauphinois-individual-1.png","contentUrl":"https:\/\/agenciayork.com\/hdf\/wp-content\/uploads\/2024\/01\/Gratin-dauphinois-individual-1.png","width":1080,"height":1080,"caption":"Gratin dauphinois individual"},{"@type":"BreadcrumbList","@id":"https:\/\/agenciayork.com\/hdf\/producto\/gratin-dauphinois-individual\/#breadcrumb","itemListElement":[{"@type":"ListItem","position":1,"name":"Portada","item":"https:\/\/agenciayork.com\/hdf\/"},{"@type":"ListItem","position":2,"name":"Tienda","item":"https:\/\/agenciayork.com\/hdf\/mejores-productos-de-la-gastronomia-francesa\/"},{"@type":"ListItem","position":3,"name":"Gratin dauphinois individual"}]},{"@type":"WebSite","@id":"https:\/\/agenciayork.com\/hdf\/#website","url":"https:\/\/agenciayork.com\/hdf\/","name":"H\u00e9l\u00e8ne de Fleurac","description":"Gastronom\u00eda francesa","potentialAction":[{"@type":"SearchAction","target":{"@type":"EntryPoint","urlTemplate":"https:\/\/agenciayork.com\/hdf\/?s={search_term_string}"},"query-input":{"@type":"PropertyValueSpecification","valueRequired":true,"valueName":"search_term_string"}}],"inLanguage":"es-CL"}]}},"_links":{"self":[{"href":"https:\/\/agenciayork.com\/hdf\/wp-json\/wp\/v2\/product\/8465","targetHints":{"allow":["GET"]}}],"collection":[{"href":"https:\/\/agenciayork.com\/hdf\/wp-json\/wp\/v2\/product"}],"about":[{"href":"https:\/\/agenciayork.com\/hdf\/wp-json\/wp\/v2\/types\/product"}],"version-history":[{"count":22,"href":"https:\/\/agenciayork.com\/hdf\/wp-json\/wp\/v2\/product\/8465\/revisions"}],"predecessor-version":[{"id":11727,"href":"https:\/\/agenciayork.com\/hdf\/wp-json\/wp\/v2\/product\/8465\/revisions\/11727"}],"wp:featuredmedia":[{"embeddable":true,"href":"https:\/\/agenciayork.com\/hdf\/wp-json\/wp\/v2\/media\/8466"}],"wp:attachment":[{"href":"https:\/\/agenciayork.com\/hdf\/wp-json\/wp\/v2\/media?parent=8465"}],"wp:term":[{"taxonomy":"product_brand","embeddable":true,"href":"https:\/\/agenciayork.com\/hdf\/wp-json\/wp\/v2\/product_brand?post=8465"},{"taxonomy":"product_cat","embeddable":true,"href":"https:\/\/agenciayork.com\/hdf\/wp-json\/wp\/v2\/product_cat?post=8465"},{"taxonomy":"product_tag","embeddable":true,"href":"https:\/\/agenciayork.com\/hdf\/wp-json\/wp\/v2\/product_tag?post=8465"}],"curies":[{"name":"wp","href":"https:\/\/api.w.org\/{rel}","templated":true}]}}