{"id":9904,"date":"2024-05-24T14:24:23","date_gmt":"2024-05-24T17:24:23","guid":{"rendered":"https:\/\/agenciayork.com\/hdf\/?post_type=product&#038;p=9904"},"modified":"2024-05-24T14:27:55","modified_gmt":"2024-05-24T17:27:55","slug":"clase-de-cocina-especial-foie-gras","status":"publish","type":"product","link":"https:\/\/agenciayork.com\/hdf\/producto\/clase-de-cocina-especial-foie-gras\/","title":{"rendered":"Clase de cocina &#8220;Especial foie gras&#8221;"},"content":{"rendered":"","protected":false},"excerpt":{"rendered":"<p>En esta clase &#8220;especial foie gras&#8221; ense\u00f1ar\u00e9 5 recetas exquisitas incluyendo el famoso <em>foie mi-cuit<\/em> y el <em>Tournedos Rossini.<\/em><\/p>\n<p><strong>Fecha:<\/strong> martes 18 de junio<\/p>\n<p><strong>Horario:<\/strong> 19.30hs<\/p>\n<p>Todo incluido, recetario y degustaci\u00f3n de los platos. Los espero con aperitivo y copa de vino!<\/p>\n<p><strong>Inscripci\u00f3n exclusivamente<\/strong> por whatsapp al +569 8596 2694.<\/p>\n","protected":false},"featured_media":9908,"template":"","meta":[],"product_brand":[],"product_cat":[181],"product_tag":[],"class_list":{"0":"post-9904","1":"product","2":"type-product","3":"status-publish","4":"has-post-thumbnail","6":"product_cat-dia-del-padre-2024","8":"first","9":"instock","10":"shipping-taxable","11":"purchasable","12":"product-type-simple"},"yoast_head":"<!-- This site is optimized with the Yoast SEO plugin v27.5 - https:\/\/yoast.com\/product\/yoast-seo-wordpress\/ -->\n<title>Clase de cocina &quot;Especial foie gras&quot; - H\u00e9l\u00e8ne de Fleurac<\/title>\n<meta name=\"robots\" content=\"index, follow, max-snippet:-1, max-image-preview:large, max-video-preview:-1\" \/>\n<link rel=\"canonical\" href=\"https:\/\/agenciayork.com\/hdf\/producto\/clase-de-cocina-especial-foie-gras\/\" \/>\n<meta property=\"og:locale\" content=\"es_ES\" \/>\n<meta property=\"og:type\" content=\"article\" \/>\n<meta property=\"og:title\" content=\"Clase de cocina &quot;Especial foie gras&quot; - H\u00e9l\u00e8ne de Fleurac\" \/>\n<meta property=\"og:description\" content=\"En esta clase &quot;especial foie gras&quot; ense\u00f1ar\u00e9 5 recetas exquisitas incluyendo el famoso foie mi-cuit y el Tournedos Rossini.  Fecha: martes 18 de junio  Horario: 19.30hs  Todo incluido, recetario y degustaci\u00f3n de los platos. Los espero con aperitivo y copa de vino!  Inscripci\u00f3n exclusivamente por whatsapp al +569 8596 2694.\" \/>\n<meta property=\"og:url\" content=\"https:\/\/agenciayork.com\/hdf\/producto\/clase-de-cocina-especial-foie-gras\/\" \/>\n<meta property=\"og:site_name\" content=\"H\u00e9l\u00e8ne de Fleurac\" \/>\n<meta property=\"article:modified_time\" content=\"2024-05-24T17:27:55+00:00\" \/>\n<meta property=\"og:image\" content=\"https:\/\/agenciayork.com\/hdf\/wp-content\/uploads\/2024\/05\/Clase-foie-gras-1.png\" \/>\n\t<meta property=\"og:image:width\" content=\"1080\" \/>\n\t<meta property=\"og:image:height\" content=\"1080\" \/>\n\t<meta property=\"og:image:type\" content=\"image\/png\" \/>\n<meta name=\"twitter:card\" content=\"summary_large_image\" \/>\n<script type=\"application\/ld+json\" class=\"yoast-schema-graph\">{\"@context\":\"https:\\\/\\\/schema.org\",\"@graph\":[{\"@type\":\"WebPage\",\"@id\":\"https:\\\/\\\/agenciayork.com\\\/hdf\\\/producto\\\/clase-de-cocina-especial-foie-gras\\\/\",\"url\":\"https:\\\/\\\/agenciayork.com\\\/hdf\\\/producto\\\/clase-de-cocina-especial-foie-gras\\\/\",\"name\":\"Clase de cocina \\\"Especial foie gras\\\" - H\u00e9l\u00e8ne de Fleurac\",\"isPartOf\":{\"@id\":\"https:\\\/\\\/agenciayork.com\\\/hdf\\\/#website\"},\"primaryImageOfPage\":{\"@id\":\"https:\\\/\\\/agenciayork.com\\\/hdf\\\/producto\\\/clase-de-cocina-especial-foie-gras\\\/#primaryimage\"},\"image\":{\"@id\":\"https:\\\/\\\/agenciayork.com\\\/hdf\\\/producto\\\/clase-de-cocina-especial-foie-gras\\\/#primaryimage\"},\"thumbnailUrl\":\"https:\\\/\\\/agenciayork.com\\\/hdf\\\/wp-content\\\/uploads\\\/2024\\\/05\\\/Clase-foie-gras-1.png\",\"datePublished\":\"2024-05-24T17:24:23+00:00\",\"dateModified\":\"2024-05-24T17:27:55+00:00\",\"breadcrumb\":{\"@id\":\"https:\\\/\\\/agenciayork.com\\\/hdf\\\/producto\\\/clase-de-cocina-especial-foie-gras\\\/#breadcrumb\"},\"inLanguage\":\"es-CL\",\"potentialAction\":[{\"@type\":\"ReadAction\",\"target\":[\"https:\\\/\\\/agenciayork.com\\\/hdf\\\/producto\\\/clase-de-cocina-especial-foie-gras\\\/\"]}]},{\"@type\":\"ImageObject\",\"inLanguage\":\"es-CL\",\"@id\":\"https:\\\/\\\/agenciayork.com\\\/hdf\\\/producto\\\/clase-de-cocina-especial-foie-gras\\\/#primaryimage\",\"url\":\"https:\\\/\\\/agenciayork.com\\\/hdf\\\/wp-content\\\/uploads\\\/2024\\\/05\\\/Clase-foie-gras-1.png\",\"contentUrl\":\"https:\\\/\\\/agenciayork.com\\\/hdf\\\/wp-content\\\/uploads\\\/2024\\\/05\\\/Clase-foie-gras-1.png\",\"width\":1080,\"height\":1080},{\"@type\":\"BreadcrumbList\",\"@id\":\"https:\\\/\\\/agenciayork.com\\\/hdf\\\/producto\\\/clase-de-cocina-especial-foie-gras\\\/#breadcrumb\",\"itemListElement\":[{\"@type\":\"ListItem\",\"position\":1,\"name\":\"Portada\",\"item\":\"https:\\\/\\\/agenciayork.com\\\/hdf\\\/\"},{\"@type\":\"ListItem\",\"position\":2,\"name\":\"Tienda\",\"item\":\"https:\\\/\\\/agenciayork.com\\\/hdf\\\/mejores-productos-de-la-gastronomia-francesa\\\/\"},{\"@type\":\"ListItem\",\"position\":3,\"name\":\"Clase de cocina &#8220;Especial foie gras&#8221;\"}]},{\"@type\":\"WebSite\",\"@id\":\"https:\\\/\\\/agenciayork.com\\\/hdf\\\/#website\",\"url\":\"https:\\\/\\\/agenciayork.com\\\/hdf\\\/\",\"name\":\"H\u00e9l\u00e8ne de Fleurac\",\"description\":\"Gastronom\u00eda francesa\",\"potentialAction\":[{\"@type\":\"SearchAction\",\"target\":{\"@type\":\"EntryPoint\",\"urlTemplate\":\"https:\\\/\\\/agenciayork.com\\\/hdf\\\/?s={search_term_string}\"},\"query-input\":{\"@type\":\"PropertyValueSpecification\",\"valueRequired\":true,\"valueName\":\"search_term_string\"}}],\"inLanguage\":\"es-CL\"}]}<\/script>\n<!-- \/ Yoast SEO plugin. -->","yoast_head_json":{"title":"Clase de cocina \"Especial foie gras\" - H\u00e9l\u00e8ne de Fleurac","robots":{"index":"index","follow":"follow","max-snippet":"max-snippet:-1","max-image-preview":"max-image-preview:large","max-video-preview":"max-video-preview:-1"},"canonical":"https:\/\/agenciayork.com\/hdf\/producto\/clase-de-cocina-especial-foie-gras\/","og_locale":"es_ES","og_type":"article","og_title":"Clase de cocina \"Especial foie gras\" - H\u00e9l\u00e8ne de Fleurac","og_description":"En esta clase \"especial foie gras\" ense\u00f1ar\u00e9 5 recetas exquisitas incluyendo el famoso foie mi-cuit y el Tournedos Rossini.  Fecha: martes 18 de junio  Horario: 19.30hs  Todo incluido, recetario y degustaci\u00f3n de los platos. Los espero con aperitivo y copa de vino!  Inscripci\u00f3n exclusivamente por whatsapp al +569 8596 2694.","og_url":"https:\/\/agenciayork.com\/hdf\/producto\/clase-de-cocina-especial-foie-gras\/","og_site_name":"H\u00e9l\u00e8ne de Fleurac","article_modified_time":"2024-05-24T17:27:55+00:00","og_image":[{"width":1080,"height":1080,"url":"https:\/\/agenciayork.com\/hdf\/wp-content\/uploads\/2024\/05\/Clase-foie-gras-1.png","type":"image\/png"}],"twitter_card":"summary_large_image","schema":{"@context":"https:\/\/schema.org","@graph":[{"@type":"WebPage","@id":"https:\/\/agenciayork.com\/hdf\/producto\/clase-de-cocina-especial-foie-gras\/","url":"https:\/\/agenciayork.com\/hdf\/producto\/clase-de-cocina-especial-foie-gras\/","name":"Clase de cocina \"Especial foie gras\" - H\u00e9l\u00e8ne de Fleurac","isPartOf":{"@id":"https:\/\/agenciayork.com\/hdf\/#website"},"primaryImageOfPage":{"@id":"https:\/\/agenciayork.com\/hdf\/producto\/clase-de-cocina-especial-foie-gras\/#primaryimage"},"image":{"@id":"https:\/\/agenciayork.com\/hdf\/producto\/clase-de-cocina-especial-foie-gras\/#primaryimage"},"thumbnailUrl":"https:\/\/agenciayork.com\/hdf\/wp-content\/uploads\/2024\/05\/Clase-foie-gras-1.png","datePublished":"2024-05-24T17:24:23+00:00","dateModified":"2024-05-24T17:27:55+00:00","breadcrumb":{"@id":"https:\/\/agenciayork.com\/hdf\/producto\/clase-de-cocina-especial-foie-gras\/#breadcrumb"},"inLanguage":"es-CL","potentialAction":[{"@type":"ReadAction","target":["https:\/\/agenciayork.com\/hdf\/producto\/clase-de-cocina-especial-foie-gras\/"]}]},{"@type":"ImageObject","inLanguage":"es-CL","@id":"https:\/\/agenciayork.com\/hdf\/producto\/clase-de-cocina-especial-foie-gras\/#primaryimage","url":"https:\/\/agenciayork.com\/hdf\/wp-content\/uploads\/2024\/05\/Clase-foie-gras-1.png","contentUrl":"https:\/\/agenciayork.com\/hdf\/wp-content\/uploads\/2024\/05\/Clase-foie-gras-1.png","width":1080,"height":1080},{"@type":"BreadcrumbList","@id":"https:\/\/agenciayork.com\/hdf\/producto\/clase-de-cocina-especial-foie-gras\/#breadcrumb","itemListElement":[{"@type":"ListItem","position":1,"name":"Portada","item":"https:\/\/agenciayork.com\/hdf\/"},{"@type":"ListItem","position":2,"name":"Tienda","item":"https:\/\/agenciayork.com\/hdf\/mejores-productos-de-la-gastronomia-francesa\/"},{"@type":"ListItem","position":3,"name":"Clase de cocina &#8220;Especial foie gras&#8221;"}]},{"@type":"WebSite","@id":"https:\/\/agenciayork.com\/hdf\/#website","url":"https:\/\/agenciayork.com\/hdf\/","name":"H\u00e9l\u00e8ne de Fleurac","description":"Gastronom\u00eda francesa","potentialAction":[{"@type":"SearchAction","target":{"@type":"EntryPoint","urlTemplate":"https:\/\/agenciayork.com\/hdf\/?s={search_term_string}"},"query-input":{"@type":"PropertyValueSpecification","valueRequired":true,"valueName":"search_term_string"}}],"inLanguage":"es-CL"}]}},"_links":{"self":[{"href":"https:\/\/agenciayork.com\/hdf\/wp-json\/wp\/v2\/product\/9904","targetHints":{"allow":["GET"]}}],"collection":[{"href":"https:\/\/agenciayork.com\/hdf\/wp-json\/wp\/v2\/product"}],"about":[{"href":"https:\/\/agenciayork.com\/hdf\/wp-json\/wp\/v2\/types\/product"}],"version-history":[{"count":2,"href":"https:\/\/agenciayork.com\/hdf\/wp-json\/wp\/v2\/product\/9904\/revisions"}],"predecessor-version":[{"id":9907,"href":"https:\/\/agenciayork.com\/hdf\/wp-json\/wp\/v2\/product\/9904\/revisions\/9907"}],"wp:featuredmedia":[{"embeddable":true,"href":"https:\/\/agenciayork.com\/hdf\/wp-json\/wp\/v2\/media\/9908"}],"wp:attachment":[{"href":"https:\/\/agenciayork.com\/hdf\/wp-json\/wp\/v2\/media?parent=9904"}],"wp:term":[{"taxonomy":"product_brand","embeddable":true,"href":"https:\/\/agenciayork.com\/hdf\/wp-json\/wp\/v2\/product_brand?post=9904"},{"taxonomy":"product_cat","embeddable":true,"href":"https:\/\/agenciayork.com\/hdf\/wp-json\/wp\/v2\/product_cat?post=9904"},{"taxonomy":"product_tag","embeddable":true,"href":"https:\/\/agenciayork.com\/hdf\/wp-json\/wp\/v2\/product_tag?post=9904"}],"curies":[{"name":"wp","href":"https:\/\/api.w.org\/{rel}","templated":true}]}}