{"id":9944,"date":"2024-05-29T10:20:13","date_gmt":"2024-05-29T13:20:13","guid":{"rendered":"https:\/\/agenciayork.com\/hdf\/?post_type=product&#038;p=9944"},"modified":"2024-07-24T13:31:38","modified_gmt":"2024-07-24T16:31:38","slug":"foie-gras-mi-cocido-trufado-2","status":"publish","type":"product","link":"https:\/\/agenciayork.com\/hdf\/producto\/foie-gras-mi-cocido-trufado-2\/","title":{"rendered":"Foie gras mi-cocido trufado"},"content":{"rendered":"<p>Alguien nos dijo que es como \u201cmanjar de los dioses\u201d, nos gusto esa imagen!!!<\/p>\n<p>El reconocido &#8220;foie gras mi-cuit trufado\u201c es uno de los platos m\u00e1s famoso y finos de la gastronom\u00eda francesa.<\/p>\n<p><span style=\"font-weight: 400\">Este producto franc\u00e9s est\u00e1 preparado con una receta tradicional del \u201cfoie au Torchon\u201d (cocinado en un pa\u00f1o), con su toque de vino Sauternes y un ingrediente secreto de nuestra familia!Aqu\u00ed se lo\u00a0propongo <strong>con 2% de trufa negra<\/strong> para un sabor a\u00fan m\u00e1s incre\u00edble!<\/span><\/p>\n<p>Listo para comer y compartir con amigos o familia para festejar. El foie gras mi-cocido trufado se sirve con tostadas.\u00a0Puede ser acompa\u00f1ado de una mermelada de cebolla\u00a0u\u00a0otro chutney.<\/p>\n<p><span style=\"font-weight: 400\">Considerar por un aperitivo una rebanada por persona (25 gr) o 2 en caso que sea una entrada (50 gr aprox.)<\/span><\/p>\n<p><strong>Presentaci\u00f3n cil\u00edndrica al vac\u00edo, muy f\u00e1cil de cortar.<br \/>\n<\/strong><strong>Fresco se guarda 3 semanas en el refrigerador,\u00a0congelado hasta 4 meses.<\/strong><\/p>\n","protected":false},"excerpt":{"rendered":"<div class=\"woocommerce-product-details__short-description\">\n<p>Alguien nos dijo que es como \u201cmanjar de los dioses\u201d, nos gust\u00f3 esa imagen!!!<br \/>\nEl reconocido \u201cfoie gras mi-cuit\u201c es uno de los platos m\u00e1s famosos y finos de la gastronom\u00eda francesa.<\/p>\n<p>Este producto franc\u00e9s est\u00e1 preparado con una receta tradicional del \u201c<em>foie au torchon<\/em>\u201d (cocinado en un pa\u00f1o).<\/p>\n<p><span style=\"font-weight: 400\">Aqu\u00ed se lo\u00a0propongo <strong>con 2% de trufa negra<\/strong> para un sabor a\u00fan m\u00e1s incre\u00edble!<\/span><\/p>\n<p><strong>Producto refrigerado<\/strong><\/p>\n<\/div>\n","protected":false},"featured_media":9947,"template":"","meta":[],"product_brand":[],"product_cat":[119,181,121,135,110],"product_tag":[],"class_list":{"0":"post-9944","1":"product","2":"type-product","3":"status-publish","4":"has-post-thumbnail","6":"product_cat-el-caviar-la-trufa","7":"product_cat-dia-del-padre-2024","8":"product_cat-foie-gras","9":"product_cat-pato","10":"product_cat-picoteo","12":"first","13":"outofstock","14":"shipping-taxable","15":"purchasable","16":"product-type-variable"},"yoast_head":"<!-- This site is optimized with the Yoast SEO plugin v27.5 - https:\/\/yoast.com\/product\/yoast-seo-wordpress\/ -->\n<title>Foie gras mi-cocido trufado - H\u00e9l\u00e8ne de Fleurac<\/title>\n<meta name=\"robots\" content=\"index, follow, max-snippet:-1, max-image-preview:large, max-video-preview:-1\" \/>\n<link rel=\"canonical\" href=\"https:\/\/agenciayork.com\/hdf\/producto\/foie-gras-mi-cocido-trufado-2\/\" \/>\n<meta property=\"og:locale\" content=\"es_ES\" \/>\n<meta property=\"og:type\" content=\"article\" \/>\n<meta property=\"og:title\" content=\"Foie gras mi-cocido trufado - H\u00e9l\u00e8ne de Fleurac\" \/>\n<meta property=\"og:description\" content=\"Alguien nos dijo que es como \u201cmanjar de los dioses\u201d, nos gust\u00f3 esa imagen!!! El reconocido \u201cfoie gras mi-cuit\u201c es uno de los platos m\u00e1s famosos y finos de la gastronom\u00eda francesa.  Este producto franc\u00e9s est\u00e1 preparado con una receta tradicional del \u201cfoie au torchon\u201d (cocinado en un pa\u00f1o).  Aqu\u00ed se lo\u00a0propongo con 2% de trufa negra para un sabor a\u00fan m\u00e1s incre\u00edble!  Producto refrigerado\" \/>\n<meta property=\"og:url\" content=\"https:\/\/agenciayork.com\/hdf\/producto\/foie-gras-mi-cocido-trufado-2\/\" \/>\n<meta property=\"og:site_name\" content=\"H\u00e9l\u00e8ne de Fleurac\" \/>\n<meta property=\"article:modified_time\" content=\"2024-07-24T16:31:38+00:00\" \/>\n<meta property=\"og:image\" content=\"https:\/\/agenciayork.com\/hdf\/wp-content\/uploads\/2024\/05\/Foie-gras-mi-cocido-trufado.jpg\" \/>\n\t<meta property=\"og:image:width\" content=\"500\" \/>\n\t<meta property=\"og:image:height\" content=\"500\" \/>\n\t<meta property=\"og:image:type\" content=\"image\/jpeg\" \/>\n<meta name=\"twitter:card\" content=\"summary_large_image\" \/>\n<meta name=\"twitter:label1\" content=\"Tiempo estimado de lectura\" \/>\n\t<meta name=\"twitter:data1\" content=\"1 minuto\" \/>\n<script type=\"application\/ld+json\" class=\"yoast-schema-graph\">{\"@context\":\"https:\\\/\\\/schema.org\",\"@graph\":[{\"@type\":\"WebPage\",\"@id\":\"https:\\\/\\\/agenciayork.com\\\/hdf\\\/producto\\\/foie-gras-mi-cocido-trufado-2\\\/\",\"url\":\"https:\\\/\\\/agenciayork.com\\\/hdf\\\/producto\\\/foie-gras-mi-cocido-trufado-2\\\/\",\"name\":\"Foie gras mi-cocido trufado - H\u00e9l\u00e8ne de Fleurac\",\"isPartOf\":{\"@id\":\"https:\\\/\\\/agenciayork.com\\\/hdf\\\/#website\"},\"primaryImageOfPage\":{\"@id\":\"https:\\\/\\\/agenciayork.com\\\/hdf\\\/producto\\\/foie-gras-mi-cocido-trufado-2\\\/#primaryimage\"},\"image\":{\"@id\":\"https:\\\/\\\/agenciayork.com\\\/hdf\\\/producto\\\/foie-gras-mi-cocido-trufado-2\\\/#primaryimage\"},\"thumbnailUrl\":\"https:\\\/\\\/agenciayork.com\\\/hdf\\\/wp-content\\\/uploads\\\/2024\\\/05\\\/Foie-gras-mi-cocido-trufado.jpg\",\"datePublished\":\"2024-05-29T13:20:13+00:00\",\"dateModified\":\"2024-07-24T16:31:38+00:00\",\"breadcrumb\":{\"@id\":\"https:\\\/\\\/agenciayork.com\\\/hdf\\\/producto\\\/foie-gras-mi-cocido-trufado-2\\\/#breadcrumb\"},\"inLanguage\":\"es-CL\",\"potentialAction\":[{\"@type\":\"ReadAction\",\"target\":[\"https:\\\/\\\/agenciayork.com\\\/hdf\\\/producto\\\/foie-gras-mi-cocido-trufado-2\\\/\"]}]},{\"@type\":\"ImageObject\",\"inLanguage\":\"es-CL\",\"@id\":\"https:\\\/\\\/agenciayork.com\\\/hdf\\\/producto\\\/foie-gras-mi-cocido-trufado-2\\\/#primaryimage\",\"url\":\"https:\\\/\\\/agenciayork.com\\\/hdf\\\/wp-content\\\/uploads\\\/2024\\\/05\\\/Foie-gras-mi-cocido-trufado.jpg\",\"contentUrl\":\"https:\\\/\\\/agenciayork.com\\\/hdf\\\/wp-content\\\/uploads\\\/2024\\\/05\\\/Foie-gras-mi-cocido-trufado.jpg\",\"width\":500,\"height\":500,\"caption\":\"Foie gras mi cocido trufado\"},{\"@type\":\"BreadcrumbList\",\"@id\":\"https:\\\/\\\/agenciayork.com\\\/hdf\\\/producto\\\/foie-gras-mi-cocido-trufado-2\\\/#breadcrumb\",\"itemListElement\":[{\"@type\":\"ListItem\",\"position\":1,\"name\":\"Portada\",\"item\":\"https:\\\/\\\/agenciayork.com\\\/hdf\\\/\"},{\"@type\":\"ListItem\",\"position\":2,\"name\":\"Tienda\",\"item\":\"https:\\\/\\\/agenciayork.com\\\/hdf\\\/mejores-productos-de-la-gastronomia-francesa\\\/\"},{\"@type\":\"ListItem\",\"position\":3,\"name\":\"Foie gras mi-cocido trufado\"}]},{\"@type\":\"WebSite\",\"@id\":\"https:\\\/\\\/agenciayork.com\\\/hdf\\\/#website\",\"url\":\"https:\\\/\\\/agenciayork.com\\\/hdf\\\/\",\"name\":\"H\u00e9l\u00e8ne de Fleurac\",\"description\":\"Gastronom\u00eda francesa\",\"potentialAction\":[{\"@type\":\"SearchAction\",\"target\":{\"@type\":\"EntryPoint\",\"urlTemplate\":\"https:\\\/\\\/agenciayork.com\\\/hdf\\\/?s={search_term_string}\"},\"query-input\":{\"@type\":\"PropertyValueSpecification\",\"valueRequired\":true,\"valueName\":\"search_term_string\"}}],\"inLanguage\":\"es-CL\"}]}<\/script>\n<!-- \/ Yoast SEO plugin. -->","yoast_head_json":{"title":"Foie gras mi-cocido trufado - H\u00e9l\u00e8ne de Fleurac","robots":{"index":"index","follow":"follow","max-snippet":"max-snippet:-1","max-image-preview":"max-image-preview:large","max-video-preview":"max-video-preview:-1"},"canonical":"https:\/\/agenciayork.com\/hdf\/producto\/foie-gras-mi-cocido-trufado-2\/","og_locale":"es_ES","og_type":"article","og_title":"Foie gras mi-cocido trufado - H\u00e9l\u00e8ne de Fleurac","og_description":"Alguien nos dijo que es como \u201cmanjar de los dioses\u201d, nos gust\u00f3 esa imagen!!! El reconocido \u201cfoie gras mi-cuit\u201c es uno de los platos m\u00e1s famosos y finos de la gastronom\u00eda francesa.  Este producto franc\u00e9s est\u00e1 preparado con una receta tradicional del \u201cfoie au torchon\u201d (cocinado en un pa\u00f1o).  Aqu\u00ed se lo\u00a0propongo con 2% de trufa negra para un sabor a\u00fan m\u00e1s incre\u00edble!  Producto refrigerado","og_url":"https:\/\/agenciayork.com\/hdf\/producto\/foie-gras-mi-cocido-trufado-2\/","og_site_name":"H\u00e9l\u00e8ne de Fleurac","article_modified_time":"2024-07-24T16:31:38+00:00","og_image":[{"width":500,"height":500,"url":"https:\/\/agenciayork.com\/hdf\/wp-content\/uploads\/2024\/05\/Foie-gras-mi-cocido-trufado.jpg","type":"image\/jpeg"}],"twitter_card":"summary_large_image","twitter_misc":{"Tiempo estimado de lectura":"1 minuto"},"schema":{"@context":"https:\/\/schema.org","@graph":[{"@type":"WebPage","@id":"https:\/\/agenciayork.com\/hdf\/producto\/foie-gras-mi-cocido-trufado-2\/","url":"https:\/\/agenciayork.com\/hdf\/producto\/foie-gras-mi-cocido-trufado-2\/","name":"Foie gras mi-cocido trufado - H\u00e9l\u00e8ne de Fleurac","isPartOf":{"@id":"https:\/\/agenciayork.com\/hdf\/#website"},"primaryImageOfPage":{"@id":"https:\/\/agenciayork.com\/hdf\/producto\/foie-gras-mi-cocido-trufado-2\/#primaryimage"},"image":{"@id":"https:\/\/agenciayork.com\/hdf\/producto\/foie-gras-mi-cocido-trufado-2\/#primaryimage"},"thumbnailUrl":"https:\/\/agenciayork.com\/hdf\/wp-content\/uploads\/2024\/05\/Foie-gras-mi-cocido-trufado.jpg","datePublished":"2024-05-29T13:20:13+00:00","dateModified":"2024-07-24T16:31:38+00:00","breadcrumb":{"@id":"https:\/\/agenciayork.com\/hdf\/producto\/foie-gras-mi-cocido-trufado-2\/#breadcrumb"},"inLanguage":"es-CL","potentialAction":[{"@type":"ReadAction","target":["https:\/\/agenciayork.com\/hdf\/producto\/foie-gras-mi-cocido-trufado-2\/"]}]},{"@type":"ImageObject","inLanguage":"es-CL","@id":"https:\/\/agenciayork.com\/hdf\/producto\/foie-gras-mi-cocido-trufado-2\/#primaryimage","url":"https:\/\/agenciayork.com\/hdf\/wp-content\/uploads\/2024\/05\/Foie-gras-mi-cocido-trufado.jpg","contentUrl":"https:\/\/agenciayork.com\/hdf\/wp-content\/uploads\/2024\/05\/Foie-gras-mi-cocido-trufado.jpg","width":500,"height":500,"caption":"Foie gras mi cocido trufado"},{"@type":"BreadcrumbList","@id":"https:\/\/agenciayork.com\/hdf\/producto\/foie-gras-mi-cocido-trufado-2\/#breadcrumb","itemListElement":[{"@type":"ListItem","position":1,"name":"Portada","item":"https:\/\/agenciayork.com\/hdf\/"},{"@type":"ListItem","position":2,"name":"Tienda","item":"https:\/\/agenciayork.com\/hdf\/mejores-productos-de-la-gastronomia-francesa\/"},{"@type":"ListItem","position":3,"name":"Foie gras mi-cocido trufado"}]},{"@type":"WebSite","@id":"https:\/\/agenciayork.com\/hdf\/#website","url":"https:\/\/agenciayork.com\/hdf\/","name":"H\u00e9l\u00e8ne de Fleurac","description":"Gastronom\u00eda francesa","potentialAction":[{"@type":"SearchAction","target":{"@type":"EntryPoint","urlTemplate":"https:\/\/agenciayork.com\/hdf\/?s={search_term_string}"},"query-input":{"@type":"PropertyValueSpecification","valueRequired":true,"valueName":"search_term_string"}}],"inLanguage":"es-CL"}]}},"_links":{"self":[{"href":"https:\/\/agenciayork.com\/hdf\/wp-json\/wp\/v2\/product\/9944","targetHints":{"allow":["GET"]}}],"collection":[{"href":"https:\/\/agenciayork.com\/hdf\/wp-json\/wp\/v2\/product"}],"about":[{"href":"https:\/\/agenciayork.com\/hdf\/wp-json\/wp\/v2\/types\/product"}],"version-history":[{"count":2,"href":"https:\/\/agenciayork.com\/hdf\/wp-json\/wp\/v2\/product\/9944\/revisions"}],"predecessor-version":[{"id":10630,"href":"https:\/\/agenciayork.com\/hdf\/wp-json\/wp\/v2\/product\/9944\/revisions\/10630"}],"wp:featuredmedia":[{"embeddable":true,"href":"https:\/\/agenciayork.com\/hdf\/wp-json\/wp\/v2\/media\/9947"}],"wp:attachment":[{"href":"https:\/\/agenciayork.com\/hdf\/wp-json\/wp\/v2\/media?parent=9944"}],"wp:term":[{"taxonomy":"product_brand","embeddable":true,"href":"https:\/\/agenciayork.com\/hdf\/wp-json\/wp\/v2\/product_brand?post=9944"},{"taxonomy":"product_cat","embeddable":true,"href":"https:\/\/agenciayork.com\/hdf\/wp-json\/wp\/v2\/product_cat?post=9944"},{"taxonomy":"product_tag","embeddable":true,"href":"https:\/\/agenciayork.com\/hdf\/wp-json\/wp\/v2\/product_tag?post=9944"}],"curies":[{"name":"wp","href":"https:\/\/api.w.org\/{rel}","templated":true}]}}